{"id":9168,"date":"2020-10-21T16:11:22","date_gmt":"2020-10-21T14:11:22","guid":{"rendered":"https:\/\/www.redelk.it\/?post_type=product&#038;p=9168"},"modified":"2022-09-06T16:32:28","modified_gmt":"2022-09-06T14:32:28","slug":"ecoman-giacca-da-uomo-trapuntata-effetto-piuma-con-ovatta-sorona","status":"publish","type":"product","link":"https:\/\/www.redelk.it\/it\/prodotto\/ecoman-giacca-da-uomo-trapuntata-effetto-piuma-con-ovatta-sorona\/","title":{"rendered":"Ecoman &#8211; giacca uomo trapuntata effetto piuma con ovatta SORONA"},"content":{"rendered":"","protected":false},"excerpt":{"rendered":"<p><strong>ECOMAN<\/strong> \u00e8 la giacca da uomo ideale per molteplici attivit\u00e0 outdoor: il suo taglio regular permette di essere utilizzata per hiking, trekking, ma anche per tutti i giorni. <strong>ECOMAN<\/strong> \u00e8 una giacca antivento e idrorepellente trapuntata effetto piuma, ma con un\u2019imbottitura realizzata con un\u2019ovatta termica <em>DUPONT SUSTANS<\/em>, una fibra proveniente da fonti rinnovabili e realizzata con una particolare attenzione all\u2019ambiente. L\u2019ovatta offre un\u2019eccezionale morbidezza al capo ed ha un elevato potere isolante, perfetto per temperature rigide. Lavorazione con finissaggio <em>BIONIC FINISH-ECO<\/em>, l\u2019innovativo processo che garantisce elevati standard di qualit\u00e0 per il trattamento water repellent, in totale rispetto per l\u2019ambiente. Tasche laterali a scomparsa e cappuccio rendono<strong> ECOMAN<\/strong> il capo perfetto per tutti i giorni e per le tue attivit\u00e0 outdoor.<\/p>\n","protected":false},"featured_media":9186,"template":"","meta":{"_acf_changed":false},"product_cat":[176,203,204,479,478,202],"product_tag":[],"class_list":{"0":"post-9168","1":"product","2":"type-product","3":"status-publish","4":"has-post-thumbnail","6":"product_cat-attivita","7":"product_cat-giacche-uomo-redelk","8":"product_cat-giacca-imbottite-uomo-it","9":"product_cat-hiking-trekking-it","10":"product_cat-outdoor-life-it","11":"product_cat-uomo","13":"first","14":"instock","15":"shipping-taxable","16":"purchasable","17":"product-type-variable","18":"has-default-attributes","19":"wvs-archive-product-wrapper"},"acf":[],"yoast_head":"<!-- This site is optimized with the Yoast SEO plugin v27.5 - https:\/\/yoast.com\/product\/yoast-seo-wordpress\/ -->\n<title>Ecoman - giacca uomo trapuntata effetto piuma con ovatta SORONA - Redelk<\/title>\n<meta name=\"robots\" content=\"index, follow, max-snippet:-1, max-image-preview:large, max-video-preview:-1\" \/>\n<link rel=\"canonical\" href=\"https:\/\/www.redelk.it\/it\/prodotto\/ecoman-giacca-da-uomo-trapuntata-effetto-piuma-con-ovatta-sorona\/\" \/>\n<meta property=\"og:locale\" content=\"it_IT\" \/>\n<meta property=\"og:type\" content=\"article\" \/>\n<meta property=\"og:title\" content=\"Ecoman - giacca uomo trapuntata effetto piuma con ovatta SORONA - Redelk\" \/>\n<meta property=\"og:description\" content=\"ECOMAN \u00e8 la giacca da uomo ideale per molteplici attivit\u00e0 outdoor: il suo taglio regular permette di essere utilizzata per hiking, trekking, ma anche per tutti i giorni. ECOMAN \u00e8 una giacca antivento e idrorepellente trapuntata effetto piuma, ma con un\u2019imbottitura realizzata con un\u2019ovatta termica DUPONT SUSTANS, una fibra proveniente da fonti rinnovabili e realizzata con una particolare attenzione all\u2019ambiente. L\u2019ovatta offre un\u2019eccezionale morbidezza al capo ed ha un elevato potere isolante, perfetto per temperature rigide. Lavorazione con finissaggio BIONIC FINISH-ECO, l\u2019innovativo processo che garantisce elevati standard di qualit\u00e0 per il trattamento water repellent, in totale rispetto per l\u2019ambiente. Tasche laterali a scomparsa e cappuccio rendono ECOMAN il capo perfetto per tutti i giorni e per le tue attivit\u00e0 outdoor.\" \/>\n<meta property=\"og:url\" content=\"https:\/\/www.redelk.it\/it\/prodotto\/ecoman-giacca-da-uomo-trapuntata-effetto-piuma-con-ovatta-sorona\/\" \/>\n<meta property=\"og:site_name\" content=\"Redelk\" \/>\n<meta property=\"article:publisher\" content=\"https:\/\/www.facebook.com\/REDELKoutdoor\/\" \/>\n<meta property=\"article:modified_time\" content=\"2022-09-06T14:32:28+00:00\" \/>\n<meta property=\"og:image\" content=\"https:\/\/www.redelk.it\/wp-content\/uploads\/2020\/10\/Ecoman-JKT-Man-469_277.jpg\" \/>\n\t<meta property=\"og:image:width\" content=\"1772\" \/>\n\t<meta property=\"og:image:height\" content=\"1772\" \/>\n\t<meta property=\"og:image:type\" content=\"image\/jpeg\" \/>\n<meta name=\"twitter:card\" content=\"summary_large_image\" \/>\n<script type=\"application\/ld+json\" class=\"yoast-schema-graph\">{\"@context\":\"https:\\\/\\\/schema.org\",\"@graph\":[{\"@type\":[\"WebPage\",\"ItemPage\"],\"@id\":\"https:\\\/\\\/www.redelk.it\\\/it\\\/prodotto\\\/ecoman-giacca-da-uomo-trapuntata-effetto-piuma-con-ovatta-sorona\\\/\",\"url\":\"https:\\\/\\\/www.redelk.it\\\/it\\\/prodotto\\\/ecoman-giacca-da-uomo-trapuntata-effetto-piuma-con-ovatta-sorona\\\/\",\"name\":\"Ecoman - giacca uomo trapuntata effetto piuma con ovatta SORONA - Redelk\",\"isPartOf\":{\"@id\":\"https:\\\/\\\/www.redelk.it\\\/it\\\/#website\"},\"primaryImageOfPage\":{\"@id\":\"https:\\\/\\\/www.redelk.it\\\/it\\\/prodotto\\\/ecoman-giacca-da-uomo-trapuntata-effetto-piuma-con-ovatta-sorona\\\/#primaryimage\"},\"image\":{\"@id\":\"https:\\\/\\\/www.redelk.it\\\/it\\\/prodotto\\\/ecoman-giacca-da-uomo-trapuntata-effetto-piuma-con-ovatta-sorona\\\/#primaryimage\"},\"thumbnailUrl\":\"https:\\\/\\\/www.redelk.it\\\/wp-content\\\/uploads\\\/2020\\\/10\\\/Ecoman-JKT-Man-469_277.jpg\",\"datePublished\":\"2020-10-21T14:11:22+00:00\",\"dateModified\":\"2022-09-06T14:32:28+00:00\",\"breadcrumb\":{\"@id\":\"https:\\\/\\\/www.redelk.it\\\/it\\\/prodotto\\\/ecoman-giacca-da-uomo-trapuntata-effetto-piuma-con-ovatta-sorona\\\/#breadcrumb\"},\"inLanguage\":\"it-IT\",\"potentialAction\":[{\"@type\":\"ReadAction\",\"target\":[\"https:\\\/\\\/www.redelk.it\\\/it\\\/prodotto\\\/ecoman-giacca-da-uomo-trapuntata-effetto-piuma-con-ovatta-sorona\\\/\"]}]},{\"@type\":\"ImageObject\",\"inLanguage\":\"it-IT\",\"@id\":\"https:\\\/\\\/www.redelk.it\\\/it\\\/prodotto\\\/ecoman-giacca-da-uomo-trapuntata-effetto-piuma-con-ovatta-sorona\\\/#primaryimage\",\"url\":\"https:\\\/\\\/www.redelk.it\\\/wp-content\\\/uploads\\\/2020\\\/10\\\/Ecoman-JKT-Man-469_277.jpg\",\"contentUrl\":\"https:\\\/\\\/www.redelk.it\\\/wp-content\\\/uploads\\\/2020\\\/10\\\/Ecoman-JKT-Man-469_277.jpg\",\"width\":1772,\"height\":1772},{\"@type\":\"BreadcrumbList\",\"@id\":\"https:\\\/\\\/www.redelk.it\\\/it\\\/prodotto\\\/ecoman-giacca-da-uomo-trapuntata-effetto-piuma-con-ovatta-sorona\\\/#breadcrumb\",\"itemListElement\":[{\"@type\":\"ListItem\",\"position\":1,\"name\":\"Home\",\"item\":\"https:\\\/\\\/www.redelk.it\\\/it\\\/\"},{\"@type\":\"ListItem\",\"position\":2,\"name\":\"Shop\",\"item\":\"https:\\\/\\\/www.redelk.it\\\/en\\\/negozio\\\/\"},{\"@type\":\"ListItem\",\"position\":3,\"name\":\"Ecoman &#8211; giacca uomo trapuntata effetto piuma con ovatta SORONA\"}]},{\"@type\":\"WebSite\",\"@id\":\"https:\\\/\\\/www.redelk.it\\\/it\\\/#website\",\"url\":\"https:\\\/\\\/www.redelk.it\\\/it\\\/\",\"name\":\"Redelk\",\"description\":\"Redelk Outdoor\",\"publisher\":{\"@id\":\"https:\\\/\\\/www.redelk.it\\\/it\\\/#organization\"},\"alternateName\":\"Italy's #1 in Comfort Trekking Apparel\",\"potentialAction\":[{\"@type\":\"SearchAction\",\"target\":{\"@type\":\"EntryPoint\",\"urlTemplate\":\"https:\\\/\\\/www.redelk.it\\\/it\\\/?s={search_term_string}\"},\"query-input\":{\"@type\":\"PropertyValueSpecification\",\"valueRequired\":true,\"valueName\":\"search_term_string\"}}],\"inLanguage\":\"it-IT\"},{\"@type\":\"Organization\",\"@id\":\"https:\\\/\\\/www.redelk.it\\\/it\\\/#organization\",\"name\":\"Redelk\",\"url\":\"https:\\\/\\\/www.redelk.it\\\/it\\\/\",\"logo\":{\"@type\":\"ImageObject\",\"inLanguage\":\"it-IT\",\"@id\":\"https:\\\/\\\/www.redelk.it\\\/it\\\/#\\\/schema\\\/logo\\\/image\\\/\",\"url\":\"https:\\\/\\\/www.redelk.it\\\/wp-content\\\/uploads\\\/2020\\\/06\\\/anteprima-sito.jpg\",\"contentUrl\":\"https:\\\/\\\/www.redelk.it\\\/wp-content\\\/uploads\\\/2020\\\/06\\\/anteprima-sito.jpg\",\"width\":200,\"height\":200,\"caption\":\"Redelk\"},\"image\":{\"@id\":\"https:\\\/\\\/www.redelk.it\\\/it\\\/#\\\/schema\\\/logo\\\/image\\\/\"},\"sameAs\":[\"https:\\\/\\\/www.facebook.com\\\/REDELKoutdoor\\\/\",\"https:\\\/\\\/www.instagram.com\\\/redelkoutdoor\\\/\"]}]}<\/script>\n<!-- \/ Yoast SEO plugin. -->","yoast_head_json":{"title":"Ecoman - giacca uomo trapuntata effetto piuma con ovatta SORONA - Redelk","robots":{"index":"index","follow":"follow","max-snippet":"max-snippet:-1","max-image-preview":"max-image-preview:large","max-video-preview":"max-video-preview:-1"},"canonical":"https:\/\/www.redelk.it\/it\/prodotto\/ecoman-giacca-da-uomo-trapuntata-effetto-piuma-con-ovatta-sorona\/","og_locale":"it_IT","og_type":"article","og_title":"Ecoman - giacca uomo trapuntata effetto piuma con ovatta SORONA - Redelk","og_description":"ECOMAN \u00e8 la giacca da uomo ideale per molteplici attivit\u00e0 outdoor: il suo taglio regular permette di essere utilizzata per hiking, trekking, ma anche per tutti i giorni. ECOMAN \u00e8 una giacca antivento e idrorepellente trapuntata effetto piuma, ma con un\u2019imbottitura realizzata con un\u2019ovatta termica DUPONT SUSTANS, una fibra proveniente da fonti rinnovabili e realizzata con una particolare attenzione all\u2019ambiente. L\u2019ovatta offre un\u2019eccezionale morbidezza al capo ed ha un elevato potere isolante, perfetto per temperature rigide. Lavorazione con finissaggio BIONIC FINISH-ECO, l\u2019innovativo processo che garantisce elevati standard di qualit\u00e0 per il trattamento water repellent, in totale rispetto per l\u2019ambiente. Tasche laterali a scomparsa e cappuccio rendono ECOMAN il capo perfetto per tutti i giorni e per le tue attivit\u00e0 outdoor.","og_url":"https:\/\/www.redelk.it\/it\/prodotto\/ecoman-giacca-da-uomo-trapuntata-effetto-piuma-con-ovatta-sorona\/","og_site_name":"Redelk","article_publisher":"https:\/\/www.facebook.com\/REDELKoutdoor\/","article_modified_time":"2022-09-06T14:32:28+00:00","og_image":[{"width":1772,"height":1772,"url":"https:\/\/www.redelk.it\/wp-content\/uploads\/2020\/10\/Ecoman-JKT-Man-469_277.jpg","type":"image\/jpeg"}],"twitter_card":"summary_large_image","schema":{"@context":"https:\/\/schema.org","@graph":[{"@type":["WebPage","ItemPage"],"@id":"https:\/\/www.redelk.it\/it\/prodotto\/ecoman-giacca-da-uomo-trapuntata-effetto-piuma-con-ovatta-sorona\/","url":"https:\/\/www.redelk.it\/it\/prodotto\/ecoman-giacca-da-uomo-trapuntata-effetto-piuma-con-ovatta-sorona\/","name":"Ecoman - giacca uomo trapuntata effetto piuma con ovatta SORONA - Redelk","isPartOf":{"@id":"https:\/\/www.redelk.it\/it\/#website"},"primaryImageOfPage":{"@id":"https:\/\/www.redelk.it\/it\/prodotto\/ecoman-giacca-da-uomo-trapuntata-effetto-piuma-con-ovatta-sorona\/#primaryimage"},"image":{"@id":"https:\/\/www.redelk.it\/it\/prodotto\/ecoman-giacca-da-uomo-trapuntata-effetto-piuma-con-ovatta-sorona\/#primaryimage"},"thumbnailUrl":"https:\/\/www.redelk.it\/wp-content\/uploads\/2020\/10\/Ecoman-JKT-Man-469_277.jpg","datePublished":"2020-10-21T14:11:22+00:00","dateModified":"2022-09-06T14:32:28+00:00","breadcrumb":{"@id":"https:\/\/www.redelk.it\/it\/prodotto\/ecoman-giacca-da-uomo-trapuntata-effetto-piuma-con-ovatta-sorona\/#breadcrumb"},"inLanguage":"it-IT","potentialAction":[{"@type":"ReadAction","target":["https:\/\/www.redelk.it\/it\/prodotto\/ecoman-giacca-da-uomo-trapuntata-effetto-piuma-con-ovatta-sorona\/"]}]},{"@type":"ImageObject","inLanguage":"it-IT","@id":"https:\/\/www.redelk.it\/it\/prodotto\/ecoman-giacca-da-uomo-trapuntata-effetto-piuma-con-ovatta-sorona\/#primaryimage","url":"https:\/\/www.redelk.it\/wp-content\/uploads\/2020\/10\/Ecoman-JKT-Man-469_277.jpg","contentUrl":"https:\/\/www.redelk.it\/wp-content\/uploads\/2020\/10\/Ecoman-JKT-Man-469_277.jpg","width":1772,"height":1772},{"@type":"BreadcrumbList","@id":"https:\/\/www.redelk.it\/it\/prodotto\/ecoman-giacca-da-uomo-trapuntata-effetto-piuma-con-ovatta-sorona\/#breadcrumb","itemListElement":[{"@type":"ListItem","position":1,"name":"Home","item":"https:\/\/www.redelk.it\/it\/"},{"@type":"ListItem","position":2,"name":"Shop","item":"https:\/\/www.redelk.it\/en\/negozio\/"},{"@type":"ListItem","position":3,"name":"Ecoman &#8211; giacca uomo trapuntata effetto piuma con ovatta SORONA"}]},{"@type":"WebSite","@id":"https:\/\/www.redelk.it\/it\/#website","url":"https:\/\/www.redelk.it\/it\/","name":"Redelk","description":"Redelk Outdoor","publisher":{"@id":"https:\/\/www.redelk.it\/it\/#organization"},"alternateName":"Italy's #1 in Comfort Trekking Apparel","potentialAction":[{"@type":"SearchAction","target":{"@type":"EntryPoint","urlTemplate":"https:\/\/www.redelk.it\/it\/?s={search_term_string}"},"query-input":{"@type":"PropertyValueSpecification","valueRequired":true,"valueName":"search_term_string"}}],"inLanguage":"it-IT"},{"@type":"Organization","@id":"https:\/\/www.redelk.it\/it\/#organization","name":"Redelk","url":"https:\/\/www.redelk.it\/it\/","logo":{"@type":"ImageObject","inLanguage":"it-IT","@id":"https:\/\/www.redelk.it\/it\/#\/schema\/logo\/image\/","url":"https:\/\/www.redelk.it\/wp-content\/uploads\/2020\/06\/anteprima-sito.jpg","contentUrl":"https:\/\/www.redelk.it\/wp-content\/uploads\/2020\/06\/anteprima-sito.jpg","width":200,"height":200,"caption":"Redelk"},"image":{"@id":"https:\/\/www.redelk.it\/it\/#\/schema\/logo\/image\/"},"sameAs":["https:\/\/www.facebook.com\/REDELKoutdoor\/","https:\/\/www.instagram.com\/redelkoutdoor\/"]}]}},"_links":{"self":[{"href":"https:\/\/www.redelk.it\/it\/wp-json\/wp\/v2\/product\/9168","targetHints":{"allow":["GET"]}}],"collection":[{"href":"https:\/\/www.redelk.it\/it\/wp-json\/wp\/v2\/product"}],"about":[{"href":"https:\/\/www.redelk.it\/it\/wp-json\/wp\/v2\/types\/product"}],"wp:featuredmedia":[{"embeddable":true,"href":"https:\/\/www.redelk.it\/it\/wp-json\/wp\/v2\/media\/9186"}],"wp:attachment":[{"href":"https:\/\/www.redelk.it\/it\/wp-json\/wp\/v2\/media?parent=9168"}],"wp:term":[{"taxonomy":"product_cat","embeddable":true,"href":"https:\/\/www.redelk.it\/it\/wp-json\/wp\/v2\/product_cat?post=9168"},{"taxonomy":"product_tag","embeddable":true,"href":"https:\/\/www.redelk.it\/it\/wp-json\/wp\/v2\/product_tag?post=9168"}],"curies":[{"name":"wp","href":"https:\/\/api.w.org\/{rel}","templated":true}]}}