{"id":8937,"date":"2020-10-05T11:22:12","date_gmt":"2020-10-05T09:22:12","guid":{"rendered":"https:\/\/www.redelk.it\/?post_type=product&#038;p=8937"},"modified":"2023-02-07T10:52:19","modified_gmt":"2023-02-07T09:52:19","slug":"geysir-3-giacca-imbottita-uomo-thinsulate","status":"publish","type":"product","link":"https:\/\/www.redelk.it\/it\/prodotto\/geysir-3-giacca-imbottita-uomo-thinsulate\/","title":{"rendered":"Geysir 3 &#8211; Giacca imbottita uomo thinsulate"},"content":{"rendered":"","protected":false},"excerpt":{"rendered":"<p><b>GEYSIR 3<\/b><span style=\"font-weight: 400;\">\u00a0\u00e8 la giacca da uomo termica ideale per hiking, trekking e sci alpinismo. \u00c8<\/span> <span style=\"font-weight: 400;\">una giacca molto versatile, anche da indossare tutti i giorni, ed \u00e8 realizzata con ovatta Thinsulate J80. Questa particolare imbottitura dona al capo un\u2019ottima morbidezza e un eccezionale calore con un elevato potere isolante, mantenendo il corpo termoregolato e offrendo prestazioni come la neutralizzazione degli odori, resistenza all\u2019acqua e traspirabilit\u00e0. Inoltre l\u2019innovativo finissaggio\u00a0<\/span><i><span style=\"font-weight: 400;\">BIONIC FINISH-ECO<\/span><\/i><span style=\"font-weight: 400;\"> garantisce elevati standard di qualit\u00e0 per il trattamento water repellent, in totale rispetto per l\u2019ambiente. Le tasche laterali multifunzione e la tasca sul petto rendono il capo pratico e perfetto per le attivit\u00e0 outdoor. Altra particolarit\u00e0 sono gli inserti in tessuto power-stretch sui fianchi, che donano al capo un fit slim nel massimo comfort e performance.<\/span><\/p>\n","protected":false},"featured_media":8944,"template":"","meta":{"_acf_changed":false},"product_cat":[176,203,204,479,464,478,480,202],"product_tag":[],"class_list":{"0":"post-8937","1":"product","2":"type-product","3":"status-publish","4":"has-post-thumbnail","6":"product_cat-attivita","7":"product_cat-giacche-uomo-redelk","8":"product_cat-giacca-imbottite-uomo-it","9":"product_cat-hiking-trekking-it","10":"product_cat-nordic-walking-it","11":"product_cat-outdoor-life-it","12":"product_cat-sci-alpinismo-it","13":"product_cat-uomo","15":"first","16":"instock","17":"shipping-taxable","18":"purchasable","19":"product-type-variable","20":"has-default-attributes","21":"wvs-archive-product-wrapper"},"acf":[],"yoast_head":"<!-- This site is optimized with the Yoast SEO plugin v27.5 - https:\/\/yoast.com\/product\/yoast-seo-wordpress\/ -->\n<title>Geysir 3 - Giacca imbottita uomo thinsulate - Redelk<\/title>\n<meta name=\"robots\" content=\"index, follow, max-snippet:-1, max-image-preview:large, max-video-preview:-1\" \/>\n<link rel=\"canonical\" href=\"https:\/\/www.redelk.it\/it\/prodotto\/geysir-3-giacca-imbottita-uomo-thinsulate\/\" \/>\n<meta property=\"og:locale\" content=\"it_IT\" \/>\n<meta property=\"og:type\" content=\"article\" \/>\n<meta property=\"og:title\" content=\"Geysir 3 - Giacca imbottita uomo thinsulate - Redelk\" \/>\n<meta property=\"og:description\" content=\"GEYSIR 3\u00a0\u00e8 la giacca da uomo termica ideale per hiking, trekking e sci alpinismo. \u00c8 una giacca molto versatile, anche da indossare tutti i giorni, ed \u00e8 realizzata con ovatta Thinsulate J80. Questa particolare imbottitura dona al capo un\u2019ottima morbidezza e un eccezionale calore con un elevato potere isolante, mantenendo il corpo termoregolato e offrendo prestazioni come la neutralizzazione degli odori, resistenza all\u2019acqua e traspirabilit\u00e0. Inoltre l\u2019innovativo finissaggio\u00a0BIONIC FINISH-ECO garantisce elevati standard di qualit\u00e0 per il trattamento water repellent, in totale rispetto per l\u2019ambiente. Le tasche laterali multifunzione e la tasca sul petto rendono il capo pratico e perfetto per le attivit\u00e0 outdoor. Altra particolarit\u00e0 sono gli inserti in tessuto power-stretch sui fianchi, che donano al capo un fit slim nel massimo comfort e performance.\" \/>\n<meta property=\"og:url\" content=\"https:\/\/www.redelk.it\/it\/prodotto\/geysir-3-giacca-imbottita-uomo-thinsulate\/\" \/>\n<meta property=\"og:site_name\" content=\"Redelk\" \/>\n<meta property=\"article:publisher\" content=\"https:\/\/www.facebook.com\/REDELKoutdoor\/\" \/>\n<meta property=\"article:modified_time\" content=\"2023-02-07T09:52:19+00:00\" \/>\n<meta property=\"og:image\" content=\"https:\/\/www.redelk.it\/wp-content\/uploads\/2020\/10\/Geysir-JKT-man-761.jpg\" \/>\n\t<meta property=\"og:image:width\" content=\"1772\" \/>\n\t<meta property=\"og:image:height\" content=\"1772\" \/>\n\t<meta property=\"og:image:type\" content=\"image\/jpeg\" \/>\n<meta name=\"twitter:card\" content=\"summary_large_image\" \/>\n<script type=\"application\/ld+json\" class=\"yoast-schema-graph\">{\"@context\":\"https:\\\/\\\/schema.org\",\"@graph\":[{\"@type\":[\"WebPage\",\"ItemPage\"],\"@id\":\"https:\\\/\\\/www.redelk.it\\\/it\\\/prodotto\\\/geysir-3-giacca-imbottita-uomo-thinsulate\\\/\",\"url\":\"https:\\\/\\\/www.redelk.it\\\/it\\\/prodotto\\\/geysir-3-giacca-imbottita-uomo-thinsulate\\\/\",\"name\":\"Geysir 3 - Giacca imbottita uomo thinsulate - Redelk\",\"isPartOf\":{\"@id\":\"https:\\\/\\\/www.redelk.it\\\/it\\\/#website\"},\"primaryImageOfPage\":{\"@id\":\"https:\\\/\\\/www.redelk.it\\\/it\\\/prodotto\\\/geysir-3-giacca-imbottita-uomo-thinsulate\\\/#primaryimage\"},\"image\":{\"@id\":\"https:\\\/\\\/www.redelk.it\\\/it\\\/prodotto\\\/geysir-3-giacca-imbottita-uomo-thinsulate\\\/#primaryimage\"},\"thumbnailUrl\":\"https:\\\/\\\/www.redelk.it\\\/wp-content\\\/uploads\\\/2020\\\/10\\\/Geysir-JKT-man-761.jpg\",\"datePublished\":\"2020-10-05T09:22:12+00:00\",\"dateModified\":\"2023-02-07T09:52:19+00:00\",\"breadcrumb\":{\"@id\":\"https:\\\/\\\/www.redelk.it\\\/it\\\/prodotto\\\/geysir-3-giacca-imbottita-uomo-thinsulate\\\/#breadcrumb\"},\"inLanguage\":\"it-IT\",\"potentialAction\":[{\"@type\":\"ReadAction\",\"target\":[\"https:\\\/\\\/www.redelk.it\\\/it\\\/prodotto\\\/geysir-3-giacca-imbottita-uomo-thinsulate\\\/\"]}]},{\"@type\":\"ImageObject\",\"inLanguage\":\"it-IT\",\"@id\":\"https:\\\/\\\/www.redelk.it\\\/it\\\/prodotto\\\/geysir-3-giacca-imbottita-uomo-thinsulate\\\/#primaryimage\",\"url\":\"https:\\\/\\\/www.redelk.it\\\/wp-content\\\/uploads\\\/2020\\\/10\\\/Geysir-JKT-man-761.jpg\",\"contentUrl\":\"https:\\\/\\\/www.redelk.it\\\/wp-content\\\/uploads\\\/2020\\\/10\\\/Geysir-JKT-man-761.jpg\",\"width\":1772,\"height\":1772},{\"@type\":\"BreadcrumbList\",\"@id\":\"https:\\\/\\\/www.redelk.it\\\/it\\\/prodotto\\\/geysir-3-giacca-imbottita-uomo-thinsulate\\\/#breadcrumb\",\"itemListElement\":[{\"@type\":\"ListItem\",\"position\":1,\"name\":\"Home\",\"item\":\"https:\\\/\\\/www.redelk.it\\\/it\\\/\"},{\"@type\":\"ListItem\",\"position\":2,\"name\":\"Shop\",\"item\":\"https:\\\/\\\/www.redelk.it\\\/en\\\/negozio\\\/\"},{\"@type\":\"ListItem\",\"position\":3,\"name\":\"Geysir 3 &#8211; Giacca imbottita uomo thinsulate\"}]},{\"@type\":\"WebSite\",\"@id\":\"https:\\\/\\\/www.redelk.it\\\/it\\\/#website\",\"url\":\"https:\\\/\\\/www.redelk.it\\\/it\\\/\",\"name\":\"Redelk\",\"description\":\"Redelk Outdoor\",\"publisher\":{\"@id\":\"https:\\\/\\\/www.redelk.it\\\/it\\\/#organization\"},\"alternateName\":\"Italy's #1 in Comfort Trekking Apparel\",\"potentialAction\":[{\"@type\":\"SearchAction\",\"target\":{\"@type\":\"EntryPoint\",\"urlTemplate\":\"https:\\\/\\\/www.redelk.it\\\/it\\\/?s={search_term_string}\"},\"query-input\":{\"@type\":\"PropertyValueSpecification\",\"valueRequired\":true,\"valueName\":\"search_term_string\"}}],\"inLanguage\":\"it-IT\"},{\"@type\":\"Organization\",\"@id\":\"https:\\\/\\\/www.redelk.it\\\/it\\\/#organization\",\"name\":\"Redelk\",\"url\":\"https:\\\/\\\/www.redelk.it\\\/it\\\/\",\"logo\":{\"@type\":\"ImageObject\",\"inLanguage\":\"it-IT\",\"@id\":\"https:\\\/\\\/www.redelk.it\\\/it\\\/#\\\/schema\\\/logo\\\/image\\\/\",\"url\":\"https:\\\/\\\/www.redelk.it\\\/wp-content\\\/uploads\\\/2020\\\/06\\\/anteprima-sito.jpg\",\"contentUrl\":\"https:\\\/\\\/www.redelk.it\\\/wp-content\\\/uploads\\\/2020\\\/06\\\/anteprima-sito.jpg\",\"width\":200,\"height\":200,\"caption\":\"Redelk\"},\"image\":{\"@id\":\"https:\\\/\\\/www.redelk.it\\\/it\\\/#\\\/schema\\\/logo\\\/image\\\/\"},\"sameAs\":[\"https:\\\/\\\/www.facebook.com\\\/REDELKoutdoor\\\/\",\"https:\\\/\\\/www.instagram.com\\\/redelkoutdoor\\\/\"]}]}<\/script>\n<!-- \/ Yoast SEO plugin. -->","yoast_head_json":{"title":"Geysir 3 - Giacca imbottita uomo thinsulate - Redelk","robots":{"index":"index","follow":"follow","max-snippet":"max-snippet:-1","max-image-preview":"max-image-preview:large","max-video-preview":"max-video-preview:-1"},"canonical":"https:\/\/www.redelk.it\/it\/prodotto\/geysir-3-giacca-imbottita-uomo-thinsulate\/","og_locale":"it_IT","og_type":"article","og_title":"Geysir 3 - Giacca imbottita uomo thinsulate - Redelk","og_description":"GEYSIR 3\u00a0\u00e8 la giacca da uomo termica ideale per hiking, trekking e sci alpinismo. \u00c8 una giacca molto versatile, anche da indossare tutti i giorni, ed \u00e8 realizzata con ovatta Thinsulate J80. Questa particolare imbottitura dona al capo un\u2019ottima morbidezza e un eccezionale calore con un elevato potere isolante, mantenendo il corpo termoregolato e offrendo prestazioni come la neutralizzazione degli odori, resistenza all\u2019acqua e traspirabilit\u00e0. Inoltre l\u2019innovativo finissaggio\u00a0BIONIC FINISH-ECO garantisce elevati standard di qualit\u00e0 per il trattamento water repellent, in totale rispetto per l\u2019ambiente. Le tasche laterali multifunzione e la tasca sul petto rendono il capo pratico e perfetto per le attivit\u00e0 outdoor. Altra particolarit\u00e0 sono gli inserti in tessuto power-stretch sui fianchi, che donano al capo un fit slim nel massimo comfort e performance.","og_url":"https:\/\/www.redelk.it\/it\/prodotto\/geysir-3-giacca-imbottita-uomo-thinsulate\/","og_site_name":"Redelk","article_publisher":"https:\/\/www.facebook.com\/REDELKoutdoor\/","article_modified_time":"2023-02-07T09:52:19+00:00","og_image":[{"width":1772,"height":1772,"url":"https:\/\/www.redelk.it\/wp-content\/uploads\/2020\/10\/Geysir-JKT-man-761.jpg","type":"image\/jpeg"}],"twitter_card":"summary_large_image","schema":{"@context":"https:\/\/schema.org","@graph":[{"@type":["WebPage","ItemPage"],"@id":"https:\/\/www.redelk.it\/it\/prodotto\/geysir-3-giacca-imbottita-uomo-thinsulate\/","url":"https:\/\/www.redelk.it\/it\/prodotto\/geysir-3-giacca-imbottita-uomo-thinsulate\/","name":"Geysir 3 - Giacca imbottita uomo thinsulate - Redelk","isPartOf":{"@id":"https:\/\/www.redelk.it\/it\/#website"},"primaryImageOfPage":{"@id":"https:\/\/www.redelk.it\/it\/prodotto\/geysir-3-giacca-imbottita-uomo-thinsulate\/#primaryimage"},"image":{"@id":"https:\/\/www.redelk.it\/it\/prodotto\/geysir-3-giacca-imbottita-uomo-thinsulate\/#primaryimage"},"thumbnailUrl":"https:\/\/www.redelk.it\/wp-content\/uploads\/2020\/10\/Geysir-JKT-man-761.jpg","datePublished":"2020-10-05T09:22:12+00:00","dateModified":"2023-02-07T09:52:19+00:00","breadcrumb":{"@id":"https:\/\/www.redelk.it\/it\/prodotto\/geysir-3-giacca-imbottita-uomo-thinsulate\/#breadcrumb"},"inLanguage":"it-IT","potentialAction":[{"@type":"ReadAction","target":["https:\/\/www.redelk.it\/it\/prodotto\/geysir-3-giacca-imbottita-uomo-thinsulate\/"]}]},{"@type":"ImageObject","inLanguage":"it-IT","@id":"https:\/\/www.redelk.it\/it\/prodotto\/geysir-3-giacca-imbottita-uomo-thinsulate\/#primaryimage","url":"https:\/\/www.redelk.it\/wp-content\/uploads\/2020\/10\/Geysir-JKT-man-761.jpg","contentUrl":"https:\/\/www.redelk.it\/wp-content\/uploads\/2020\/10\/Geysir-JKT-man-761.jpg","width":1772,"height":1772},{"@type":"BreadcrumbList","@id":"https:\/\/www.redelk.it\/it\/prodotto\/geysir-3-giacca-imbottita-uomo-thinsulate\/#breadcrumb","itemListElement":[{"@type":"ListItem","position":1,"name":"Home","item":"https:\/\/www.redelk.it\/it\/"},{"@type":"ListItem","position":2,"name":"Shop","item":"https:\/\/www.redelk.it\/en\/negozio\/"},{"@type":"ListItem","position":3,"name":"Geysir 3 &#8211; Giacca imbottita uomo thinsulate"}]},{"@type":"WebSite","@id":"https:\/\/www.redelk.it\/it\/#website","url":"https:\/\/www.redelk.it\/it\/","name":"Redelk","description":"Redelk Outdoor","publisher":{"@id":"https:\/\/www.redelk.it\/it\/#organization"},"alternateName":"Italy's #1 in Comfort Trekking Apparel","potentialAction":[{"@type":"SearchAction","target":{"@type":"EntryPoint","urlTemplate":"https:\/\/www.redelk.it\/it\/?s={search_term_string}"},"query-input":{"@type":"PropertyValueSpecification","valueRequired":true,"valueName":"search_term_string"}}],"inLanguage":"it-IT"},{"@type":"Organization","@id":"https:\/\/www.redelk.it\/it\/#organization","name":"Redelk","url":"https:\/\/www.redelk.it\/it\/","logo":{"@type":"ImageObject","inLanguage":"it-IT","@id":"https:\/\/www.redelk.it\/it\/#\/schema\/logo\/image\/","url":"https:\/\/www.redelk.it\/wp-content\/uploads\/2020\/06\/anteprima-sito.jpg","contentUrl":"https:\/\/www.redelk.it\/wp-content\/uploads\/2020\/06\/anteprima-sito.jpg","width":200,"height":200,"caption":"Redelk"},"image":{"@id":"https:\/\/www.redelk.it\/it\/#\/schema\/logo\/image\/"},"sameAs":["https:\/\/www.facebook.com\/REDELKoutdoor\/","https:\/\/www.instagram.com\/redelkoutdoor\/"]}]}},"_links":{"self":[{"href":"https:\/\/www.redelk.it\/it\/wp-json\/wp\/v2\/product\/8937","targetHints":{"allow":["GET"]}}],"collection":[{"href":"https:\/\/www.redelk.it\/it\/wp-json\/wp\/v2\/product"}],"about":[{"href":"https:\/\/www.redelk.it\/it\/wp-json\/wp\/v2\/types\/product"}],"wp:featuredmedia":[{"embeddable":true,"href":"https:\/\/www.redelk.it\/it\/wp-json\/wp\/v2\/media\/8944"}],"wp:attachment":[{"href":"https:\/\/www.redelk.it\/it\/wp-json\/wp\/v2\/media?parent=8937"}],"wp:term":[{"taxonomy":"product_cat","embeddable":true,"href":"https:\/\/www.redelk.it\/it\/wp-json\/wp\/v2\/product_cat?post=8937"},{"taxonomy":"product_tag","embeddable":true,"href":"https:\/\/www.redelk.it\/it\/wp-json\/wp\/v2\/product_tag?post=8937"}],"curies":[{"name":"wp","href":"https:\/\/api.w.org\/{rel}","templated":true}]}}