{"id":8885,"date":"2020-10-02T17:51:01","date_gmt":"2020-10-02T15:51:01","guid":{"rendered":"https:\/\/www.redelk.it\/?post_type=product&#038;p=8885"},"modified":"2024-11-21T12:26:38","modified_gmt":"2024-11-21T11:26:38","slug":"volcano-2-pantalone-soft-shell-uomo","status":"publish","type":"product","link":"https:\/\/www.redelk.it\/it\/prodotto\/volcano-2-pantalone-soft-shell-uomo\/","title":{"rendered":"Volcano 2 &#8211; Pantalone soft-shell uomo"},"content":{"rendered":"","protected":false},"excerpt":{"rendered":"<p><strong>VOLCANO 2<\/strong> \u00e8 il pantalone da uomo soft-shell studiato per attivit\u00e0 come trekking, alpinismo, sci alpinismo o pi\u00f9 semplicemente per ciaspolate. \u00c8 un capo realizzato in <em>PREMIUM-SHELL<\/em>, con colonna d\u2019acqua fino 10.000 mm e ottima traspirabilit\u00e0 (3.000 g\/mq\/24h). Lavorazione con finissaggio <em>BIONIC FINISH-ECO<\/em>, l\u2019innovativo processo che garantisce elevati standard di qualit\u00e0 per il trattamento water repellent, in totale rispetto per l\u2019ambiente. Capo dotato di tasche laterali multifunzione con zip, tasca destra posteriore con zip, fondo gamba con zip per vantilazione e con ghetta interna completano questi pantaloni di tutti i dettagli che lo rendono unico e perfetto per le tue attivit\u00e0 outdoor. Slim fit per assecondare tutti i movimenti durante la performance.<\/p>\n","protected":false},"featured_media":35271,"template":"","meta":{"_acf_changed":false},"product_cat":[176,212,479,210,480,202],"product_tag":[1021],"class_list":{"0":"post-8885","1":"product","2":"type-product","3":"status-publish","4":"has-post-thumbnail","6":"product_cat-attivita","7":"product_cat-gusci","8":"product_cat-hiking-trekking-it","9":"product_cat-pantaloni-uomo-it","10":"product_cat-sci-alpinismo-it","11":"product_cat-uomo","12":"product_tag-pantaloni-uomo","14":"first","15":"instock","16":"shipping-taxable","17":"purchasable","18":"product-type-variable","19":"has-default-attributes","20":"wvs-archive-product-wrapper"},"acf":[],"yoast_head":"<!-- This site is optimized with the Yoast SEO plugin v27.5 - https:\/\/yoast.com\/product\/yoast-seo-wordpress\/ -->\n<title>Volcano 2 - Pantalone soft-shell uomo - Redelk<\/title>\n<meta name=\"robots\" content=\"index, follow, max-snippet:-1, max-image-preview:large, max-video-preview:-1\" \/>\n<link rel=\"canonical\" href=\"https:\/\/www.redelk.it\/it\/prodotto\/volcano-2-pantalone-soft-shell-uomo\/\" \/>\n<meta property=\"og:locale\" content=\"it_IT\" \/>\n<meta property=\"og:type\" content=\"article\" \/>\n<meta property=\"og:title\" content=\"Volcano 2 - Pantalone soft-shell uomo - Redelk\" \/>\n<meta property=\"og:description\" content=\"VOLCANO 2 \u00e8 il pantalone da uomo soft-shell studiato per attivit\u00e0 come trekking, alpinismo, sci alpinismo o pi\u00f9 semplicemente per ciaspolate. \u00c8 un capo realizzato in PREMIUM-SHELL, con colonna d\u2019acqua fino 10.000 mm e ottima traspirabilit\u00e0 (3.000 g\/mq\/24h). Lavorazione con finissaggio BIONIC FINISH-ECO, l\u2019innovativo processo che garantisce elevati standard di qualit\u00e0 per il trattamento water repellent, in totale rispetto per l\u2019ambiente. Capo dotato di tasche laterali multifunzione con zip, tasca destra posteriore con zip, fondo gamba con zip per vantilazione e con ghetta interna completano questi pantaloni di tutti i dettagli che lo rendono unico e perfetto per le tue attivit\u00e0 outdoor. Slim fit per assecondare tutti i movimenti durante la performance.\" \/>\n<meta property=\"og:url\" content=\"https:\/\/www.redelk.it\/it\/prodotto\/volcano-2-pantalone-soft-shell-uomo\/\" \/>\n<meta property=\"og:site_name\" content=\"Redelk\" \/>\n<meta property=\"article:publisher\" content=\"https:\/\/www.facebook.com\/REDELKoutdoor\/\" \/>\n<meta property=\"article:modified_time\" content=\"2024-11-21T11:26:38+00:00\" \/>\n<meta property=\"og:image\" content=\"https:\/\/www.redelk.it\/wp-content\/uploads\/2024\/03\/VOLCANO-3_M49R23P_39-241.jpg\" \/>\n\t<meta property=\"og:image:width\" content=\"1772\" \/>\n\t<meta property=\"og:image:height\" content=\"1772\" \/>\n\t<meta property=\"og:image:type\" content=\"image\/jpeg\" \/>\n<meta name=\"twitter:card\" content=\"summary_large_image\" \/>\n<script type=\"application\/ld+json\" class=\"yoast-schema-graph\">{\"@context\":\"https:\\\/\\\/schema.org\",\"@graph\":[{\"@type\":[\"WebPage\",\"ItemPage\"],\"@id\":\"https:\\\/\\\/www.redelk.it\\\/it\\\/prodotto\\\/volcano-2-pantalone-soft-shell-uomo\\\/\",\"url\":\"https:\\\/\\\/www.redelk.it\\\/it\\\/prodotto\\\/volcano-2-pantalone-soft-shell-uomo\\\/\",\"name\":\"Volcano 2 - Pantalone soft-shell uomo - Redelk\",\"isPartOf\":{\"@id\":\"https:\\\/\\\/www.redelk.it\\\/it\\\/#website\"},\"primaryImageOfPage\":{\"@id\":\"https:\\\/\\\/www.redelk.it\\\/it\\\/prodotto\\\/volcano-2-pantalone-soft-shell-uomo\\\/#primaryimage\"},\"image\":{\"@id\":\"https:\\\/\\\/www.redelk.it\\\/it\\\/prodotto\\\/volcano-2-pantalone-soft-shell-uomo\\\/#primaryimage\"},\"thumbnailUrl\":\"https:\\\/\\\/www.redelk.it\\\/wp-content\\\/uploads\\\/2024\\\/03\\\/VOLCANO-3_M49R23P_39-241.jpg\",\"datePublished\":\"2020-10-02T15:51:01+00:00\",\"dateModified\":\"2024-11-21T11:26:38+00:00\",\"breadcrumb\":{\"@id\":\"https:\\\/\\\/www.redelk.it\\\/it\\\/prodotto\\\/volcano-2-pantalone-soft-shell-uomo\\\/#breadcrumb\"},\"inLanguage\":\"it-IT\",\"potentialAction\":[{\"@type\":\"ReadAction\",\"target\":[\"https:\\\/\\\/www.redelk.it\\\/it\\\/prodotto\\\/volcano-2-pantalone-soft-shell-uomo\\\/\"]}]},{\"@type\":\"ImageObject\",\"inLanguage\":\"it-IT\",\"@id\":\"https:\\\/\\\/www.redelk.it\\\/it\\\/prodotto\\\/volcano-2-pantalone-soft-shell-uomo\\\/#primaryimage\",\"url\":\"https:\\\/\\\/www.redelk.it\\\/wp-content\\\/uploads\\\/2024\\\/03\\\/VOLCANO-3_M49R23P_39-241.jpg\",\"contentUrl\":\"https:\\\/\\\/www.redelk.it\\\/wp-content\\\/uploads\\\/2024\\\/03\\\/VOLCANO-3_M49R23P_39-241.jpg\",\"width\":1772,\"height\":1772},{\"@type\":\"BreadcrumbList\",\"@id\":\"https:\\\/\\\/www.redelk.it\\\/it\\\/prodotto\\\/volcano-2-pantalone-soft-shell-uomo\\\/#breadcrumb\",\"itemListElement\":[{\"@type\":\"ListItem\",\"position\":1,\"name\":\"Home\",\"item\":\"https:\\\/\\\/www.redelk.it\\\/it\\\/\"},{\"@type\":\"ListItem\",\"position\":2,\"name\":\"Shop\",\"item\":\"https:\\\/\\\/www.redelk.it\\\/en\\\/negozio\\\/\"},{\"@type\":\"ListItem\",\"position\":3,\"name\":\"Volcano 2 &#8211; Pantalone soft-shell uomo\"}]},{\"@type\":\"WebSite\",\"@id\":\"https:\\\/\\\/www.redelk.it\\\/it\\\/#website\",\"url\":\"https:\\\/\\\/www.redelk.it\\\/it\\\/\",\"name\":\"Redelk\",\"description\":\"Redelk Outdoor\",\"publisher\":{\"@id\":\"https:\\\/\\\/www.redelk.it\\\/it\\\/#organization\"},\"alternateName\":\"Italy's #1 in Comfort Trekking Apparel\",\"potentialAction\":[{\"@type\":\"SearchAction\",\"target\":{\"@type\":\"EntryPoint\",\"urlTemplate\":\"https:\\\/\\\/www.redelk.it\\\/it\\\/?s={search_term_string}\"},\"query-input\":{\"@type\":\"PropertyValueSpecification\",\"valueRequired\":true,\"valueName\":\"search_term_string\"}}],\"inLanguage\":\"it-IT\"},{\"@type\":\"Organization\",\"@id\":\"https:\\\/\\\/www.redelk.it\\\/it\\\/#organization\",\"name\":\"Redelk\",\"url\":\"https:\\\/\\\/www.redelk.it\\\/it\\\/\",\"logo\":{\"@type\":\"ImageObject\",\"inLanguage\":\"it-IT\",\"@id\":\"https:\\\/\\\/www.redelk.it\\\/it\\\/#\\\/schema\\\/logo\\\/image\\\/\",\"url\":\"https:\\\/\\\/www.redelk.it\\\/wp-content\\\/uploads\\\/2020\\\/06\\\/anteprima-sito.jpg\",\"contentUrl\":\"https:\\\/\\\/www.redelk.it\\\/wp-content\\\/uploads\\\/2020\\\/06\\\/anteprima-sito.jpg\",\"width\":200,\"height\":200,\"caption\":\"Redelk\"},\"image\":{\"@id\":\"https:\\\/\\\/www.redelk.it\\\/it\\\/#\\\/schema\\\/logo\\\/image\\\/\"},\"sameAs\":[\"https:\\\/\\\/www.facebook.com\\\/REDELKoutdoor\\\/\",\"https:\\\/\\\/www.instagram.com\\\/redelkoutdoor\\\/\"]}]}<\/script>\n<!-- \/ Yoast SEO plugin. -->","yoast_head_json":{"title":"Volcano 2 - Pantalone soft-shell uomo - Redelk","robots":{"index":"index","follow":"follow","max-snippet":"max-snippet:-1","max-image-preview":"max-image-preview:large","max-video-preview":"max-video-preview:-1"},"canonical":"https:\/\/www.redelk.it\/it\/prodotto\/volcano-2-pantalone-soft-shell-uomo\/","og_locale":"it_IT","og_type":"article","og_title":"Volcano 2 - Pantalone soft-shell uomo - Redelk","og_description":"VOLCANO 2 \u00e8 il pantalone da uomo soft-shell studiato per attivit\u00e0 come trekking, alpinismo, sci alpinismo o pi\u00f9 semplicemente per ciaspolate. \u00c8 un capo realizzato in PREMIUM-SHELL, con colonna d\u2019acqua fino 10.000 mm e ottima traspirabilit\u00e0 (3.000 g\/mq\/24h). Lavorazione con finissaggio BIONIC FINISH-ECO, l\u2019innovativo processo che garantisce elevati standard di qualit\u00e0 per il trattamento water repellent, in totale rispetto per l\u2019ambiente. Capo dotato di tasche laterali multifunzione con zip, tasca destra posteriore con zip, fondo gamba con zip per vantilazione e con ghetta interna completano questi pantaloni di tutti i dettagli che lo rendono unico e perfetto per le tue attivit\u00e0 outdoor. Slim fit per assecondare tutti i movimenti durante la performance.","og_url":"https:\/\/www.redelk.it\/it\/prodotto\/volcano-2-pantalone-soft-shell-uomo\/","og_site_name":"Redelk","article_publisher":"https:\/\/www.facebook.com\/REDELKoutdoor\/","article_modified_time":"2024-11-21T11:26:38+00:00","og_image":[{"width":1772,"height":1772,"url":"https:\/\/www.redelk.it\/wp-content\/uploads\/2024\/03\/VOLCANO-3_M49R23P_39-241.jpg","type":"image\/jpeg"}],"twitter_card":"summary_large_image","schema":{"@context":"https:\/\/schema.org","@graph":[{"@type":["WebPage","ItemPage"],"@id":"https:\/\/www.redelk.it\/it\/prodotto\/volcano-2-pantalone-soft-shell-uomo\/","url":"https:\/\/www.redelk.it\/it\/prodotto\/volcano-2-pantalone-soft-shell-uomo\/","name":"Volcano 2 - Pantalone soft-shell uomo - Redelk","isPartOf":{"@id":"https:\/\/www.redelk.it\/it\/#website"},"primaryImageOfPage":{"@id":"https:\/\/www.redelk.it\/it\/prodotto\/volcano-2-pantalone-soft-shell-uomo\/#primaryimage"},"image":{"@id":"https:\/\/www.redelk.it\/it\/prodotto\/volcano-2-pantalone-soft-shell-uomo\/#primaryimage"},"thumbnailUrl":"https:\/\/www.redelk.it\/wp-content\/uploads\/2024\/03\/VOLCANO-3_M49R23P_39-241.jpg","datePublished":"2020-10-02T15:51:01+00:00","dateModified":"2024-11-21T11:26:38+00:00","breadcrumb":{"@id":"https:\/\/www.redelk.it\/it\/prodotto\/volcano-2-pantalone-soft-shell-uomo\/#breadcrumb"},"inLanguage":"it-IT","potentialAction":[{"@type":"ReadAction","target":["https:\/\/www.redelk.it\/it\/prodotto\/volcano-2-pantalone-soft-shell-uomo\/"]}]},{"@type":"ImageObject","inLanguage":"it-IT","@id":"https:\/\/www.redelk.it\/it\/prodotto\/volcano-2-pantalone-soft-shell-uomo\/#primaryimage","url":"https:\/\/www.redelk.it\/wp-content\/uploads\/2024\/03\/VOLCANO-3_M49R23P_39-241.jpg","contentUrl":"https:\/\/www.redelk.it\/wp-content\/uploads\/2024\/03\/VOLCANO-3_M49R23P_39-241.jpg","width":1772,"height":1772},{"@type":"BreadcrumbList","@id":"https:\/\/www.redelk.it\/it\/prodotto\/volcano-2-pantalone-soft-shell-uomo\/#breadcrumb","itemListElement":[{"@type":"ListItem","position":1,"name":"Home","item":"https:\/\/www.redelk.it\/it\/"},{"@type":"ListItem","position":2,"name":"Shop","item":"https:\/\/www.redelk.it\/en\/negozio\/"},{"@type":"ListItem","position":3,"name":"Volcano 2 &#8211; Pantalone soft-shell uomo"}]},{"@type":"WebSite","@id":"https:\/\/www.redelk.it\/it\/#website","url":"https:\/\/www.redelk.it\/it\/","name":"Redelk","description":"Redelk Outdoor","publisher":{"@id":"https:\/\/www.redelk.it\/it\/#organization"},"alternateName":"Italy's #1 in Comfort Trekking Apparel","potentialAction":[{"@type":"SearchAction","target":{"@type":"EntryPoint","urlTemplate":"https:\/\/www.redelk.it\/it\/?s={search_term_string}"},"query-input":{"@type":"PropertyValueSpecification","valueRequired":true,"valueName":"search_term_string"}}],"inLanguage":"it-IT"},{"@type":"Organization","@id":"https:\/\/www.redelk.it\/it\/#organization","name":"Redelk","url":"https:\/\/www.redelk.it\/it\/","logo":{"@type":"ImageObject","inLanguage":"it-IT","@id":"https:\/\/www.redelk.it\/it\/#\/schema\/logo\/image\/","url":"https:\/\/www.redelk.it\/wp-content\/uploads\/2020\/06\/anteprima-sito.jpg","contentUrl":"https:\/\/www.redelk.it\/wp-content\/uploads\/2020\/06\/anteprima-sito.jpg","width":200,"height":200,"caption":"Redelk"},"image":{"@id":"https:\/\/www.redelk.it\/it\/#\/schema\/logo\/image\/"},"sameAs":["https:\/\/www.facebook.com\/REDELKoutdoor\/","https:\/\/www.instagram.com\/redelkoutdoor\/"]}]}},"_links":{"self":[{"href":"https:\/\/www.redelk.it\/it\/wp-json\/wp\/v2\/product\/8885","targetHints":{"allow":["GET"]}}],"collection":[{"href":"https:\/\/www.redelk.it\/it\/wp-json\/wp\/v2\/product"}],"about":[{"href":"https:\/\/www.redelk.it\/it\/wp-json\/wp\/v2\/types\/product"}],"wp:featuredmedia":[{"embeddable":true,"href":"https:\/\/www.redelk.it\/it\/wp-json\/wp\/v2\/media\/35271"}],"wp:attachment":[{"href":"https:\/\/www.redelk.it\/it\/wp-json\/wp\/v2\/media?parent=8885"}],"wp:term":[{"taxonomy":"product_cat","embeddable":true,"href":"https:\/\/www.redelk.it\/it\/wp-json\/wp\/v2\/product_cat?post=8885"},{"taxonomy":"product_tag","embeddable":true,"href":"https:\/\/www.redelk.it\/it\/wp-json\/wp\/v2\/product_tag?post=8885"}],"curies":[{"name":"wp","href":"https:\/\/api.w.org\/{rel}","templated":true}]}}