{"id":7203,"date":"2020-05-04T13:19:10","date_gmt":"2020-05-04T12:19:11","guid":{"rendered":"https:\/\/www.redelk.it\/?post_type=product&#038;p=7203"},"modified":"2020-11-30T16:23:05","modified_gmt":"2020-11-30T15:23:05","slug":"erna-giacca-donna-in-tessuto-elasticizzato-con-antivento-frontale-copy","status":"publish","type":"product","link":"https:\/\/www.redelk.it\/it\/prodotto\/erna-giacca-donna-in-tessuto-elasticizzato-con-antivento-frontale-copy\/","title":{"rendered":"Ussel- giacca uomo in tessuto elasticizzato con antivento frontale"},"content":{"rendered":"","protected":false},"excerpt":{"rendered":"<p><strong>USSEL<\/strong> \u00e8 la giacca da uomo in tessuto elasticizzato realizzata con antivento frontale. Disponibile in diverse colorazioni, <strong>USSEL<\/strong> \u00e8 un capo della nuova collezione SS2020 di Redelk. Ideale per affrontare qualsiasi tipo di trekking, <strong>USSEL<\/strong> \u00e8 indossabile dalla primavera all&#8217;autunno, \u00e8 in grado di riparare dalle intemperie e tenere il corpo asciutto.<\/p>\n","protected":false},"featured_media":7207,"template":"","meta":{"_acf_changed":false},"product_cat":[176,203,205,479,464,202],"product_tag":[],"class_list":{"0":"post-7203","1":"product","2":"type-product","3":"status-publish","4":"has-post-thumbnail","6":"product_cat-attivita","7":"product_cat-giacche-uomo-redelk","8":"product_cat-giacche-termonastrate-uomo-it","9":"product_cat-hiking-trekking-it","10":"product_cat-nordic-walking-it","11":"product_cat-uomo","13":"first","14":"instock","15":"shipping-taxable","16":"purchasable","17":"product-type-variable","18":"has-default-attributes","19":"wvs-archive-product-wrapper"},"acf":[],"yoast_head":"<!-- This site is optimized with the Yoast SEO plugin v27.5 - https:\/\/yoast.com\/product\/yoast-seo-wordpress\/ -->\n<title>Ussel- giacca uomo in tessuto elasticizzato con antivento frontale - Redelk<\/title>\n<meta name=\"robots\" content=\"index, follow, max-snippet:-1, max-image-preview:large, max-video-preview:-1\" \/>\n<link rel=\"canonical\" href=\"https:\/\/www.redelk.it\/it\/prodotto\/erna-giacca-donna-in-tessuto-elasticizzato-con-antivento-frontale-copy\/\" \/>\n<meta property=\"og:locale\" content=\"it_IT\" \/>\n<meta property=\"og:type\" content=\"article\" \/>\n<meta property=\"og:title\" content=\"Ussel- giacca uomo in tessuto elasticizzato con antivento frontale - Redelk\" \/>\n<meta property=\"og:description\" content=\"USSEL \u00e8 la giacca da uomo in tessuto elasticizzato realizzata con antivento frontale. Disponibile in diverse colorazioni, USSEL \u00e8 un capo della nuova collezione SS2020 di Redelk. Ideale per affrontare qualsiasi tipo di trekking, USSEL \u00e8 indossabile dalla primavera all&#039;autunno, \u00e8 in grado di riparare dalle intemperie e tenere il corpo asciutto.\" \/>\n<meta property=\"og:url\" content=\"https:\/\/www.redelk.it\/it\/prodotto\/erna-giacca-donna-in-tessuto-elasticizzato-con-antivento-frontale-copy\/\" \/>\n<meta property=\"og:site_name\" content=\"Redelk\" \/>\n<meta property=\"article:publisher\" content=\"https:\/\/www.facebook.com\/REDELKoutdoor\/\" \/>\n<meta property=\"article:modified_time\" content=\"2020-11-30T15:23:05+00:00\" \/>\n<meta property=\"og:image\" content=\"https:\/\/www.redelk.it\/wp-content\/uploads\/2020\/05\/Ussel-JKT-Man-792_750.jpg\" \/>\n\t<meta property=\"og:image:width\" content=\"1772\" \/>\n\t<meta property=\"og:image:height\" content=\"1772\" \/>\n\t<meta property=\"og:image:type\" content=\"image\/jpeg\" \/>\n<meta name=\"twitter:card\" content=\"summary_large_image\" \/>\n<script type=\"application\/ld+json\" class=\"yoast-schema-graph\">{\"@context\":\"https:\\\/\\\/schema.org\",\"@graph\":[{\"@type\":[\"WebPage\",\"ItemPage\"],\"@id\":\"https:\\\/\\\/www.redelk.it\\\/it\\\/prodotto\\\/erna-giacca-donna-in-tessuto-elasticizzato-con-antivento-frontale-copy\\\/\",\"url\":\"https:\\\/\\\/www.redelk.it\\\/it\\\/prodotto\\\/erna-giacca-donna-in-tessuto-elasticizzato-con-antivento-frontale-copy\\\/\",\"name\":\"Ussel- giacca uomo in tessuto elasticizzato con antivento frontale - Redelk\",\"isPartOf\":{\"@id\":\"https:\\\/\\\/www.redelk.it\\\/it\\\/#website\"},\"primaryImageOfPage\":{\"@id\":\"https:\\\/\\\/www.redelk.it\\\/it\\\/prodotto\\\/erna-giacca-donna-in-tessuto-elasticizzato-con-antivento-frontale-copy\\\/#primaryimage\"},\"image\":{\"@id\":\"https:\\\/\\\/www.redelk.it\\\/it\\\/prodotto\\\/erna-giacca-donna-in-tessuto-elasticizzato-con-antivento-frontale-copy\\\/#primaryimage\"},\"thumbnailUrl\":\"https:\\\/\\\/www.redelk.it\\\/wp-content\\\/uploads\\\/2020\\\/05\\\/Ussel-JKT-Man-792_750.jpg\",\"datePublished\":\"2020-05-04T12:19:11+00:00\",\"dateModified\":\"2020-11-30T15:23:05+00:00\",\"breadcrumb\":{\"@id\":\"https:\\\/\\\/www.redelk.it\\\/it\\\/prodotto\\\/erna-giacca-donna-in-tessuto-elasticizzato-con-antivento-frontale-copy\\\/#breadcrumb\"},\"inLanguage\":\"it-IT\",\"potentialAction\":[{\"@type\":\"ReadAction\",\"target\":[\"https:\\\/\\\/www.redelk.it\\\/it\\\/prodotto\\\/erna-giacca-donna-in-tessuto-elasticizzato-con-antivento-frontale-copy\\\/\"]}]},{\"@type\":\"ImageObject\",\"inLanguage\":\"it-IT\",\"@id\":\"https:\\\/\\\/www.redelk.it\\\/it\\\/prodotto\\\/erna-giacca-donna-in-tessuto-elasticizzato-con-antivento-frontale-copy\\\/#primaryimage\",\"url\":\"https:\\\/\\\/www.redelk.it\\\/wp-content\\\/uploads\\\/2020\\\/05\\\/Ussel-JKT-Man-792_750.jpg\",\"contentUrl\":\"https:\\\/\\\/www.redelk.it\\\/wp-content\\\/uploads\\\/2020\\\/05\\\/Ussel-JKT-Man-792_750.jpg\",\"width\":1772,\"height\":1772},{\"@type\":\"BreadcrumbList\",\"@id\":\"https:\\\/\\\/www.redelk.it\\\/it\\\/prodotto\\\/erna-giacca-donna-in-tessuto-elasticizzato-con-antivento-frontale-copy\\\/#breadcrumb\",\"itemListElement\":[{\"@type\":\"ListItem\",\"position\":1,\"name\":\"Home\",\"item\":\"https:\\\/\\\/www.redelk.it\\\/it\\\/\"},{\"@type\":\"ListItem\",\"position\":2,\"name\":\"Shop\",\"item\":\"https:\\\/\\\/www.redelk.it\\\/en\\\/negozio\\\/\"},{\"@type\":\"ListItem\",\"position\":3,\"name\":\"Ussel- giacca uomo in tessuto elasticizzato con antivento frontale\"}]},{\"@type\":\"WebSite\",\"@id\":\"https:\\\/\\\/www.redelk.it\\\/it\\\/#website\",\"url\":\"https:\\\/\\\/www.redelk.it\\\/it\\\/\",\"name\":\"Redelk\",\"description\":\"Redelk Outdoor\",\"publisher\":{\"@id\":\"https:\\\/\\\/www.redelk.it\\\/it\\\/#organization\"},\"alternateName\":\"Italy's #1 in Comfort Trekking Apparel\",\"potentialAction\":[{\"@type\":\"SearchAction\",\"target\":{\"@type\":\"EntryPoint\",\"urlTemplate\":\"https:\\\/\\\/www.redelk.it\\\/it\\\/?s={search_term_string}\"},\"query-input\":{\"@type\":\"PropertyValueSpecification\",\"valueRequired\":true,\"valueName\":\"search_term_string\"}}],\"inLanguage\":\"it-IT\"},{\"@type\":\"Organization\",\"@id\":\"https:\\\/\\\/www.redelk.it\\\/it\\\/#organization\",\"name\":\"Redelk\",\"url\":\"https:\\\/\\\/www.redelk.it\\\/it\\\/\",\"logo\":{\"@type\":\"ImageObject\",\"inLanguage\":\"it-IT\",\"@id\":\"https:\\\/\\\/www.redelk.it\\\/it\\\/#\\\/schema\\\/logo\\\/image\\\/\",\"url\":\"https:\\\/\\\/www.redelk.it\\\/wp-content\\\/uploads\\\/2020\\\/06\\\/anteprima-sito.jpg\",\"contentUrl\":\"https:\\\/\\\/www.redelk.it\\\/wp-content\\\/uploads\\\/2020\\\/06\\\/anteprima-sito.jpg\",\"width\":200,\"height\":200,\"caption\":\"Redelk\"},\"image\":{\"@id\":\"https:\\\/\\\/www.redelk.it\\\/it\\\/#\\\/schema\\\/logo\\\/image\\\/\"},\"sameAs\":[\"https:\\\/\\\/www.facebook.com\\\/REDELKoutdoor\\\/\",\"https:\\\/\\\/www.instagram.com\\\/redelkoutdoor\\\/\"]}]}<\/script>\n<!-- \/ Yoast SEO plugin. -->","yoast_head_json":{"title":"Ussel- giacca uomo in tessuto elasticizzato con antivento frontale - Redelk","robots":{"index":"index","follow":"follow","max-snippet":"max-snippet:-1","max-image-preview":"max-image-preview:large","max-video-preview":"max-video-preview:-1"},"canonical":"https:\/\/www.redelk.it\/it\/prodotto\/erna-giacca-donna-in-tessuto-elasticizzato-con-antivento-frontale-copy\/","og_locale":"it_IT","og_type":"article","og_title":"Ussel- giacca uomo in tessuto elasticizzato con antivento frontale - Redelk","og_description":"USSEL \u00e8 la giacca da uomo in tessuto elasticizzato realizzata con antivento frontale. Disponibile in diverse colorazioni, USSEL \u00e8 un capo della nuova collezione SS2020 di Redelk. Ideale per affrontare qualsiasi tipo di trekking, USSEL \u00e8 indossabile dalla primavera all'autunno, \u00e8 in grado di riparare dalle intemperie e tenere il corpo asciutto.","og_url":"https:\/\/www.redelk.it\/it\/prodotto\/erna-giacca-donna-in-tessuto-elasticizzato-con-antivento-frontale-copy\/","og_site_name":"Redelk","article_publisher":"https:\/\/www.facebook.com\/REDELKoutdoor\/","article_modified_time":"2020-11-30T15:23:05+00:00","og_image":[{"width":1772,"height":1772,"url":"https:\/\/www.redelk.it\/wp-content\/uploads\/2020\/05\/Ussel-JKT-Man-792_750.jpg","type":"image\/jpeg"}],"twitter_card":"summary_large_image","schema":{"@context":"https:\/\/schema.org","@graph":[{"@type":["WebPage","ItemPage"],"@id":"https:\/\/www.redelk.it\/it\/prodotto\/erna-giacca-donna-in-tessuto-elasticizzato-con-antivento-frontale-copy\/","url":"https:\/\/www.redelk.it\/it\/prodotto\/erna-giacca-donna-in-tessuto-elasticizzato-con-antivento-frontale-copy\/","name":"Ussel- giacca uomo in tessuto elasticizzato con antivento frontale - Redelk","isPartOf":{"@id":"https:\/\/www.redelk.it\/it\/#website"},"primaryImageOfPage":{"@id":"https:\/\/www.redelk.it\/it\/prodotto\/erna-giacca-donna-in-tessuto-elasticizzato-con-antivento-frontale-copy\/#primaryimage"},"image":{"@id":"https:\/\/www.redelk.it\/it\/prodotto\/erna-giacca-donna-in-tessuto-elasticizzato-con-antivento-frontale-copy\/#primaryimage"},"thumbnailUrl":"https:\/\/www.redelk.it\/wp-content\/uploads\/2020\/05\/Ussel-JKT-Man-792_750.jpg","datePublished":"2020-05-04T12:19:11+00:00","dateModified":"2020-11-30T15:23:05+00:00","breadcrumb":{"@id":"https:\/\/www.redelk.it\/it\/prodotto\/erna-giacca-donna-in-tessuto-elasticizzato-con-antivento-frontale-copy\/#breadcrumb"},"inLanguage":"it-IT","potentialAction":[{"@type":"ReadAction","target":["https:\/\/www.redelk.it\/it\/prodotto\/erna-giacca-donna-in-tessuto-elasticizzato-con-antivento-frontale-copy\/"]}]},{"@type":"ImageObject","inLanguage":"it-IT","@id":"https:\/\/www.redelk.it\/it\/prodotto\/erna-giacca-donna-in-tessuto-elasticizzato-con-antivento-frontale-copy\/#primaryimage","url":"https:\/\/www.redelk.it\/wp-content\/uploads\/2020\/05\/Ussel-JKT-Man-792_750.jpg","contentUrl":"https:\/\/www.redelk.it\/wp-content\/uploads\/2020\/05\/Ussel-JKT-Man-792_750.jpg","width":1772,"height":1772},{"@type":"BreadcrumbList","@id":"https:\/\/www.redelk.it\/it\/prodotto\/erna-giacca-donna-in-tessuto-elasticizzato-con-antivento-frontale-copy\/#breadcrumb","itemListElement":[{"@type":"ListItem","position":1,"name":"Home","item":"https:\/\/www.redelk.it\/it\/"},{"@type":"ListItem","position":2,"name":"Shop","item":"https:\/\/www.redelk.it\/en\/negozio\/"},{"@type":"ListItem","position":3,"name":"Ussel- giacca uomo in tessuto elasticizzato con antivento frontale"}]},{"@type":"WebSite","@id":"https:\/\/www.redelk.it\/it\/#website","url":"https:\/\/www.redelk.it\/it\/","name":"Redelk","description":"Redelk Outdoor","publisher":{"@id":"https:\/\/www.redelk.it\/it\/#organization"},"alternateName":"Italy's #1 in Comfort Trekking Apparel","potentialAction":[{"@type":"SearchAction","target":{"@type":"EntryPoint","urlTemplate":"https:\/\/www.redelk.it\/it\/?s={search_term_string}"},"query-input":{"@type":"PropertyValueSpecification","valueRequired":true,"valueName":"search_term_string"}}],"inLanguage":"it-IT"},{"@type":"Organization","@id":"https:\/\/www.redelk.it\/it\/#organization","name":"Redelk","url":"https:\/\/www.redelk.it\/it\/","logo":{"@type":"ImageObject","inLanguage":"it-IT","@id":"https:\/\/www.redelk.it\/it\/#\/schema\/logo\/image\/","url":"https:\/\/www.redelk.it\/wp-content\/uploads\/2020\/06\/anteprima-sito.jpg","contentUrl":"https:\/\/www.redelk.it\/wp-content\/uploads\/2020\/06\/anteprima-sito.jpg","width":200,"height":200,"caption":"Redelk"},"image":{"@id":"https:\/\/www.redelk.it\/it\/#\/schema\/logo\/image\/"},"sameAs":["https:\/\/www.facebook.com\/REDELKoutdoor\/","https:\/\/www.instagram.com\/redelkoutdoor\/"]}]}},"_links":{"self":[{"href":"https:\/\/www.redelk.it\/it\/wp-json\/wp\/v2\/product\/7203","targetHints":{"allow":["GET"]}}],"collection":[{"href":"https:\/\/www.redelk.it\/it\/wp-json\/wp\/v2\/product"}],"about":[{"href":"https:\/\/www.redelk.it\/it\/wp-json\/wp\/v2\/types\/product"}],"wp:featuredmedia":[{"embeddable":true,"href":"https:\/\/www.redelk.it\/it\/wp-json\/wp\/v2\/media\/7207"}],"wp:attachment":[{"href":"https:\/\/www.redelk.it\/it\/wp-json\/wp\/v2\/media?parent=7203"}],"wp:term":[{"taxonomy":"product_cat","embeddable":true,"href":"https:\/\/www.redelk.it\/it\/wp-json\/wp\/v2\/product_cat?post=7203"},{"taxonomy":"product_tag","embeddable":true,"href":"https:\/\/www.redelk.it\/it\/wp-json\/wp\/v2\/product_tag?post=7203"}],"curies":[{"name":"wp","href":"https:\/\/api.w.org\/{rel}","templated":true}]}}