{"id":42502,"date":"2025-01-30T12:23:30","date_gmt":"2025-01-30T11:23:30","guid":{"rendered":"https:\/\/www.redelk.it\/product\/baltoro-mens-hybrid-fleece-vest\/"},"modified":"2025-01-30T12:41:17","modified_gmt":"2025-01-30T11:41:17","slug":"baltoro-gilet-in-pile-ibrido-uomo","status":"publish","type":"product","link":"https:\/\/www.redelk.it\/it\/prodotto\/baltoro-gilet-in-pile-ibrido-uomo\/","title":{"rendered":"Baltoro &#8211; Gilet in pile ibrido uomo"},"content":{"rendered":"","protected":false},"excerpt":{"rendered":"<p>Il gilet da uomo <strong>BALTORO<\/strong> \u00e8 il capo perfetto per chi ama esplorare la natura senza rinunciare al comfort. Realizzato con un innovativo tessuto ibrido che combina <em>RIPSTOP NYLON BIO DWR<\/em> e <em>RED-FLEECE Warmer<\/em>, offre una protezione eccellente. La parte anteriore e la schiena sono in nylon antivento trapuntato, mentre gli inserti in caldo pile melange garzato su collo, spalle e fianchi assicurano calore e morbidezza. Grazie al trattamento <em>bio-idrorepellente<\/em> a lunga durata e all&#8217;imbottitura in ovatta termica <em>Sustans Dupont Sorona<\/em>, questo gilet \u00e8 progettato per resistere alle condizioni atmosferiche avverse. Con fondo e giromanica bordati in nastro elastico per una vestibilit\u00e0 perfetta, il gilet <strong>BALTORO<\/strong> \u00e8 ideale per <em>hiking, trekking, nordic walking e ski touring<\/em>, unendo stile e funzionalit\u00e0 in ogni tua avventura.<\/p>\n","protected":false},"featured_media":42495,"template":"","meta":{"_acf_changed":false},"product_cat":[176,203,204,458,479,464,478,480,202],"product_tag":[],"class_list":{"0":"post-42502","1":"product","2":"type-product","3":"status-publish","4":"has-post-thumbnail","6":"product_cat-attivita","7":"product_cat-giacche-uomo-redelk","8":"product_cat-giacca-imbottite-uomo-it","9":"product_cat-giacche-leggere-e-gilet","10":"product_cat-hiking-trekking-it","11":"product_cat-nordic-walking-it","12":"product_cat-outdoor-life-it","13":"product_cat-sci-alpinismo-it","14":"product_cat-uomo","16":"first","17":"instock","18":"shipping-taxable","19":"purchasable","20":"product-type-variable","21":"has-default-attributes","22":"wvs-archive-product-wrapper"},"acf":[],"yoast_head":"<!-- This site is optimized with the Yoast SEO plugin v27.5 - https:\/\/yoast.com\/product\/yoast-seo-wordpress\/ -->\n<title>Baltoro - Gilet in pile ibrido uomo - Redelk<\/title>\n<meta name=\"robots\" content=\"index, follow, max-snippet:-1, max-image-preview:large, max-video-preview:-1\" \/>\n<link rel=\"canonical\" href=\"https:\/\/www.redelk.it\/it\/prodotto\/baltoro-gilet-in-pile-ibrido-uomo\/\" \/>\n<meta property=\"og:locale\" content=\"it_IT\" \/>\n<meta property=\"og:type\" content=\"article\" \/>\n<meta property=\"og:title\" content=\"Baltoro - Gilet in pile ibrido uomo - Redelk\" \/>\n<meta property=\"og:description\" content=\"Il gilet da uomo BALTORO \u00e8 il capo perfetto per chi ama esplorare la natura senza rinunciare al comfort. Realizzato con un innovativo tessuto ibrido che combina RIPSTOP NYLON BIO DWR e RED-FLEECE Warmer, offre una protezione eccellente. La parte anteriore e la schiena sono in nylon antivento trapuntato, mentre gli inserti in caldo pile melange garzato su collo, spalle e fianchi assicurano calore e morbidezza. Grazie al trattamento bio-idrorepellente a lunga durata e all&#039;imbottitura in ovatta termica Sustans Dupont Sorona, questo gilet \u00e8 progettato per resistere alle condizioni atmosferiche avverse. Con fondo e giromanica bordati in nastro elastico per una vestibilit\u00e0 perfetta, il gilet BALTORO \u00e8 ideale per hiking, trekking, nordic walking e ski touring, unendo stile e funzionalit\u00e0 in ogni tua avventura.\" \/>\n<meta property=\"og:url\" content=\"https:\/\/www.redelk.it\/it\/prodotto\/baltoro-gilet-in-pile-ibrido-uomo\/\" \/>\n<meta property=\"og:site_name\" content=\"Redelk\" \/>\n<meta property=\"article:publisher\" content=\"https:\/\/www.facebook.com\/REDELKoutdoor\/\" \/>\n<meta property=\"article:modified_time\" content=\"2025-01-30T11:41:17+00:00\" \/>\n<meta property=\"og:image\" content=\"https:\/\/www.redelk.it\/wp-content\/uploads\/2025\/01\/BALTORO_M51R014V_39-761.jpg\" \/>\n\t<meta property=\"og:image:width\" content=\"1772\" \/>\n\t<meta property=\"og:image:height\" content=\"1772\" \/>\n\t<meta property=\"og:image:type\" content=\"image\/jpeg\" \/>\n<meta name=\"twitter:card\" content=\"summary_large_image\" \/>\n<meta name=\"twitter:label1\" content=\"Tempo di lettura stimato\" \/>\n\t<meta name=\"twitter:data1\" content=\"1 minuto\" \/>\n<script type=\"application\/ld+json\" class=\"yoast-schema-graph\">{\"@context\":\"https:\\\/\\\/schema.org\",\"@graph\":[{\"@type\":[\"WebPage\",\"ItemPage\"],\"@id\":\"https:\\\/\\\/www.redelk.it\\\/it\\\/prodotto\\\/baltoro-gilet-in-pile-ibrido-uomo\\\/\",\"url\":\"https:\\\/\\\/www.redelk.it\\\/it\\\/prodotto\\\/baltoro-gilet-in-pile-ibrido-uomo\\\/\",\"name\":\"Baltoro - Gilet in pile ibrido uomo - Redelk\",\"isPartOf\":{\"@id\":\"https:\\\/\\\/www.redelk.it\\\/it\\\/#website\"},\"primaryImageOfPage\":{\"@id\":\"https:\\\/\\\/www.redelk.it\\\/it\\\/prodotto\\\/baltoro-gilet-in-pile-ibrido-uomo\\\/#primaryimage\"},\"image\":{\"@id\":\"https:\\\/\\\/www.redelk.it\\\/it\\\/prodotto\\\/baltoro-gilet-in-pile-ibrido-uomo\\\/#primaryimage\"},\"thumbnailUrl\":\"https:\\\/\\\/www.redelk.it\\\/wp-content\\\/uploads\\\/2025\\\/01\\\/BALTORO_M51R014V_39-761.jpg\",\"datePublished\":\"2025-01-30T11:23:30+00:00\",\"dateModified\":\"2025-01-30T11:41:17+00:00\",\"breadcrumb\":{\"@id\":\"https:\\\/\\\/www.redelk.it\\\/it\\\/prodotto\\\/baltoro-gilet-in-pile-ibrido-uomo\\\/#breadcrumb\"},\"inLanguage\":\"it-IT\",\"potentialAction\":[{\"@type\":\"ReadAction\",\"target\":[\"https:\\\/\\\/www.redelk.it\\\/it\\\/prodotto\\\/baltoro-gilet-in-pile-ibrido-uomo\\\/\"]}]},{\"@type\":\"ImageObject\",\"inLanguage\":\"it-IT\",\"@id\":\"https:\\\/\\\/www.redelk.it\\\/it\\\/prodotto\\\/baltoro-gilet-in-pile-ibrido-uomo\\\/#primaryimage\",\"url\":\"https:\\\/\\\/www.redelk.it\\\/wp-content\\\/uploads\\\/2025\\\/01\\\/BALTORO_M51R014V_39-761.jpg\",\"contentUrl\":\"https:\\\/\\\/www.redelk.it\\\/wp-content\\\/uploads\\\/2025\\\/01\\\/BALTORO_M51R014V_39-761.jpg\",\"width\":1772,\"height\":1772},{\"@type\":\"BreadcrumbList\",\"@id\":\"https:\\\/\\\/www.redelk.it\\\/it\\\/prodotto\\\/baltoro-gilet-in-pile-ibrido-uomo\\\/#breadcrumb\",\"itemListElement\":[{\"@type\":\"ListItem\",\"position\":1,\"name\":\"Home\",\"item\":\"https:\\\/\\\/www.redelk.it\\\/it\\\/\"},{\"@type\":\"ListItem\",\"position\":2,\"name\":\"Shop\",\"item\":\"https:\\\/\\\/www.redelk.it\\\/en\\\/negozio\\\/\"},{\"@type\":\"ListItem\",\"position\":3,\"name\":\"Baltoro &#8211; Gilet in pile ibrido uomo\"}]},{\"@type\":\"WebSite\",\"@id\":\"https:\\\/\\\/www.redelk.it\\\/it\\\/#website\",\"url\":\"https:\\\/\\\/www.redelk.it\\\/it\\\/\",\"name\":\"Redelk\",\"description\":\"Redelk Outdoor\",\"publisher\":{\"@id\":\"https:\\\/\\\/www.redelk.it\\\/it\\\/#organization\"},\"alternateName\":\"Italy's #1 in Comfort Trekking Apparel\",\"potentialAction\":[{\"@type\":\"SearchAction\",\"target\":{\"@type\":\"EntryPoint\",\"urlTemplate\":\"https:\\\/\\\/www.redelk.it\\\/it\\\/?s={search_term_string}\"},\"query-input\":{\"@type\":\"PropertyValueSpecification\",\"valueRequired\":true,\"valueName\":\"search_term_string\"}}],\"inLanguage\":\"it-IT\"},{\"@type\":\"Organization\",\"@id\":\"https:\\\/\\\/www.redelk.it\\\/it\\\/#organization\",\"name\":\"Redelk\",\"url\":\"https:\\\/\\\/www.redelk.it\\\/it\\\/\",\"logo\":{\"@type\":\"ImageObject\",\"inLanguage\":\"it-IT\",\"@id\":\"https:\\\/\\\/www.redelk.it\\\/it\\\/#\\\/schema\\\/logo\\\/image\\\/\",\"url\":\"https:\\\/\\\/www.redelk.it\\\/wp-content\\\/uploads\\\/2020\\\/06\\\/anteprima-sito.jpg\",\"contentUrl\":\"https:\\\/\\\/www.redelk.it\\\/wp-content\\\/uploads\\\/2020\\\/06\\\/anteprima-sito.jpg\",\"width\":200,\"height\":200,\"caption\":\"Redelk\"},\"image\":{\"@id\":\"https:\\\/\\\/www.redelk.it\\\/it\\\/#\\\/schema\\\/logo\\\/image\\\/\"},\"sameAs\":[\"https:\\\/\\\/www.facebook.com\\\/REDELKoutdoor\\\/\",\"https:\\\/\\\/www.instagram.com\\\/redelkoutdoor\\\/\"]}]}<\/script>\n<!-- \/ Yoast SEO plugin. -->","yoast_head_json":{"title":"Baltoro - Gilet in pile ibrido uomo - Redelk","robots":{"index":"index","follow":"follow","max-snippet":"max-snippet:-1","max-image-preview":"max-image-preview:large","max-video-preview":"max-video-preview:-1"},"canonical":"https:\/\/www.redelk.it\/it\/prodotto\/baltoro-gilet-in-pile-ibrido-uomo\/","og_locale":"it_IT","og_type":"article","og_title":"Baltoro - Gilet in pile ibrido uomo - Redelk","og_description":"Il gilet da uomo BALTORO \u00e8 il capo perfetto per chi ama esplorare la natura senza rinunciare al comfort. Realizzato con un innovativo tessuto ibrido che combina RIPSTOP NYLON BIO DWR e RED-FLEECE Warmer, offre una protezione eccellente. La parte anteriore e la schiena sono in nylon antivento trapuntato, mentre gli inserti in caldo pile melange garzato su collo, spalle e fianchi assicurano calore e morbidezza. Grazie al trattamento bio-idrorepellente a lunga durata e all'imbottitura in ovatta termica Sustans Dupont Sorona, questo gilet \u00e8 progettato per resistere alle condizioni atmosferiche avverse. Con fondo e giromanica bordati in nastro elastico per una vestibilit\u00e0 perfetta, il gilet BALTORO \u00e8 ideale per hiking, trekking, nordic walking e ski touring, unendo stile e funzionalit\u00e0 in ogni tua avventura.","og_url":"https:\/\/www.redelk.it\/it\/prodotto\/baltoro-gilet-in-pile-ibrido-uomo\/","og_site_name":"Redelk","article_publisher":"https:\/\/www.facebook.com\/REDELKoutdoor\/","article_modified_time":"2025-01-30T11:41:17+00:00","og_image":[{"width":1772,"height":1772,"url":"https:\/\/www.redelk.it\/wp-content\/uploads\/2025\/01\/BALTORO_M51R014V_39-761.jpg","type":"image\/jpeg"}],"twitter_card":"summary_large_image","twitter_misc":{"Tempo di lettura stimato":"1 minuto"},"schema":{"@context":"https:\/\/schema.org","@graph":[{"@type":["WebPage","ItemPage"],"@id":"https:\/\/www.redelk.it\/it\/prodotto\/baltoro-gilet-in-pile-ibrido-uomo\/","url":"https:\/\/www.redelk.it\/it\/prodotto\/baltoro-gilet-in-pile-ibrido-uomo\/","name":"Baltoro - Gilet in pile ibrido uomo - Redelk","isPartOf":{"@id":"https:\/\/www.redelk.it\/it\/#website"},"primaryImageOfPage":{"@id":"https:\/\/www.redelk.it\/it\/prodotto\/baltoro-gilet-in-pile-ibrido-uomo\/#primaryimage"},"image":{"@id":"https:\/\/www.redelk.it\/it\/prodotto\/baltoro-gilet-in-pile-ibrido-uomo\/#primaryimage"},"thumbnailUrl":"https:\/\/www.redelk.it\/wp-content\/uploads\/2025\/01\/BALTORO_M51R014V_39-761.jpg","datePublished":"2025-01-30T11:23:30+00:00","dateModified":"2025-01-30T11:41:17+00:00","breadcrumb":{"@id":"https:\/\/www.redelk.it\/it\/prodotto\/baltoro-gilet-in-pile-ibrido-uomo\/#breadcrumb"},"inLanguage":"it-IT","potentialAction":[{"@type":"ReadAction","target":["https:\/\/www.redelk.it\/it\/prodotto\/baltoro-gilet-in-pile-ibrido-uomo\/"]}]},{"@type":"ImageObject","inLanguage":"it-IT","@id":"https:\/\/www.redelk.it\/it\/prodotto\/baltoro-gilet-in-pile-ibrido-uomo\/#primaryimage","url":"https:\/\/www.redelk.it\/wp-content\/uploads\/2025\/01\/BALTORO_M51R014V_39-761.jpg","contentUrl":"https:\/\/www.redelk.it\/wp-content\/uploads\/2025\/01\/BALTORO_M51R014V_39-761.jpg","width":1772,"height":1772},{"@type":"BreadcrumbList","@id":"https:\/\/www.redelk.it\/it\/prodotto\/baltoro-gilet-in-pile-ibrido-uomo\/#breadcrumb","itemListElement":[{"@type":"ListItem","position":1,"name":"Home","item":"https:\/\/www.redelk.it\/it\/"},{"@type":"ListItem","position":2,"name":"Shop","item":"https:\/\/www.redelk.it\/en\/negozio\/"},{"@type":"ListItem","position":3,"name":"Baltoro &#8211; Gilet in pile ibrido uomo"}]},{"@type":"WebSite","@id":"https:\/\/www.redelk.it\/it\/#website","url":"https:\/\/www.redelk.it\/it\/","name":"Redelk","description":"Redelk Outdoor","publisher":{"@id":"https:\/\/www.redelk.it\/it\/#organization"},"alternateName":"Italy's #1 in Comfort Trekking Apparel","potentialAction":[{"@type":"SearchAction","target":{"@type":"EntryPoint","urlTemplate":"https:\/\/www.redelk.it\/it\/?s={search_term_string}"},"query-input":{"@type":"PropertyValueSpecification","valueRequired":true,"valueName":"search_term_string"}}],"inLanguage":"it-IT"},{"@type":"Organization","@id":"https:\/\/www.redelk.it\/it\/#organization","name":"Redelk","url":"https:\/\/www.redelk.it\/it\/","logo":{"@type":"ImageObject","inLanguage":"it-IT","@id":"https:\/\/www.redelk.it\/it\/#\/schema\/logo\/image\/","url":"https:\/\/www.redelk.it\/wp-content\/uploads\/2020\/06\/anteprima-sito.jpg","contentUrl":"https:\/\/www.redelk.it\/wp-content\/uploads\/2020\/06\/anteprima-sito.jpg","width":200,"height":200,"caption":"Redelk"},"image":{"@id":"https:\/\/www.redelk.it\/it\/#\/schema\/logo\/image\/"},"sameAs":["https:\/\/www.facebook.com\/REDELKoutdoor\/","https:\/\/www.instagram.com\/redelkoutdoor\/"]}]}},"_links":{"self":[{"href":"https:\/\/www.redelk.it\/it\/wp-json\/wp\/v2\/product\/42502","targetHints":{"allow":["GET"]}}],"collection":[{"href":"https:\/\/www.redelk.it\/it\/wp-json\/wp\/v2\/product"}],"about":[{"href":"https:\/\/www.redelk.it\/it\/wp-json\/wp\/v2\/types\/product"}],"wp:featuredmedia":[{"embeddable":true,"href":"https:\/\/www.redelk.it\/it\/wp-json\/wp\/v2\/media\/42495"}],"wp:attachment":[{"href":"https:\/\/www.redelk.it\/it\/wp-json\/wp\/v2\/media?parent=42502"}],"wp:term":[{"taxonomy":"product_cat","embeddable":true,"href":"https:\/\/www.redelk.it\/it\/wp-json\/wp\/v2\/product_cat?post=42502"},{"taxonomy":"product_tag","embeddable":true,"href":"https:\/\/www.redelk.it\/it\/wp-json\/wp\/v2\/product_tag?post=42502"}],"curies":[{"name":"wp","href":"https:\/\/api.w.org\/{rel}","templated":true}]}}