{"id":37406,"date":"2024-07-18T14:48:51","date_gmt":"2024-07-18T12:48:51","guid":{"rendered":"https:\/\/www.redelk.it\/product\/vinson-mens-cotton-hooded-sweater\/"},"modified":"2024-07-18T14:53:17","modified_gmt":"2024-07-18T12:53:17","slug":"vinson-felpa-uomo-cotone-con-cappuccio","status":"publish","type":"product","link":"https:\/\/www.redelk.it\/it\/prodotto\/vinson-felpa-uomo-cotone-con-cappuccio\/","title":{"rendered":"Vinson &#8211; Felpa uomo cotone con cappuccio"},"content":{"rendered":"","protected":false},"excerpt":{"rendered":"<p>Sperimenta il <em>comfort<\/em> senza rinunciare allo con la felpa <strong>VINSON<\/strong>. Realizzata in tessuto di <em>cotone organico<\/em> e <em>poliestere riciclato<\/em>, questa felpa \u00e8 una dichiarazione di moda ecologica. Il cappuccio regolabile con coulisse ti offre la libert\u00e0 di adattare il tuo look, mentre il tessuto elasticizzato assicura una vestibilit\u00e0 perfetta per ogni tua attivit\u00e0. Le ampie tasche frontali aggiungono un tocco di praticit\u00e0 e stile, rendendo la <strong>VINSON<\/strong> la scelta ideale per chi cerca una felpa che sia sia comoda che sostenibile.<\/p>\n","protected":false},"featured_media":37403,"template":"","meta":{"_acf_changed":false},"product_cat":[176,208,207,478,202],"product_tag":[],"class_list":{"0":"post-37406","1":"product","2":"type-product","3":"status-publish","4":"has-post-thumbnail","6":"product_cat-attivita","7":"product_cat-fleece-uomo-it","8":"product_cat-maglie-fleece-uomo-it","9":"product_cat-outdoor-life-it","10":"product_cat-uomo","12":"first","13":"instock","14":"shipping-taxable","15":"purchasable","16":"product-type-variable","17":"has-default-attributes","18":"wvs-archive-product-wrapper"},"acf":[],"yoast_head":"<!-- This site is optimized with the Yoast SEO plugin v27.5 - https:\/\/yoast.com\/product\/yoast-seo-wordpress\/ -->\n<title>Vinson - Felpa uomo cotone con cappuccio - Redelk<\/title>\n<meta name=\"robots\" content=\"index, follow, max-snippet:-1, max-image-preview:large, max-video-preview:-1\" \/>\n<link rel=\"canonical\" href=\"https:\/\/www.redelk.it\/it\/prodotto\/vinson-felpa-uomo-cotone-con-cappuccio\/\" \/>\n<meta property=\"og:locale\" content=\"it_IT\" \/>\n<meta property=\"og:type\" content=\"article\" \/>\n<meta property=\"og:title\" content=\"Vinson - Felpa uomo cotone con cappuccio - Redelk\" \/>\n<meta property=\"og:description\" content=\"Sperimenta il comfort senza rinunciare allo con la felpa VINSON. Realizzata in tessuto di cotone organico e poliestere riciclato, questa felpa \u00e8 una dichiarazione di moda ecologica. Il cappuccio regolabile con coulisse ti offre la libert\u00e0 di adattare il tuo look, mentre il tessuto elasticizzato assicura una vestibilit\u00e0 perfetta per ogni tua attivit\u00e0. Le ampie tasche frontali aggiungono un tocco di praticit\u00e0 e stile, rendendo la VINSON la scelta ideale per chi cerca una felpa che sia sia comoda che sostenibile.\" \/>\n<meta property=\"og:url\" content=\"https:\/\/www.redelk.it\/it\/prodotto\/vinson-felpa-uomo-cotone-con-cappuccio\/\" \/>\n<meta property=\"og:site_name\" content=\"Redelk\" \/>\n<meta property=\"article:publisher\" content=\"https:\/\/www.facebook.com\/REDELKoutdoor\/\" \/>\n<meta property=\"article:modified_time\" content=\"2024-07-18T12:53:17+00:00\" \/>\n<meta property=\"og:image\" content=\"https:\/\/www.redelk.it\/wp-content\/uploads\/2024\/07\/VINSON_M50R020F_423.jpg\" \/>\n\t<meta property=\"og:image:width\" content=\"1772\" \/>\n\t<meta property=\"og:image:height\" content=\"1772\" \/>\n\t<meta property=\"og:image:type\" content=\"image\/jpeg\" \/>\n<meta name=\"twitter:card\" content=\"summary_large_image\" \/>\n<meta name=\"twitter:label1\" content=\"Tempo di lettura stimato\" \/>\n\t<meta name=\"twitter:data1\" content=\"1 minuto\" \/>\n<script type=\"application\/ld+json\" class=\"yoast-schema-graph\">{\"@context\":\"https:\\\/\\\/schema.org\",\"@graph\":[{\"@type\":[\"WebPage\",\"ItemPage\"],\"@id\":\"https:\\\/\\\/www.redelk.it\\\/it\\\/prodotto\\\/vinson-felpa-uomo-cotone-con-cappuccio\\\/\",\"url\":\"https:\\\/\\\/www.redelk.it\\\/it\\\/prodotto\\\/vinson-felpa-uomo-cotone-con-cappuccio\\\/\",\"name\":\"Vinson - Felpa uomo cotone con cappuccio - Redelk\",\"isPartOf\":{\"@id\":\"https:\\\/\\\/www.redelk.it\\\/it\\\/#website\"},\"primaryImageOfPage\":{\"@id\":\"https:\\\/\\\/www.redelk.it\\\/it\\\/prodotto\\\/vinson-felpa-uomo-cotone-con-cappuccio\\\/#primaryimage\"},\"image\":{\"@id\":\"https:\\\/\\\/www.redelk.it\\\/it\\\/prodotto\\\/vinson-felpa-uomo-cotone-con-cappuccio\\\/#primaryimage\"},\"thumbnailUrl\":\"https:\\\/\\\/www.redelk.it\\\/wp-content\\\/uploads\\\/2024\\\/07\\\/VINSON_M50R020F_423.jpg\",\"datePublished\":\"2024-07-18T12:48:51+00:00\",\"dateModified\":\"2024-07-18T12:53:17+00:00\",\"breadcrumb\":{\"@id\":\"https:\\\/\\\/www.redelk.it\\\/it\\\/prodotto\\\/vinson-felpa-uomo-cotone-con-cappuccio\\\/#breadcrumb\"},\"inLanguage\":\"it-IT\",\"potentialAction\":[{\"@type\":\"ReadAction\",\"target\":[\"https:\\\/\\\/www.redelk.it\\\/it\\\/prodotto\\\/vinson-felpa-uomo-cotone-con-cappuccio\\\/\"]}]},{\"@type\":\"ImageObject\",\"inLanguage\":\"it-IT\",\"@id\":\"https:\\\/\\\/www.redelk.it\\\/it\\\/prodotto\\\/vinson-felpa-uomo-cotone-con-cappuccio\\\/#primaryimage\",\"url\":\"https:\\\/\\\/www.redelk.it\\\/wp-content\\\/uploads\\\/2024\\\/07\\\/VINSON_M50R020F_423.jpg\",\"contentUrl\":\"https:\\\/\\\/www.redelk.it\\\/wp-content\\\/uploads\\\/2024\\\/07\\\/VINSON_M50R020F_423.jpg\",\"width\":1772,\"height\":1772},{\"@type\":\"BreadcrumbList\",\"@id\":\"https:\\\/\\\/www.redelk.it\\\/it\\\/prodotto\\\/vinson-felpa-uomo-cotone-con-cappuccio\\\/#breadcrumb\",\"itemListElement\":[{\"@type\":\"ListItem\",\"position\":1,\"name\":\"Home\",\"item\":\"https:\\\/\\\/www.redelk.it\\\/it\\\/\"},{\"@type\":\"ListItem\",\"position\":2,\"name\":\"Shop\",\"item\":\"https:\\\/\\\/www.redelk.it\\\/en\\\/negozio\\\/\"},{\"@type\":\"ListItem\",\"position\":3,\"name\":\"Vinson &#8211; Felpa uomo cotone con cappuccio\"}]},{\"@type\":\"WebSite\",\"@id\":\"https:\\\/\\\/www.redelk.it\\\/it\\\/#website\",\"url\":\"https:\\\/\\\/www.redelk.it\\\/it\\\/\",\"name\":\"Redelk\",\"description\":\"Redelk Outdoor\",\"publisher\":{\"@id\":\"https:\\\/\\\/www.redelk.it\\\/it\\\/#organization\"},\"alternateName\":\"Italy's #1 in Comfort Trekking Apparel\",\"potentialAction\":[{\"@type\":\"SearchAction\",\"target\":{\"@type\":\"EntryPoint\",\"urlTemplate\":\"https:\\\/\\\/www.redelk.it\\\/it\\\/?s={search_term_string}\"},\"query-input\":{\"@type\":\"PropertyValueSpecification\",\"valueRequired\":true,\"valueName\":\"search_term_string\"}}],\"inLanguage\":\"it-IT\"},{\"@type\":\"Organization\",\"@id\":\"https:\\\/\\\/www.redelk.it\\\/it\\\/#organization\",\"name\":\"Redelk\",\"url\":\"https:\\\/\\\/www.redelk.it\\\/it\\\/\",\"logo\":{\"@type\":\"ImageObject\",\"inLanguage\":\"it-IT\",\"@id\":\"https:\\\/\\\/www.redelk.it\\\/it\\\/#\\\/schema\\\/logo\\\/image\\\/\",\"url\":\"https:\\\/\\\/www.redelk.it\\\/wp-content\\\/uploads\\\/2020\\\/06\\\/anteprima-sito.jpg\",\"contentUrl\":\"https:\\\/\\\/www.redelk.it\\\/wp-content\\\/uploads\\\/2020\\\/06\\\/anteprima-sito.jpg\",\"width\":200,\"height\":200,\"caption\":\"Redelk\"},\"image\":{\"@id\":\"https:\\\/\\\/www.redelk.it\\\/it\\\/#\\\/schema\\\/logo\\\/image\\\/\"},\"sameAs\":[\"https:\\\/\\\/www.facebook.com\\\/REDELKoutdoor\\\/\",\"https:\\\/\\\/www.instagram.com\\\/redelkoutdoor\\\/\"]}]}<\/script>\n<!-- \/ Yoast SEO plugin. -->","yoast_head_json":{"title":"Vinson - Felpa uomo cotone con cappuccio - Redelk","robots":{"index":"index","follow":"follow","max-snippet":"max-snippet:-1","max-image-preview":"max-image-preview:large","max-video-preview":"max-video-preview:-1"},"canonical":"https:\/\/www.redelk.it\/it\/prodotto\/vinson-felpa-uomo-cotone-con-cappuccio\/","og_locale":"it_IT","og_type":"article","og_title":"Vinson - Felpa uomo cotone con cappuccio - Redelk","og_description":"Sperimenta il comfort senza rinunciare allo con la felpa VINSON. Realizzata in tessuto di cotone organico e poliestere riciclato, questa felpa \u00e8 una dichiarazione di moda ecologica. Il cappuccio regolabile con coulisse ti offre la libert\u00e0 di adattare il tuo look, mentre il tessuto elasticizzato assicura una vestibilit\u00e0 perfetta per ogni tua attivit\u00e0. Le ampie tasche frontali aggiungono un tocco di praticit\u00e0 e stile, rendendo la VINSON la scelta ideale per chi cerca una felpa che sia sia comoda che sostenibile.","og_url":"https:\/\/www.redelk.it\/it\/prodotto\/vinson-felpa-uomo-cotone-con-cappuccio\/","og_site_name":"Redelk","article_publisher":"https:\/\/www.facebook.com\/REDELKoutdoor\/","article_modified_time":"2024-07-18T12:53:17+00:00","og_image":[{"width":1772,"height":1772,"url":"https:\/\/www.redelk.it\/wp-content\/uploads\/2024\/07\/VINSON_M50R020F_423.jpg","type":"image\/jpeg"}],"twitter_card":"summary_large_image","twitter_misc":{"Tempo di lettura stimato":"1 minuto"},"schema":{"@context":"https:\/\/schema.org","@graph":[{"@type":["WebPage","ItemPage"],"@id":"https:\/\/www.redelk.it\/it\/prodotto\/vinson-felpa-uomo-cotone-con-cappuccio\/","url":"https:\/\/www.redelk.it\/it\/prodotto\/vinson-felpa-uomo-cotone-con-cappuccio\/","name":"Vinson - Felpa uomo cotone con cappuccio - Redelk","isPartOf":{"@id":"https:\/\/www.redelk.it\/it\/#website"},"primaryImageOfPage":{"@id":"https:\/\/www.redelk.it\/it\/prodotto\/vinson-felpa-uomo-cotone-con-cappuccio\/#primaryimage"},"image":{"@id":"https:\/\/www.redelk.it\/it\/prodotto\/vinson-felpa-uomo-cotone-con-cappuccio\/#primaryimage"},"thumbnailUrl":"https:\/\/www.redelk.it\/wp-content\/uploads\/2024\/07\/VINSON_M50R020F_423.jpg","datePublished":"2024-07-18T12:48:51+00:00","dateModified":"2024-07-18T12:53:17+00:00","breadcrumb":{"@id":"https:\/\/www.redelk.it\/it\/prodotto\/vinson-felpa-uomo-cotone-con-cappuccio\/#breadcrumb"},"inLanguage":"it-IT","potentialAction":[{"@type":"ReadAction","target":["https:\/\/www.redelk.it\/it\/prodotto\/vinson-felpa-uomo-cotone-con-cappuccio\/"]}]},{"@type":"ImageObject","inLanguage":"it-IT","@id":"https:\/\/www.redelk.it\/it\/prodotto\/vinson-felpa-uomo-cotone-con-cappuccio\/#primaryimage","url":"https:\/\/www.redelk.it\/wp-content\/uploads\/2024\/07\/VINSON_M50R020F_423.jpg","contentUrl":"https:\/\/www.redelk.it\/wp-content\/uploads\/2024\/07\/VINSON_M50R020F_423.jpg","width":1772,"height":1772},{"@type":"BreadcrumbList","@id":"https:\/\/www.redelk.it\/it\/prodotto\/vinson-felpa-uomo-cotone-con-cappuccio\/#breadcrumb","itemListElement":[{"@type":"ListItem","position":1,"name":"Home","item":"https:\/\/www.redelk.it\/it\/"},{"@type":"ListItem","position":2,"name":"Shop","item":"https:\/\/www.redelk.it\/en\/negozio\/"},{"@type":"ListItem","position":3,"name":"Vinson &#8211; Felpa uomo cotone con cappuccio"}]},{"@type":"WebSite","@id":"https:\/\/www.redelk.it\/it\/#website","url":"https:\/\/www.redelk.it\/it\/","name":"Redelk","description":"Redelk Outdoor","publisher":{"@id":"https:\/\/www.redelk.it\/it\/#organization"},"alternateName":"Italy's #1 in Comfort Trekking Apparel","potentialAction":[{"@type":"SearchAction","target":{"@type":"EntryPoint","urlTemplate":"https:\/\/www.redelk.it\/it\/?s={search_term_string}"},"query-input":{"@type":"PropertyValueSpecification","valueRequired":true,"valueName":"search_term_string"}}],"inLanguage":"it-IT"},{"@type":"Organization","@id":"https:\/\/www.redelk.it\/it\/#organization","name":"Redelk","url":"https:\/\/www.redelk.it\/it\/","logo":{"@type":"ImageObject","inLanguage":"it-IT","@id":"https:\/\/www.redelk.it\/it\/#\/schema\/logo\/image\/","url":"https:\/\/www.redelk.it\/wp-content\/uploads\/2020\/06\/anteprima-sito.jpg","contentUrl":"https:\/\/www.redelk.it\/wp-content\/uploads\/2020\/06\/anteprima-sito.jpg","width":200,"height":200,"caption":"Redelk"},"image":{"@id":"https:\/\/www.redelk.it\/it\/#\/schema\/logo\/image\/"},"sameAs":["https:\/\/www.facebook.com\/REDELKoutdoor\/","https:\/\/www.instagram.com\/redelkoutdoor\/"]}]}},"_links":{"self":[{"href":"https:\/\/www.redelk.it\/it\/wp-json\/wp\/v2\/product\/37406","targetHints":{"allow":["GET"]}}],"collection":[{"href":"https:\/\/www.redelk.it\/it\/wp-json\/wp\/v2\/product"}],"about":[{"href":"https:\/\/www.redelk.it\/it\/wp-json\/wp\/v2\/types\/product"}],"wp:featuredmedia":[{"embeddable":true,"href":"https:\/\/www.redelk.it\/it\/wp-json\/wp\/v2\/media\/37403"}],"wp:attachment":[{"href":"https:\/\/www.redelk.it\/it\/wp-json\/wp\/v2\/media?parent=37406"}],"wp:term":[{"taxonomy":"product_cat","embeddable":true,"href":"https:\/\/www.redelk.it\/it\/wp-json\/wp\/v2\/product_cat?post=37406"},{"taxonomy":"product_tag","embeddable":true,"href":"https:\/\/www.redelk.it\/it\/wp-json\/wp\/v2\/product_tag?post=37406"}],"curies":[{"name":"wp","href":"https:\/\/api.w.org\/{rel}","templated":true}]}}