{"id":37380,"date":"2024-07-18T12:27:50","date_gmt":"2024-07-18T10:27:50","guid":{"rendered":"https:\/\/www.redelk.it\/product\/trivor-mens-cotton-hooded-full-zip-sweater\/"},"modified":"2024-07-18T14:31:55","modified_gmt":"2024-07-18T12:31:55","slug":"trivor-felpa-uomo-zip-intera-con-cappuccio","status":"publish","type":"product","link":"https:\/\/www.redelk.it\/it\/prodotto\/trivor-felpa-uomo-zip-intera-con-cappuccio\/","title":{"rendered":"Trivor &#8211; Felpa uomo zip intera con cappuccio"},"content":{"rendered":"","protected":false},"excerpt":{"rendered":"<p>Rivela il tuo stile con la felpa <strong>TRIVOR<\/strong>: un mix perfetto di <em>comfort<\/em> e <em>sostenibilit\u00e0<\/em>. Realizzata con tessuto di <em>cotone organico<\/em> e <em>poliestere riciclato<\/em>, con la sua zip intera e il cappuccio, ti offre versatilit\u00e0 e praticit\u00e0 in un unico capo. Il tessuto elasticizzato assicura una vestibilit\u00e0 perfetta per ogni tua movimento, mentre le ampie tasche frontali aggiungono un tocco di funzionalit\u00e0 al tuo look. Scegli <strong>TRIVOR<\/strong> per uno stile alla moda, vicino all&#8217;ambiente.<\/p>\n","protected":false},"featured_media":37371,"template":"","meta":{"_acf_changed":false},"product_cat":[176,208,207,478,202],"product_tag":[],"class_list":{"0":"post-37380","1":"product","2":"type-product","3":"status-publish","4":"has-post-thumbnail","6":"product_cat-attivita","7":"product_cat-fleece-uomo-it","8":"product_cat-maglie-fleece-uomo-it","9":"product_cat-outdoor-life-it","10":"product_cat-uomo","12":"first","13":"instock","14":"shipping-taxable","15":"purchasable","16":"product-type-variable","17":"has-default-attributes","18":"wvs-archive-product-wrapper"},"acf":[],"yoast_head":"<!-- This site is optimized with the Yoast SEO plugin v27.5 - https:\/\/yoast.com\/product\/yoast-seo-wordpress\/ -->\n<title>Trivor - Felpa uomo zip intera con cappuccio - Redelk<\/title>\n<meta name=\"robots\" content=\"index, follow, max-snippet:-1, max-image-preview:large, max-video-preview:-1\" \/>\n<link rel=\"canonical\" href=\"https:\/\/www.redelk.it\/it\/prodotto\/trivor-felpa-uomo-zip-intera-con-cappuccio\/\" \/>\n<meta property=\"og:locale\" content=\"it_IT\" \/>\n<meta property=\"og:type\" content=\"article\" \/>\n<meta property=\"og:title\" content=\"Trivor - Felpa uomo zip intera con cappuccio - Redelk\" \/>\n<meta property=\"og:description\" content=\"Rivela il tuo stile con la felpa TRIVOR: un mix perfetto di comfort e sostenibilit\u00e0. Realizzata con tessuto di cotone organico e poliestere riciclato, con la sua zip intera e il cappuccio, ti offre versatilit\u00e0 e praticit\u00e0 in un unico capo. Il tessuto elasticizzato assicura una vestibilit\u00e0 perfetta per ogni tua movimento, mentre le ampie tasche frontali aggiungono un tocco di funzionalit\u00e0 al tuo look. Scegli TRIVOR per uno stile alla moda, vicino all&#039;ambiente.\" \/>\n<meta property=\"og:url\" content=\"https:\/\/www.redelk.it\/it\/prodotto\/trivor-felpa-uomo-zip-intera-con-cappuccio\/\" \/>\n<meta property=\"og:site_name\" content=\"Redelk\" \/>\n<meta property=\"article:publisher\" content=\"https:\/\/www.facebook.com\/REDELKoutdoor\/\" \/>\n<meta property=\"article:modified_time\" content=\"2024-07-18T12:31:55+00:00\" \/>\n<meta property=\"og:image\" content=\"https:\/\/www.redelk.it\/wp-content\/uploads\/2024\/07\/TRIVOR_M50R019F_357.jpg\" \/>\n\t<meta property=\"og:image:width\" content=\"1772\" \/>\n\t<meta property=\"og:image:height\" content=\"1772\" \/>\n\t<meta property=\"og:image:type\" content=\"image\/jpeg\" \/>\n<meta name=\"twitter:card\" content=\"summary_large_image\" \/>\n<meta name=\"twitter:label1\" content=\"Tempo di lettura stimato\" \/>\n\t<meta name=\"twitter:data1\" content=\"1 minuto\" \/>\n<script type=\"application\/ld+json\" class=\"yoast-schema-graph\">{\"@context\":\"https:\\\/\\\/schema.org\",\"@graph\":[{\"@type\":[\"WebPage\",\"ItemPage\"],\"@id\":\"https:\\\/\\\/www.redelk.it\\\/it\\\/prodotto\\\/trivor-felpa-uomo-zip-intera-con-cappuccio\\\/\",\"url\":\"https:\\\/\\\/www.redelk.it\\\/it\\\/prodotto\\\/trivor-felpa-uomo-zip-intera-con-cappuccio\\\/\",\"name\":\"Trivor - Felpa uomo zip intera con cappuccio - Redelk\",\"isPartOf\":{\"@id\":\"https:\\\/\\\/www.redelk.it\\\/it\\\/#website\"},\"primaryImageOfPage\":{\"@id\":\"https:\\\/\\\/www.redelk.it\\\/it\\\/prodotto\\\/trivor-felpa-uomo-zip-intera-con-cappuccio\\\/#primaryimage\"},\"image\":{\"@id\":\"https:\\\/\\\/www.redelk.it\\\/it\\\/prodotto\\\/trivor-felpa-uomo-zip-intera-con-cappuccio\\\/#primaryimage\"},\"thumbnailUrl\":\"https:\\\/\\\/www.redelk.it\\\/wp-content\\\/uploads\\\/2024\\\/07\\\/TRIVOR_M50R019F_357.jpg\",\"datePublished\":\"2024-07-18T10:27:50+00:00\",\"dateModified\":\"2024-07-18T12:31:55+00:00\",\"breadcrumb\":{\"@id\":\"https:\\\/\\\/www.redelk.it\\\/it\\\/prodotto\\\/trivor-felpa-uomo-zip-intera-con-cappuccio\\\/#breadcrumb\"},\"inLanguage\":\"it-IT\",\"potentialAction\":[{\"@type\":\"ReadAction\",\"target\":[\"https:\\\/\\\/www.redelk.it\\\/it\\\/prodotto\\\/trivor-felpa-uomo-zip-intera-con-cappuccio\\\/\"]}]},{\"@type\":\"ImageObject\",\"inLanguage\":\"it-IT\",\"@id\":\"https:\\\/\\\/www.redelk.it\\\/it\\\/prodotto\\\/trivor-felpa-uomo-zip-intera-con-cappuccio\\\/#primaryimage\",\"url\":\"https:\\\/\\\/www.redelk.it\\\/wp-content\\\/uploads\\\/2024\\\/07\\\/TRIVOR_M50R019F_357.jpg\",\"contentUrl\":\"https:\\\/\\\/www.redelk.it\\\/wp-content\\\/uploads\\\/2024\\\/07\\\/TRIVOR_M50R019F_357.jpg\",\"width\":1772,\"height\":1772},{\"@type\":\"BreadcrumbList\",\"@id\":\"https:\\\/\\\/www.redelk.it\\\/it\\\/prodotto\\\/trivor-felpa-uomo-zip-intera-con-cappuccio\\\/#breadcrumb\",\"itemListElement\":[{\"@type\":\"ListItem\",\"position\":1,\"name\":\"Home\",\"item\":\"https:\\\/\\\/www.redelk.it\\\/it\\\/\"},{\"@type\":\"ListItem\",\"position\":2,\"name\":\"Shop\",\"item\":\"https:\\\/\\\/www.redelk.it\\\/en\\\/negozio\\\/\"},{\"@type\":\"ListItem\",\"position\":3,\"name\":\"Trivor &#8211; Felpa uomo zip intera con cappuccio\"}]},{\"@type\":\"WebSite\",\"@id\":\"https:\\\/\\\/www.redelk.it\\\/it\\\/#website\",\"url\":\"https:\\\/\\\/www.redelk.it\\\/it\\\/\",\"name\":\"Redelk\",\"description\":\"Redelk Outdoor\",\"publisher\":{\"@id\":\"https:\\\/\\\/www.redelk.it\\\/it\\\/#organization\"},\"alternateName\":\"Italy's #1 in Comfort Trekking Apparel\",\"potentialAction\":[{\"@type\":\"SearchAction\",\"target\":{\"@type\":\"EntryPoint\",\"urlTemplate\":\"https:\\\/\\\/www.redelk.it\\\/it\\\/?s={search_term_string}\"},\"query-input\":{\"@type\":\"PropertyValueSpecification\",\"valueRequired\":true,\"valueName\":\"search_term_string\"}}],\"inLanguage\":\"it-IT\"},{\"@type\":\"Organization\",\"@id\":\"https:\\\/\\\/www.redelk.it\\\/it\\\/#organization\",\"name\":\"Redelk\",\"url\":\"https:\\\/\\\/www.redelk.it\\\/it\\\/\",\"logo\":{\"@type\":\"ImageObject\",\"inLanguage\":\"it-IT\",\"@id\":\"https:\\\/\\\/www.redelk.it\\\/it\\\/#\\\/schema\\\/logo\\\/image\\\/\",\"url\":\"https:\\\/\\\/www.redelk.it\\\/wp-content\\\/uploads\\\/2020\\\/06\\\/anteprima-sito.jpg\",\"contentUrl\":\"https:\\\/\\\/www.redelk.it\\\/wp-content\\\/uploads\\\/2020\\\/06\\\/anteprima-sito.jpg\",\"width\":200,\"height\":200,\"caption\":\"Redelk\"},\"image\":{\"@id\":\"https:\\\/\\\/www.redelk.it\\\/it\\\/#\\\/schema\\\/logo\\\/image\\\/\"},\"sameAs\":[\"https:\\\/\\\/www.facebook.com\\\/REDELKoutdoor\\\/\",\"https:\\\/\\\/www.instagram.com\\\/redelkoutdoor\\\/\"]}]}<\/script>\n<!-- \/ Yoast SEO plugin. -->","yoast_head_json":{"title":"Trivor - Felpa uomo zip intera con cappuccio - Redelk","robots":{"index":"index","follow":"follow","max-snippet":"max-snippet:-1","max-image-preview":"max-image-preview:large","max-video-preview":"max-video-preview:-1"},"canonical":"https:\/\/www.redelk.it\/it\/prodotto\/trivor-felpa-uomo-zip-intera-con-cappuccio\/","og_locale":"it_IT","og_type":"article","og_title":"Trivor - Felpa uomo zip intera con cappuccio - Redelk","og_description":"Rivela il tuo stile con la felpa TRIVOR: un mix perfetto di comfort e sostenibilit\u00e0. Realizzata con tessuto di cotone organico e poliestere riciclato, con la sua zip intera e il cappuccio, ti offre versatilit\u00e0 e praticit\u00e0 in un unico capo. Il tessuto elasticizzato assicura una vestibilit\u00e0 perfetta per ogni tua movimento, mentre le ampie tasche frontali aggiungono un tocco di funzionalit\u00e0 al tuo look. Scegli TRIVOR per uno stile alla moda, vicino all'ambiente.","og_url":"https:\/\/www.redelk.it\/it\/prodotto\/trivor-felpa-uomo-zip-intera-con-cappuccio\/","og_site_name":"Redelk","article_publisher":"https:\/\/www.facebook.com\/REDELKoutdoor\/","article_modified_time":"2024-07-18T12:31:55+00:00","og_image":[{"width":1772,"height":1772,"url":"https:\/\/www.redelk.it\/wp-content\/uploads\/2024\/07\/TRIVOR_M50R019F_357.jpg","type":"image\/jpeg"}],"twitter_card":"summary_large_image","twitter_misc":{"Tempo di lettura stimato":"1 minuto"},"schema":{"@context":"https:\/\/schema.org","@graph":[{"@type":["WebPage","ItemPage"],"@id":"https:\/\/www.redelk.it\/it\/prodotto\/trivor-felpa-uomo-zip-intera-con-cappuccio\/","url":"https:\/\/www.redelk.it\/it\/prodotto\/trivor-felpa-uomo-zip-intera-con-cappuccio\/","name":"Trivor - Felpa uomo zip intera con cappuccio - Redelk","isPartOf":{"@id":"https:\/\/www.redelk.it\/it\/#website"},"primaryImageOfPage":{"@id":"https:\/\/www.redelk.it\/it\/prodotto\/trivor-felpa-uomo-zip-intera-con-cappuccio\/#primaryimage"},"image":{"@id":"https:\/\/www.redelk.it\/it\/prodotto\/trivor-felpa-uomo-zip-intera-con-cappuccio\/#primaryimage"},"thumbnailUrl":"https:\/\/www.redelk.it\/wp-content\/uploads\/2024\/07\/TRIVOR_M50R019F_357.jpg","datePublished":"2024-07-18T10:27:50+00:00","dateModified":"2024-07-18T12:31:55+00:00","breadcrumb":{"@id":"https:\/\/www.redelk.it\/it\/prodotto\/trivor-felpa-uomo-zip-intera-con-cappuccio\/#breadcrumb"},"inLanguage":"it-IT","potentialAction":[{"@type":"ReadAction","target":["https:\/\/www.redelk.it\/it\/prodotto\/trivor-felpa-uomo-zip-intera-con-cappuccio\/"]}]},{"@type":"ImageObject","inLanguage":"it-IT","@id":"https:\/\/www.redelk.it\/it\/prodotto\/trivor-felpa-uomo-zip-intera-con-cappuccio\/#primaryimage","url":"https:\/\/www.redelk.it\/wp-content\/uploads\/2024\/07\/TRIVOR_M50R019F_357.jpg","contentUrl":"https:\/\/www.redelk.it\/wp-content\/uploads\/2024\/07\/TRIVOR_M50R019F_357.jpg","width":1772,"height":1772},{"@type":"BreadcrumbList","@id":"https:\/\/www.redelk.it\/it\/prodotto\/trivor-felpa-uomo-zip-intera-con-cappuccio\/#breadcrumb","itemListElement":[{"@type":"ListItem","position":1,"name":"Home","item":"https:\/\/www.redelk.it\/it\/"},{"@type":"ListItem","position":2,"name":"Shop","item":"https:\/\/www.redelk.it\/en\/negozio\/"},{"@type":"ListItem","position":3,"name":"Trivor &#8211; Felpa uomo zip intera con cappuccio"}]},{"@type":"WebSite","@id":"https:\/\/www.redelk.it\/it\/#website","url":"https:\/\/www.redelk.it\/it\/","name":"Redelk","description":"Redelk Outdoor","publisher":{"@id":"https:\/\/www.redelk.it\/it\/#organization"},"alternateName":"Italy's #1 in Comfort Trekking Apparel","potentialAction":[{"@type":"SearchAction","target":{"@type":"EntryPoint","urlTemplate":"https:\/\/www.redelk.it\/it\/?s={search_term_string}"},"query-input":{"@type":"PropertyValueSpecification","valueRequired":true,"valueName":"search_term_string"}}],"inLanguage":"it-IT"},{"@type":"Organization","@id":"https:\/\/www.redelk.it\/it\/#organization","name":"Redelk","url":"https:\/\/www.redelk.it\/it\/","logo":{"@type":"ImageObject","inLanguage":"it-IT","@id":"https:\/\/www.redelk.it\/it\/#\/schema\/logo\/image\/","url":"https:\/\/www.redelk.it\/wp-content\/uploads\/2020\/06\/anteprima-sito.jpg","contentUrl":"https:\/\/www.redelk.it\/wp-content\/uploads\/2020\/06\/anteprima-sito.jpg","width":200,"height":200,"caption":"Redelk"},"image":{"@id":"https:\/\/www.redelk.it\/it\/#\/schema\/logo\/image\/"},"sameAs":["https:\/\/www.facebook.com\/REDELKoutdoor\/","https:\/\/www.instagram.com\/redelkoutdoor\/"]}]}},"_links":{"self":[{"href":"https:\/\/www.redelk.it\/it\/wp-json\/wp\/v2\/product\/37380","targetHints":{"allow":["GET"]}}],"collection":[{"href":"https:\/\/www.redelk.it\/it\/wp-json\/wp\/v2\/product"}],"about":[{"href":"https:\/\/www.redelk.it\/it\/wp-json\/wp\/v2\/types\/product"}],"wp:featuredmedia":[{"embeddable":true,"href":"https:\/\/www.redelk.it\/it\/wp-json\/wp\/v2\/media\/37371"}],"wp:attachment":[{"href":"https:\/\/www.redelk.it\/it\/wp-json\/wp\/v2\/media?parent=37380"}],"wp:term":[{"taxonomy":"product_cat","embeddable":true,"href":"https:\/\/www.redelk.it\/it\/wp-json\/wp\/v2\/product_cat?post=37380"},{"taxonomy":"product_tag","embeddable":true,"href":"https:\/\/www.redelk.it\/it\/wp-json\/wp\/v2\/product_tag?post=37380"}],"curies":[{"name":"wp","href":"https:\/\/api.w.org\/{rel}","templated":true}]}}