{"id":37348,"date":"2024-07-18T12:03:54","date_gmt":"2024-07-18T10:03:54","guid":{"rendered":"https:\/\/www.redelk.it\/product\/tyree-mens-cotton-full-zip-sweater\/"},"modified":"2024-07-18T12:15:05","modified_gmt":"2024-07-18T10:15:05","slug":"tyree-mens-cotton-full-zip-sweater","status":"publish","type":"product","link":"https:\/\/www.redelk.it\/it\/prodotto\/tyree-mens-cotton-full-zip-sweater\/","title":{"rendered":"Tyree &#8211; Felpa uomo cotone zip intera"},"content":{"rendered":"","protected":false},"excerpt":{"rendered":"<p>Prova lo stile sostenibile di <strong>Redelk<\/strong> con <strong>TYREE<\/strong> la felpa realizzata con tessuto di <em>cotone organico<\/em> e <em>poliestere riciclato<\/em>. questa felpa non solo ti avvolge con comfort, ma fa anche la sua parte per l&#8217;ambiente. La sua elasticit\u00e0 offre una vestibilit\u00e0 perfetta per qualsiasi occasione, mentre le ampie tasche frontali ti consentono di tenere con te tutto ci\u00f2 di cui hai bisogno in movimento. Con la zip intera, puoi regolare facilmente la ventilazione e lo stile. Scegli la felpa <strong>TYREE<\/strong> per un look che fa bene a te e al pianeta.<\/p>\n","protected":false},"featured_media":37345,"template":"","meta":{"_acf_changed":false},"product_cat":[505,176,208,207,478,202],"product_tag":[],"class_list":{"0":"post-37348","1":"product","2":"type-product","3":"status-publish","4":"has-post-thumbnail","6":"product_cat-accessori","7":"product_cat-attivita","8":"product_cat-fleece-uomo-it","9":"product_cat-maglie-fleece-uomo-it","10":"product_cat-outdoor-life-it","11":"product_cat-uomo","13":"first","14":"instock","15":"shipping-taxable","16":"purchasable","17":"product-type-variable","18":"has-default-attributes","19":"wvs-archive-product-wrapper"},"acf":[],"yoast_head":"<!-- This site is optimized with the Yoast SEO plugin v27.5 - https:\/\/yoast.com\/product\/yoast-seo-wordpress\/ -->\n<title>Tyree - Felpa uomo cotone zip intera - Redelk<\/title>\n<meta name=\"robots\" content=\"index, follow, max-snippet:-1, max-image-preview:large, max-video-preview:-1\" \/>\n<link rel=\"canonical\" href=\"https:\/\/www.redelk.it\/it\/prodotto\/tyree-mens-cotton-full-zip-sweater\/\" \/>\n<meta property=\"og:locale\" content=\"it_IT\" \/>\n<meta property=\"og:type\" content=\"article\" \/>\n<meta property=\"og:title\" content=\"Tyree - Felpa uomo cotone zip intera - Redelk\" \/>\n<meta property=\"og:description\" content=\"Prova lo stile sostenibile di Redelk con TYREE la felpa realizzata con tessuto di cotone organico e poliestere riciclato. questa felpa non solo ti avvolge con comfort, ma fa anche la sua parte per l&#039;ambiente. La sua elasticit\u00e0 offre una vestibilit\u00e0 perfetta per qualsiasi occasione, mentre le ampie tasche frontali ti consentono di tenere con te tutto ci\u00f2 di cui hai bisogno in movimento. Con la zip intera, puoi regolare facilmente la ventilazione e lo stile. Scegli la felpa TYREE per un look che fa bene a te e al pianeta.\" \/>\n<meta property=\"og:url\" content=\"https:\/\/www.redelk.it\/it\/prodotto\/tyree-mens-cotton-full-zip-sweater\/\" \/>\n<meta property=\"og:site_name\" content=\"Redelk\" \/>\n<meta property=\"article:publisher\" content=\"https:\/\/www.facebook.com\/REDELKoutdoor\/\" \/>\n<meta property=\"article:modified_time\" content=\"2024-07-18T10:15:05+00:00\" \/>\n<meta property=\"og:image\" content=\"https:\/\/www.redelk.it\/wp-content\/uploads\/2024\/07\/TYREE_M50R018F_780.jpg\" \/>\n\t<meta property=\"og:image:width\" content=\"1772\" \/>\n\t<meta property=\"og:image:height\" content=\"1772\" \/>\n\t<meta property=\"og:image:type\" content=\"image\/jpeg\" \/>\n<meta name=\"twitter:card\" content=\"summary_large_image\" \/>\n<meta name=\"twitter:label1\" content=\"Tempo di lettura stimato\" \/>\n\t<meta name=\"twitter:data1\" content=\"1 minuto\" \/>\n<script type=\"application\/ld+json\" class=\"yoast-schema-graph\">{\"@context\":\"https:\\\/\\\/schema.org\",\"@graph\":[{\"@type\":[\"WebPage\",\"ItemPage\"],\"@id\":\"https:\\\/\\\/www.redelk.it\\\/it\\\/prodotto\\\/tyree-mens-cotton-full-zip-sweater\\\/\",\"url\":\"https:\\\/\\\/www.redelk.it\\\/it\\\/prodotto\\\/tyree-mens-cotton-full-zip-sweater\\\/\",\"name\":\"Tyree - Felpa uomo cotone zip intera - Redelk\",\"isPartOf\":{\"@id\":\"https:\\\/\\\/www.redelk.it\\\/it\\\/#website\"},\"primaryImageOfPage\":{\"@id\":\"https:\\\/\\\/www.redelk.it\\\/it\\\/prodotto\\\/tyree-mens-cotton-full-zip-sweater\\\/#primaryimage\"},\"image\":{\"@id\":\"https:\\\/\\\/www.redelk.it\\\/it\\\/prodotto\\\/tyree-mens-cotton-full-zip-sweater\\\/#primaryimage\"},\"thumbnailUrl\":\"https:\\\/\\\/www.redelk.it\\\/wp-content\\\/uploads\\\/2024\\\/07\\\/TYREE_M50R018F_780.jpg\",\"datePublished\":\"2024-07-18T10:03:54+00:00\",\"dateModified\":\"2024-07-18T10:15:05+00:00\",\"breadcrumb\":{\"@id\":\"https:\\\/\\\/www.redelk.it\\\/it\\\/prodotto\\\/tyree-mens-cotton-full-zip-sweater\\\/#breadcrumb\"},\"inLanguage\":\"it-IT\",\"potentialAction\":[{\"@type\":\"ReadAction\",\"target\":[\"https:\\\/\\\/www.redelk.it\\\/it\\\/prodotto\\\/tyree-mens-cotton-full-zip-sweater\\\/\"]}]},{\"@type\":\"ImageObject\",\"inLanguage\":\"it-IT\",\"@id\":\"https:\\\/\\\/www.redelk.it\\\/it\\\/prodotto\\\/tyree-mens-cotton-full-zip-sweater\\\/#primaryimage\",\"url\":\"https:\\\/\\\/www.redelk.it\\\/wp-content\\\/uploads\\\/2024\\\/07\\\/TYREE_M50R018F_780.jpg\",\"contentUrl\":\"https:\\\/\\\/www.redelk.it\\\/wp-content\\\/uploads\\\/2024\\\/07\\\/TYREE_M50R018F_780.jpg\",\"width\":1772,\"height\":1772},{\"@type\":\"BreadcrumbList\",\"@id\":\"https:\\\/\\\/www.redelk.it\\\/it\\\/prodotto\\\/tyree-mens-cotton-full-zip-sweater\\\/#breadcrumb\",\"itemListElement\":[{\"@type\":\"ListItem\",\"position\":1,\"name\":\"Home\",\"item\":\"https:\\\/\\\/www.redelk.it\\\/it\\\/\"},{\"@type\":\"ListItem\",\"position\":2,\"name\":\"Shop\",\"item\":\"https:\\\/\\\/www.redelk.it\\\/en\\\/negozio\\\/\"},{\"@type\":\"ListItem\",\"position\":3,\"name\":\"Tyree &#8211; Felpa uomo cotone zip intera\"}]},{\"@type\":\"WebSite\",\"@id\":\"https:\\\/\\\/www.redelk.it\\\/it\\\/#website\",\"url\":\"https:\\\/\\\/www.redelk.it\\\/it\\\/\",\"name\":\"Redelk\",\"description\":\"Redelk Outdoor\",\"publisher\":{\"@id\":\"https:\\\/\\\/www.redelk.it\\\/it\\\/#organization\"},\"alternateName\":\"Italy's #1 in Comfort Trekking Apparel\",\"potentialAction\":[{\"@type\":\"SearchAction\",\"target\":{\"@type\":\"EntryPoint\",\"urlTemplate\":\"https:\\\/\\\/www.redelk.it\\\/it\\\/?s={search_term_string}\"},\"query-input\":{\"@type\":\"PropertyValueSpecification\",\"valueRequired\":true,\"valueName\":\"search_term_string\"}}],\"inLanguage\":\"it-IT\"},{\"@type\":\"Organization\",\"@id\":\"https:\\\/\\\/www.redelk.it\\\/it\\\/#organization\",\"name\":\"Redelk\",\"url\":\"https:\\\/\\\/www.redelk.it\\\/it\\\/\",\"logo\":{\"@type\":\"ImageObject\",\"inLanguage\":\"it-IT\",\"@id\":\"https:\\\/\\\/www.redelk.it\\\/it\\\/#\\\/schema\\\/logo\\\/image\\\/\",\"url\":\"https:\\\/\\\/www.redelk.it\\\/wp-content\\\/uploads\\\/2020\\\/06\\\/anteprima-sito.jpg\",\"contentUrl\":\"https:\\\/\\\/www.redelk.it\\\/wp-content\\\/uploads\\\/2020\\\/06\\\/anteprima-sito.jpg\",\"width\":200,\"height\":200,\"caption\":\"Redelk\"},\"image\":{\"@id\":\"https:\\\/\\\/www.redelk.it\\\/it\\\/#\\\/schema\\\/logo\\\/image\\\/\"},\"sameAs\":[\"https:\\\/\\\/www.facebook.com\\\/REDELKoutdoor\\\/\",\"https:\\\/\\\/www.instagram.com\\\/redelkoutdoor\\\/\"]}]}<\/script>\n<!-- \/ Yoast SEO plugin. -->","yoast_head_json":{"title":"Tyree - Felpa uomo cotone zip intera - Redelk","robots":{"index":"index","follow":"follow","max-snippet":"max-snippet:-1","max-image-preview":"max-image-preview:large","max-video-preview":"max-video-preview:-1"},"canonical":"https:\/\/www.redelk.it\/it\/prodotto\/tyree-mens-cotton-full-zip-sweater\/","og_locale":"it_IT","og_type":"article","og_title":"Tyree - Felpa uomo cotone zip intera - Redelk","og_description":"Prova lo stile sostenibile di Redelk con TYREE la felpa realizzata con tessuto di cotone organico e poliestere riciclato. questa felpa non solo ti avvolge con comfort, ma fa anche la sua parte per l'ambiente. La sua elasticit\u00e0 offre una vestibilit\u00e0 perfetta per qualsiasi occasione, mentre le ampie tasche frontali ti consentono di tenere con te tutto ci\u00f2 di cui hai bisogno in movimento. Con la zip intera, puoi regolare facilmente la ventilazione e lo stile. Scegli la felpa TYREE per un look che fa bene a te e al pianeta.","og_url":"https:\/\/www.redelk.it\/it\/prodotto\/tyree-mens-cotton-full-zip-sweater\/","og_site_name":"Redelk","article_publisher":"https:\/\/www.facebook.com\/REDELKoutdoor\/","article_modified_time":"2024-07-18T10:15:05+00:00","og_image":[{"width":1772,"height":1772,"url":"https:\/\/www.redelk.it\/wp-content\/uploads\/2024\/07\/TYREE_M50R018F_780.jpg","type":"image\/jpeg"}],"twitter_card":"summary_large_image","twitter_misc":{"Tempo di lettura stimato":"1 minuto"},"schema":{"@context":"https:\/\/schema.org","@graph":[{"@type":["WebPage","ItemPage"],"@id":"https:\/\/www.redelk.it\/it\/prodotto\/tyree-mens-cotton-full-zip-sweater\/","url":"https:\/\/www.redelk.it\/it\/prodotto\/tyree-mens-cotton-full-zip-sweater\/","name":"Tyree - Felpa uomo cotone zip intera - Redelk","isPartOf":{"@id":"https:\/\/www.redelk.it\/it\/#website"},"primaryImageOfPage":{"@id":"https:\/\/www.redelk.it\/it\/prodotto\/tyree-mens-cotton-full-zip-sweater\/#primaryimage"},"image":{"@id":"https:\/\/www.redelk.it\/it\/prodotto\/tyree-mens-cotton-full-zip-sweater\/#primaryimage"},"thumbnailUrl":"https:\/\/www.redelk.it\/wp-content\/uploads\/2024\/07\/TYREE_M50R018F_780.jpg","datePublished":"2024-07-18T10:03:54+00:00","dateModified":"2024-07-18T10:15:05+00:00","breadcrumb":{"@id":"https:\/\/www.redelk.it\/it\/prodotto\/tyree-mens-cotton-full-zip-sweater\/#breadcrumb"},"inLanguage":"it-IT","potentialAction":[{"@type":"ReadAction","target":["https:\/\/www.redelk.it\/it\/prodotto\/tyree-mens-cotton-full-zip-sweater\/"]}]},{"@type":"ImageObject","inLanguage":"it-IT","@id":"https:\/\/www.redelk.it\/it\/prodotto\/tyree-mens-cotton-full-zip-sweater\/#primaryimage","url":"https:\/\/www.redelk.it\/wp-content\/uploads\/2024\/07\/TYREE_M50R018F_780.jpg","contentUrl":"https:\/\/www.redelk.it\/wp-content\/uploads\/2024\/07\/TYREE_M50R018F_780.jpg","width":1772,"height":1772},{"@type":"BreadcrumbList","@id":"https:\/\/www.redelk.it\/it\/prodotto\/tyree-mens-cotton-full-zip-sweater\/#breadcrumb","itemListElement":[{"@type":"ListItem","position":1,"name":"Home","item":"https:\/\/www.redelk.it\/it\/"},{"@type":"ListItem","position":2,"name":"Shop","item":"https:\/\/www.redelk.it\/en\/negozio\/"},{"@type":"ListItem","position":3,"name":"Tyree &#8211; Felpa uomo cotone zip intera"}]},{"@type":"WebSite","@id":"https:\/\/www.redelk.it\/it\/#website","url":"https:\/\/www.redelk.it\/it\/","name":"Redelk","description":"Redelk Outdoor","publisher":{"@id":"https:\/\/www.redelk.it\/it\/#organization"},"alternateName":"Italy's #1 in Comfort Trekking Apparel","potentialAction":[{"@type":"SearchAction","target":{"@type":"EntryPoint","urlTemplate":"https:\/\/www.redelk.it\/it\/?s={search_term_string}"},"query-input":{"@type":"PropertyValueSpecification","valueRequired":true,"valueName":"search_term_string"}}],"inLanguage":"it-IT"},{"@type":"Organization","@id":"https:\/\/www.redelk.it\/it\/#organization","name":"Redelk","url":"https:\/\/www.redelk.it\/it\/","logo":{"@type":"ImageObject","inLanguage":"it-IT","@id":"https:\/\/www.redelk.it\/it\/#\/schema\/logo\/image\/","url":"https:\/\/www.redelk.it\/wp-content\/uploads\/2020\/06\/anteprima-sito.jpg","contentUrl":"https:\/\/www.redelk.it\/wp-content\/uploads\/2020\/06\/anteprima-sito.jpg","width":200,"height":200,"caption":"Redelk"},"image":{"@id":"https:\/\/www.redelk.it\/it\/#\/schema\/logo\/image\/"},"sameAs":["https:\/\/www.facebook.com\/REDELKoutdoor\/","https:\/\/www.instagram.com\/redelkoutdoor\/"]}]}},"_links":{"self":[{"href":"https:\/\/www.redelk.it\/it\/wp-json\/wp\/v2\/product\/37348","targetHints":{"allow":["GET"]}}],"collection":[{"href":"https:\/\/www.redelk.it\/it\/wp-json\/wp\/v2\/product"}],"about":[{"href":"https:\/\/www.redelk.it\/it\/wp-json\/wp\/v2\/types\/product"}],"wp:featuredmedia":[{"embeddable":true,"href":"https:\/\/www.redelk.it\/it\/wp-json\/wp\/v2\/media\/37345"}],"wp:attachment":[{"href":"https:\/\/www.redelk.it\/it\/wp-json\/wp\/v2\/media?parent=37348"}],"wp:term":[{"taxonomy":"product_cat","embeddable":true,"href":"https:\/\/www.redelk.it\/it\/wp-json\/wp\/v2\/product_cat?post=37348"},{"taxonomy":"product_tag","embeddable":true,"href":"https:\/\/www.redelk.it\/it\/wp-json\/wp\/v2\/product_tag?post=37348"}],"curies":[{"name":"wp","href":"https:\/\/api.w.org\/{rel}","templated":true}]}}