{"id":37314,"date":"2024-07-17T18:01:05","date_gmt":"2024-07-17T16:01:05","guid":{"rendered":"https:\/\/www.redelk.it\/product\/naim-2-pile-uomo-zip-intera\/"},"modified":"2024-07-17T18:09:11","modified_gmt":"2024-07-17T16:09:11","slug":"naim-2-pile-uomo-zip-intera","status":"publish","type":"product","link":"https:\/\/www.redelk.it\/it\/prodotto\/naim-2-pile-uomo-zip-intera\/","title":{"rendered":"Naim 2 &#8211; Pile uomo zip intera"},"content":{"rendered":"","protected":false},"excerpt":{"rendered":"<p>Tecnico e dalle linee accattivanti: <strong>NAIM 2<\/strong> \u00e8 il pile della linea <strong>Redelk<\/strong> <em>Fleece Bubble<\/em>, garzato con struttura a <em>nido d&#8217;ape<\/em> e dalle propriet\u00e0 ormai inconfondibili della qualit\u00e0 marchiata <em>Redelk<\/em>. <strong>NAIM 2<\/strong> garantisce una sensazione di comfort e morbidezza grazie al suo pile, mantenendo la tecnicit\u00e0 del tessuto ad <em>asciugatura rapida<\/em> e super <em>traspirante<\/em>. <em>Batteriostatico<\/em> e con <em>protezione termica<\/em>, pu\u00f2 essere utilizzato nelle tre stagioni, per qualsiasi tipo di attivit\u00e0 all&#8217;aperto, dall&#8217;hiking al nordic walking. Provalo nei nuovi colori!<\/p>\n","protected":false},"featured_media":37218,"template":"","meta":{"_acf_changed":false},"product_cat":[176,208,479,207,464,202],"product_tag":[],"class_list":{"0":"post-37314","1":"product","2":"type-product","3":"status-publish","4":"has-post-thumbnail","6":"product_cat-attivita","7":"product_cat-fleece-uomo-it","8":"product_cat-hiking-trekking-it","9":"product_cat-maglie-fleece-uomo-it","10":"product_cat-nordic-walking-it","11":"product_cat-uomo","13":"first","14":"instock","15":"shipping-taxable","16":"purchasable","17":"product-type-variable","18":"has-default-attributes","19":"wvs-archive-product-wrapper"},"acf":[],"yoast_head":"<!-- This site is optimized with the Yoast SEO plugin v27.5 - https:\/\/yoast.com\/product\/yoast-seo-wordpress\/ -->\n<title>Naim 2 - Pile uomo zip intera - Redelk<\/title>\n<meta name=\"robots\" content=\"index, follow, max-snippet:-1, max-image-preview:large, max-video-preview:-1\" \/>\n<link rel=\"canonical\" href=\"https:\/\/www.redelk.it\/it\/prodotto\/naim-2-pile-uomo-zip-intera\/\" \/>\n<meta property=\"og:locale\" content=\"it_IT\" \/>\n<meta property=\"og:type\" content=\"article\" \/>\n<meta property=\"og:title\" content=\"Naim 2 - Pile uomo zip intera - Redelk\" \/>\n<meta property=\"og:description\" content=\"Tecnico e dalle linee accattivanti: NAIM 2 \u00e8 il pile della linea Redelk Fleece Bubble, garzato con struttura a nido d&#039;ape e dalle propriet\u00e0 ormai inconfondibili della qualit\u00e0 marchiata Redelk. NAIM 2 garantisce una sensazione di comfort e morbidezza grazie al suo pile, mantenendo la tecnicit\u00e0 del tessuto ad asciugatura rapida e super traspirante. Batteriostatico e con protezione termica, pu\u00f2 essere utilizzato nelle tre stagioni, per qualsiasi tipo di attivit\u00e0 all&#039;aperto, dall&#039;hiking al nordic walking. Provalo nei nuovi colori!\" \/>\n<meta property=\"og:url\" content=\"https:\/\/www.redelk.it\/it\/prodotto\/naim-2-pile-uomo-zip-intera\/\" \/>\n<meta property=\"og:site_name\" content=\"Redelk\" \/>\n<meta property=\"article:publisher\" content=\"https:\/\/www.facebook.com\/REDELKoutdoor\/\" \/>\n<meta property=\"article:modified_time\" content=\"2024-07-17T16:09:11+00:00\" \/>\n<meta property=\"og:image\" content=\"https:\/\/www.redelk.it\/wp-content\/uploads\/2024\/07\/NAIM-2_M50R013F_9-207.jpg\" \/>\n\t<meta property=\"og:image:width\" content=\"1772\" \/>\n\t<meta property=\"og:image:height\" content=\"1772\" \/>\n\t<meta property=\"og:image:type\" content=\"image\/jpeg\" \/>\n<meta name=\"twitter:card\" content=\"summary_large_image\" \/>\n<meta name=\"twitter:label1\" content=\"Tempo di lettura stimato\" \/>\n\t<meta name=\"twitter:data1\" content=\"1 minuto\" \/>\n<script type=\"application\/ld+json\" class=\"yoast-schema-graph\">{\"@context\":\"https:\\\/\\\/schema.org\",\"@graph\":[{\"@type\":[\"WebPage\",\"ItemPage\"],\"@id\":\"https:\\\/\\\/www.redelk.it\\\/it\\\/prodotto\\\/naim-2-pile-uomo-zip-intera\\\/\",\"url\":\"https:\\\/\\\/www.redelk.it\\\/it\\\/prodotto\\\/naim-2-pile-uomo-zip-intera\\\/\",\"name\":\"Naim 2 - Pile uomo zip intera - Redelk\",\"isPartOf\":{\"@id\":\"https:\\\/\\\/www.redelk.it\\\/it\\\/#website\"},\"primaryImageOfPage\":{\"@id\":\"https:\\\/\\\/www.redelk.it\\\/it\\\/prodotto\\\/naim-2-pile-uomo-zip-intera\\\/#primaryimage\"},\"image\":{\"@id\":\"https:\\\/\\\/www.redelk.it\\\/it\\\/prodotto\\\/naim-2-pile-uomo-zip-intera\\\/#primaryimage\"},\"thumbnailUrl\":\"https:\\\/\\\/www.redelk.it\\\/wp-content\\\/uploads\\\/2024\\\/07\\\/NAIM-2_M50R013F_9-207.jpg\",\"datePublished\":\"2024-07-17T16:01:05+00:00\",\"dateModified\":\"2024-07-17T16:09:11+00:00\",\"breadcrumb\":{\"@id\":\"https:\\\/\\\/www.redelk.it\\\/it\\\/prodotto\\\/naim-2-pile-uomo-zip-intera\\\/#breadcrumb\"},\"inLanguage\":\"it-IT\",\"potentialAction\":[{\"@type\":\"ReadAction\",\"target\":[\"https:\\\/\\\/www.redelk.it\\\/it\\\/prodotto\\\/naim-2-pile-uomo-zip-intera\\\/\"]}]},{\"@type\":\"ImageObject\",\"inLanguage\":\"it-IT\",\"@id\":\"https:\\\/\\\/www.redelk.it\\\/it\\\/prodotto\\\/naim-2-pile-uomo-zip-intera\\\/#primaryimage\",\"url\":\"https:\\\/\\\/www.redelk.it\\\/wp-content\\\/uploads\\\/2024\\\/07\\\/NAIM-2_M50R013F_9-207.jpg\",\"contentUrl\":\"https:\\\/\\\/www.redelk.it\\\/wp-content\\\/uploads\\\/2024\\\/07\\\/NAIM-2_M50R013F_9-207.jpg\",\"width\":1772,\"height\":1772},{\"@type\":\"BreadcrumbList\",\"@id\":\"https:\\\/\\\/www.redelk.it\\\/it\\\/prodotto\\\/naim-2-pile-uomo-zip-intera\\\/#breadcrumb\",\"itemListElement\":[{\"@type\":\"ListItem\",\"position\":1,\"name\":\"Home\",\"item\":\"https:\\\/\\\/www.redelk.it\\\/it\\\/\"},{\"@type\":\"ListItem\",\"position\":2,\"name\":\"Shop\",\"item\":\"https:\\\/\\\/www.redelk.it\\\/en\\\/negozio\\\/\"},{\"@type\":\"ListItem\",\"position\":3,\"name\":\"Naim 2 &#8211; Pile uomo zip intera\"}]},{\"@type\":\"WebSite\",\"@id\":\"https:\\\/\\\/www.redelk.it\\\/it\\\/#website\",\"url\":\"https:\\\/\\\/www.redelk.it\\\/it\\\/\",\"name\":\"Redelk\",\"description\":\"Redelk Outdoor\",\"publisher\":{\"@id\":\"https:\\\/\\\/www.redelk.it\\\/it\\\/#organization\"},\"alternateName\":\"Italy's #1 in Comfort Trekking Apparel\",\"potentialAction\":[{\"@type\":\"SearchAction\",\"target\":{\"@type\":\"EntryPoint\",\"urlTemplate\":\"https:\\\/\\\/www.redelk.it\\\/it\\\/?s={search_term_string}\"},\"query-input\":{\"@type\":\"PropertyValueSpecification\",\"valueRequired\":true,\"valueName\":\"search_term_string\"}}],\"inLanguage\":\"it-IT\"},{\"@type\":\"Organization\",\"@id\":\"https:\\\/\\\/www.redelk.it\\\/it\\\/#organization\",\"name\":\"Redelk\",\"url\":\"https:\\\/\\\/www.redelk.it\\\/it\\\/\",\"logo\":{\"@type\":\"ImageObject\",\"inLanguage\":\"it-IT\",\"@id\":\"https:\\\/\\\/www.redelk.it\\\/it\\\/#\\\/schema\\\/logo\\\/image\\\/\",\"url\":\"https:\\\/\\\/www.redelk.it\\\/wp-content\\\/uploads\\\/2020\\\/06\\\/anteprima-sito.jpg\",\"contentUrl\":\"https:\\\/\\\/www.redelk.it\\\/wp-content\\\/uploads\\\/2020\\\/06\\\/anteprima-sito.jpg\",\"width\":200,\"height\":200,\"caption\":\"Redelk\"},\"image\":{\"@id\":\"https:\\\/\\\/www.redelk.it\\\/it\\\/#\\\/schema\\\/logo\\\/image\\\/\"},\"sameAs\":[\"https:\\\/\\\/www.facebook.com\\\/REDELKoutdoor\\\/\",\"https:\\\/\\\/www.instagram.com\\\/redelkoutdoor\\\/\"]}]}<\/script>\n<!-- \/ Yoast SEO plugin. -->","yoast_head_json":{"title":"Naim 2 - Pile uomo zip intera - Redelk","robots":{"index":"index","follow":"follow","max-snippet":"max-snippet:-1","max-image-preview":"max-image-preview:large","max-video-preview":"max-video-preview:-1"},"canonical":"https:\/\/www.redelk.it\/it\/prodotto\/naim-2-pile-uomo-zip-intera\/","og_locale":"it_IT","og_type":"article","og_title":"Naim 2 - Pile uomo zip intera - Redelk","og_description":"Tecnico e dalle linee accattivanti: NAIM 2 \u00e8 il pile della linea Redelk Fleece Bubble, garzato con struttura a nido d'ape e dalle propriet\u00e0 ormai inconfondibili della qualit\u00e0 marchiata Redelk. NAIM 2 garantisce una sensazione di comfort e morbidezza grazie al suo pile, mantenendo la tecnicit\u00e0 del tessuto ad asciugatura rapida e super traspirante. Batteriostatico e con protezione termica, pu\u00f2 essere utilizzato nelle tre stagioni, per qualsiasi tipo di attivit\u00e0 all'aperto, dall'hiking al nordic walking. Provalo nei nuovi colori!","og_url":"https:\/\/www.redelk.it\/it\/prodotto\/naim-2-pile-uomo-zip-intera\/","og_site_name":"Redelk","article_publisher":"https:\/\/www.facebook.com\/REDELKoutdoor\/","article_modified_time":"2024-07-17T16:09:11+00:00","og_image":[{"width":1772,"height":1772,"url":"https:\/\/www.redelk.it\/wp-content\/uploads\/2024\/07\/NAIM-2_M50R013F_9-207.jpg","type":"image\/jpeg"}],"twitter_card":"summary_large_image","twitter_misc":{"Tempo di lettura stimato":"1 minuto"},"schema":{"@context":"https:\/\/schema.org","@graph":[{"@type":["WebPage","ItemPage"],"@id":"https:\/\/www.redelk.it\/it\/prodotto\/naim-2-pile-uomo-zip-intera\/","url":"https:\/\/www.redelk.it\/it\/prodotto\/naim-2-pile-uomo-zip-intera\/","name":"Naim 2 - Pile uomo zip intera - Redelk","isPartOf":{"@id":"https:\/\/www.redelk.it\/it\/#website"},"primaryImageOfPage":{"@id":"https:\/\/www.redelk.it\/it\/prodotto\/naim-2-pile-uomo-zip-intera\/#primaryimage"},"image":{"@id":"https:\/\/www.redelk.it\/it\/prodotto\/naim-2-pile-uomo-zip-intera\/#primaryimage"},"thumbnailUrl":"https:\/\/www.redelk.it\/wp-content\/uploads\/2024\/07\/NAIM-2_M50R013F_9-207.jpg","datePublished":"2024-07-17T16:01:05+00:00","dateModified":"2024-07-17T16:09:11+00:00","breadcrumb":{"@id":"https:\/\/www.redelk.it\/it\/prodotto\/naim-2-pile-uomo-zip-intera\/#breadcrumb"},"inLanguage":"it-IT","potentialAction":[{"@type":"ReadAction","target":["https:\/\/www.redelk.it\/it\/prodotto\/naim-2-pile-uomo-zip-intera\/"]}]},{"@type":"ImageObject","inLanguage":"it-IT","@id":"https:\/\/www.redelk.it\/it\/prodotto\/naim-2-pile-uomo-zip-intera\/#primaryimage","url":"https:\/\/www.redelk.it\/wp-content\/uploads\/2024\/07\/NAIM-2_M50R013F_9-207.jpg","contentUrl":"https:\/\/www.redelk.it\/wp-content\/uploads\/2024\/07\/NAIM-2_M50R013F_9-207.jpg","width":1772,"height":1772},{"@type":"BreadcrumbList","@id":"https:\/\/www.redelk.it\/it\/prodotto\/naim-2-pile-uomo-zip-intera\/#breadcrumb","itemListElement":[{"@type":"ListItem","position":1,"name":"Home","item":"https:\/\/www.redelk.it\/it\/"},{"@type":"ListItem","position":2,"name":"Shop","item":"https:\/\/www.redelk.it\/en\/negozio\/"},{"@type":"ListItem","position":3,"name":"Naim 2 &#8211; Pile uomo zip intera"}]},{"@type":"WebSite","@id":"https:\/\/www.redelk.it\/it\/#website","url":"https:\/\/www.redelk.it\/it\/","name":"Redelk","description":"Redelk Outdoor","publisher":{"@id":"https:\/\/www.redelk.it\/it\/#organization"},"alternateName":"Italy's #1 in Comfort Trekking Apparel","potentialAction":[{"@type":"SearchAction","target":{"@type":"EntryPoint","urlTemplate":"https:\/\/www.redelk.it\/it\/?s={search_term_string}"},"query-input":{"@type":"PropertyValueSpecification","valueRequired":true,"valueName":"search_term_string"}}],"inLanguage":"it-IT"},{"@type":"Organization","@id":"https:\/\/www.redelk.it\/it\/#organization","name":"Redelk","url":"https:\/\/www.redelk.it\/it\/","logo":{"@type":"ImageObject","inLanguage":"it-IT","@id":"https:\/\/www.redelk.it\/it\/#\/schema\/logo\/image\/","url":"https:\/\/www.redelk.it\/wp-content\/uploads\/2020\/06\/anteprima-sito.jpg","contentUrl":"https:\/\/www.redelk.it\/wp-content\/uploads\/2020\/06\/anteprima-sito.jpg","width":200,"height":200,"caption":"Redelk"},"image":{"@id":"https:\/\/www.redelk.it\/it\/#\/schema\/logo\/image\/"},"sameAs":["https:\/\/www.facebook.com\/REDELKoutdoor\/","https:\/\/www.instagram.com\/redelkoutdoor\/"]}]}},"_links":{"self":[{"href":"https:\/\/www.redelk.it\/it\/wp-json\/wp\/v2\/product\/37314","targetHints":{"allow":["GET"]}}],"collection":[{"href":"https:\/\/www.redelk.it\/it\/wp-json\/wp\/v2\/product"}],"about":[{"href":"https:\/\/www.redelk.it\/it\/wp-json\/wp\/v2\/types\/product"}],"wp:featuredmedia":[{"embeddable":true,"href":"https:\/\/www.redelk.it\/it\/wp-json\/wp\/v2\/media\/37218"}],"wp:attachment":[{"href":"https:\/\/www.redelk.it\/it\/wp-json\/wp\/v2\/media?parent=37314"}],"wp:term":[{"taxonomy":"product_cat","embeddable":true,"href":"https:\/\/www.redelk.it\/it\/wp-json\/wp\/v2\/product_cat?post=37314"},{"taxonomy":"product_tag","embeddable":true,"href":"https:\/\/www.redelk.it\/it\/wp-json\/wp\/v2\/product_tag?post=37314"}],"curies":[{"name":"wp","href":"https:\/\/api.w.org\/{rel}","templated":true}]}}