{"id":32927,"date":"2024-02-01T11:03:19","date_gmt":"2024-02-01T10:03:19","guid":{"rendered":"https:\/\/www.redelk.it\/product\/jim-3-men-soft-shell-and-fleece-hooded-jacket\/"},"modified":"2024-02-01T11:26:18","modified_gmt":"2024-02-01T10:26:18","slug":"jim-3-giacca-uomo-in-softshell-e-pile","status":"publish","type":"product","link":"https:\/\/www.redelk.it\/it\/prodotto\/jim-3-giacca-uomo-in-softshell-e-pile\/","title":{"rendered":"Jim 3 &#8211; Giacca uomo in softshell e pile"},"content":{"rendered":"","protected":false},"excerpt":{"rendered":"<p><strong>JIM 3<\/strong> \u00e8 la giacca da uomo <em>soft-shell<\/em> studiata per attivit\u00e0 come <em>trekking<\/em>, <em>alpinismo<\/em>, <em>sci alpinismo<\/em> o pi\u00f9 semplicemente per <em>ciaspolate<\/em>. Ideale anche come capo lifestyle, rivestito internamente con caldo pile \u00e8 realizzato in <strong><em>PREMIUM-SHELL<\/em><\/strong>, con colonna d\u2019acqua fino <em>10.000 mm<\/em> e ottima traspirabilit\u00e0 <em>(3.000 g\/mq\/24h)<\/em>. Lavorazione con finissaggio <strong>BIONIC FINISH-ECO<\/strong>, l\u2019innovativo processo che garantisce elevati standard di qualit\u00e0 per il trattamento water repellent, in totale rispetto per l\u2019ambiente. Capo dotato di tasche laterali multifunzione, tasca sul petto con zip e cappuccio staccabile completano questo modello di tutti i dettagli che lo rendono unico e perfetto per le tue attivit\u00e0 outdoor. <em>Slim fit<\/em> per assecondare tutti i movimenti durante la performance. <strong>JIM 3<\/strong> presenta inoltre una comodissima tasca <em>ski pass<\/em> posizionata sul braccio.<\/p>\n","protected":false},"featured_media":32921,"template":"","meta":{"_acf_changed":false},"product_cat":[176,203,204,479,464,480,614,202],"product_tag":[],"class_list":{"0":"post-32927","1":"product","2":"type-product","3":"status-publish","4":"has-post-thumbnail","6":"product_cat-attivita","7":"product_cat-giacche-uomo-redelk","8":"product_cat-giacca-imbottite-uomo-it","9":"product_cat-hiking-trekking-it","10":"product_cat-nordic-walking-it","11":"product_cat-sci-alpinismo-it","12":"product_cat-uncategorized-it","13":"product_cat-uomo","15":"first","16":"instock","17":"shipping-taxable","18":"purchasable","19":"product-type-variable","20":"has-default-attributes","21":"wvs-archive-product-wrapper"},"acf":[],"yoast_head":"<!-- This site is optimized with the Yoast SEO plugin v27.5 - https:\/\/yoast.com\/product\/yoast-seo-wordpress\/ -->\n<title>Jim 3 - Giacca uomo in softshell e pile - Redelk<\/title>\n<meta name=\"robots\" content=\"index, follow, max-snippet:-1, max-image-preview:large, max-video-preview:-1\" \/>\n<link rel=\"canonical\" href=\"https:\/\/www.redelk.it\/it\/prodotto\/jim-3-giacca-uomo-in-softshell-e-pile\/\" \/>\n<meta property=\"og:locale\" content=\"it_IT\" \/>\n<meta property=\"og:type\" content=\"article\" \/>\n<meta property=\"og:title\" content=\"Jim 3 - Giacca uomo in softshell e pile - Redelk\" \/>\n<meta property=\"og:description\" content=\"JIM 3 \u00e8 la giacca da uomo soft-shell studiata per attivit\u00e0 come trekking, alpinismo, sci alpinismo o pi\u00f9 semplicemente per ciaspolate. Ideale anche come capo lifestyle, rivestito internamente con caldo pile \u00e8 realizzato in PREMIUM-SHELL, con colonna d\u2019acqua fino 10.000 mm e ottima traspirabilit\u00e0 (3.000 g\/mq\/24h). Lavorazione con finissaggio BIONIC FINISH-ECO, l\u2019innovativo processo che garantisce elevati standard di qualit\u00e0 per il trattamento water repellent, in totale rispetto per l\u2019ambiente. Capo dotato di tasche laterali multifunzione, tasca sul petto con zip e cappuccio staccabile completano questo modello di tutti i dettagli che lo rendono unico e perfetto per le tue attivit\u00e0 outdoor. Slim fit per assecondare tutti i movimenti durante la performance. JIM 3 presenta inoltre una comodissima tasca ski pass posizionata sul braccio.\" \/>\n<meta property=\"og:url\" content=\"https:\/\/www.redelk.it\/it\/prodotto\/jim-3-giacca-uomo-in-softshell-e-pile\/\" \/>\n<meta property=\"og:site_name\" content=\"Redelk\" \/>\n<meta property=\"article:publisher\" content=\"https:\/\/www.facebook.com\/REDELKoutdoor\/\" \/>\n<meta property=\"article:modified_time\" content=\"2024-02-01T10:26:18+00:00\" \/>\n<meta property=\"og:image\" content=\"https:\/\/www.redelk.it\/wp-content\/uploads\/2024\/02\/JIM-3_M49R07G_422.jpg\" \/>\n\t<meta property=\"og:image:width\" content=\"1772\" \/>\n\t<meta property=\"og:image:height\" content=\"1772\" \/>\n\t<meta property=\"og:image:type\" content=\"image\/jpeg\" \/>\n<meta name=\"twitter:card\" content=\"summary_large_image\" \/>\n<meta name=\"twitter:label1\" content=\"Tempo di lettura stimato\" \/>\n\t<meta name=\"twitter:data1\" content=\"1 minuto\" \/>\n<script type=\"application\/ld+json\" class=\"yoast-schema-graph\">{\"@context\":\"https:\\\/\\\/schema.org\",\"@graph\":[{\"@type\":[\"WebPage\",\"ItemPage\"],\"@id\":\"https:\\\/\\\/www.redelk.it\\\/it\\\/prodotto\\\/jim-3-giacca-uomo-in-softshell-e-pile\\\/\",\"url\":\"https:\\\/\\\/www.redelk.it\\\/it\\\/prodotto\\\/jim-3-giacca-uomo-in-softshell-e-pile\\\/\",\"name\":\"Jim 3 - Giacca uomo in softshell e pile - Redelk\",\"isPartOf\":{\"@id\":\"https:\\\/\\\/www.redelk.it\\\/it\\\/#website\"},\"primaryImageOfPage\":{\"@id\":\"https:\\\/\\\/www.redelk.it\\\/it\\\/prodotto\\\/jim-3-giacca-uomo-in-softshell-e-pile\\\/#primaryimage\"},\"image\":{\"@id\":\"https:\\\/\\\/www.redelk.it\\\/it\\\/prodotto\\\/jim-3-giacca-uomo-in-softshell-e-pile\\\/#primaryimage\"},\"thumbnailUrl\":\"https:\\\/\\\/www.redelk.it\\\/wp-content\\\/uploads\\\/2024\\\/02\\\/JIM-3_M49R07G_422.jpg\",\"datePublished\":\"2024-02-01T10:03:19+00:00\",\"dateModified\":\"2024-02-01T10:26:18+00:00\",\"breadcrumb\":{\"@id\":\"https:\\\/\\\/www.redelk.it\\\/it\\\/prodotto\\\/jim-3-giacca-uomo-in-softshell-e-pile\\\/#breadcrumb\"},\"inLanguage\":\"it-IT\",\"potentialAction\":[{\"@type\":\"ReadAction\",\"target\":[\"https:\\\/\\\/www.redelk.it\\\/it\\\/prodotto\\\/jim-3-giacca-uomo-in-softshell-e-pile\\\/\"]}]},{\"@type\":\"ImageObject\",\"inLanguage\":\"it-IT\",\"@id\":\"https:\\\/\\\/www.redelk.it\\\/it\\\/prodotto\\\/jim-3-giacca-uomo-in-softshell-e-pile\\\/#primaryimage\",\"url\":\"https:\\\/\\\/www.redelk.it\\\/wp-content\\\/uploads\\\/2024\\\/02\\\/JIM-3_M49R07G_422.jpg\",\"contentUrl\":\"https:\\\/\\\/www.redelk.it\\\/wp-content\\\/uploads\\\/2024\\\/02\\\/JIM-3_M49R07G_422.jpg\",\"width\":1772,\"height\":1772},{\"@type\":\"BreadcrumbList\",\"@id\":\"https:\\\/\\\/www.redelk.it\\\/it\\\/prodotto\\\/jim-3-giacca-uomo-in-softshell-e-pile\\\/#breadcrumb\",\"itemListElement\":[{\"@type\":\"ListItem\",\"position\":1,\"name\":\"Home\",\"item\":\"https:\\\/\\\/www.redelk.it\\\/it\\\/\"},{\"@type\":\"ListItem\",\"position\":2,\"name\":\"Shop\",\"item\":\"https:\\\/\\\/www.redelk.it\\\/en\\\/negozio\\\/\"},{\"@type\":\"ListItem\",\"position\":3,\"name\":\"Jim 3 &#8211; Giacca uomo in softshell e pile\"}]},{\"@type\":\"WebSite\",\"@id\":\"https:\\\/\\\/www.redelk.it\\\/it\\\/#website\",\"url\":\"https:\\\/\\\/www.redelk.it\\\/it\\\/\",\"name\":\"Redelk\",\"description\":\"Redelk Outdoor\",\"publisher\":{\"@id\":\"https:\\\/\\\/www.redelk.it\\\/it\\\/#organization\"},\"alternateName\":\"Italy's #1 in Comfort Trekking Apparel\",\"potentialAction\":[{\"@type\":\"SearchAction\",\"target\":{\"@type\":\"EntryPoint\",\"urlTemplate\":\"https:\\\/\\\/www.redelk.it\\\/it\\\/?s={search_term_string}\"},\"query-input\":{\"@type\":\"PropertyValueSpecification\",\"valueRequired\":true,\"valueName\":\"search_term_string\"}}],\"inLanguage\":\"it-IT\"},{\"@type\":\"Organization\",\"@id\":\"https:\\\/\\\/www.redelk.it\\\/it\\\/#organization\",\"name\":\"Redelk\",\"url\":\"https:\\\/\\\/www.redelk.it\\\/it\\\/\",\"logo\":{\"@type\":\"ImageObject\",\"inLanguage\":\"it-IT\",\"@id\":\"https:\\\/\\\/www.redelk.it\\\/it\\\/#\\\/schema\\\/logo\\\/image\\\/\",\"url\":\"https:\\\/\\\/www.redelk.it\\\/wp-content\\\/uploads\\\/2020\\\/06\\\/anteprima-sito.jpg\",\"contentUrl\":\"https:\\\/\\\/www.redelk.it\\\/wp-content\\\/uploads\\\/2020\\\/06\\\/anteprima-sito.jpg\",\"width\":200,\"height\":200,\"caption\":\"Redelk\"},\"image\":{\"@id\":\"https:\\\/\\\/www.redelk.it\\\/it\\\/#\\\/schema\\\/logo\\\/image\\\/\"},\"sameAs\":[\"https:\\\/\\\/www.facebook.com\\\/REDELKoutdoor\\\/\",\"https:\\\/\\\/www.instagram.com\\\/redelkoutdoor\\\/\"]}]}<\/script>\n<!-- \/ Yoast SEO plugin. -->","yoast_head_json":{"title":"Jim 3 - Giacca uomo in softshell e pile - Redelk","robots":{"index":"index","follow":"follow","max-snippet":"max-snippet:-1","max-image-preview":"max-image-preview:large","max-video-preview":"max-video-preview:-1"},"canonical":"https:\/\/www.redelk.it\/it\/prodotto\/jim-3-giacca-uomo-in-softshell-e-pile\/","og_locale":"it_IT","og_type":"article","og_title":"Jim 3 - Giacca uomo in softshell e pile - Redelk","og_description":"JIM 3 \u00e8 la giacca da uomo soft-shell studiata per attivit\u00e0 come trekking, alpinismo, sci alpinismo o pi\u00f9 semplicemente per ciaspolate. Ideale anche come capo lifestyle, rivestito internamente con caldo pile \u00e8 realizzato in PREMIUM-SHELL, con colonna d\u2019acqua fino 10.000 mm e ottima traspirabilit\u00e0 (3.000 g\/mq\/24h). Lavorazione con finissaggio BIONIC FINISH-ECO, l\u2019innovativo processo che garantisce elevati standard di qualit\u00e0 per il trattamento water repellent, in totale rispetto per l\u2019ambiente. Capo dotato di tasche laterali multifunzione, tasca sul petto con zip e cappuccio staccabile completano questo modello di tutti i dettagli che lo rendono unico e perfetto per le tue attivit\u00e0 outdoor. Slim fit per assecondare tutti i movimenti durante la performance. JIM 3 presenta inoltre una comodissima tasca ski pass posizionata sul braccio.","og_url":"https:\/\/www.redelk.it\/it\/prodotto\/jim-3-giacca-uomo-in-softshell-e-pile\/","og_site_name":"Redelk","article_publisher":"https:\/\/www.facebook.com\/REDELKoutdoor\/","article_modified_time":"2024-02-01T10:26:18+00:00","og_image":[{"width":1772,"height":1772,"url":"https:\/\/www.redelk.it\/wp-content\/uploads\/2024\/02\/JIM-3_M49R07G_422.jpg","type":"image\/jpeg"}],"twitter_card":"summary_large_image","twitter_misc":{"Tempo di lettura stimato":"1 minuto"},"schema":{"@context":"https:\/\/schema.org","@graph":[{"@type":["WebPage","ItemPage"],"@id":"https:\/\/www.redelk.it\/it\/prodotto\/jim-3-giacca-uomo-in-softshell-e-pile\/","url":"https:\/\/www.redelk.it\/it\/prodotto\/jim-3-giacca-uomo-in-softshell-e-pile\/","name":"Jim 3 - Giacca uomo in softshell e pile - Redelk","isPartOf":{"@id":"https:\/\/www.redelk.it\/it\/#website"},"primaryImageOfPage":{"@id":"https:\/\/www.redelk.it\/it\/prodotto\/jim-3-giacca-uomo-in-softshell-e-pile\/#primaryimage"},"image":{"@id":"https:\/\/www.redelk.it\/it\/prodotto\/jim-3-giacca-uomo-in-softshell-e-pile\/#primaryimage"},"thumbnailUrl":"https:\/\/www.redelk.it\/wp-content\/uploads\/2024\/02\/JIM-3_M49R07G_422.jpg","datePublished":"2024-02-01T10:03:19+00:00","dateModified":"2024-02-01T10:26:18+00:00","breadcrumb":{"@id":"https:\/\/www.redelk.it\/it\/prodotto\/jim-3-giacca-uomo-in-softshell-e-pile\/#breadcrumb"},"inLanguage":"it-IT","potentialAction":[{"@type":"ReadAction","target":["https:\/\/www.redelk.it\/it\/prodotto\/jim-3-giacca-uomo-in-softshell-e-pile\/"]}]},{"@type":"ImageObject","inLanguage":"it-IT","@id":"https:\/\/www.redelk.it\/it\/prodotto\/jim-3-giacca-uomo-in-softshell-e-pile\/#primaryimage","url":"https:\/\/www.redelk.it\/wp-content\/uploads\/2024\/02\/JIM-3_M49R07G_422.jpg","contentUrl":"https:\/\/www.redelk.it\/wp-content\/uploads\/2024\/02\/JIM-3_M49R07G_422.jpg","width":1772,"height":1772},{"@type":"BreadcrumbList","@id":"https:\/\/www.redelk.it\/it\/prodotto\/jim-3-giacca-uomo-in-softshell-e-pile\/#breadcrumb","itemListElement":[{"@type":"ListItem","position":1,"name":"Home","item":"https:\/\/www.redelk.it\/it\/"},{"@type":"ListItem","position":2,"name":"Shop","item":"https:\/\/www.redelk.it\/en\/negozio\/"},{"@type":"ListItem","position":3,"name":"Jim 3 &#8211; Giacca uomo in softshell e pile"}]},{"@type":"WebSite","@id":"https:\/\/www.redelk.it\/it\/#website","url":"https:\/\/www.redelk.it\/it\/","name":"Redelk","description":"Redelk Outdoor","publisher":{"@id":"https:\/\/www.redelk.it\/it\/#organization"},"alternateName":"Italy's #1 in Comfort Trekking Apparel","potentialAction":[{"@type":"SearchAction","target":{"@type":"EntryPoint","urlTemplate":"https:\/\/www.redelk.it\/it\/?s={search_term_string}"},"query-input":{"@type":"PropertyValueSpecification","valueRequired":true,"valueName":"search_term_string"}}],"inLanguage":"it-IT"},{"@type":"Organization","@id":"https:\/\/www.redelk.it\/it\/#organization","name":"Redelk","url":"https:\/\/www.redelk.it\/it\/","logo":{"@type":"ImageObject","inLanguage":"it-IT","@id":"https:\/\/www.redelk.it\/it\/#\/schema\/logo\/image\/","url":"https:\/\/www.redelk.it\/wp-content\/uploads\/2020\/06\/anteprima-sito.jpg","contentUrl":"https:\/\/www.redelk.it\/wp-content\/uploads\/2020\/06\/anteprima-sito.jpg","width":200,"height":200,"caption":"Redelk"},"image":{"@id":"https:\/\/www.redelk.it\/it\/#\/schema\/logo\/image\/"},"sameAs":["https:\/\/www.facebook.com\/REDELKoutdoor\/","https:\/\/www.instagram.com\/redelkoutdoor\/"]}]}},"_links":{"self":[{"href":"https:\/\/www.redelk.it\/it\/wp-json\/wp\/v2\/product\/32927","targetHints":{"allow":["GET"]}}],"collection":[{"href":"https:\/\/www.redelk.it\/it\/wp-json\/wp\/v2\/product"}],"about":[{"href":"https:\/\/www.redelk.it\/it\/wp-json\/wp\/v2\/types\/product"}],"wp:featuredmedia":[{"embeddable":true,"href":"https:\/\/www.redelk.it\/it\/wp-json\/wp\/v2\/media\/32921"}],"wp:attachment":[{"href":"https:\/\/www.redelk.it\/it\/wp-json\/wp\/v2\/media?parent=32927"}],"wp:term":[{"taxonomy":"product_cat","embeddable":true,"href":"https:\/\/www.redelk.it\/it\/wp-json\/wp\/v2\/product_cat?post=32927"},{"taxonomy":"product_tag","embeddable":true,"href":"https:\/\/www.redelk.it\/it\/wp-json\/wp\/v2\/product_tag?post=32927"}],"curies":[{"name":"wp","href":"https:\/\/api.w.org\/{rel}","templated":true}]}}