{"id":30133,"date":"2023-10-27T10:35:58","date_gmt":"2023-10-27T08:35:58","guid":{"rendered":"https:\/\/www.redelk.it\/product\/dalia-womens-full-zip-fleece-with-hood\/"},"modified":"2023-10-27T10:51:55","modified_gmt":"2023-10-27T08:51:55","slug":"dalia-pile-donna-zip-intera-con-cappuccio","status":"publish","type":"product","link":"https:\/\/www.redelk.it\/it\/prodotto\/dalia-pile-donna-zip-intera-con-cappuccio\/","title":{"rendered":"Dalia &#8211; Pile donna zip intera con cappuccio"},"content":{"rendered":"","protected":false},"excerpt":{"rendered":"<p>Comoda felpa in pile, <strong>DALIA<\/strong>, \u00e8 il nuovo modello della linea <em>3 stagioni<\/em> <strong>Redelk<\/strong>. Con tecnologia <em>Red Fleece Bubble<\/em>, <strong>DALIA<\/strong> \u00e8 un pile garzato con una struttura a nido d&#8217;ape, che permette un&#8217;asciugatura rapida e un&#8217;alta traspirabilit\u00e0. Mantiene il corpo protetto e ad una temperatura regolare grazie al suo cappuccio e al fondo e polsi bordati. Oltre ad essere un capo <em>batteriostatico<\/em> e con protezione termica, ha caratteristiche <em>antipilling<\/em> che lo rendono ideale per tutti gli amanti dell&#8217;escursionismo e, pi\u00f9 in generale, delle attivit\u00e0 all&#8217;aria aperta.<\/p>\n","protected":false},"featured_media":30128,"template":"","meta":{"_acf_changed":false},"product_cat":[176,191,479,193,464,478],"product_tag":[],"class_list":{"0":"post-30133","1":"product","2":"type-product","3":"status-publish","4":"has-post-thumbnail","6":"product_cat-attivita","7":"product_cat-fleece-tops-sweaters-women-it","8":"product_cat-hiking-trekking-it","9":"product_cat-maglie-e-fleece-donna-it","10":"product_cat-nordic-walking-it","11":"product_cat-outdoor-life-it","13":"first","14":"instock","15":"shipping-taxable","16":"purchasable","17":"product-type-variable","18":"has-default-attributes","19":"wvs-archive-product-wrapper"},"acf":[],"yoast_head":"<!-- This site is optimized with the Yoast SEO plugin v27.5 - https:\/\/yoast.com\/product\/yoast-seo-wordpress\/ -->\n<title>Dalia - Pile donna zip intera con cappuccio - Redelk<\/title>\n<meta name=\"robots\" content=\"index, follow, max-snippet:-1, max-image-preview:large, max-video-preview:-1\" \/>\n<link rel=\"canonical\" href=\"https:\/\/www.redelk.it\/it\/prodotto\/dalia-pile-donna-zip-intera-con-cappuccio\/\" \/>\n<meta property=\"og:locale\" content=\"it_IT\" \/>\n<meta property=\"og:type\" content=\"article\" \/>\n<meta property=\"og:title\" content=\"Dalia - Pile donna zip intera con cappuccio - Redelk\" \/>\n<meta property=\"og:description\" content=\"Comoda felpa in pile, DALIA, \u00e8 il nuovo modello della linea 3 stagioni Redelk. Con tecnologia Red Fleece Bubble, DALIA \u00e8 un pile garzato con una struttura a nido d&#039;ape, che permette un&#039;asciugatura rapida e un&#039;alta traspirabilit\u00e0. Mantiene il corpo protetto e ad una temperatura regolare grazie al suo cappuccio e al fondo e polsi bordati. Oltre ad essere un capo batteriostatico e con protezione termica, ha caratteristiche antipilling che lo rendono ideale per tutti gli amanti dell&#039;escursionismo e, pi\u00f9 in generale, delle attivit\u00e0 all&#039;aria aperta.\" \/>\n<meta property=\"og:url\" content=\"https:\/\/www.redelk.it\/it\/prodotto\/dalia-pile-donna-zip-intera-con-cappuccio\/\" \/>\n<meta property=\"og:site_name\" content=\"Redelk\" \/>\n<meta property=\"article:publisher\" content=\"https:\/\/www.facebook.com\/REDELKoutdoor\/\" \/>\n<meta property=\"article:modified_time\" content=\"2023-10-27T08:51:55+00:00\" \/>\n<meta property=\"og:image\" content=\"https:\/\/www.redelk.it\/wp-content\/uploads\/2023\/10\/DALIA_L48R47F_711.jpg\" \/>\n\t<meta property=\"og:image:width\" content=\"1772\" \/>\n\t<meta property=\"og:image:height\" content=\"1772\" \/>\n\t<meta property=\"og:image:type\" content=\"image\/jpeg\" \/>\n<meta name=\"twitter:card\" content=\"summary_large_image\" \/>\n<script type=\"application\/ld+json\" class=\"yoast-schema-graph\">{\"@context\":\"https:\\\/\\\/schema.org\",\"@graph\":[{\"@type\":[\"WebPage\",\"ItemPage\"],\"@id\":\"https:\\\/\\\/www.redelk.it\\\/it\\\/prodotto\\\/dalia-pile-donna-zip-intera-con-cappuccio\\\/\",\"url\":\"https:\\\/\\\/www.redelk.it\\\/it\\\/prodotto\\\/dalia-pile-donna-zip-intera-con-cappuccio\\\/\",\"name\":\"Dalia - Pile donna zip intera con cappuccio - Redelk\",\"isPartOf\":{\"@id\":\"https:\\\/\\\/www.redelk.it\\\/it\\\/#website\"},\"primaryImageOfPage\":{\"@id\":\"https:\\\/\\\/www.redelk.it\\\/it\\\/prodotto\\\/dalia-pile-donna-zip-intera-con-cappuccio\\\/#primaryimage\"},\"image\":{\"@id\":\"https:\\\/\\\/www.redelk.it\\\/it\\\/prodotto\\\/dalia-pile-donna-zip-intera-con-cappuccio\\\/#primaryimage\"},\"thumbnailUrl\":\"https:\\\/\\\/www.redelk.it\\\/wp-content\\\/uploads\\\/2023\\\/10\\\/DALIA_L48R47F_711.jpg\",\"datePublished\":\"2023-10-27T08:35:58+00:00\",\"dateModified\":\"2023-10-27T08:51:55+00:00\",\"breadcrumb\":{\"@id\":\"https:\\\/\\\/www.redelk.it\\\/it\\\/prodotto\\\/dalia-pile-donna-zip-intera-con-cappuccio\\\/#breadcrumb\"},\"inLanguage\":\"it-IT\",\"potentialAction\":[{\"@type\":\"ReadAction\",\"target\":[\"https:\\\/\\\/www.redelk.it\\\/it\\\/prodotto\\\/dalia-pile-donna-zip-intera-con-cappuccio\\\/\"]}]},{\"@type\":\"ImageObject\",\"inLanguage\":\"it-IT\",\"@id\":\"https:\\\/\\\/www.redelk.it\\\/it\\\/prodotto\\\/dalia-pile-donna-zip-intera-con-cappuccio\\\/#primaryimage\",\"url\":\"https:\\\/\\\/www.redelk.it\\\/wp-content\\\/uploads\\\/2023\\\/10\\\/DALIA_L48R47F_711.jpg\",\"contentUrl\":\"https:\\\/\\\/www.redelk.it\\\/wp-content\\\/uploads\\\/2023\\\/10\\\/DALIA_L48R47F_711.jpg\",\"width\":1772,\"height\":1772},{\"@type\":\"BreadcrumbList\",\"@id\":\"https:\\\/\\\/www.redelk.it\\\/it\\\/prodotto\\\/dalia-pile-donna-zip-intera-con-cappuccio\\\/#breadcrumb\",\"itemListElement\":[{\"@type\":\"ListItem\",\"position\":1,\"name\":\"Home\",\"item\":\"https:\\\/\\\/www.redelk.it\\\/it\\\/\"},{\"@type\":\"ListItem\",\"position\":2,\"name\":\"Shop\",\"item\":\"https:\\\/\\\/www.redelk.it\\\/en\\\/negozio\\\/\"},{\"@type\":\"ListItem\",\"position\":3,\"name\":\"Dalia &#8211; Pile donna zip intera con cappuccio\"}]},{\"@type\":\"WebSite\",\"@id\":\"https:\\\/\\\/www.redelk.it\\\/it\\\/#website\",\"url\":\"https:\\\/\\\/www.redelk.it\\\/it\\\/\",\"name\":\"Redelk\",\"description\":\"Redelk Outdoor\",\"publisher\":{\"@id\":\"https:\\\/\\\/www.redelk.it\\\/it\\\/#organization\"},\"alternateName\":\"Italy's #1 in Comfort Trekking Apparel\",\"potentialAction\":[{\"@type\":\"SearchAction\",\"target\":{\"@type\":\"EntryPoint\",\"urlTemplate\":\"https:\\\/\\\/www.redelk.it\\\/it\\\/?s={search_term_string}\"},\"query-input\":{\"@type\":\"PropertyValueSpecification\",\"valueRequired\":true,\"valueName\":\"search_term_string\"}}],\"inLanguage\":\"it-IT\"},{\"@type\":\"Organization\",\"@id\":\"https:\\\/\\\/www.redelk.it\\\/it\\\/#organization\",\"name\":\"Redelk\",\"url\":\"https:\\\/\\\/www.redelk.it\\\/it\\\/\",\"logo\":{\"@type\":\"ImageObject\",\"inLanguage\":\"it-IT\",\"@id\":\"https:\\\/\\\/www.redelk.it\\\/it\\\/#\\\/schema\\\/logo\\\/image\\\/\",\"url\":\"https:\\\/\\\/www.redelk.it\\\/wp-content\\\/uploads\\\/2020\\\/06\\\/anteprima-sito.jpg\",\"contentUrl\":\"https:\\\/\\\/www.redelk.it\\\/wp-content\\\/uploads\\\/2020\\\/06\\\/anteprima-sito.jpg\",\"width\":200,\"height\":200,\"caption\":\"Redelk\"},\"image\":{\"@id\":\"https:\\\/\\\/www.redelk.it\\\/it\\\/#\\\/schema\\\/logo\\\/image\\\/\"},\"sameAs\":[\"https:\\\/\\\/www.facebook.com\\\/REDELKoutdoor\\\/\",\"https:\\\/\\\/www.instagram.com\\\/redelkoutdoor\\\/\"]}]}<\/script>\n<!-- \/ Yoast SEO plugin. -->","yoast_head_json":{"title":"Dalia - Pile donna zip intera con cappuccio - Redelk","robots":{"index":"index","follow":"follow","max-snippet":"max-snippet:-1","max-image-preview":"max-image-preview:large","max-video-preview":"max-video-preview:-1"},"canonical":"https:\/\/www.redelk.it\/it\/prodotto\/dalia-pile-donna-zip-intera-con-cappuccio\/","og_locale":"it_IT","og_type":"article","og_title":"Dalia - Pile donna zip intera con cappuccio - Redelk","og_description":"Comoda felpa in pile, DALIA, \u00e8 il nuovo modello della linea 3 stagioni Redelk. Con tecnologia Red Fleece Bubble, DALIA \u00e8 un pile garzato con una struttura a nido d'ape, che permette un'asciugatura rapida e un'alta traspirabilit\u00e0. Mantiene il corpo protetto e ad una temperatura regolare grazie al suo cappuccio e al fondo e polsi bordati. Oltre ad essere un capo batteriostatico e con protezione termica, ha caratteristiche antipilling che lo rendono ideale per tutti gli amanti dell'escursionismo e, pi\u00f9 in generale, delle attivit\u00e0 all'aria aperta.","og_url":"https:\/\/www.redelk.it\/it\/prodotto\/dalia-pile-donna-zip-intera-con-cappuccio\/","og_site_name":"Redelk","article_publisher":"https:\/\/www.facebook.com\/REDELKoutdoor\/","article_modified_time":"2023-10-27T08:51:55+00:00","og_image":[{"width":1772,"height":1772,"url":"https:\/\/www.redelk.it\/wp-content\/uploads\/2023\/10\/DALIA_L48R47F_711.jpg","type":"image\/jpeg"}],"twitter_card":"summary_large_image","schema":{"@context":"https:\/\/schema.org","@graph":[{"@type":["WebPage","ItemPage"],"@id":"https:\/\/www.redelk.it\/it\/prodotto\/dalia-pile-donna-zip-intera-con-cappuccio\/","url":"https:\/\/www.redelk.it\/it\/prodotto\/dalia-pile-donna-zip-intera-con-cappuccio\/","name":"Dalia - Pile donna zip intera con cappuccio - Redelk","isPartOf":{"@id":"https:\/\/www.redelk.it\/it\/#website"},"primaryImageOfPage":{"@id":"https:\/\/www.redelk.it\/it\/prodotto\/dalia-pile-donna-zip-intera-con-cappuccio\/#primaryimage"},"image":{"@id":"https:\/\/www.redelk.it\/it\/prodotto\/dalia-pile-donna-zip-intera-con-cappuccio\/#primaryimage"},"thumbnailUrl":"https:\/\/www.redelk.it\/wp-content\/uploads\/2023\/10\/DALIA_L48R47F_711.jpg","datePublished":"2023-10-27T08:35:58+00:00","dateModified":"2023-10-27T08:51:55+00:00","breadcrumb":{"@id":"https:\/\/www.redelk.it\/it\/prodotto\/dalia-pile-donna-zip-intera-con-cappuccio\/#breadcrumb"},"inLanguage":"it-IT","potentialAction":[{"@type":"ReadAction","target":["https:\/\/www.redelk.it\/it\/prodotto\/dalia-pile-donna-zip-intera-con-cappuccio\/"]}]},{"@type":"ImageObject","inLanguage":"it-IT","@id":"https:\/\/www.redelk.it\/it\/prodotto\/dalia-pile-donna-zip-intera-con-cappuccio\/#primaryimage","url":"https:\/\/www.redelk.it\/wp-content\/uploads\/2023\/10\/DALIA_L48R47F_711.jpg","contentUrl":"https:\/\/www.redelk.it\/wp-content\/uploads\/2023\/10\/DALIA_L48R47F_711.jpg","width":1772,"height":1772},{"@type":"BreadcrumbList","@id":"https:\/\/www.redelk.it\/it\/prodotto\/dalia-pile-donna-zip-intera-con-cappuccio\/#breadcrumb","itemListElement":[{"@type":"ListItem","position":1,"name":"Home","item":"https:\/\/www.redelk.it\/it\/"},{"@type":"ListItem","position":2,"name":"Shop","item":"https:\/\/www.redelk.it\/en\/negozio\/"},{"@type":"ListItem","position":3,"name":"Dalia &#8211; Pile donna zip intera con cappuccio"}]},{"@type":"WebSite","@id":"https:\/\/www.redelk.it\/it\/#website","url":"https:\/\/www.redelk.it\/it\/","name":"Redelk","description":"Redelk Outdoor","publisher":{"@id":"https:\/\/www.redelk.it\/it\/#organization"},"alternateName":"Italy's #1 in Comfort Trekking Apparel","potentialAction":[{"@type":"SearchAction","target":{"@type":"EntryPoint","urlTemplate":"https:\/\/www.redelk.it\/it\/?s={search_term_string}"},"query-input":{"@type":"PropertyValueSpecification","valueRequired":true,"valueName":"search_term_string"}}],"inLanguage":"it-IT"},{"@type":"Organization","@id":"https:\/\/www.redelk.it\/it\/#organization","name":"Redelk","url":"https:\/\/www.redelk.it\/it\/","logo":{"@type":"ImageObject","inLanguage":"it-IT","@id":"https:\/\/www.redelk.it\/it\/#\/schema\/logo\/image\/","url":"https:\/\/www.redelk.it\/wp-content\/uploads\/2020\/06\/anteprima-sito.jpg","contentUrl":"https:\/\/www.redelk.it\/wp-content\/uploads\/2020\/06\/anteprima-sito.jpg","width":200,"height":200,"caption":"Redelk"},"image":{"@id":"https:\/\/www.redelk.it\/it\/#\/schema\/logo\/image\/"},"sameAs":["https:\/\/www.facebook.com\/REDELKoutdoor\/","https:\/\/www.instagram.com\/redelkoutdoor\/"]}]}},"_links":{"self":[{"href":"https:\/\/www.redelk.it\/it\/wp-json\/wp\/v2\/product\/30133","targetHints":{"allow":["GET"]}}],"collection":[{"href":"https:\/\/www.redelk.it\/it\/wp-json\/wp\/v2\/product"}],"about":[{"href":"https:\/\/www.redelk.it\/it\/wp-json\/wp\/v2\/types\/product"}],"wp:featuredmedia":[{"embeddable":true,"href":"https:\/\/www.redelk.it\/it\/wp-json\/wp\/v2\/media\/30128"}],"wp:attachment":[{"href":"https:\/\/www.redelk.it\/it\/wp-json\/wp\/v2\/media?parent=30133"}],"wp:term":[{"taxonomy":"product_cat","embeddable":true,"href":"https:\/\/www.redelk.it\/it\/wp-json\/wp\/v2\/product_cat?post=30133"},{"taxonomy":"product_tag","embeddable":true,"href":"https:\/\/www.redelk.it\/it\/wp-json\/wp\/v2\/product_tag?post=30133"}],"curies":[{"name":"wp","href":"https:\/\/api.w.org\/{rel}","templated":true}]}}