{"id":2635,"date":"2019-04-12T11:27:59","date_gmt":"2019-04-12T10:27:59","guid":{"rendered":"https:\/\/www.redelk.it\/?post_type=product&#038;p=2635"},"modified":"2025-06-16T11:54:41","modified_gmt":"2025-06-16T09:54:41","slug":"sierra-pantalone-light-4-way-stretch-donna","status":"publish","type":"product","link":"https:\/\/www.redelk.it\/it\/prodotto\/sierra-pantalone-light-4-way-stretch-donna\/","title":{"rendered":"Sierra &#8211; Pantalone light 4 way stretch donna"},"content":{"rendered":"","protected":false},"excerpt":{"rendered":"<p><strong>SIERRA<\/strong> \u00e8 un pantalone lungo da donna realizzato in light 4-way stretch, un tessuto leggero dalla trama morbida al tatto. Elasticit\u00e0, idrorepellenza e propriet\u00e0 anti-vento rendono <strong>SIERRA<\/strong> ideale per trekking confortevoli. Il tessuto \u00e8 inoltre antipiega e pu\u00f2 essere indossato sia durante le attivit\u00e0 sportive che per l&#8217;abbigliamento di ogni giorno. Il pantalone ha inoltre la possibilit\u00e0 di regolazione nel fondo gamba tramite elastico. Il pantalone \u00e8 disponibile anche in versione staccabile, pinocchietto e bermuda.<\/p>\n","protected":false},"featured_media":37091,"template":"","meta":{"_acf_changed":false},"product_cat":[176,479,464,478,213,214],"product_tag":[1022],"class_list":{"0":"post-2635","1":"product","2":"type-product","3":"status-publish","4":"has-post-thumbnail","6":"product_cat-attivita","7":"product_cat-hiking-trekking-it","8":"product_cat-nordic-walking-it","9":"product_cat-outdoor-life-it","10":"product_cat-pantaloni-donna-it","11":"product_cat-pantaloni-lunghi-donna-it","12":"product_tag-pantaloni-donna","14":"first","15":"instock","16":"shipping-taxable","17":"purchasable","18":"product-type-variable","19":"has-default-attributes","20":"wvs-archive-product-wrapper"},"acf":[],"yoast_head":"<!-- This site is optimized with the Yoast SEO plugin v27.5 - https:\/\/yoast.com\/product\/yoast-seo-wordpress\/ -->\n<title>Sierra - Pantalone light 4 way stretch donna - Redelk<\/title>\n<meta name=\"robots\" content=\"index, follow, max-snippet:-1, max-image-preview:large, max-video-preview:-1\" \/>\n<link rel=\"canonical\" href=\"https:\/\/www.redelk.it\/it\/prodotto\/sierra-pantalone-light-4-way-stretch-donna\/\" \/>\n<meta property=\"og:locale\" content=\"it_IT\" \/>\n<meta property=\"og:type\" content=\"article\" \/>\n<meta property=\"og:title\" content=\"Sierra - Pantalone light 4 way stretch donna - Redelk\" \/>\n<meta property=\"og:description\" content=\"SIERRA \u00e8 un pantalone lungo da donna realizzato in light 4-way stretch, un tessuto leggero dalla trama morbida al tatto. Elasticit\u00e0, idrorepellenza e propriet\u00e0 anti-vento rendono SIERRA ideale per trekking confortevoli. Il tessuto \u00e8 inoltre antipiega e pu\u00f2 essere indossato sia durante le attivit\u00e0 sportive che per l&#039;abbigliamento di ogni giorno. Il pantalone ha inoltre la possibilit\u00e0 di regolazione nel fondo gamba tramite elastico. Il pantalone \u00e8 disponibile anche in versione staccabile, pinocchietto e bermuda.\" \/>\n<meta property=\"og:url\" content=\"https:\/\/www.redelk.it\/it\/prodotto\/sierra-pantalone-light-4-way-stretch-donna\/\" \/>\n<meta property=\"og:site_name\" content=\"Redelk\" \/>\n<meta property=\"article:publisher\" content=\"https:\/\/www.facebook.com\/REDELKoutdoor\/\" \/>\n<meta property=\"article:modified_time\" content=\"2025-06-16T09:54:41+00:00\" \/>\n<meta property=\"og:image\" content=\"https:\/\/www.redelk.it\/wp-content\/uploads\/2019\/04\/SIERRA_L50R123P_478.jpg\" \/>\n\t<meta property=\"og:image:width\" content=\"1772\" \/>\n\t<meta property=\"og:image:height\" content=\"1772\" \/>\n\t<meta property=\"og:image:type\" content=\"image\/jpeg\" \/>\n<meta name=\"twitter:card\" content=\"summary_large_image\" \/>\n<meta name=\"twitter:label1\" content=\"Tempo di lettura stimato\" \/>\n\t<meta name=\"twitter:data1\" content=\"1 minuto\" \/>\n<script type=\"application\/ld+json\" class=\"yoast-schema-graph\">{\"@context\":\"https:\\\/\\\/schema.org\",\"@graph\":[{\"@type\":[\"WebPage\",\"ItemPage\"],\"@id\":\"https:\\\/\\\/www.redelk.it\\\/it\\\/prodotto\\\/sierra-pantalone-light-4-way-stretch-donna\\\/\",\"url\":\"https:\\\/\\\/www.redelk.it\\\/it\\\/prodotto\\\/sierra-pantalone-light-4-way-stretch-donna\\\/\",\"name\":\"Sierra - Pantalone light 4 way stretch donna - Redelk\",\"isPartOf\":{\"@id\":\"https:\\\/\\\/www.redelk.it\\\/it\\\/#website\"},\"primaryImageOfPage\":{\"@id\":\"https:\\\/\\\/www.redelk.it\\\/it\\\/prodotto\\\/sierra-pantalone-light-4-way-stretch-donna\\\/#primaryimage\"},\"image\":{\"@id\":\"https:\\\/\\\/www.redelk.it\\\/it\\\/prodotto\\\/sierra-pantalone-light-4-way-stretch-donna\\\/#primaryimage\"},\"thumbnailUrl\":\"https:\\\/\\\/www.redelk.it\\\/wp-content\\\/uploads\\\/2019\\\/04\\\/SIERRA_L50R123P_478.jpg\",\"datePublished\":\"2019-04-12T10:27:59+00:00\",\"dateModified\":\"2025-06-16T09:54:41+00:00\",\"breadcrumb\":{\"@id\":\"https:\\\/\\\/www.redelk.it\\\/it\\\/prodotto\\\/sierra-pantalone-light-4-way-stretch-donna\\\/#breadcrumb\"},\"inLanguage\":\"it-IT\",\"potentialAction\":[{\"@type\":\"ReadAction\",\"target\":[\"https:\\\/\\\/www.redelk.it\\\/it\\\/prodotto\\\/sierra-pantalone-light-4-way-stretch-donna\\\/\"]}]},{\"@type\":\"ImageObject\",\"inLanguage\":\"it-IT\",\"@id\":\"https:\\\/\\\/www.redelk.it\\\/it\\\/prodotto\\\/sierra-pantalone-light-4-way-stretch-donna\\\/#primaryimage\",\"url\":\"https:\\\/\\\/www.redelk.it\\\/wp-content\\\/uploads\\\/2019\\\/04\\\/SIERRA_L50R123P_478.jpg\",\"contentUrl\":\"https:\\\/\\\/www.redelk.it\\\/wp-content\\\/uploads\\\/2019\\\/04\\\/SIERRA_L50R123P_478.jpg\",\"width\":1772,\"height\":1772},{\"@type\":\"BreadcrumbList\",\"@id\":\"https:\\\/\\\/www.redelk.it\\\/it\\\/prodotto\\\/sierra-pantalone-light-4-way-stretch-donna\\\/#breadcrumb\",\"itemListElement\":[{\"@type\":\"ListItem\",\"position\":1,\"name\":\"Home\",\"item\":\"https:\\\/\\\/www.redelk.it\\\/it\\\/\"},{\"@type\":\"ListItem\",\"position\":2,\"name\":\"Shop\",\"item\":\"https:\\\/\\\/www.redelk.it\\\/en\\\/negozio\\\/\"},{\"@type\":\"ListItem\",\"position\":3,\"name\":\"Sierra &#8211; Pantalone light 4 way stretch donna\"}]},{\"@type\":\"WebSite\",\"@id\":\"https:\\\/\\\/www.redelk.it\\\/it\\\/#website\",\"url\":\"https:\\\/\\\/www.redelk.it\\\/it\\\/\",\"name\":\"Redelk\",\"description\":\"Redelk Outdoor\",\"publisher\":{\"@id\":\"https:\\\/\\\/www.redelk.it\\\/it\\\/#organization\"},\"alternateName\":\"Italy's #1 in Comfort Trekking Apparel\",\"potentialAction\":[{\"@type\":\"SearchAction\",\"target\":{\"@type\":\"EntryPoint\",\"urlTemplate\":\"https:\\\/\\\/www.redelk.it\\\/it\\\/?s={search_term_string}\"},\"query-input\":{\"@type\":\"PropertyValueSpecification\",\"valueRequired\":true,\"valueName\":\"search_term_string\"}}],\"inLanguage\":\"it-IT\"},{\"@type\":\"Organization\",\"@id\":\"https:\\\/\\\/www.redelk.it\\\/it\\\/#organization\",\"name\":\"Redelk\",\"url\":\"https:\\\/\\\/www.redelk.it\\\/it\\\/\",\"logo\":{\"@type\":\"ImageObject\",\"inLanguage\":\"it-IT\",\"@id\":\"https:\\\/\\\/www.redelk.it\\\/it\\\/#\\\/schema\\\/logo\\\/image\\\/\",\"url\":\"https:\\\/\\\/www.redelk.it\\\/wp-content\\\/uploads\\\/2020\\\/06\\\/anteprima-sito.jpg\",\"contentUrl\":\"https:\\\/\\\/www.redelk.it\\\/wp-content\\\/uploads\\\/2020\\\/06\\\/anteprima-sito.jpg\",\"width\":200,\"height\":200,\"caption\":\"Redelk\"},\"image\":{\"@id\":\"https:\\\/\\\/www.redelk.it\\\/it\\\/#\\\/schema\\\/logo\\\/image\\\/\"},\"sameAs\":[\"https:\\\/\\\/www.facebook.com\\\/REDELKoutdoor\\\/\",\"https:\\\/\\\/www.instagram.com\\\/redelkoutdoor\\\/\"]}]}<\/script>\n<!-- \/ Yoast SEO plugin. -->","yoast_head_json":{"title":"Sierra - Pantalone light 4 way stretch donna - Redelk","robots":{"index":"index","follow":"follow","max-snippet":"max-snippet:-1","max-image-preview":"max-image-preview:large","max-video-preview":"max-video-preview:-1"},"canonical":"https:\/\/www.redelk.it\/it\/prodotto\/sierra-pantalone-light-4-way-stretch-donna\/","og_locale":"it_IT","og_type":"article","og_title":"Sierra - Pantalone light 4 way stretch donna - Redelk","og_description":"SIERRA \u00e8 un pantalone lungo da donna realizzato in light 4-way stretch, un tessuto leggero dalla trama morbida al tatto. Elasticit\u00e0, idrorepellenza e propriet\u00e0 anti-vento rendono SIERRA ideale per trekking confortevoli. Il tessuto \u00e8 inoltre antipiega e pu\u00f2 essere indossato sia durante le attivit\u00e0 sportive che per l'abbigliamento di ogni giorno. Il pantalone ha inoltre la possibilit\u00e0 di regolazione nel fondo gamba tramite elastico. Il pantalone \u00e8 disponibile anche in versione staccabile, pinocchietto e bermuda.","og_url":"https:\/\/www.redelk.it\/it\/prodotto\/sierra-pantalone-light-4-way-stretch-donna\/","og_site_name":"Redelk","article_publisher":"https:\/\/www.facebook.com\/REDELKoutdoor\/","article_modified_time":"2025-06-16T09:54:41+00:00","og_image":[{"width":1772,"height":1772,"url":"https:\/\/www.redelk.it\/wp-content\/uploads\/2019\/04\/SIERRA_L50R123P_478.jpg","type":"image\/jpeg"}],"twitter_card":"summary_large_image","twitter_misc":{"Tempo di lettura stimato":"1 minuto"},"schema":{"@context":"https:\/\/schema.org","@graph":[{"@type":["WebPage","ItemPage"],"@id":"https:\/\/www.redelk.it\/it\/prodotto\/sierra-pantalone-light-4-way-stretch-donna\/","url":"https:\/\/www.redelk.it\/it\/prodotto\/sierra-pantalone-light-4-way-stretch-donna\/","name":"Sierra - Pantalone light 4 way stretch donna - Redelk","isPartOf":{"@id":"https:\/\/www.redelk.it\/it\/#website"},"primaryImageOfPage":{"@id":"https:\/\/www.redelk.it\/it\/prodotto\/sierra-pantalone-light-4-way-stretch-donna\/#primaryimage"},"image":{"@id":"https:\/\/www.redelk.it\/it\/prodotto\/sierra-pantalone-light-4-way-stretch-donna\/#primaryimage"},"thumbnailUrl":"https:\/\/www.redelk.it\/wp-content\/uploads\/2019\/04\/SIERRA_L50R123P_478.jpg","datePublished":"2019-04-12T10:27:59+00:00","dateModified":"2025-06-16T09:54:41+00:00","breadcrumb":{"@id":"https:\/\/www.redelk.it\/it\/prodotto\/sierra-pantalone-light-4-way-stretch-donna\/#breadcrumb"},"inLanguage":"it-IT","potentialAction":[{"@type":"ReadAction","target":["https:\/\/www.redelk.it\/it\/prodotto\/sierra-pantalone-light-4-way-stretch-donna\/"]}]},{"@type":"ImageObject","inLanguage":"it-IT","@id":"https:\/\/www.redelk.it\/it\/prodotto\/sierra-pantalone-light-4-way-stretch-donna\/#primaryimage","url":"https:\/\/www.redelk.it\/wp-content\/uploads\/2019\/04\/SIERRA_L50R123P_478.jpg","contentUrl":"https:\/\/www.redelk.it\/wp-content\/uploads\/2019\/04\/SIERRA_L50R123P_478.jpg","width":1772,"height":1772},{"@type":"BreadcrumbList","@id":"https:\/\/www.redelk.it\/it\/prodotto\/sierra-pantalone-light-4-way-stretch-donna\/#breadcrumb","itemListElement":[{"@type":"ListItem","position":1,"name":"Home","item":"https:\/\/www.redelk.it\/it\/"},{"@type":"ListItem","position":2,"name":"Shop","item":"https:\/\/www.redelk.it\/en\/negozio\/"},{"@type":"ListItem","position":3,"name":"Sierra &#8211; Pantalone light 4 way stretch donna"}]},{"@type":"WebSite","@id":"https:\/\/www.redelk.it\/it\/#website","url":"https:\/\/www.redelk.it\/it\/","name":"Redelk","description":"Redelk Outdoor","publisher":{"@id":"https:\/\/www.redelk.it\/it\/#organization"},"alternateName":"Italy's #1 in Comfort Trekking Apparel","potentialAction":[{"@type":"SearchAction","target":{"@type":"EntryPoint","urlTemplate":"https:\/\/www.redelk.it\/it\/?s={search_term_string}"},"query-input":{"@type":"PropertyValueSpecification","valueRequired":true,"valueName":"search_term_string"}}],"inLanguage":"it-IT"},{"@type":"Organization","@id":"https:\/\/www.redelk.it\/it\/#organization","name":"Redelk","url":"https:\/\/www.redelk.it\/it\/","logo":{"@type":"ImageObject","inLanguage":"it-IT","@id":"https:\/\/www.redelk.it\/it\/#\/schema\/logo\/image\/","url":"https:\/\/www.redelk.it\/wp-content\/uploads\/2020\/06\/anteprima-sito.jpg","contentUrl":"https:\/\/www.redelk.it\/wp-content\/uploads\/2020\/06\/anteprima-sito.jpg","width":200,"height":200,"caption":"Redelk"},"image":{"@id":"https:\/\/www.redelk.it\/it\/#\/schema\/logo\/image\/"},"sameAs":["https:\/\/www.facebook.com\/REDELKoutdoor\/","https:\/\/www.instagram.com\/redelkoutdoor\/"]}]}},"_links":{"self":[{"href":"https:\/\/www.redelk.it\/it\/wp-json\/wp\/v2\/product\/2635","targetHints":{"allow":["GET"]}}],"collection":[{"href":"https:\/\/www.redelk.it\/it\/wp-json\/wp\/v2\/product"}],"about":[{"href":"https:\/\/www.redelk.it\/it\/wp-json\/wp\/v2\/types\/product"}],"wp:featuredmedia":[{"embeddable":true,"href":"https:\/\/www.redelk.it\/it\/wp-json\/wp\/v2\/media\/37091"}],"wp:attachment":[{"href":"https:\/\/www.redelk.it\/it\/wp-json\/wp\/v2\/media?parent=2635"}],"wp:term":[{"taxonomy":"product_cat","embeddable":true,"href":"https:\/\/www.redelk.it\/it\/wp-json\/wp\/v2\/product_cat?post=2635"},{"taxonomy":"product_tag","embeddable":true,"href":"https:\/\/www.redelk.it\/it\/wp-json\/wp\/v2\/product_tag?post=2635"}],"curies":[{"name":"wp","href":"https:\/\/api.w.org\/{rel}","templated":true}]}}