{"id":25593,"date":"2023-05-19T10:36:21","date_gmt":"2023-05-19T09:15:41","guid":{"rendered":"https:\/\/www.redelk.it\/?post_type=product&#038;p=25593"},"modified":"2024-11-21T12:26:05","modified_gmt":"2024-11-21T11:26:05","slug":"britt-sh-bermuda-mtb-4-way-stretch-donna","status":"publish","type":"product","link":"https:\/\/www.redelk.it\/it\/prodotto\/britt-sh-bermuda-mtb-4-way-stretch-donna\/","title":{"rendered":"Britt-sh &#8211; Bermuda MTB 4 way stretch donna"},"content":{"rendered":"","protected":false},"excerpt":{"rendered":"<p>Novit\u00e0 della collezione estiva <em>Redelk<\/em>: <strong>BRITT-SH<\/strong> \u00e8 il nuovo pantalone bermuda da donna progettato per gli amanti del brivido, che solo una <em>MTB<\/em> pu\u00f2 dare. Realizzato con tessuto <em>medium 4 way stretch<\/em>, resistente e adatto a qualsiasi escursione, questo capo \u00e8 ottimo anche per sfrecciare nei boschi o divertirsi su e giu per le colline sterrate in compagnia della propria mountain bike. Il suo tessuto elasticizzato ad asciugatura rapida permette il massimo del comfort e totale libert\u00e0 di movimento. Dotato di <em>protezione UV<\/em>, tasche frontali e posteriori con zip <em>CAMPLOCK<\/em> e lacci in velcro per la regolazione della vita, <strong>BRITT-SH<\/strong> si rivela essere un capo sicuro e versatile. Vieni a scoprirlo per soddisfare al meglio i tuoi momenti di adrenalina!<\/p>\n","protected":false},"featured_media":25587,"template":"","meta":{"_acf_changed":false},"product_cat":[176,479,213,273],"product_tag":[1022],"class_list":{"0":"post-25593","1":"product","2":"type-product","3":"status-publish","4":"has-post-thumbnail","6":"product_cat-attivita","7":"product_cat-hiking-trekking-it","8":"product_cat-pantaloni-donna-it","9":"product_cat-pantaloni-corti","10":"product_tag-pantaloni-donna","12":"first","13":"instock","14":"shipping-taxable","15":"purchasable","16":"product-type-variable","17":"has-default-attributes","18":"wvs-archive-product-wrapper"},"acf":[],"yoast_head":"<!-- This site is optimized with the Yoast SEO plugin v27.5 - https:\/\/yoast.com\/product\/yoast-seo-wordpress\/ -->\n<title>Britt-sh - Bermuda MTB 4 way stretch donna - Redelk<\/title>\n<meta name=\"robots\" content=\"index, follow, max-snippet:-1, max-image-preview:large, max-video-preview:-1\" \/>\n<link rel=\"canonical\" href=\"https:\/\/www.redelk.it\/it\/prodotto\/britt-sh-bermuda-mtb-4-way-stretch-donna\/\" \/>\n<meta property=\"og:locale\" content=\"it_IT\" \/>\n<meta property=\"og:type\" content=\"article\" \/>\n<meta property=\"og:title\" content=\"Britt-sh - Bermuda MTB 4 way stretch donna - Redelk\" \/>\n<meta property=\"og:description\" content=\"Novit\u00e0 della collezione estiva Redelk: BRITT-SH \u00e8 il nuovo pantalone bermuda da donna progettato per gli amanti del brivido, che solo una MTB pu\u00f2 dare. Realizzato con tessuto medium 4 way stretch, resistente e adatto a qualsiasi escursione, questo capo \u00e8 ottimo anche per sfrecciare nei boschi o divertirsi su e giu per le colline sterrate in compagnia della propria mountain bike. Il suo tessuto elasticizzato ad asciugatura rapida permette il massimo del comfort e totale libert\u00e0 di movimento. Dotato di protezione UV, tasche frontali e posteriori con zip CAMPLOCK e lacci in velcro per la regolazione della vita, BRITT-SH si rivela essere un capo sicuro e versatile. Vieni a scoprirlo per soddisfare al meglio i tuoi momenti di adrenalina!\" \/>\n<meta property=\"og:url\" content=\"https:\/\/www.redelk.it\/it\/prodotto\/britt-sh-bermuda-mtb-4-way-stretch-donna\/\" \/>\n<meta property=\"og:site_name\" content=\"Redelk\" \/>\n<meta property=\"article:publisher\" content=\"https:\/\/www.facebook.com\/REDELKoutdoor\/\" \/>\n<meta property=\"article:modified_time\" content=\"2024-11-21T11:26:05+00:00\" \/>\n<meta property=\"og:image\" content=\"https:\/\/www.redelk.it\/wp-content\/uploads\/2023\/05\/BRITT-SH_L48R61PSH_9-104.jpg\" \/>\n\t<meta property=\"og:image:width\" content=\"1772\" \/>\n\t<meta property=\"og:image:height\" content=\"1772\" \/>\n\t<meta property=\"og:image:type\" content=\"image\/jpeg\" \/>\n<meta name=\"twitter:card\" content=\"summary_large_image\" \/>\n<script type=\"application\/ld+json\" class=\"yoast-schema-graph\">{\"@context\":\"https:\\\/\\\/schema.org\",\"@graph\":[{\"@type\":[\"WebPage\",\"ItemPage\"],\"@id\":\"https:\\\/\\\/www.redelk.it\\\/it\\\/prodotto\\\/britt-sh-bermuda-mtb-4-way-stretch-donna\\\/\",\"url\":\"https:\\\/\\\/www.redelk.it\\\/it\\\/prodotto\\\/britt-sh-bermuda-mtb-4-way-stretch-donna\\\/\",\"name\":\"Britt-sh - Bermuda MTB 4 way stretch donna - Redelk\",\"isPartOf\":{\"@id\":\"https:\\\/\\\/www.redelk.it\\\/it\\\/#website\"},\"primaryImageOfPage\":{\"@id\":\"https:\\\/\\\/www.redelk.it\\\/it\\\/prodotto\\\/britt-sh-bermuda-mtb-4-way-stretch-donna\\\/#primaryimage\"},\"image\":{\"@id\":\"https:\\\/\\\/www.redelk.it\\\/it\\\/prodotto\\\/britt-sh-bermuda-mtb-4-way-stretch-donna\\\/#primaryimage\"},\"thumbnailUrl\":\"https:\\\/\\\/www.redelk.it\\\/wp-content\\\/uploads\\\/2023\\\/05\\\/BRITT-SH_L48R61PSH_9-104.jpg\",\"datePublished\":\"2023-05-19T09:15:41+00:00\",\"dateModified\":\"2024-11-21T11:26:05+00:00\",\"breadcrumb\":{\"@id\":\"https:\\\/\\\/www.redelk.it\\\/it\\\/prodotto\\\/britt-sh-bermuda-mtb-4-way-stretch-donna\\\/#breadcrumb\"},\"inLanguage\":\"it-IT\",\"potentialAction\":[{\"@type\":\"ReadAction\",\"target\":[\"https:\\\/\\\/www.redelk.it\\\/it\\\/prodotto\\\/britt-sh-bermuda-mtb-4-way-stretch-donna\\\/\"]}]},{\"@type\":\"ImageObject\",\"inLanguage\":\"it-IT\",\"@id\":\"https:\\\/\\\/www.redelk.it\\\/it\\\/prodotto\\\/britt-sh-bermuda-mtb-4-way-stretch-donna\\\/#primaryimage\",\"url\":\"https:\\\/\\\/www.redelk.it\\\/wp-content\\\/uploads\\\/2023\\\/05\\\/BRITT-SH_L48R61PSH_9-104.jpg\",\"contentUrl\":\"https:\\\/\\\/www.redelk.it\\\/wp-content\\\/uploads\\\/2023\\\/05\\\/BRITT-SH_L48R61PSH_9-104.jpg\",\"width\":1772,\"height\":1772},{\"@type\":\"BreadcrumbList\",\"@id\":\"https:\\\/\\\/www.redelk.it\\\/it\\\/prodotto\\\/britt-sh-bermuda-mtb-4-way-stretch-donna\\\/#breadcrumb\",\"itemListElement\":[{\"@type\":\"ListItem\",\"position\":1,\"name\":\"Home\",\"item\":\"https:\\\/\\\/www.redelk.it\\\/it\\\/\"},{\"@type\":\"ListItem\",\"position\":2,\"name\":\"Shop\",\"item\":\"https:\\\/\\\/www.redelk.it\\\/en\\\/negozio\\\/\"},{\"@type\":\"ListItem\",\"position\":3,\"name\":\"Britt-sh &#8211; Bermuda MTB 4 way stretch donna\"}]},{\"@type\":\"WebSite\",\"@id\":\"https:\\\/\\\/www.redelk.it\\\/it\\\/#website\",\"url\":\"https:\\\/\\\/www.redelk.it\\\/it\\\/\",\"name\":\"Redelk\",\"description\":\"Redelk Outdoor\",\"publisher\":{\"@id\":\"https:\\\/\\\/www.redelk.it\\\/it\\\/#organization\"},\"alternateName\":\"Italy's #1 in Comfort Trekking Apparel\",\"potentialAction\":[{\"@type\":\"SearchAction\",\"target\":{\"@type\":\"EntryPoint\",\"urlTemplate\":\"https:\\\/\\\/www.redelk.it\\\/it\\\/?s={search_term_string}\"},\"query-input\":{\"@type\":\"PropertyValueSpecification\",\"valueRequired\":true,\"valueName\":\"search_term_string\"}}],\"inLanguage\":\"it-IT\"},{\"@type\":\"Organization\",\"@id\":\"https:\\\/\\\/www.redelk.it\\\/it\\\/#organization\",\"name\":\"Redelk\",\"url\":\"https:\\\/\\\/www.redelk.it\\\/it\\\/\",\"logo\":{\"@type\":\"ImageObject\",\"inLanguage\":\"it-IT\",\"@id\":\"https:\\\/\\\/www.redelk.it\\\/it\\\/#\\\/schema\\\/logo\\\/image\\\/\",\"url\":\"https:\\\/\\\/www.redelk.it\\\/wp-content\\\/uploads\\\/2020\\\/06\\\/anteprima-sito.jpg\",\"contentUrl\":\"https:\\\/\\\/www.redelk.it\\\/wp-content\\\/uploads\\\/2020\\\/06\\\/anteprima-sito.jpg\",\"width\":200,\"height\":200,\"caption\":\"Redelk\"},\"image\":{\"@id\":\"https:\\\/\\\/www.redelk.it\\\/it\\\/#\\\/schema\\\/logo\\\/image\\\/\"},\"sameAs\":[\"https:\\\/\\\/www.facebook.com\\\/REDELKoutdoor\\\/\",\"https:\\\/\\\/www.instagram.com\\\/redelkoutdoor\\\/\"]}]}<\/script>\n<!-- \/ Yoast SEO plugin. -->","yoast_head_json":{"title":"Britt-sh - Bermuda MTB 4 way stretch donna - Redelk","robots":{"index":"index","follow":"follow","max-snippet":"max-snippet:-1","max-image-preview":"max-image-preview:large","max-video-preview":"max-video-preview:-1"},"canonical":"https:\/\/www.redelk.it\/it\/prodotto\/britt-sh-bermuda-mtb-4-way-stretch-donna\/","og_locale":"it_IT","og_type":"article","og_title":"Britt-sh - Bermuda MTB 4 way stretch donna - Redelk","og_description":"Novit\u00e0 della collezione estiva Redelk: BRITT-SH \u00e8 il nuovo pantalone bermuda da donna progettato per gli amanti del brivido, che solo una MTB pu\u00f2 dare. Realizzato con tessuto medium 4 way stretch, resistente e adatto a qualsiasi escursione, questo capo \u00e8 ottimo anche per sfrecciare nei boschi o divertirsi su e giu per le colline sterrate in compagnia della propria mountain bike. Il suo tessuto elasticizzato ad asciugatura rapida permette il massimo del comfort e totale libert\u00e0 di movimento. Dotato di protezione UV, tasche frontali e posteriori con zip CAMPLOCK e lacci in velcro per la regolazione della vita, BRITT-SH si rivela essere un capo sicuro e versatile. Vieni a scoprirlo per soddisfare al meglio i tuoi momenti di adrenalina!","og_url":"https:\/\/www.redelk.it\/it\/prodotto\/britt-sh-bermuda-mtb-4-way-stretch-donna\/","og_site_name":"Redelk","article_publisher":"https:\/\/www.facebook.com\/REDELKoutdoor\/","article_modified_time":"2024-11-21T11:26:05+00:00","og_image":[{"width":1772,"height":1772,"url":"https:\/\/www.redelk.it\/wp-content\/uploads\/2023\/05\/BRITT-SH_L48R61PSH_9-104.jpg","type":"image\/jpeg"}],"twitter_card":"summary_large_image","schema":{"@context":"https:\/\/schema.org","@graph":[{"@type":["WebPage","ItemPage"],"@id":"https:\/\/www.redelk.it\/it\/prodotto\/britt-sh-bermuda-mtb-4-way-stretch-donna\/","url":"https:\/\/www.redelk.it\/it\/prodotto\/britt-sh-bermuda-mtb-4-way-stretch-donna\/","name":"Britt-sh - Bermuda MTB 4 way stretch donna - Redelk","isPartOf":{"@id":"https:\/\/www.redelk.it\/it\/#website"},"primaryImageOfPage":{"@id":"https:\/\/www.redelk.it\/it\/prodotto\/britt-sh-bermuda-mtb-4-way-stretch-donna\/#primaryimage"},"image":{"@id":"https:\/\/www.redelk.it\/it\/prodotto\/britt-sh-bermuda-mtb-4-way-stretch-donna\/#primaryimage"},"thumbnailUrl":"https:\/\/www.redelk.it\/wp-content\/uploads\/2023\/05\/BRITT-SH_L48R61PSH_9-104.jpg","datePublished":"2023-05-19T09:15:41+00:00","dateModified":"2024-11-21T11:26:05+00:00","breadcrumb":{"@id":"https:\/\/www.redelk.it\/it\/prodotto\/britt-sh-bermuda-mtb-4-way-stretch-donna\/#breadcrumb"},"inLanguage":"it-IT","potentialAction":[{"@type":"ReadAction","target":["https:\/\/www.redelk.it\/it\/prodotto\/britt-sh-bermuda-mtb-4-way-stretch-donna\/"]}]},{"@type":"ImageObject","inLanguage":"it-IT","@id":"https:\/\/www.redelk.it\/it\/prodotto\/britt-sh-bermuda-mtb-4-way-stretch-donna\/#primaryimage","url":"https:\/\/www.redelk.it\/wp-content\/uploads\/2023\/05\/BRITT-SH_L48R61PSH_9-104.jpg","contentUrl":"https:\/\/www.redelk.it\/wp-content\/uploads\/2023\/05\/BRITT-SH_L48R61PSH_9-104.jpg","width":1772,"height":1772},{"@type":"BreadcrumbList","@id":"https:\/\/www.redelk.it\/it\/prodotto\/britt-sh-bermuda-mtb-4-way-stretch-donna\/#breadcrumb","itemListElement":[{"@type":"ListItem","position":1,"name":"Home","item":"https:\/\/www.redelk.it\/it\/"},{"@type":"ListItem","position":2,"name":"Shop","item":"https:\/\/www.redelk.it\/en\/negozio\/"},{"@type":"ListItem","position":3,"name":"Britt-sh &#8211; Bermuda MTB 4 way stretch donna"}]},{"@type":"WebSite","@id":"https:\/\/www.redelk.it\/it\/#website","url":"https:\/\/www.redelk.it\/it\/","name":"Redelk","description":"Redelk Outdoor","publisher":{"@id":"https:\/\/www.redelk.it\/it\/#organization"},"alternateName":"Italy's #1 in Comfort Trekking Apparel","potentialAction":[{"@type":"SearchAction","target":{"@type":"EntryPoint","urlTemplate":"https:\/\/www.redelk.it\/it\/?s={search_term_string}"},"query-input":{"@type":"PropertyValueSpecification","valueRequired":true,"valueName":"search_term_string"}}],"inLanguage":"it-IT"},{"@type":"Organization","@id":"https:\/\/www.redelk.it\/it\/#organization","name":"Redelk","url":"https:\/\/www.redelk.it\/it\/","logo":{"@type":"ImageObject","inLanguage":"it-IT","@id":"https:\/\/www.redelk.it\/it\/#\/schema\/logo\/image\/","url":"https:\/\/www.redelk.it\/wp-content\/uploads\/2020\/06\/anteprima-sito.jpg","contentUrl":"https:\/\/www.redelk.it\/wp-content\/uploads\/2020\/06\/anteprima-sito.jpg","width":200,"height":200,"caption":"Redelk"},"image":{"@id":"https:\/\/www.redelk.it\/it\/#\/schema\/logo\/image\/"},"sameAs":["https:\/\/www.facebook.com\/REDELKoutdoor\/","https:\/\/www.instagram.com\/redelkoutdoor\/"]}]}},"_links":{"self":[{"href":"https:\/\/www.redelk.it\/it\/wp-json\/wp\/v2\/product\/25593","targetHints":{"allow":["GET"]}}],"collection":[{"href":"https:\/\/www.redelk.it\/it\/wp-json\/wp\/v2\/product"}],"about":[{"href":"https:\/\/www.redelk.it\/it\/wp-json\/wp\/v2\/types\/product"}],"wp:featuredmedia":[{"embeddable":true,"href":"https:\/\/www.redelk.it\/it\/wp-json\/wp\/v2\/media\/25587"}],"wp:attachment":[{"href":"https:\/\/www.redelk.it\/it\/wp-json\/wp\/v2\/media?parent=25593"}],"wp:term":[{"taxonomy":"product_cat","embeddable":true,"href":"https:\/\/www.redelk.it\/it\/wp-json\/wp\/v2\/product_cat?post=25593"},{"taxonomy":"product_tag","embeddable":true,"href":"https:\/\/www.redelk.it\/it\/wp-json\/wp\/v2\/product_tag?post=25593"}],"curies":[{"name":"wp","href":"https:\/\/api.w.org\/{rel}","templated":true}]}}