{"id":2267,"date":"2019-03-25T16:14:14","date_gmt":"2019-03-25T15:14:14","guid":{"rendered":"https:\/\/www.redelk.it\/?post_type=product&#038;p=2267"},"modified":"2024-11-21T12:26:55","modified_gmt":"2024-11-21T11:26:55","slug":"cerro-dp-pantalone-staccabile-uomo","status":"publish","type":"product","link":"https:\/\/www.redelk.it\/it\/prodotto\/cerro-dp-pantalone-staccabile-uomo\/","title":{"rendered":"Cerro-dp &#8211; pantalone staccabile uomo"},"content":{"rendered":"","protected":false},"excerpt":{"rendered":"<p>Pantalone leggero dalla vestibilit\u00e0 regolare con la possibilit\u00e0 di staccare la parte inferiore. Il <strong>CERRO-DP<\/strong> non \u00e8 l&#8217;unico pantalone staccabile della gamma Redelk. La sua particolarit\u00e0 risiede nel tessuto, leggero e elasticizzato 4 vie, morbido al tatto. <strong>CERRO-DP<\/strong> presenta tasche richiudibili con zip, la tasca laterale \u00e8 inoltre termosaldata. Il pantalone \u00e8 progettato per trekking durante le giornate pi\u00f9 calde, inoltre, se hai ancora pi\u00f9 caldo, avrai la possibilit\u00e0 di staccare la parte inferiore del pantalone attraverso delle zip riposte all&#8217;altezza delle ginocchia.<\/p>\n","protected":false},"featured_media":15805,"template":"","meta":{"_acf_changed":false},"product_cat":[176,479,464,478,210,427,202],"product_tag":[1021],"class_list":{"0":"post-2267","1":"product","2":"type-product","3":"status-publish","4":"has-post-thumbnail","6":"product_cat-attivita","7":"product_cat-hiking-trekking-it","8":"product_cat-nordic-walking-it","9":"product_cat-outdoor-life-it","10":"product_cat-pantaloni-uomo-it","11":"product_cat-pantaloni-staccabili-uomo-it","12":"product_cat-uomo","13":"product_tag-pantaloni-uomo","15":"first","16":"instock","17":"shipping-taxable","18":"purchasable","19":"product-type-variable","20":"has-default-attributes","21":"wvs-archive-product-wrapper"},"acf":[],"yoast_head":"<!-- This site is optimized with the Yoast SEO plugin v27.5 - https:\/\/yoast.com\/product\/yoast-seo-wordpress\/ -->\n<title>Cerro-dp - pantalone staccabile uomo - Redelk<\/title>\n<meta name=\"robots\" content=\"index, follow, max-snippet:-1, max-image-preview:large, max-video-preview:-1\" \/>\n<link rel=\"canonical\" href=\"https:\/\/www.redelk.it\/it\/prodotto\/cerro-dp-pantalone-staccabile-uomo\/\" \/>\n<meta property=\"og:locale\" content=\"it_IT\" \/>\n<meta property=\"og:type\" content=\"article\" \/>\n<meta property=\"og:title\" content=\"Cerro-dp - pantalone staccabile uomo - Redelk\" \/>\n<meta property=\"og:description\" content=\"Pantalone leggero dalla vestibilit\u00e0 regolare con la possibilit\u00e0 di staccare la parte inferiore. Il CERRO-DP non \u00e8 l&#039;unico pantalone staccabile della gamma Redelk. La sua particolarit\u00e0 risiede nel tessuto, leggero e elasticizzato 4 vie, morbido al tatto. CERRO-DP presenta tasche richiudibili con zip, la tasca laterale \u00e8 inoltre termosaldata. Il pantalone \u00e8 progettato per trekking durante le giornate pi\u00f9 calde, inoltre, se hai ancora pi\u00f9 caldo, avrai la possibilit\u00e0 di staccare la parte inferiore del pantalone attraverso delle zip riposte all&#039;altezza delle ginocchia.\" \/>\n<meta property=\"og:url\" content=\"https:\/\/www.redelk.it\/it\/prodotto\/cerro-dp-pantalone-staccabile-uomo\/\" \/>\n<meta property=\"og:site_name\" content=\"Redelk\" \/>\n<meta property=\"article:publisher\" content=\"https:\/\/www.facebook.com\/REDELKoutdoor\/\" \/>\n<meta property=\"article:modified_time\" content=\"2024-11-21T11:26:55+00:00\" \/>\n<meta property=\"og:image\" content=\"https:\/\/www.redelk.it\/wp-content\/uploads\/2022\/08\/Cerro-DP-Man-Pant-461.jpg\" \/>\n\t<meta property=\"og:image:width\" content=\"1772\" \/>\n\t<meta property=\"og:image:height\" content=\"1772\" \/>\n\t<meta property=\"og:image:type\" content=\"image\/jpeg\" \/>\n<meta name=\"twitter:card\" content=\"summary_large_image\" \/>\n<script type=\"application\/ld+json\" class=\"yoast-schema-graph\">{\"@context\":\"https:\\\/\\\/schema.org\",\"@graph\":[{\"@type\":[\"WebPage\",\"ItemPage\"],\"@id\":\"https:\\\/\\\/www.redelk.it\\\/it\\\/prodotto\\\/cerro-dp-pantalone-staccabile-uomo\\\/\",\"url\":\"https:\\\/\\\/www.redelk.it\\\/it\\\/prodotto\\\/cerro-dp-pantalone-staccabile-uomo\\\/\",\"name\":\"Cerro-dp - pantalone staccabile uomo - Redelk\",\"isPartOf\":{\"@id\":\"https:\\\/\\\/www.redelk.it\\\/it\\\/#website\"},\"primaryImageOfPage\":{\"@id\":\"https:\\\/\\\/www.redelk.it\\\/it\\\/prodotto\\\/cerro-dp-pantalone-staccabile-uomo\\\/#primaryimage\"},\"image\":{\"@id\":\"https:\\\/\\\/www.redelk.it\\\/it\\\/prodotto\\\/cerro-dp-pantalone-staccabile-uomo\\\/#primaryimage\"},\"thumbnailUrl\":\"https:\\\/\\\/www.redelk.it\\\/wp-content\\\/uploads\\\/2022\\\/08\\\/Cerro-DP-Man-Pant-461.jpg\",\"datePublished\":\"2019-03-25T15:14:14+00:00\",\"dateModified\":\"2024-11-21T11:26:55+00:00\",\"breadcrumb\":{\"@id\":\"https:\\\/\\\/www.redelk.it\\\/it\\\/prodotto\\\/cerro-dp-pantalone-staccabile-uomo\\\/#breadcrumb\"},\"inLanguage\":\"it-IT\",\"potentialAction\":[{\"@type\":\"ReadAction\",\"target\":[\"https:\\\/\\\/www.redelk.it\\\/it\\\/prodotto\\\/cerro-dp-pantalone-staccabile-uomo\\\/\"]}]},{\"@type\":\"ImageObject\",\"inLanguage\":\"it-IT\",\"@id\":\"https:\\\/\\\/www.redelk.it\\\/it\\\/prodotto\\\/cerro-dp-pantalone-staccabile-uomo\\\/#primaryimage\",\"url\":\"https:\\\/\\\/www.redelk.it\\\/wp-content\\\/uploads\\\/2022\\\/08\\\/Cerro-DP-Man-Pant-461.jpg\",\"contentUrl\":\"https:\\\/\\\/www.redelk.it\\\/wp-content\\\/uploads\\\/2022\\\/08\\\/Cerro-DP-Man-Pant-461.jpg\",\"width\":1772,\"height\":1772},{\"@type\":\"BreadcrumbList\",\"@id\":\"https:\\\/\\\/www.redelk.it\\\/it\\\/prodotto\\\/cerro-dp-pantalone-staccabile-uomo\\\/#breadcrumb\",\"itemListElement\":[{\"@type\":\"ListItem\",\"position\":1,\"name\":\"Home\",\"item\":\"https:\\\/\\\/www.redelk.it\\\/it\\\/\"},{\"@type\":\"ListItem\",\"position\":2,\"name\":\"Shop\",\"item\":\"https:\\\/\\\/www.redelk.it\\\/en\\\/negozio\\\/\"},{\"@type\":\"ListItem\",\"position\":3,\"name\":\"Cerro-dp &#8211; pantalone staccabile uomo\"}]},{\"@type\":\"WebSite\",\"@id\":\"https:\\\/\\\/www.redelk.it\\\/it\\\/#website\",\"url\":\"https:\\\/\\\/www.redelk.it\\\/it\\\/\",\"name\":\"Redelk\",\"description\":\"Redelk Outdoor\",\"publisher\":{\"@id\":\"https:\\\/\\\/www.redelk.it\\\/it\\\/#organization\"},\"alternateName\":\"Italy's #1 in Comfort Trekking Apparel\",\"potentialAction\":[{\"@type\":\"SearchAction\",\"target\":{\"@type\":\"EntryPoint\",\"urlTemplate\":\"https:\\\/\\\/www.redelk.it\\\/it\\\/?s={search_term_string}\"},\"query-input\":{\"@type\":\"PropertyValueSpecification\",\"valueRequired\":true,\"valueName\":\"search_term_string\"}}],\"inLanguage\":\"it-IT\"},{\"@type\":\"Organization\",\"@id\":\"https:\\\/\\\/www.redelk.it\\\/it\\\/#organization\",\"name\":\"Redelk\",\"url\":\"https:\\\/\\\/www.redelk.it\\\/it\\\/\",\"logo\":{\"@type\":\"ImageObject\",\"inLanguage\":\"it-IT\",\"@id\":\"https:\\\/\\\/www.redelk.it\\\/it\\\/#\\\/schema\\\/logo\\\/image\\\/\",\"url\":\"https:\\\/\\\/www.redelk.it\\\/wp-content\\\/uploads\\\/2020\\\/06\\\/anteprima-sito.jpg\",\"contentUrl\":\"https:\\\/\\\/www.redelk.it\\\/wp-content\\\/uploads\\\/2020\\\/06\\\/anteprima-sito.jpg\",\"width\":200,\"height\":200,\"caption\":\"Redelk\"},\"image\":{\"@id\":\"https:\\\/\\\/www.redelk.it\\\/it\\\/#\\\/schema\\\/logo\\\/image\\\/\"},\"sameAs\":[\"https:\\\/\\\/www.facebook.com\\\/REDELKoutdoor\\\/\",\"https:\\\/\\\/www.instagram.com\\\/redelkoutdoor\\\/\"]}]}<\/script>\n<!-- \/ Yoast SEO plugin. -->","yoast_head_json":{"title":"Cerro-dp - pantalone staccabile uomo - Redelk","robots":{"index":"index","follow":"follow","max-snippet":"max-snippet:-1","max-image-preview":"max-image-preview:large","max-video-preview":"max-video-preview:-1"},"canonical":"https:\/\/www.redelk.it\/it\/prodotto\/cerro-dp-pantalone-staccabile-uomo\/","og_locale":"it_IT","og_type":"article","og_title":"Cerro-dp - pantalone staccabile uomo - Redelk","og_description":"Pantalone leggero dalla vestibilit\u00e0 regolare con la possibilit\u00e0 di staccare la parte inferiore. Il CERRO-DP non \u00e8 l'unico pantalone staccabile della gamma Redelk. La sua particolarit\u00e0 risiede nel tessuto, leggero e elasticizzato 4 vie, morbido al tatto. CERRO-DP presenta tasche richiudibili con zip, la tasca laterale \u00e8 inoltre termosaldata. Il pantalone \u00e8 progettato per trekking durante le giornate pi\u00f9 calde, inoltre, se hai ancora pi\u00f9 caldo, avrai la possibilit\u00e0 di staccare la parte inferiore del pantalone attraverso delle zip riposte all'altezza delle ginocchia.","og_url":"https:\/\/www.redelk.it\/it\/prodotto\/cerro-dp-pantalone-staccabile-uomo\/","og_site_name":"Redelk","article_publisher":"https:\/\/www.facebook.com\/REDELKoutdoor\/","article_modified_time":"2024-11-21T11:26:55+00:00","og_image":[{"width":1772,"height":1772,"url":"https:\/\/www.redelk.it\/wp-content\/uploads\/2022\/08\/Cerro-DP-Man-Pant-461.jpg","type":"image\/jpeg"}],"twitter_card":"summary_large_image","schema":{"@context":"https:\/\/schema.org","@graph":[{"@type":["WebPage","ItemPage"],"@id":"https:\/\/www.redelk.it\/it\/prodotto\/cerro-dp-pantalone-staccabile-uomo\/","url":"https:\/\/www.redelk.it\/it\/prodotto\/cerro-dp-pantalone-staccabile-uomo\/","name":"Cerro-dp - pantalone staccabile uomo - Redelk","isPartOf":{"@id":"https:\/\/www.redelk.it\/it\/#website"},"primaryImageOfPage":{"@id":"https:\/\/www.redelk.it\/it\/prodotto\/cerro-dp-pantalone-staccabile-uomo\/#primaryimage"},"image":{"@id":"https:\/\/www.redelk.it\/it\/prodotto\/cerro-dp-pantalone-staccabile-uomo\/#primaryimage"},"thumbnailUrl":"https:\/\/www.redelk.it\/wp-content\/uploads\/2022\/08\/Cerro-DP-Man-Pant-461.jpg","datePublished":"2019-03-25T15:14:14+00:00","dateModified":"2024-11-21T11:26:55+00:00","breadcrumb":{"@id":"https:\/\/www.redelk.it\/it\/prodotto\/cerro-dp-pantalone-staccabile-uomo\/#breadcrumb"},"inLanguage":"it-IT","potentialAction":[{"@type":"ReadAction","target":["https:\/\/www.redelk.it\/it\/prodotto\/cerro-dp-pantalone-staccabile-uomo\/"]}]},{"@type":"ImageObject","inLanguage":"it-IT","@id":"https:\/\/www.redelk.it\/it\/prodotto\/cerro-dp-pantalone-staccabile-uomo\/#primaryimage","url":"https:\/\/www.redelk.it\/wp-content\/uploads\/2022\/08\/Cerro-DP-Man-Pant-461.jpg","contentUrl":"https:\/\/www.redelk.it\/wp-content\/uploads\/2022\/08\/Cerro-DP-Man-Pant-461.jpg","width":1772,"height":1772},{"@type":"BreadcrumbList","@id":"https:\/\/www.redelk.it\/it\/prodotto\/cerro-dp-pantalone-staccabile-uomo\/#breadcrumb","itemListElement":[{"@type":"ListItem","position":1,"name":"Home","item":"https:\/\/www.redelk.it\/it\/"},{"@type":"ListItem","position":2,"name":"Shop","item":"https:\/\/www.redelk.it\/en\/negozio\/"},{"@type":"ListItem","position":3,"name":"Cerro-dp &#8211; pantalone staccabile uomo"}]},{"@type":"WebSite","@id":"https:\/\/www.redelk.it\/it\/#website","url":"https:\/\/www.redelk.it\/it\/","name":"Redelk","description":"Redelk Outdoor","publisher":{"@id":"https:\/\/www.redelk.it\/it\/#organization"},"alternateName":"Italy's #1 in Comfort Trekking Apparel","potentialAction":[{"@type":"SearchAction","target":{"@type":"EntryPoint","urlTemplate":"https:\/\/www.redelk.it\/it\/?s={search_term_string}"},"query-input":{"@type":"PropertyValueSpecification","valueRequired":true,"valueName":"search_term_string"}}],"inLanguage":"it-IT"},{"@type":"Organization","@id":"https:\/\/www.redelk.it\/it\/#organization","name":"Redelk","url":"https:\/\/www.redelk.it\/it\/","logo":{"@type":"ImageObject","inLanguage":"it-IT","@id":"https:\/\/www.redelk.it\/it\/#\/schema\/logo\/image\/","url":"https:\/\/www.redelk.it\/wp-content\/uploads\/2020\/06\/anteprima-sito.jpg","contentUrl":"https:\/\/www.redelk.it\/wp-content\/uploads\/2020\/06\/anteprima-sito.jpg","width":200,"height":200,"caption":"Redelk"},"image":{"@id":"https:\/\/www.redelk.it\/it\/#\/schema\/logo\/image\/"},"sameAs":["https:\/\/www.facebook.com\/REDELKoutdoor\/","https:\/\/www.instagram.com\/redelkoutdoor\/"]}]}},"_links":{"self":[{"href":"https:\/\/www.redelk.it\/it\/wp-json\/wp\/v2\/product\/2267","targetHints":{"allow":["GET"]}}],"collection":[{"href":"https:\/\/www.redelk.it\/it\/wp-json\/wp\/v2\/product"}],"about":[{"href":"https:\/\/www.redelk.it\/it\/wp-json\/wp\/v2\/types\/product"}],"wp:featuredmedia":[{"embeddable":true,"href":"https:\/\/www.redelk.it\/it\/wp-json\/wp\/v2\/media\/15805"}],"wp:attachment":[{"href":"https:\/\/www.redelk.it\/it\/wp-json\/wp\/v2\/media?parent=2267"}],"wp:term":[{"taxonomy":"product_cat","embeddable":true,"href":"https:\/\/www.redelk.it\/it\/wp-json\/wp\/v2\/product_cat?post=2267"},{"taxonomy":"product_tag","embeddable":true,"href":"https:\/\/www.redelk.it\/it\/wp-json\/wp\/v2\/product_tag?post=2267"}],"curies":[{"name":"wp","href":"https:\/\/api.w.org\/{rel}","templated":true}]}}