{"id":22121,"date":"2021-10-14T12:02:18","date_gmt":"2021-10-14T10:02:18","guid":{"rendered":"https:\/\/www.redelk.it\/product\/colima-4-womens-thinsulate-hooded-jacket\/"},"modified":"2023-02-16T15:31:48","modified_gmt":"2023-02-16T14:31:48","slug":"colima-4-womens-thinsulate-hooded-jacket","status":"publish","type":"product","link":"https:\/\/www.redelk.it\/it\/prodotto\/colima-4-womens-thinsulate-hooded-jacket\/","title":{"rendered":"Colima 4 &#8211; Giacca warmer donna con cappuccio"},"content":{"rendered":"","protected":false},"excerpt":{"rendered":"<p>Giacca da donna con cappuccio realizzata in calda imbottitura <em>DUPONT SORONA<\/em>, ideale per attivit\u00e0 come trekking e hiking. La particolarit\u00e0 del <strong>COLIMA 4<\/strong> \u00e8 nelle maniche che sono realizzate in <em>fleece<\/em>, la parte frontale e la schiena invece sono trapuntati su nylon antivento. L\u2019imbottitura \u00e8 un\u2019ovatta che mantiene il corpo caldo e termoregolato. Inoltre, <strong>COLIMA 4<\/strong> ha un finissaggio innovativo e sostenibile che garantisce elevati standard di qualit\u00e0 e benefici di comfort e performance. Il fondo della giacca e i polsini hanno un elastico e sono bordati.<\/p>\n","protected":false},"featured_media":18052,"template":"","meta":{"_acf_changed":false},"product_cat":[176,178,177,479,464,480],"product_tag":[],"class_list":{"0":"post-22121","1":"product","2":"type-product","3":"status-publish","4":"has-post-thumbnail","6":"product_cat-attivita","7":"product_cat-giacche-donna-it","8":"product_cat-giacche-imbottite-donna-it","9":"product_cat-hiking-trekking-it","10":"product_cat-nordic-walking-it","11":"product_cat-sci-alpinismo-it","13":"first","14":"instock","15":"shipping-taxable","16":"purchasable","17":"product-type-variable","18":"has-default-attributes","19":"wvs-archive-product-wrapper"},"acf":[],"yoast_head":"<!-- This site is optimized with the Yoast SEO plugin v27.5 - https:\/\/yoast.com\/product\/yoast-seo-wordpress\/ -->\n<title>Colima 4 - Giacca warmer donna con cappuccio - Redelk<\/title>\n<meta name=\"robots\" content=\"index, follow, max-snippet:-1, max-image-preview:large, max-video-preview:-1\" \/>\n<link rel=\"canonical\" href=\"https:\/\/www.redelk.it\/it\/prodotto\/colima-4-womens-thinsulate-hooded-jacket\/\" \/>\n<meta property=\"og:locale\" content=\"it_IT\" \/>\n<meta property=\"og:type\" content=\"article\" \/>\n<meta property=\"og:title\" content=\"Colima 4 - Giacca warmer donna con cappuccio - Redelk\" \/>\n<meta property=\"og:description\" content=\"Giacca da donna con cappuccio realizzata in calda imbottitura DUPONT SORONA, ideale per attivit\u00e0 come trekking e hiking. La particolarit\u00e0 del COLIMA 4 \u00e8 nelle maniche che sono realizzate in fleece, la parte frontale e la schiena invece sono trapuntati su nylon antivento. L\u2019imbottitura \u00e8 un\u2019ovatta che mantiene il corpo caldo e termoregolato. Inoltre, COLIMA 4 ha un finissaggio innovativo e sostenibile che garantisce elevati standard di qualit\u00e0 e benefici di comfort e performance. Il fondo della giacca e i polsini hanno un elastico e sono bordati.\" \/>\n<meta property=\"og:url\" content=\"https:\/\/www.redelk.it\/it\/prodotto\/colima-4-womens-thinsulate-hooded-jacket\/\" \/>\n<meta property=\"og:site_name\" content=\"Redelk\" \/>\n<meta property=\"article:publisher\" content=\"https:\/\/www.facebook.com\/REDELKoutdoor\/\" \/>\n<meta property=\"article:modified_time\" content=\"2023-02-16T14:31:48+00:00\" \/>\n<meta property=\"og:image\" content=\"https:\/\/www.redelk.it\/wp-content\/uploads\/2022\/09\/COLIMA-4_L45R21G_FL-179.jpg\" \/>\n\t<meta property=\"og:image:width\" content=\"1772\" \/>\n\t<meta property=\"og:image:height\" content=\"1772\" \/>\n\t<meta property=\"og:image:type\" content=\"image\/jpeg\" \/>\n<meta name=\"twitter:card\" content=\"summary_large_image\" \/>\n<script type=\"application\/ld+json\" class=\"yoast-schema-graph\">{\"@context\":\"https:\\\/\\\/schema.org\",\"@graph\":[{\"@type\":[\"WebPage\",\"ItemPage\"],\"@id\":\"https:\\\/\\\/www.redelk.it\\\/it\\\/prodotto\\\/colima-4-womens-thinsulate-hooded-jacket\\\/\",\"url\":\"https:\\\/\\\/www.redelk.it\\\/it\\\/prodotto\\\/colima-4-womens-thinsulate-hooded-jacket\\\/\",\"name\":\"Colima 4 - Giacca warmer donna con cappuccio - Redelk\",\"isPartOf\":{\"@id\":\"https:\\\/\\\/www.redelk.it\\\/it\\\/#website\"},\"primaryImageOfPage\":{\"@id\":\"https:\\\/\\\/www.redelk.it\\\/it\\\/prodotto\\\/colima-4-womens-thinsulate-hooded-jacket\\\/#primaryimage\"},\"image\":{\"@id\":\"https:\\\/\\\/www.redelk.it\\\/it\\\/prodotto\\\/colima-4-womens-thinsulate-hooded-jacket\\\/#primaryimage\"},\"thumbnailUrl\":\"https:\\\/\\\/www.redelk.it\\\/wp-content\\\/uploads\\\/2022\\\/09\\\/COLIMA-4_L45R21G_FL-179.jpg\",\"datePublished\":\"2021-10-14T10:02:18+00:00\",\"dateModified\":\"2023-02-16T14:31:48+00:00\",\"breadcrumb\":{\"@id\":\"https:\\\/\\\/www.redelk.it\\\/it\\\/prodotto\\\/colima-4-womens-thinsulate-hooded-jacket\\\/#breadcrumb\"},\"inLanguage\":\"it-IT\",\"potentialAction\":[{\"@type\":\"ReadAction\",\"target\":[\"https:\\\/\\\/www.redelk.it\\\/it\\\/prodotto\\\/colima-4-womens-thinsulate-hooded-jacket\\\/\"]}]},{\"@type\":\"ImageObject\",\"inLanguage\":\"it-IT\",\"@id\":\"https:\\\/\\\/www.redelk.it\\\/it\\\/prodotto\\\/colima-4-womens-thinsulate-hooded-jacket\\\/#primaryimage\",\"url\":\"https:\\\/\\\/www.redelk.it\\\/wp-content\\\/uploads\\\/2022\\\/09\\\/COLIMA-4_L45R21G_FL-179.jpg\",\"contentUrl\":\"https:\\\/\\\/www.redelk.it\\\/wp-content\\\/uploads\\\/2022\\\/09\\\/COLIMA-4_L45R21G_FL-179.jpg\",\"width\":1772,\"height\":1772},{\"@type\":\"BreadcrumbList\",\"@id\":\"https:\\\/\\\/www.redelk.it\\\/it\\\/prodotto\\\/colima-4-womens-thinsulate-hooded-jacket\\\/#breadcrumb\",\"itemListElement\":[{\"@type\":\"ListItem\",\"position\":1,\"name\":\"Home\",\"item\":\"https:\\\/\\\/www.redelk.it\\\/it\\\/\"},{\"@type\":\"ListItem\",\"position\":2,\"name\":\"Shop\",\"item\":\"https:\\\/\\\/www.redelk.it\\\/en\\\/negozio\\\/\"},{\"@type\":\"ListItem\",\"position\":3,\"name\":\"Colima 4 &#8211; Giacca warmer donna con cappuccio\"}]},{\"@type\":\"WebSite\",\"@id\":\"https:\\\/\\\/www.redelk.it\\\/it\\\/#website\",\"url\":\"https:\\\/\\\/www.redelk.it\\\/it\\\/\",\"name\":\"Redelk\",\"description\":\"Redelk Outdoor\",\"publisher\":{\"@id\":\"https:\\\/\\\/www.redelk.it\\\/it\\\/#organization\"},\"alternateName\":\"Italy's #1 in Comfort Trekking Apparel\",\"potentialAction\":[{\"@type\":\"SearchAction\",\"target\":{\"@type\":\"EntryPoint\",\"urlTemplate\":\"https:\\\/\\\/www.redelk.it\\\/it\\\/?s={search_term_string}\"},\"query-input\":{\"@type\":\"PropertyValueSpecification\",\"valueRequired\":true,\"valueName\":\"search_term_string\"}}],\"inLanguage\":\"it-IT\"},{\"@type\":\"Organization\",\"@id\":\"https:\\\/\\\/www.redelk.it\\\/it\\\/#organization\",\"name\":\"Redelk\",\"url\":\"https:\\\/\\\/www.redelk.it\\\/it\\\/\",\"logo\":{\"@type\":\"ImageObject\",\"inLanguage\":\"it-IT\",\"@id\":\"https:\\\/\\\/www.redelk.it\\\/it\\\/#\\\/schema\\\/logo\\\/image\\\/\",\"url\":\"https:\\\/\\\/www.redelk.it\\\/wp-content\\\/uploads\\\/2020\\\/06\\\/anteprima-sito.jpg\",\"contentUrl\":\"https:\\\/\\\/www.redelk.it\\\/wp-content\\\/uploads\\\/2020\\\/06\\\/anteprima-sito.jpg\",\"width\":200,\"height\":200,\"caption\":\"Redelk\"},\"image\":{\"@id\":\"https:\\\/\\\/www.redelk.it\\\/it\\\/#\\\/schema\\\/logo\\\/image\\\/\"},\"sameAs\":[\"https:\\\/\\\/www.facebook.com\\\/REDELKoutdoor\\\/\",\"https:\\\/\\\/www.instagram.com\\\/redelkoutdoor\\\/\"]}]}<\/script>\n<!-- \/ Yoast SEO plugin. -->","yoast_head_json":{"title":"Colima 4 - Giacca warmer donna con cappuccio - Redelk","robots":{"index":"index","follow":"follow","max-snippet":"max-snippet:-1","max-image-preview":"max-image-preview:large","max-video-preview":"max-video-preview:-1"},"canonical":"https:\/\/www.redelk.it\/it\/prodotto\/colima-4-womens-thinsulate-hooded-jacket\/","og_locale":"it_IT","og_type":"article","og_title":"Colima 4 - Giacca warmer donna con cappuccio - Redelk","og_description":"Giacca da donna con cappuccio realizzata in calda imbottitura DUPONT SORONA, ideale per attivit\u00e0 come trekking e hiking. La particolarit\u00e0 del COLIMA 4 \u00e8 nelle maniche che sono realizzate in fleece, la parte frontale e la schiena invece sono trapuntati su nylon antivento. L\u2019imbottitura \u00e8 un\u2019ovatta che mantiene il corpo caldo e termoregolato. Inoltre, COLIMA 4 ha un finissaggio innovativo e sostenibile che garantisce elevati standard di qualit\u00e0 e benefici di comfort e performance. Il fondo della giacca e i polsini hanno un elastico e sono bordati.","og_url":"https:\/\/www.redelk.it\/it\/prodotto\/colima-4-womens-thinsulate-hooded-jacket\/","og_site_name":"Redelk","article_publisher":"https:\/\/www.facebook.com\/REDELKoutdoor\/","article_modified_time":"2023-02-16T14:31:48+00:00","og_image":[{"width":1772,"height":1772,"url":"https:\/\/www.redelk.it\/wp-content\/uploads\/2022\/09\/COLIMA-4_L45R21G_FL-179.jpg","type":"image\/jpeg"}],"twitter_card":"summary_large_image","schema":{"@context":"https:\/\/schema.org","@graph":[{"@type":["WebPage","ItemPage"],"@id":"https:\/\/www.redelk.it\/it\/prodotto\/colima-4-womens-thinsulate-hooded-jacket\/","url":"https:\/\/www.redelk.it\/it\/prodotto\/colima-4-womens-thinsulate-hooded-jacket\/","name":"Colima 4 - Giacca warmer donna con cappuccio - Redelk","isPartOf":{"@id":"https:\/\/www.redelk.it\/it\/#website"},"primaryImageOfPage":{"@id":"https:\/\/www.redelk.it\/it\/prodotto\/colima-4-womens-thinsulate-hooded-jacket\/#primaryimage"},"image":{"@id":"https:\/\/www.redelk.it\/it\/prodotto\/colima-4-womens-thinsulate-hooded-jacket\/#primaryimage"},"thumbnailUrl":"https:\/\/www.redelk.it\/wp-content\/uploads\/2022\/09\/COLIMA-4_L45R21G_FL-179.jpg","datePublished":"2021-10-14T10:02:18+00:00","dateModified":"2023-02-16T14:31:48+00:00","breadcrumb":{"@id":"https:\/\/www.redelk.it\/it\/prodotto\/colima-4-womens-thinsulate-hooded-jacket\/#breadcrumb"},"inLanguage":"it-IT","potentialAction":[{"@type":"ReadAction","target":["https:\/\/www.redelk.it\/it\/prodotto\/colima-4-womens-thinsulate-hooded-jacket\/"]}]},{"@type":"ImageObject","inLanguage":"it-IT","@id":"https:\/\/www.redelk.it\/it\/prodotto\/colima-4-womens-thinsulate-hooded-jacket\/#primaryimage","url":"https:\/\/www.redelk.it\/wp-content\/uploads\/2022\/09\/COLIMA-4_L45R21G_FL-179.jpg","contentUrl":"https:\/\/www.redelk.it\/wp-content\/uploads\/2022\/09\/COLIMA-4_L45R21G_FL-179.jpg","width":1772,"height":1772},{"@type":"BreadcrumbList","@id":"https:\/\/www.redelk.it\/it\/prodotto\/colima-4-womens-thinsulate-hooded-jacket\/#breadcrumb","itemListElement":[{"@type":"ListItem","position":1,"name":"Home","item":"https:\/\/www.redelk.it\/it\/"},{"@type":"ListItem","position":2,"name":"Shop","item":"https:\/\/www.redelk.it\/en\/negozio\/"},{"@type":"ListItem","position":3,"name":"Colima 4 &#8211; Giacca warmer donna con cappuccio"}]},{"@type":"WebSite","@id":"https:\/\/www.redelk.it\/it\/#website","url":"https:\/\/www.redelk.it\/it\/","name":"Redelk","description":"Redelk Outdoor","publisher":{"@id":"https:\/\/www.redelk.it\/it\/#organization"},"alternateName":"Italy's #1 in Comfort Trekking Apparel","potentialAction":[{"@type":"SearchAction","target":{"@type":"EntryPoint","urlTemplate":"https:\/\/www.redelk.it\/it\/?s={search_term_string}"},"query-input":{"@type":"PropertyValueSpecification","valueRequired":true,"valueName":"search_term_string"}}],"inLanguage":"it-IT"},{"@type":"Organization","@id":"https:\/\/www.redelk.it\/it\/#organization","name":"Redelk","url":"https:\/\/www.redelk.it\/it\/","logo":{"@type":"ImageObject","inLanguage":"it-IT","@id":"https:\/\/www.redelk.it\/it\/#\/schema\/logo\/image\/","url":"https:\/\/www.redelk.it\/wp-content\/uploads\/2020\/06\/anteprima-sito.jpg","contentUrl":"https:\/\/www.redelk.it\/wp-content\/uploads\/2020\/06\/anteprima-sito.jpg","width":200,"height":200,"caption":"Redelk"},"image":{"@id":"https:\/\/www.redelk.it\/it\/#\/schema\/logo\/image\/"},"sameAs":["https:\/\/www.facebook.com\/REDELKoutdoor\/","https:\/\/www.instagram.com\/redelkoutdoor\/"]}]}},"_links":{"self":[{"href":"https:\/\/www.redelk.it\/it\/wp-json\/wp\/v2\/product\/22121","targetHints":{"allow":["GET"]}}],"collection":[{"href":"https:\/\/www.redelk.it\/it\/wp-json\/wp\/v2\/product"}],"about":[{"href":"https:\/\/www.redelk.it\/it\/wp-json\/wp\/v2\/types\/product"}],"wp:featuredmedia":[{"embeddable":true,"href":"https:\/\/www.redelk.it\/it\/wp-json\/wp\/v2\/media\/18052"}],"wp:attachment":[{"href":"https:\/\/www.redelk.it\/it\/wp-json\/wp\/v2\/media?parent=22121"}],"wp:term":[{"taxonomy":"product_cat","embeddable":true,"href":"https:\/\/www.redelk.it\/it\/wp-json\/wp\/v2\/product_cat?post=22121"},{"taxonomy":"product_tag","embeddable":true,"href":"https:\/\/www.redelk.it\/it\/wp-json\/wp\/v2\/product_tag?post=22121"}],"curies":[{"name":"wp","href":"https:\/\/api.w.org\/{rel}","templated":true}]}}