{"id":1855,"date":"2019-03-14T15:09:14","date_gmt":"2019-03-14T14:09:15","guid":{"rendered":"https:\/\/www.redelk.it\/?post_type=product&#038;p=1855"},"modified":"2020-12-01T11:24:22","modified_gmt":"2020-12-01T10:24:22","slug":"zuni-giacca-leggera-soft-shell-uomo","status":"publish","type":"product","link":"https:\/\/www.redelk.it\/it\/prodotto\/zuni-giacca-leggera-soft-shell-uomo\/","title":{"rendered":"Zuni 3 &#8211; giacca leggera soft-shell uomo"},"content":{"rendered":"","protected":false},"excerpt":{"rendered":"<p>Giacca leggera in tessuto <em>light premium-shell<\/em>, che ti garantisce protezione e ottime prestazioni indossando meno strati. <strong>ZUNI 3<\/strong> \u00e8 ideata per attivit\u00e0 all&#8217;aria aperta anche nelle giornate pi\u00f9 calde. Grazie alla tasca multifunzionale sul petto e a quella sulla manica potrai portare con te ci\u00f2 che ti serve anche durante le escursioni pi\u00f9 lunghe.<\/p>\n","protected":false},"featured_media":6389,"template":"","meta":{"_acf_changed":false},"product_cat":[176,203,458,479,480,202],"product_tag":[],"acf":[],"yoast_head":"<!-- This site is optimized with the Yoast SEO plugin v24.5 - https:\/\/yoast.com\/wordpress\/plugins\/seo\/ -->\n<title>Zuni 3 - giacca leggera soft-shell uomo - Redelk<\/title>\n<meta name=\"robots\" content=\"index, follow, max-snippet:-1, max-image-preview:large, max-video-preview:-1\" \/>\n<link rel=\"canonical\" href=\"https:\/\/www.redelk.it\/it\/prodotto\/zuni-giacca-leggera-soft-shell-uomo\/\" \/>\n<meta property=\"og:locale\" content=\"it_IT\" \/>\n<meta property=\"og:type\" content=\"article\" \/>\n<meta property=\"og:title\" content=\"Zuni 3 - giacca leggera soft-shell uomo - Redelk\" \/>\n<meta property=\"og:description\" content=\"Giacca leggera in tessuto light premium-shell, che ti garantisce protezione e ottime prestazioni indossando meno strati. ZUNI 3 \u00e8 ideata per attivit\u00e0 all&#039;aria aperta anche nelle giornate pi\u00f9 calde. Grazie alla tasca multifunzionale sul petto e a quella sulla manica potrai portare con te ci\u00f2 che ti serve anche durante le escursioni pi\u00f9 lunghe.\" \/>\n<meta property=\"og:url\" content=\"https:\/\/www.redelk.it\/it\/prodotto\/zuni-giacca-leggera-soft-shell-uomo\/\" \/>\n<meta property=\"og:site_name\" content=\"Redelk\" \/>\n<meta property=\"article:publisher\" content=\"https:\/\/www.facebook.com\/REDELKoutdoor\/\" \/>\n<meta property=\"article:modified_time\" content=\"2020-12-01T10:24:22+00:00\" \/>\n<meta property=\"og:image\" content=\"https:\/\/www.redelk.it\/wp-content\/uploads\/2020\/04\/Zuni-JKT-Man-792.jpg\" \/>\n\t<meta property=\"og:image:width\" content=\"1772\" \/>\n\t<meta property=\"og:image:height\" content=\"1772\" \/>\n\t<meta property=\"og:image:type\" content=\"image\/jpeg\" \/>\n<meta name=\"twitter:card\" content=\"summary_large_image\" \/>\n<script type=\"application\/ld+json\" class=\"yoast-schema-graph\">{\"@context\":\"https:\/\/schema.org\",\"@graph\":[{\"@type\":[\"WebPage\",\"ItemPage\"],\"@id\":\"https:\/\/www.redelk.it\/it\/prodotto\/zuni-giacca-leggera-soft-shell-uomo\/\",\"url\":\"https:\/\/www.redelk.it\/it\/prodotto\/zuni-giacca-leggera-soft-shell-uomo\/\",\"name\":\"Zuni 3 - giacca leggera soft-shell uomo - Redelk\",\"isPartOf\":{\"@id\":\"https:\/\/www.redelk.it\/it\/#website\"},\"primaryImageOfPage\":{\"@id\":\"https:\/\/www.redelk.it\/it\/prodotto\/zuni-giacca-leggera-soft-shell-uomo\/#primaryimage\"},\"image\":{\"@id\":\"https:\/\/www.redelk.it\/it\/prodotto\/zuni-giacca-leggera-soft-shell-uomo\/#primaryimage\"},\"thumbnailUrl\":\"https:\/\/www.redelk.it\/wp-content\/uploads\/2020\/04\/Zuni-JKT-Man-792.jpg\",\"datePublished\":\"2019-03-14T14:09:15+00:00\",\"dateModified\":\"2020-12-01T10:24:22+00:00\",\"breadcrumb\":{\"@id\":\"https:\/\/www.redelk.it\/it\/prodotto\/zuni-giacca-leggera-soft-shell-uomo\/#breadcrumb\"},\"inLanguage\":\"it-IT\",\"potentialAction\":[{\"@type\":\"ReadAction\",\"target\":[\"https:\/\/www.redelk.it\/it\/prodotto\/zuni-giacca-leggera-soft-shell-uomo\/\"]}]},{\"@type\":\"ImageObject\",\"inLanguage\":\"it-IT\",\"@id\":\"https:\/\/www.redelk.it\/it\/prodotto\/zuni-giacca-leggera-soft-shell-uomo\/#primaryimage\",\"url\":\"https:\/\/www.redelk.it\/wp-content\/uploads\/2020\/04\/Zuni-JKT-Man-792.jpg\",\"contentUrl\":\"https:\/\/www.redelk.it\/wp-content\/uploads\/2020\/04\/Zuni-JKT-Man-792.jpg\",\"width\":1772,\"height\":1772},{\"@type\":\"BreadcrumbList\",\"@id\":\"https:\/\/www.redelk.it\/it\/prodotto\/zuni-giacca-leggera-soft-shell-uomo\/#breadcrumb\",\"itemListElement\":[{\"@type\":\"ListItem\",\"position\":1,\"name\":\"Home\",\"item\":\"https:\/\/www.redelk.it\/it\/\"},{\"@type\":\"ListItem\",\"position\":2,\"name\":\"Shop\",\"item\":\"https:\/\/www.redelk.it\/en\/negozio\/\"},{\"@type\":\"ListItem\",\"position\":3,\"name\":\"Zuni 3 &#8211; giacca leggera soft-shell uomo\"}]},{\"@type\":\"WebSite\",\"@id\":\"https:\/\/www.redelk.it\/it\/#website\",\"url\":\"https:\/\/www.redelk.it\/it\/\",\"name\":\"Redelk\",\"description\":\"Redelk Outdoor\",\"publisher\":{\"@id\":\"https:\/\/www.redelk.it\/it\/#organization\"},\"alternateName\":\"Italy's #1 in Comfort Trekking Apparel\",\"potentialAction\":[{\"@type\":\"SearchAction\",\"target\":{\"@type\":\"EntryPoint\",\"urlTemplate\":\"https:\/\/www.redelk.it\/it\/?s={search_term_string}\"},\"query-input\":{\"@type\":\"PropertyValueSpecification\",\"valueRequired\":true,\"valueName\":\"search_term_string\"}}],\"inLanguage\":\"it-IT\"},{\"@type\":\"Organization\",\"@id\":\"https:\/\/www.redelk.it\/it\/#organization\",\"name\":\"Redelk\",\"url\":\"https:\/\/www.redelk.it\/it\/\",\"logo\":{\"@type\":\"ImageObject\",\"inLanguage\":\"it-IT\",\"@id\":\"https:\/\/www.redelk.it\/it\/#\/schema\/logo\/image\/\",\"url\":\"https:\/\/www.redelk.it\/wp-content\/uploads\/2020\/06\/anteprima-sito.jpg\",\"contentUrl\":\"https:\/\/www.redelk.it\/wp-content\/uploads\/2020\/06\/anteprima-sito.jpg\",\"width\":200,\"height\":200,\"caption\":\"Redelk\"},\"image\":{\"@id\":\"https:\/\/www.redelk.it\/it\/#\/schema\/logo\/image\/\"},\"sameAs\":[\"https:\/\/www.facebook.com\/REDELKoutdoor\/\",\"https:\/\/www.instagram.com\/redelkoutdoor\/\"]}]}<\/script>\n<!-- \/ Yoast SEO plugin. -->","yoast_head_json":{"title":"Zuni 3 - giacca leggera soft-shell uomo - Redelk","robots":{"index":"index","follow":"follow","max-snippet":"max-snippet:-1","max-image-preview":"max-image-preview:large","max-video-preview":"max-video-preview:-1"},"canonical":"https:\/\/www.redelk.it\/it\/prodotto\/zuni-giacca-leggera-soft-shell-uomo\/","og_locale":"it_IT","og_type":"article","og_title":"Zuni 3 - giacca leggera soft-shell uomo - Redelk","og_description":"Giacca leggera in tessuto light premium-shell, che ti garantisce protezione e ottime prestazioni indossando meno strati. ZUNI 3 \u00e8 ideata per attivit\u00e0 all'aria aperta anche nelle giornate pi\u00f9 calde. Grazie alla tasca multifunzionale sul petto e a quella sulla manica potrai portare con te ci\u00f2 che ti serve anche durante le escursioni pi\u00f9 lunghe.","og_url":"https:\/\/www.redelk.it\/it\/prodotto\/zuni-giacca-leggera-soft-shell-uomo\/","og_site_name":"Redelk","article_publisher":"https:\/\/www.facebook.com\/REDELKoutdoor\/","article_modified_time":"2020-12-01T10:24:22+00:00","og_image":[{"width":1772,"height":1772,"url":"https:\/\/www.redelk.it\/wp-content\/uploads\/2020\/04\/Zuni-JKT-Man-792.jpg","type":"image\/jpeg"}],"twitter_card":"summary_large_image","schema":{"@context":"https:\/\/schema.org","@graph":[{"@type":["WebPage","ItemPage"],"@id":"https:\/\/www.redelk.it\/it\/prodotto\/zuni-giacca-leggera-soft-shell-uomo\/","url":"https:\/\/www.redelk.it\/it\/prodotto\/zuni-giacca-leggera-soft-shell-uomo\/","name":"Zuni 3 - giacca leggera soft-shell uomo - Redelk","isPartOf":{"@id":"https:\/\/www.redelk.it\/it\/#website"},"primaryImageOfPage":{"@id":"https:\/\/www.redelk.it\/it\/prodotto\/zuni-giacca-leggera-soft-shell-uomo\/#primaryimage"},"image":{"@id":"https:\/\/www.redelk.it\/it\/prodotto\/zuni-giacca-leggera-soft-shell-uomo\/#primaryimage"},"thumbnailUrl":"https:\/\/www.redelk.it\/wp-content\/uploads\/2020\/04\/Zuni-JKT-Man-792.jpg","datePublished":"2019-03-14T14:09:15+00:00","dateModified":"2020-12-01T10:24:22+00:00","breadcrumb":{"@id":"https:\/\/www.redelk.it\/it\/prodotto\/zuni-giacca-leggera-soft-shell-uomo\/#breadcrumb"},"inLanguage":"it-IT","potentialAction":[{"@type":"ReadAction","target":["https:\/\/www.redelk.it\/it\/prodotto\/zuni-giacca-leggera-soft-shell-uomo\/"]}]},{"@type":"ImageObject","inLanguage":"it-IT","@id":"https:\/\/www.redelk.it\/it\/prodotto\/zuni-giacca-leggera-soft-shell-uomo\/#primaryimage","url":"https:\/\/www.redelk.it\/wp-content\/uploads\/2020\/04\/Zuni-JKT-Man-792.jpg","contentUrl":"https:\/\/www.redelk.it\/wp-content\/uploads\/2020\/04\/Zuni-JKT-Man-792.jpg","width":1772,"height":1772},{"@type":"BreadcrumbList","@id":"https:\/\/www.redelk.it\/it\/prodotto\/zuni-giacca-leggera-soft-shell-uomo\/#breadcrumb","itemListElement":[{"@type":"ListItem","position":1,"name":"Home","item":"https:\/\/www.redelk.it\/it\/"},{"@type":"ListItem","position":2,"name":"Shop","item":"https:\/\/www.redelk.it\/en\/negozio\/"},{"@type":"ListItem","position":3,"name":"Zuni 3 &#8211; giacca leggera soft-shell uomo"}]},{"@type":"WebSite","@id":"https:\/\/www.redelk.it\/it\/#website","url":"https:\/\/www.redelk.it\/it\/","name":"Redelk","description":"Redelk Outdoor","publisher":{"@id":"https:\/\/www.redelk.it\/it\/#organization"},"alternateName":"Italy's #1 in Comfort Trekking Apparel","potentialAction":[{"@type":"SearchAction","target":{"@type":"EntryPoint","urlTemplate":"https:\/\/www.redelk.it\/it\/?s={search_term_string}"},"query-input":{"@type":"PropertyValueSpecification","valueRequired":true,"valueName":"search_term_string"}}],"inLanguage":"it-IT"},{"@type":"Organization","@id":"https:\/\/www.redelk.it\/it\/#organization","name":"Redelk","url":"https:\/\/www.redelk.it\/it\/","logo":{"@type":"ImageObject","inLanguage":"it-IT","@id":"https:\/\/www.redelk.it\/it\/#\/schema\/logo\/image\/","url":"https:\/\/www.redelk.it\/wp-content\/uploads\/2020\/06\/anteprima-sito.jpg","contentUrl":"https:\/\/www.redelk.it\/wp-content\/uploads\/2020\/06\/anteprima-sito.jpg","width":200,"height":200,"caption":"Redelk"},"image":{"@id":"https:\/\/www.redelk.it\/it\/#\/schema\/logo\/image\/"},"sameAs":["https:\/\/www.facebook.com\/REDELKoutdoor\/","https:\/\/www.instagram.com\/redelkoutdoor\/"]}]}},"_links":{"self":[{"href":"https:\/\/www.redelk.it\/it\/wp-json\/wp\/v2\/product\/1855"}],"collection":[{"href":"https:\/\/www.redelk.it\/it\/wp-json\/wp\/v2\/product"}],"about":[{"href":"https:\/\/www.redelk.it\/it\/wp-json\/wp\/v2\/types\/product"}],"wp:featuredmedia":[{"embeddable":true,"href":"https:\/\/www.redelk.it\/it\/wp-json\/wp\/v2\/media\/6389"}],"wp:attachment":[{"href":"https:\/\/www.redelk.it\/it\/wp-json\/wp\/v2\/media?parent=1855"}],"wp:term":[{"taxonomy":"product_cat","embeddable":true,"href":"https:\/\/www.redelk.it\/it\/wp-json\/wp\/v2\/product_cat?post=1855"},{"taxonomy":"product_tag","embeddable":true,"href":"https:\/\/www.redelk.it\/it\/wp-json\/wp\/v2\/product_tag?post=1855"}],"curies":[{"name":"wp","href":"https:\/\/api.w.org\/{rel}","templated":true}]}}