{"id":1659,"date":"2019-01-30T17:00:59","date_gmt":"2019-01-30T17:00:59","guid":{"rendered":"https:\/\/www.redelk.it\/prodotto\/semeru-mens-mountaineering-pant\/"},"modified":"2024-11-21T12:27:05","modified_gmt":"2024-11-21T11:27:05","slug":"semeru-pataloni-ergonomici-alpinismo-unisex","status":"publish","type":"product","link":"https:\/\/www.redelk.it\/it\/prodotto\/semeru-pataloni-ergonomici-alpinismo-unisex\/","title":{"rendered":"Semeru &#8211; pataloni ergonomici alpinismo unisex"},"content":{"rendered":"","protected":false},"excerpt":{"rendered":"<p><strong>SEMERU<\/strong> \u00e8 il pantalone lungo unisex ideale per attivit\u00e0 come trekking, alpinismo, sci alpinismo, ciaspolate o nordic walking. Il capo \u00e8 realizzato in tessuto elasticizzato 4-way stretch e vanta una colonna d\u2019acqua di 20.000 mm. Lavorazione con finissaggio <em>BIONIC FINISH-ECO,<\/em> l\u2019innovativo processo che garantisce elevati standard di qualit\u00e0 per il trattamento water repellent, in totale rispetto per l\u2019ambiente. Internamente \u00e8 rivestito da un morbido pile che rende la calzata calda, aumentando il comfort. Sul lato anteriore il capo \u00e8 rinforzato con una protezione in tessuto laminato, che lo rende antivento. Aerazioni laterali sulla gamba, due tasche con zip sui lati e una tasca multifunzione con zip anteriore destra. Cinturone regolabile con coulisse e fondo in tessuto elasticizzato. Regular fit.<\/p>\n","protected":false},"featured_media":5496,"template":"","meta":{"_acf_changed":false},"product_cat":[176,464,210,213,211,214,480,202],"product_tag":[1022,1021],"class_list":{"0":"post-1659","1":"product","2":"type-product","3":"status-publish","4":"has-post-thumbnail","6":"product_cat-attivita","7":"product_cat-nordic-walking-it","8":"product_cat-pantaloni-uomo-it","9":"product_cat-pantaloni-donna-it","10":"product_cat-pantaloni-lunghi-uomo-it","11":"product_cat-pantaloni-lunghi-donna-it","12":"product_cat-sci-alpinismo-it","13":"product_cat-uomo","14":"product_tag-pantaloni-donna","15":"product_tag-pantaloni-uomo","17":"first","18":"instock","19":"shipping-taxable","20":"purchasable","21":"product-type-variable","22":"has-default-attributes","23":"wvs-archive-product-wrapper"},"acf":[],"yoast_head":"<!-- This site is optimized with the Yoast SEO plugin v27.5 - https:\/\/yoast.com\/product\/yoast-seo-wordpress\/ -->\n<title>Semeru - pataloni ergonomici alpinismo unisex - Redelk<\/title>\n<meta name=\"robots\" content=\"index, follow, max-snippet:-1, max-image-preview:large, max-video-preview:-1\" \/>\n<link rel=\"canonical\" href=\"https:\/\/www.redelk.it\/it\/prodotto\/semeru-pataloni-ergonomici-alpinismo-unisex\/\" \/>\n<meta property=\"og:locale\" content=\"it_IT\" \/>\n<meta property=\"og:type\" content=\"article\" \/>\n<meta property=\"og:title\" content=\"Semeru - pataloni ergonomici alpinismo unisex - Redelk\" \/>\n<meta property=\"og:description\" content=\"SEMERU \u00e8 il pantalone lungo unisex ideale per attivit\u00e0 come trekking, alpinismo, sci alpinismo, ciaspolate o nordic walking. Il capo \u00e8 realizzato in tessuto elasticizzato 4-way stretch e vanta una colonna d\u2019acqua di 20.000 mm. Lavorazione con finissaggio BIONIC FINISH-ECO, l\u2019innovativo processo che garantisce elevati standard di qualit\u00e0 per il trattamento water repellent, in totale rispetto per l\u2019ambiente. Internamente \u00e8 rivestito da un morbido pile che rende la calzata calda, aumentando il comfort. Sul lato anteriore il capo \u00e8 rinforzato con una protezione in tessuto laminato, che lo rende antivento. Aerazioni laterali sulla gamba, due tasche con zip sui lati e una tasca multifunzione con zip anteriore destra. Cinturone regolabile con coulisse e fondo in tessuto elasticizzato. Regular fit.\" \/>\n<meta property=\"og:url\" content=\"https:\/\/www.redelk.it\/it\/prodotto\/semeru-pataloni-ergonomici-alpinismo-unisex\/\" \/>\n<meta property=\"og:site_name\" content=\"Redelk\" \/>\n<meta property=\"article:publisher\" content=\"https:\/\/www.facebook.com\/REDELKoutdoor\/\" \/>\n<meta property=\"article:modified_time\" content=\"2024-11-21T11:27:05+00:00\" \/>\n<meta property=\"og:image\" content=\"https:\/\/www.redelk.it\/wp-content\/uploads\/2019\/01\/Semeru-Pant-Man-999.jpg\" \/>\n\t<meta property=\"og:image:width\" content=\"1772\" \/>\n\t<meta property=\"og:image:height\" content=\"1772\" \/>\n\t<meta property=\"og:image:type\" content=\"image\/jpeg\" \/>\n<meta name=\"twitter:card\" content=\"summary_large_image\" \/>\n<script type=\"application\/ld+json\" class=\"yoast-schema-graph\">{\"@context\":\"https:\\\/\\\/schema.org\",\"@graph\":[{\"@type\":[\"WebPage\",\"ItemPage\"],\"@id\":\"https:\\\/\\\/www.redelk.it\\\/it\\\/prodotto\\\/semeru-pataloni-ergonomici-alpinismo-unisex\\\/\",\"url\":\"https:\\\/\\\/www.redelk.it\\\/it\\\/prodotto\\\/semeru-pataloni-ergonomici-alpinismo-unisex\\\/\",\"name\":\"Semeru - pataloni ergonomici alpinismo unisex - Redelk\",\"isPartOf\":{\"@id\":\"https:\\\/\\\/www.redelk.it\\\/it\\\/#website\"},\"primaryImageOfPage\":{\"@id\":\"https:\\\/\\\/www.redelk.it\\\/it\\\/prodotto\\\/semeru-pataloni-ergonomici-alpinismo-unisex\\\/#primaryimage\"},\"image\":{\"@id\":\"https:\\\/\\\/www.redelk.it\\\/it\\\/prodotto\\\/semeru-pataloni-ergonomici-alpinismo-unisex\\\/#primaryimage\"},\"thumbnailUrl\":\"https:\\\/\\\/www.redelk.it\\\/wp-content\\\/uploads\\\/2019\\\/01\\\/Semeru-Pant-Man-999.jpg\",\"datePublished\":\"2019-01-30T17:00:59+00:00\",\"dateModified\":\"2024-11-21T11:27:05+00:00\",\"breadcrumb\":{\"@id\":\"https:\\\/\\\/www.redelk.it\\\/it\\\/prodotto\\\/semeru-pataloni-ergonomici-alpinismo-unisex\\\/#breadcrumb\"},\"inLanguage\":\"it-IT\",\"potentialAction\":[{\"@type\":\"ReadAction\",\"target\":[\"https:\\\/\\\/www.redelk.it\\\/it\\\/prodotto\\\/semeru-pataloni-ergonomici-alpinismo-unisex\\\/\"]}]},{\"@type\":\"ImageObject\",\"inLanguage\":\"it-IT\",\"@id\":\"https:\\\/\\\/www.redelk.it\\\/it\\\/prodotto\\\/semeru-pataloni-ergonomici-alpinismo-unisex\\\/#primaryimage\",\"url\":\"https:\\\/\\\/www.redelk.it\\\/wp-content\\\/uploads\\\/2019\\\/01\\\/Semeru-Pant-Man-999.jpg\",\"contentUrl\":\"https:\\\/\\\/www.redelk.it\\\/wp-content\\\/uploads\\\/2019\\\/01\\\/Semeru-Pant-Man-999.jpg\",\"width\":1772,\"height\":1772},{\"@type\":\"BreadcrumbList\",\"@id\":\"https:\\\/\\\/www.redelk.it\\\/it\\\/prodotto\\\/semeru-pataloni-ergonomici-alpinismo-unisex\\\/#breadcrumb\",\"itemListElement\":[{\"@type\":\"ListItem\",\"position\":1,\"name\":\"Home\",\"item\":\"https:\\\/\\\/www.redelk.it\\\/it\\\/\"},{\"@type\":\"ListItem\",\"position\":2,\"name\":\"Shop\",\"item\":\"https:\\\/\\\/www.redelk.it\\\/en\\\/negozio\\\/\"},{\"@type\":\"ListItem\",\"position\":3,\"name\":\"Semeru &#8211; pataloni ergonomici alpinismo unisex\"}]},{\"@type\":\"WebSite\",\"@id\":\"https:\\\/\\\/www.redelk.it\\\/it\\\/#website\",\"url\":\"https:\\\/\\\/www.redelk.it\\\/it\\\/\",\"name\":\"Redelk\",\"description\":\"Redelk Outdoor\",\"publisher\":{\"@id\":\"https:\\\/\\\/www.redelk.it\\\/it\\\/#organization\"},\"alternateName\":\"Italy's #1 in Comfort Trekking Apparel\",\"potentialAction\":[{\"@type\":\"SearchAction\",\"target\":{\"@type\":\"EntryPoint\",\"urlTemplate\":\"https:\\\/\\\/www.redelk.it\\\/it\\\/?s={search_term_string}\"},\"query-input\":{\"@type\":\"PropertyValueSpecification\",\"valueRequired\":true,\"valueName\":\"search_term_string\"}}],\"inLanguage\":\"it-IT\"},{\"@type\":\"Organization\",\"@id\":\"https:\\\/\\\/www.redelk.it\\\/it\\\/#organization\",\"name\":\"Redelk\",\"url\":\"https:\\\/\\\/www.redelk.it\\\/it\\\/\",\"logo\":{\"@type\":\"ImageObject\",\"inLanguage\":\"it-IT\",\"@id\":\"https:\\\/\\\/www.redelk.it\\\/it\\\/#\\\/schema\\\/logo\\\/image\\\/\",\"url\":\"https:\\\/\\\/www.redelk.it\\\/wp-content\\\/uploads\\\/2020\\\/06\\\/anteprima-sito.jpg\",\"contentUrl\":\"https:\\\/\\\/www.redelk.it\\\/wp-content\\\/uploads\\\/2020\\\/06\\\/anteprima-sito.jpg\",\"width\":200,\"height\":200,\"caption\":\"Redelk\"},\"image\":{\"@id\":\"https:\\\/\\\/www.redelk.it\\\/it\\\/#\\\/schema\\\/logo\\\/image\\\/\"},\"sameAs\":[\"https:\\\/\\\/www.facebook.com\\\/REDELKoutdoor\\\/\",\"https:\\\/\\\/www.instagram.com\\\/redelkoutdoor\\\/\"]}]}<\/script>\n<!-- \/ Yoast SEO plugin. -->","yoast_head_json":{"title":"Semeru - pataloni ergonomici alpinismo unisex - Redelk","robots":{"index":"index","follow":"follow","max-snippet":"max-snippet:-1","max-image-preview":"max-image-preview:large","max-video-preview":"max-video-preview:-1"},"canonical":"https:\/\/www.redelk.it\/it\/prodotto\/semeru-pataloni-ergonomici-alpinismo-unisex\/","og_locale":"it_IT","og_type":"article","og_title":"Semeru - pataloni ergonomici alpinismo unisex - Redelk","og_description":"SEMERU \u00e8 il pantalone lungo unisex ideale per attivit\u00e0 come trekking, alpinismo, sci alpinismo, ciaspolate o nordic walking. Il capo \u00e8 realizzato in tessuto elasticizzato 4-way stretch e vanta una colonna d\u2019acqua di 20.000 mm. Lavorazione con finissaggio BIONIC FINISH-ECO, l\u2019innovativo processo che garantisce elevati standard di qualit\u00e0 per il trattamento water repellent, in totale rispetto per l\u2019ambiente. Internamente \u00e8 rivestito da un morbido pile che rende la calzata calda, aumentando il comfort. Sul lato anteriore il capo \u00e8 rinforzato con una protezione in tessuto laminato, che lo rende antivento. Aerazioni laterali sulla gamba, due tasche con zip sui lati e una tasca multifunzione con zip anteriore destra. Cinturone regolabile con coulisse e fondo in tessuto elasticizzato. Regular fit.","og_url":"https:\/\/www.redelk.it\/it\/prodotto\/semeru-pataloni-ergonomici-alpinismo-unisex\/","og_site_name":"Redelk","article_publisher":"https:\/\/www.facebook.com\/REDELKoutdoor\/","article_modified_time":"2024-11-21T11:27:05+00:00","og_image":[{"width":1772,"height":1772,"url":"https:\/\/www.redelk.it\/wp-content\/uploads\/2019\/01\/Semeru-Pant-Man-999.jpg","type":"image\/jpeg"}],"twitter_card":"summary_large_image","schema":{"@context":"https:\/\/schema.org","@graph":[{"@type":["WebPage","ItemPage"],"@id":"https:\/\/www.redelk.it\/it\/prodotto\/semeru-pataloni-ergonomici-alpinismo-unisex\/","url":"https:\/\/www.redelk.it\/it\/prodotto\/semeru-pataloni-ergonomici-alpinismo-unisex\/","name":"Semeru - pataloni ergonomici alpinismo unisex - Redelk","isPartOf":{"@id":"https:\/\/www.redelk.it\/it\/#website"},"primaryImageOfPage":{"@id":"https:\/\/www.redelk.it\/it\/prodotto\/semeru-pataloni-ergonomici-alpinismo-unisex\/#primaryimage"},"image":{"@id":"https:\/\/www.redelk.it\/it\/prodotto\/semeru-pataloni-ergonomici-alpinismo-unisex\/#primaryimage"},"thumbnailUrl":"https:\/\/www.redelk.it\/wp-content\/uploads\/2019\/01\/Semeru-Pant-Man-999.jpg","datePublished":"2019-01-30T17:00:59+00:00","dateModified":"2024-11-21T11:27:05+00:00","breadcrumb":{"@id":"https:\/\/www.redelk.it\/it\/prodotto\/semeru-pataloni-ergonomici-alpinismo-unisex\/#breadcrumb"},"inLanguage":"it-IT","potentialAction":[{"@type":"ReadAction","target":["https:\/\/www.redelk.it\/it\/prodotto\/semeru-pataloni-ergonomici-alpinismo-unisex\/"]}]},{"@type":"ImageObject","inLanguage":"it-IT","@id":"https:\/\/www.redelk.it\/it\/prodotto\/semeru-pataloni-ergonomici-alpinismo-unisex\/#primaryimage","url":"https:\/\/www.redelk.it\/wp-content\/uploads\/2019\/01\/Semeru-Pant-Man-999.jpg","contentUrl":"https:\/\/www.redelk.it\/wp-content\/uploads\/2019\/01\/Semeru-Pant-Man-999.jpg","width":1772,"height":1772},{"@type":"BreadcrumbList","@id":"https:\/\/www.redelk.it\/it\/prodotto\/semeru-pataloni-ergonomici-alpinismo-unisex\/#breadcrumb","itemListElement":[{"@type":"ListItem","position":1,"name":"Home","item":"https:\/\/www.redelk.it\/it\/"},{"@type":"ListItem","position":2,"name":"Shop","item":"https:\/\/www.redelk.it\/en\/negozio\/"},{"@type":"ListItem","position":3,"name":"Semeru &#8211; pataloni ergonomici alpinismo unisex"}]},{"@type":"WebSite","@id":"https:\/\/www.redelk.it\/it\/#website","url":"https:\/\/www.redelk.it\/it\/","name":"Redelk","description":"Redelk Outdoor","publisher":{"@id":"https:\/\/www.redelk.it\/it\/#organization"},"alternateName":"Italy's #1 in Comfort Trekking Apparel","potentialAction":[{"@type":"SearchAction","target":{"@type":"EntryPoint","urlTemplate":"https:\/\/www.redelk.it\/it\/?s={search_term_string}"},"query-input":{"@type":"PropertyValueSpecification","valueRequired":true,"valueName":"search_term_string"}}],"inLanguage":"it-IT"},{"@type":"Organization","@id":"https:\/\/www.redelk.it\/it\/#organization","name":"Redelk","url":"https:\/\/www.redelk.it\/it\/","logo":{"@type":"ImageObject","inLanguage":"it-IT","@id":"https:\/\/www.redelk.it\/it\/#\/schema\/logo\/image\/","url":"https:\/\/www.redelk.it\/wp-content\/uploads\/2020\/06\/anteprima-sito.jpg","contentUrl":"https:\/\/www.redelk.it\/wp-content\/uploads\/2020\/06\/anteprima-sito.jpg","width":200,"height":200,"caption":"Redelk"},"image":{"@id":"https:\/\/www.redelk.it\/it\/#\/schema\/logo\/image\/"},"sameAs":["https:\/\/www.facebook.com\/REDELKoutdoor\/","https:\/\/www.instagram.com\/redelkoutdoor\/"]}]}},"_links":{"self":[{"href":"https:\/\/www.redelk.it\/it\/wp-json\/wp\/v2\/product\/1659","targetHints":{"allow":["GET"]}}],"collection":[{"href":"https:\/\/www.redelk.it\/it\/wp-json\/wp\/v2\/product"}],"about":[{"href":"https:\/\/www.redelk.it\/it\/wp-json\/wp\/v2\/types\/product"}],"wp:featuredmedia":[{"embeddable":true,"href":"https:\/\/www.redelk.it\/it\/wp-json\/wp\/v2\/media\/5496"}],"wp:attachment":[{"href":"https:\/\/www.redelk.it\/it\/wp-json\/wp\/v2\/media?parent=1659"}],"wp:term":[{"taxonomy":"product_cat","embeddable":true,"href":"https:\/\/www.redelk.it\/it\/wp-json\/wp\/v2\/product_cat?post=1659"},{"taxonomy":"product_tag","embeddable":true,"href":"https:\/\/www.redelk.it\/it\/wp-json\/wp\/v2\/product_tag?post=1659"}],"curies":[{"name":"wp","href":"https:\/\/api.w.org\/{rel}","templated":true}]}}