{"id":12894,"date":"2021-10-14T12:46:29","date_gmt":"2021-10-14T10:46:32","guid":{"rendered":"https:\/\/www.redelk.it\/?post_type=product&#038;p=12894"},"modified":"2023-02-07T11:23:25","modified_gmt":"2023-02-07T10:23:25","slug":"laura-giacca-da-donna-in-lana-con-zip-intera","status":"publish","type":"product","link":"https:\/\/www.redelk.it\/it\/prodotto\/laura-giacca-da-donna-in-lana-con-zip-intera\/","title":{"rendered":"Laura- Giacca da donna in lana con zip intera"},"content":{"rendered":"","protected":false},"excerpt":{"rendered":"<p><span style=\"font-weight: 400;\">Giacca in lana realizzata in caldo e morbido tessuto in misto lana. Questo capo \u00e8 interamente realizzato in Italia, garanzia di qualit\u00e0 e cura che solo la manifattura italiana sa applicare alle sue produzioni. Le caratteristiche assorbenti e termoregolanti sono una soluzione affidabile contro freddo e vento mantenendo il corpo caldo e asciutto. <\/span><b>LAURA<\/b><span style=\"font-weight: 400;\"> \u00e8 ideato per passeggiate in montagna, ma anche camminate in citt\u00e0, perch\u00e9 \u00e8 un capo molto versatile, in grado di adattarsi al tipo di esigenza. La giacca presenta un elastico sul fondo della giacca oltre che ai polsini, inoltre \u00e8 dotata di due tasche con zip.\u00a0<\/span><\/p>\n","protected":false},"featured_media":12897,"template":"","meta":{"_acf_changed":false},"product_cat":[176,178,464,478],"product_tag":[],"class_list":{"0":"post-12894","1":"product","2":"type-product","3":"status-publish","4":"has-post-thumbnail","6":"product_cat-attivita","7":"product_cat-giacche-donna-it","8":"product_cat-nordic-walking-it","9":"product_cat-outdoor-life-it","11":"first","12":"instock","13":"shipping-taxable","14":"purchasable","15":"product-type-variable","16":"has-default-attributes","17":"wvs-archive-product-wrapper"},"acf":[],"yoast_head":"<!-- This site is optimized with the Yoast SEO plugin v27.5 - https:\/\/yoast.com\/product\/yoast-seo-wordpress\/ -->\n<title>Laura- Giacca da donna in lana con zip intera - Redelk<\/title>\n<meta name=\"robots\" content=\"index, follow, max-snippet:-1, max-image-preview:large, max-video-preview:-1\" \/>\n<link rel=\"canonical\" href=\"https:\/\/www.redelk.it\/it\/prodotto\/laura-giacca-da-donna-in-lana-con-zip-intera\/\" \/>\n<meta property=\"og:locale\" content=\"it_IT\" \/>\n<meta property=\"og:type\" content=\"article\" \/>\n<meta property=\"og:title\" content=\"Laura- Giacca da donna in lana con zip intera - Redelk\" \/>\n<meta property=\"og:description\" content=\"Giacca in lana realizzata in caldo e morbido tessuto in misto lana. Questo capo \u00e8 interamente realizzato in Italia, garanzia di qualit\u00e0 e cura che solo la manifattura italiana sa applicare alle sue produzioni. Le caratteristiche assorbenti e termoregolanti sono una soluzione affidabile contro freddo e vento mantenendo il corpo caldo e asciutto. LAURA \u00e8 ideato per passeggiate in montagna, ma anche camminate in citt\u00e0, perch\u00e9 \u00e8 un capo molto versatile, in grado di adattarsi al tipo di esigenza. La giacca presenta un elastico sul fondo della giacca oltre che ai polsini, inoltre \u00e8 dotata di due tasche con zip.\u00a0\" \/>\n<meta property=\"og:url\" content=\"https:\/\/www.redelk.it\/it\/prodotto\/laura-giacca-da-donna-in-lana-con-zip-intera\/\" \/>\n<meta property=\"og:site_name\" content=\"Redelk\" \/>\n<meta property=\"article:publisher\" content=\"https:\/\/www.facebook.com\/REDELKoutdoor\/\" \/>\n<meta property=\"article:modified_time\" content=\"2023-02-07T10:23:25+00:00\" \/>\n<meta property=\"og:image\" content=\"https:\/\/www.redelk.it\/wp-content\/uploads\/2021\/10\/laura-donna-357-ultimo.jpg\" \/>\n\t<meta property=\"og:image:width\" content=\"1772\" \/>\n\t<meta property=\"og:image:height\" content=\"1772\" \/>\n\t<meta property=\"og:image:type\" content=\"image\/jpeg\" \/>\n<meta name=\"twitter:card\" content=\"summary_large_image\" \/>\n<script type=\"application\/ld+json\" class=\"yoast-schema-graph\">{\"@context\":\"https:\\\/\\\/schema.org\",\"@graph\":[{\"@type\":[\"WebPage\",\"ItemPage\"],\"@id\":\"https:\\\/\\\/www.redelk.it\\\/it\\\/prodotto\\\/laura-giacca-da-donna-in-lana-con-zip-intera\\\/\",\"url\":\"https:\\\/\\\/www.redelk.it\\\/it\\\/prodotto\\\/laura-giacca-da-donna-in-lana-con-zip-intera\\\/\",\"name\":\"Laura- Giacca da donna in lana con zip intera - Redelk\",\"isPartOf\":{\"@id\":\"https:\\\/\\\/www.redelk.it\\\/it\\\/#website\"},\"primaryImageOfPage\":{\"@id\":\"https:\\\/\\\/www.redelk.it\\\/it\\\/prodotto\\\/laura-giacca-da-donna-in-lana-con-zip-intera\\\/#primaryimage\"},\"image\":{\"@id\":\"https:\\\/\\\/www.redelk.it\\\/it\\\/prodotto\\\/laura-giacca-da-donna-in-lana-con-zip-intera\\\/#primaryimage\"},\"thumbnailUrl\":\"https:\\\/\\\/www.redelk.it\\\/wp-content\\\/uploads\\\/2021\\\/10\\\/laura-donna-357-ultimo.jpg\",\"datePublished\":\"2021-10-14T10:46:32+00:00\",\"dateModified\":\"2023-02-07T10:23:25+00:00\",\"breadcrumb\":{\"@id\":\"https:\\\/\\\/www.redelk.it\\\/it\\\/prodotto\\\/laura-giacca-da-donna-in-lana-con-zip-intera\\\/#breadcrumb\"},\"inLanguage\":\"it-IT\",\"potentialAction\":[{\"@type\":\"ReadAction\",\"target\":[\"https:\\\/\\\/www.redelk.it\\\/it\\\/prodotto\\\/laura-giacca-da-donna-in-lana-con-zip-intera\\\/\"]}]},{\"@type\":\"ImageObject\",\"inLanguage\":\"it-IT\",\"@id\":\"https:\\\/\\\/www.redelk.it\\\/it\\\/prodotto\\\/laura-giacca-da-donna-in-lana-con-zip-intera\\\/#primaryimage\",\"url\":\"https:\\\/\\\/www.redelk.it\\\/wp-content\\\/uploads\\\/2021\\\/10\\\/laura-donna-357-ultimo.jpg\",\"contentUrl\":\"https:\\\/\\\/www.redelk.it\\\/wp-content\\\/uploads\\\/2021\\\/10\\\/laura-donna-357-ultimo.jpg\",\"width\":1772,\"height\":1772},{\"@type\":\"BreadcrumbList\",\"@id\":\"https:\\\/\\\/www.redelk.it\\\/it\\\/prodotto\\\/laura-giacca-da-donna-in-lana-con-zip-intera\\\/#breadcrumb\",\"itemListElement\":[{\"@type\":\"ListItem\",\"position\":1,\"name\":\"Home\",\"item\":\"https:\\\/\\\/www.redelk.it\\\/it\\\/\"},{\"@type\":\"ListItem\",\"position\":2,\"name\":\"Shop\",\"item\":\"https:\\\/\\\/www.redelk.it\\\/en\\\/negozio\\\/\"},{\"@type\":\"ListItem\",\"position\":3,\"name\":\"Laura- Giacca da donna in lana con zip intera\"}]},{\"@type\":\"WebSite\",\"@id\":\"https:\\\/\\\/www.redelk.it\\\/it\\\/#website\",\"url\":\"https:\\\/\\\/www.redelk.it\\\/it\\\/\",\"name\":\"Redelk\",\"description\":\"Redelk Outdoor\",\"publisher\":{\"@id\":\"https:\\\/\\\/www.redelk.it\\\/it\\\/#organization\"},\"alternateName\":\"Italy's #1 in Comfort Trekking Apparel\",\"potentialAction\":[{\"@type\":\"SearchAction\",\"target\":{\"@type\":\"EntryPoint\",\"urlTemplate\":\"https:\\\/\\\/www.redelk.it\\\/it\\\/?s={search_term_string}\"},\"query-input\":{\"@type\":\"PropertyValueSpecification\",\"valueRequired\":true,\"valueName\":\"search_term_string\"}}],\"inLanguage\":\"it-IT\"},{\"@type\":\"Organization\",\"@id\":\"https:\\\/\\\/www.redelk.it\\\/it\\\/#organization\",\"name\":\"Redelk\",\"url\":\"https:\\\/\\\/www.redelk.it\\\/it\\\/\",\"logo\":{\"@type\":\"ImageObject\",\"inLanguage\":\"it-IT\",\"@id\":\"https:\\\/\\\/www.redelk.it\\\/it\\\/#\\\/schema\\\/logo\\\/image\\\/\",\"url\":\"https:\\\/\\\/www.redelk.it\\\/wp-content\\\/uploads\\\/2020\\\/06\\\/anteprima-sito.jpg\",\"contentUrl\":\"https:\\\/\\\/www.redelk.it\\\/wp-content\\\/uploads\\\/2020\\\/06\\\/anteprima-sito.jpg\",\"width\":200,\"height\":200,\"caption\":\"Redelk\"},\"image\":{\"@id\":\"https:\\\/\\\/www.redelk.it\\\/it\\\/#\\\/schema\\\/logo\\\/image\\\/\"},\"sameAs\":[\"https:\\\/\\\/www.facebook.com\\\/REDELKoutdoor\\\/\",\"https:\\\/\\\/www.instagram.com\\\/redelkoutdoor\\\/\"]}]}<\/script>\n<!-- \/ Yoast SEO plugin. -->","yoast_head_json":{"title":"Laura- Giacca da donna in lana con zip intera - Redelk","robots":{"index":"index","follow":"follow","max-snippet":"max-snippet:-1","max-image-preview":"max-image-preview:large","max-video-preview":"max-video-preview:-1"},"canonical":"https:\/\/www.redelk.it\/it\/prodotto\/laura-giacca-da-donna-in-lana-con-zip-intera\/","og_locale":"it_IT","og_type":"article","og_title":"Laura- Giacca da donna in lana con zip intera - Redelk","og_description":"Giacca in lana realizzata in caldo e morbido tessuto in misto lana. Questo capo \u00e8 interamente realizzato in Italia, garanzia di qualit\u00e0 e cura che solo la manifattura italiana sa applicare alle sue produzioni. Le caratteristiche assorbenti e termoregolanti sono una soluzione affidabile contro freddo e vento mantenendo il corpo caldo e asciutto. LAURA \u00e8 ideato per passeggiate in montagna, ma anche camminate in citt\u00e0, perch\u00e9 \u00e8 un capo molto versatile, in grado di adattarsi al tipo di esigenza. La giacca presenta un elastico sul fondo della giacca oltre che ai polsini, inoltre \u00e8 dotata di due tasche con zip.\u00a0","og_url":"https:\/\/www.redelk.it\/it\/prodotto\/laura-giacca-da-donna-in-lana-con-zip-intera\/","og_site_name":"Redelk","article_publisher":"https:\/\/www.facebook.com\/REDELKoutdoor\/","article_modified_time":"2023-02-07T10:23:25+00:00","og_image":[{"width":1772,"height":1772,"url":"https:\/\/www.redelk.it\/wp-content\/uploads\/2021\/10\/laura-donna-357-ultimo.jpg","type":"image\/jpeg"}],"twitter_card":"summary_large_image","schema":{"@context":"https:\/\/schema.org","@graph":[{"@type":["WebPage","ItemPage"],"@id":"https:\/\/www.redelk.it\/it\/prodotto\/laura-giacca-da-donna-in-lana-con-zip-intera\/","url":"https:\/\/www.redelk.it\/it\/prodotto\/laura-giacca-da-donna-in-lana-con-zip-intera\/","name":"Laura- Giacca da donna in lana con zip intera - Redelk","isPartOf":{"@id":"https:\/\/www.redelk.it\/it\/#website"},"primaryImageOfPage":{"@id":"https:\/\/www.redelk.it\/it\/prodotto\/laura-giacca-da-donna-in-lana-con-zip-intera\/#primaryimage"},"image":{"@id":"https:\/\/www.redelk.it\/it\/prodotto\/laura-giacca-da-donna-in-lana-con-zip-intera\/#primaryimage"},"thumbnailUrl":"https:\/\/www.redelk.it\/wp-content\/uploads\/2021\/10\/laura-donna-357-ultimo.jpg","datePublished":"2021-10-14T10:46:32+00:00","dateModified":"2023-02-07T10:23:25+00:00","breadcrumb":{"@id":"https:\/\/www.redelk.it\/it\/prodotto\/laura-giacca-da-donna-in-lana-con-zip-intera\/#breadcrumb"},"inLanguage":"it-IT","potentialAction":[{"@type":"ReadAction","target":["https:\/\/www.redelk.it\/it\/prodotto\/laura-giacca-da-donna-in-lana-con-zip-intera\/"]}]},{"@type":"ImageObject","inLanguage":"it-IT","@id":"https:\/\/www.redelk.it\/it\/prodotto\/laura-giacca-da-donna-in-lana-con-zip-intera\/#primaryimage","url":"https:\/\/www.redelk.it\/wp-content\/uploads\/2021\/10\/laura-donna-357-ultimo.jpg","contentUrl":"https:\/\/www.redelk.it\/wp-content\/uploads\/2021\/10\/laura-donna-357-ultimo.jpg","width":1772,"height":1772},{"@type":"BreadcrumbList","@id":"https:\/\/www.redelk.it\/it\/prodotto\/laura-giacca-da-donna-in-lana-con-zip-intera\/#breadcrumb","itemListElement":[{"@type":"ListItem","position":1,"name":"Home","item":"https:\/\/www.redelk.it\/it\/"},{"@type":"ListItem","position":2,"name":"Shop","item":"https:\/\/www.redelk.it\/en\/negozio\/"},{"@type":"ListItem","position":3,"name":"Laura- Giacca da donna in lana con zip intera"}]},{"@type":"WebSite","@id":"https:\/\/www.redelk.it\/it\/#website","url":"https:\/\/www.redelk.it\/it\/","name":"Redelk","description":"Redelk Outdoor","publisher":{"@id":"https:\/\/www.redelk.it\/it\/#organization"},"alternateName":"Italy's #1 in Comfort Trekking Apparel","potentialAction":[{"@type":"SearchAction","target":{"@type":"EntryPoint","urlTemplate":"https:\/\/www.redelk.it\/it\/?s={search_term_string}"},"query-input":{"@type":"PropertyValueSpecification","valueRequired":true,"valueName":"search_term_string"}}],"inLanguage":"it-IT"},{"@type":"Organization","@id":"https:\/\/www.redelk.it\/it\/#organization","name":"Redelk","url":"https:\/\/www.redelk.it\/it\/","logo":{"@type":"ImageObject","inLanguage":"it-IT","@id":"https:\/\/www.redelk.it\/it\/#\/schema\/logo\/image\/","url":"https:\/\/www.redelk.it\/wp-content\/uploads\/2020\/06\/anteprima-sito.jpg","contentUrl":"https:\/\/www.redelk.it\/wp-content\/uploads\/2020\/06\/anteprima-sito.jpg","width":200,"height":200,"caption":"Redelk"},"image":{"@id":"https:\/\/www.redelk.it\/it\/#\/schema\/logo\/image\/"},"sameAs":["https:\/\/www.facebook.com\/REDELKoutdoor\/","https:\/\/www.instagram.com\/redelkoutdoor\/"]}]}},"_links":{"self":[{"href":"https:\/\/www.redelk.it\/it\/wp-json\/wp\/v2\/product\/12894","targetHints":{"allow":["GET"]}}],"collection":[{"href":"https:\/\/www.redelk.it\/it\/wp-json\/wp\/v2\/product"}],"about":[{"href":"https:\/\/www.redelk.it\/it\/wp-json\/wp\/v2\/types\/product"}],"wp:featuredmedia":[{"embeddable":true,"href":"https:\/\/www.redelk.it\/it\/wp-json\/wp\/v2\/media\/12897"}],"wp:attachment":[{"href":"https:\/\/www.redelk.it\/it\/wp-json\/wp\/v2\/media?parent=12894"}],"wp:term":[{"taxonomy":"product_cat","embeddable":true,"href":"https:\/\/www.redelk.it\/it\/wp-json\/wp\/v2\/product_cat?post=12894"},{"taxonomy":"product_tag","embeddable":true,"href":"https:\/\/www.redelk.it\/it\/wp-json\/wp\/v2\/product_tag?post=12894"}],"curies":[{"name":"wp","href":"https:\/\/api.w.org\/{rel}","templated":true}]}}