{"id":12848,"date":"2021-10-14T11:31:30","date_gmt":"2021-10-14T09:31:33","guid":{"rendered":"https:\/\/www.redelk.it\/?post_type=product&#038;p=12848"},"modified":"2023-02-07T11:17:12","modified_gmt":"2023-02-07T10:17:12","slug":"brigit-giacca-da-donna-in-lana-antivento","status":"publish","type":"product","link":"https:\/\/www.redelk.it\/it\/prodotto\/brigit-giacca-da-donna-in-lana-antivento\/","title":{"rendered":"Brigit- Giacca da donna in lana antivento"},"content":{"rendered":"","protected":false},"excerpt":{"rendered":"<p><span style=\"font-weight: 400;\">Giacca in lana antivento, con una comoda zip lunga. <\/span><b>BRIGIT <\/b><span style=\"font-weight: 400;\">\u00e8 un capo della collezione invernale realizzato totalmente in Italia, con un morbido e caldo tessuto in misto lana antivento. Ideale per passeggiate in montagna ma anche per camminate in citt\u00e0. Il tessuto ha propriet\u00e0 di antipilling ed il trattamento di protezione termica. Il collo della giacca \u00e8 molto alto per proteggere e tenere al caldo. <strong>BRIGIT<\/strong> \u00e8 dotata di due comode tasche con zip.<\/span><\/p>\n","protected":false},"featured_media":15441,"template":"","meta":{"_acf_changed":false},"product_cat":[176,178,464,478],"product_tag":[],"class_list":{"0":"post-12848","1":"product","2":"type-product","3":"status-publish","4":"has-post-thumbnail","6":"product_cat-attivita","7":"product_cat-giacche-donna-it","8":"product_cat-nordic-walking-it","9":"product_cat-outdoor-life-it","11":"first","12":"instock","13":"shipping-taxable","14":"purchasable","15":"product-type-variable","16":"has-default-attributes","17":"wvs-archive-product-wrapper"},"acf":[],"yoast_head":"<!-- This site is optimized with the Yoast SEO plugin v27.5 - https:\/\/yoast.com\/product\/yoast-seo-wordpress\/ -->\n<title>Brigit- Giacca da donna in lana antivento - Redelk<\/title>\n<meta name=\"robots\" content=\"index, follow, max-snippet:-1, max-image-preview:large, max-video-preview:-1\" \/>\n<link rel=\"canonical\" href=\"https:\/\/www.redelk.it\/it\/prodotto\/brigit-giacca-da-donna-in-lana-antivento\/\" \/>\n<meta property=\"og:locale\" content=\"it_IT\" \/>\n<meta property=\"og:type\" content=\"article\" \/>\n<meta property=\"og:title\" content=\"Brigit- Giacca da donna in lana antivento - Redelk\" \/>\n<meta property=\"og:description\" content=\"Giacca in lana antivento, con una comoda zip lunga. BRIGIT \u00e8 un capo della collezione invernale realizzato totalmente in Italia, con un morbido e caldo tessuto in misto lana antivento. Ideale per passeggiate in montagna ma anche per camminate in citt\u00e0. Il tessuto ha propriet\u00e0 di antipilling ed il trattamento di protezione termica. Il collo della giacca \u00e8 molto alto per proteggere e tenere al caldo. BRIGIT \u00e8 dotata di due comode tasche con zip.\" \/>\n<meta property=\"og:url\" content=\"https:\/\/www.redelk.it\/it\/prodotto\/brigit-giacca-da-donna-in-lana-antivento\/\" \/>\n<meta property=\"og:site_name\" content=\"Redelk\" \/>\n<meta property=\"article:publisher\" content=\"https:\/\/www.facebook.com\/REDELKoutdoor\/\" \/>\n<meta property=\"article:modified_time\" content=\"2023-02-07T10:17:12+00:00\" \/>\n<meta property=\"og:image\" content=\"https:\/\/www.redelk.it\/wp-content\/uploads\/2022\/08\/BRIGIT-Maglia-Woman-hood-700.jpg\" \/>\n\t<meta property=\"og:image:width\" content=\"1772\" \/>\n\t<meta property=\"og:image:height\" content=\"1772\" \/>\n\t<meta property=\"og:image:type\" content=\"image\/jpeg\" \/>\n<meta name=\"twitter:card\" content=\"summary_large_image\" \/>\n<script type=\"application\/ld+json\" class=\"yoast-schema-graph\">{\"@context\":\"https:\\\/\\\/schema.org\",\"@graph\":[{\"@type\":[\"WebPage\",\"ItemPage\"],\"@id\":\"https:\\\/\\\/www.redelk.it\\\/it\\\/prodotto\\\/brigit-giacca-da-donna-in-lana-antivento\\\/\",\"url\":\"https:\\\/\\\/www.redelk.it\\\/it\\\/prodotto\\\/brigit-giacca-da-donna-in-lana-antivento\\\/\",\"name\":\"Brigit- Giacca da donna in lana antivento - Redelk\",\"isPartOf\":{\"@id\":\"https:\\\/\\\/www.redelk.it\\\/it\\\/#website\"},\"primaryImageOfPage\":{\"@id\":\"https:\\\/\\\/www.redelk.it\\\/it\\\/prodotto\\\/brigit-giacca-da-donna-in-lana-antivento\\\/#primaryimage\"},\"image\":{\"@id\":\"https:\\\/\\\/www.redelk.it\\\/it\\\/prodotto\\\/brigit-giacca-da-donna-in-lana-antivento\\\/#primaryimage\"},\"thumbnailUrl\":\"https:\\\/\\\/www.redelk.it\\\/wp-content\\\/uploads\\\/2022\\\/08\\\/BRIGIT-Maglia-Woman-hood-700.jpg\",\"datePublished\":\"2021-10-14T09:31:33+00:00\",\"dateModified\":\"2023-02-07T10:17:12+00:00\",\"breadcrumb\":{\"@id\":\"https:\\\/\\\/www.redelk.it\\\/it\\\/prodotto\\\/brigit-giacca-da-donna-in-lana-antivento\\\/#breadcrumb\"},\"inLanguage\":\"it-IT\",\"potentialAction\":[{\"@type\":\"ReadAction\",\"target\":[\"https:\\\/\\\/www.redelk.it\\\/it\\\/prodotto\\\/brigit-giacca-da-donna-in-lana-antivento\\\/\"]}]},{\"@type\":\"ImageObject\",\"inLanguage\":\"it-IT\",\"@id\":\"https:\\\/\\\/www.redelk.it\\\/it\\\/prodotto\\\/brigit-giacca-da-donna-in-lana-antivento\\\/#primaryimage\",\"url\":\"https:\\\/\\\/www.redelk.it\\\/wp-content\\\/uploads\\\/2022\\\/08\\\/BRIGIT-Maglia-Woman-hood-700.jpg\",\"contentUrl\":\"https:\\\/\\\/www.redelk.it\\\/wp-content\\\/uploads\\\/2022\\\/08\\\/BRIGIT-Maglia-Woman-hood-700.jpg\",\"width\":1772,\"height\":1772},{\"@type\":\"BreadcrumbList\",\"@id\":\"https:\\\/\\\/www.redelk.it\\\/it\\\/prodotto\\\/brigit-giacca-da-donna-in-lana-antivento\\\/#breadcrumb\",\"itemListElement\":[{\"@type\":\"ListItem\",\"position\":1,\"name\":\"Home\",\"item\":\"https:\\\/\\\/www.redelk.it\\\/it\\\/\"},{\"@type\":\"ListItem\",\"position\":2,\"name\":\"Shop\",\"item\":\"https:\\\/\\\/www.redelk.it\\\/en\\\/negozio\\\/\"},{\"@type\":\"ListItem\",\"position\":3,\"name\":\"Brigit- Giacca da donna in lana antivento\"}]},{\"@type\":\"WebSite\",\"@id\":\"https:\\\/\\\/www.redelk.it\\\/it\\\/#website\",\"url\":\"https:\\\/\\\/www.redelk.it\\\/it\\\/\",\"name\":\"Redelk\",\"description\":\"Redelk Outdoor\",\"publisher\":{\"@id\":\"https:\\\/\\\/www.redelk.it\\\/it\\\/#organization\"},\"alternateName\":\"Italy's #1 in Comfort Trekking Apparel\",\"potentialAction\":[{\"@type\":\"SearchAction\",\"target\":{\"@type\":\"EntryPoint\",\"urlTemplate\":\"https:\\\/\\\/www.redelk.it\\\/it\\\/?s={search_term_string}\"},\"query-input\":{\"@type\":\"PropertyValueSpecification\",\"valueRequired\":true,\"valueName\":\"search_term_string\"}}],\"inLanguage\":\"it-IT\"},{\"@type\":\"Organization\",\"@id\":\"https:\\\/\\\/www.redelk.it\\\/it\\\/#organization\",\"name\":\"Redelk\",\"url\":\"https:\\\/\\\/www.redelk.it\\\/it\\\/\",\"logo\":{\"@type\":\"ImageObject\",\"inLanguage\":\"it-IT\",\"@id\":\"https:\\\/\\\/www.redelk.it\\\/it\\\/#\\\/schema\\\/logo\\\/image\\\/\",\"url\":\"https:\\\/\\\/www.redelk.it\\\/wp-content\\\/uploads\\\/2020\\\/06\\\/anteprima-sito.jpg\",\"contentUrl\":\"https:\\\/\\\/www.redelk.it\\\/wp-content\\\/uploads\\\/2020\\\/06\\\/anteprima-sito.jpg\",\"width\":200,\"height\":200,\"caption\":\"Redelk\"},\"image\":{\"@id\":\"https:\\\/\\\/www.redelk.it\\\/it\\\/#\\\/schema\\\/logo\\\/image\\\/\"},\"sameAs\":[\"https:\\\/\\\/www.facebook.com\\\/REDELKoutdoor\\\/\",\"https:\\\/\\\/www.instagram.com\\\/redelkoutdoor\\\/\"]}]}<\/script>\n<!-- \/ Yoast SEO plugin. -->","yoast_head_json":{"title":"Brigit- Giacca da donna in lana antivento - Redelk","robots":{"index":"index","follow":"follow","max-snippet":"max-snippet:-1","max-image-preview":"max-image-preview:large","max-video-preview":"max-video-preview:-1"},"canonical":"https:\/\/www.redelk.it\/it\/prodotto\/brigit-giacca-da-donna-in-lana-antivento\/","og_locale":"it_IT","og_type":"article","og_title":"Brigit- Giacca da donna in lana antivento - Redelk","og_description":"Giacca in lana antivento, con una comoda zip lunga. BRIGIT \u00e8 un capo della collezione invernale realizzato totalmente in Italia, con un morbido e caldo tessuto in misto lana antivento. Ideale per passeggiate in montagna ma anche per camminate in citt\u00e0. Il tessuto ha propriet\u00e0 di antipilling ed il trattamento di protezione termica. Il collo della giacca \u00e8 molto alto per proteggere e tenere al caldo. BRIGIT \u00e8 dotata di due comode tasche con zip.","og_url":"https:\/\/www.redelk.it\/it\/prodotto\/brigit-giacca-da-donna-in-lana-antivento\/","og_site_name":"Redelk","article_publisher":"https:\/\/www.facebook.com\/REDELKoutdoor\/","article_modified_time":"2023-02-07T10:17:12+00:00","og_image":[{"width":1772,"height":1772,"url":"https:\/\/www.redelk.it\/wp-content\/uploads\/2022\/08\/BRIGIT-Maglia-Woman-hood-700.jpg","type":"image\/jpeg"}],"twitter_card":"summary_large_image","schema":{"@context":"https:\/\/schema.org","@graph":[{"@type":["WebPage","ItemPage"],"@id":"https:\/\/www.redelk.it\/it\/prodotto\/brigit-giacca-da-donna-in-lana-antivento\/","url":"https:\/\/www.redelk.it\/it\/prodotto\/brigit-giacca-da-donna-in-lana-antivento\/","name":"Brigit- Giacca da donna in lana antivento - Redelk","isPartOf":{"@id":"https:\/\/www.redelk.it\/it\/#website"},"primaryImageOfPage":{"@id":"https:\/\/www.redelk.it\/it\/prodotto\/brigit-giacca-da-donna-in-lana-antivento\/#primaryimage"},"image":{"@id":"https:\/\/www.redelk.it\/it\/prodotto\/brigit-giacca-da-donna-in-lana-antivento\/#primaryimage"},"thumbnailUrl":"https:\/\/www.redelk.it\/wp-content\/uploads\/2022\/08\/BRIGIT-Maglia-Woman-hood-700.jpg","datePublished":"2021-10-14T09:31:33+00:00","dateModified":"2023-02-07T10:17:12+00:00","breadcrumb":{"@id":"https:\/\/www.redelk.it\/it\/prodotto\/brigit-giacca-da-donna-in-lana-antivento\/#breadcrumb"},"inLanguage":"it-IT","potentialAction":[{"@type":"ReadAction","target":["https:\/\/www.redelk.it\/it\/prodotto\/brigit-giacca-da-donna-in-lana-antivento\/"]}]},{"@type":"ImageObject","inLanguage":"it-IT","@id":"https:\/\/www.redelk.it\/it\/prodotto\/brigit-giacca-da-donna-in-lana-antivento\/#primaryimage","url":"https:\/\/www.redelk.it\/wp-content\/uploads\/2022\/08\/BRIGIT-Maglia-Woman-hood-700.jpg","contentUrl":"https:\/\/www.redelk.it\/wp-content\/uploads\/2022\/08\/BRIGIT-Maglia-Woman-hood-700.jpg","width":1772,"height":1772},{"@type":"BreadcrumbList","@id":"https:\/\/www.redelk.it\/it\/prodotto\/brigit-giacca-da-donna-in-lana-antivento\/#breadcrumb","itemListElement":[{"@type":"ListItem","position":1,"name":"Home","item":"https:\/\/www.redelk.it\/it\/"},{"@type":"ListItem","position":2,"name":"Shop","item":"https:\/\/www.redelk.it\/en\/negozio\/"},{"@type":"ListItem","position":3,"name":"Brigit- Giacca da donna in lana antivento"}]},{"@type":"WebSite","@id":"https:\/\/www.redelk.it\/it\/#website","url":"https:\/\/www.redelk.it\/it\/","name":"Redelk","description":"Redelk Outdoor","publisher":{"@id":"https:\/\/www.redelk.it\/it\/#organization"},"alternateName":"Italy's #1 in Comfort Trekking Apparel","potentialAction":[{"@type":"SearchAction","target":{"@type":"EntryPoint","urlTemplate":"https:\/\/www.redelk.it\/it\/?s={search_term_string}"},"query-input":{"@type":"PropertyValueSpecification","valueRequired":true,"valueName":"search_term_string"}}],"inLanguage":"it-IT"},{"@type":"Organization","@id":"https:\/\/www.redelk.it\/it\/#organization","name":"Redelk","url":"https:\/\/www.redelk.it\/it\/","logo":{"@type":"ImageObject","inLanguage":"it-IT","@id":"https:\/\/www.redelk.it\/it\/#\/schema\/logo\/image\/","url":"https:\/\/www.redelk.it\/wp-content\/uploads\/2020\/06\/anteprima-sito.jpg","contentUrl":"https:\/\/www.redelk.it\/wp-content\/uploads\/2020\/06\/anteprima-sito.jpg","width":200,"height":200,"caption":"Redelk"},"image":{"@id":"https:\/\/www.redelk.it\/it\/#\/schema\/logo\/image\/"},"sameAs":["https:\/\/www.facebook.com\/REDELKoutdoor\/","https:\/\/www.instagram.com\/redelkoutdoor\/"]}]}},"_links":{"self":[{"href":"https:\/\/www.redelk.it\/it\/wp-json\/wp\/v2\/product\/12848","targetHints":{"allow":["GET"]}}],"collection":[{"href":"https:\/\/www.redelk.it\/it\/wp-json\/wp\/v2\/product"}],"about":[{"href":"https:\/\/www.redelk.it\/it\/wp-json\/wp\/v2\/types\/product"}],"wp:featuredmedia":[{"embeddable":true,"href":"https:\/\/www.redelk.it\/it\/wp-json\/wp\/v2\/media\/15441"}],"wp:attachment":[{"href":"https:\/\/www.redelk.it\/it\/wp-json\/wp\/v2\/media?parent=12848"}],"wp:term":[{"taxonomy":"product_cat","embeddable":true,"href":"https:\/\/www.redelk.it\/it\/wp-json\/wp\/v2\/product_cat?post=12848"},{"taxonomy":"product_tag","embeddable":true,"href":"https:\/\/www.redelk.it\/it\/wp-json\/wp\/v2\/product_tag?post=12848"}],"curies":[{"name":"wp","href":"https:\/\/api.w.org\/{rel}","templated":true}]}}