{"id":12064,"date":"2021-04-21T09:25:37","date_gmt":"2021-04-21T07:25:40","guid":{"rendered":"https:\/\/www.redelk.it\/?post_type=product&#038;p=12064"},"modified":"2021-04-23T15:18:38","modified_gmt":"2021-04-23T13:18:38","slug":"aline-giacca-leggera-con-cappuccio-in-soft-shell-donna","status":"publish","type":"product","link":"https:\/\/www.redelk.it\/it\/prodotto\/aline-giacca-leggera-con-cappuccio-in-soft-shell-donna\/","title":{"rendered":"Aline &#8211; giacca leggera con cappuccio in soft shell donna"},"content":{"rendered":"","protected":false},"excerpt":{"rendered":"<p><b>ALINE <\/b>\u00e8 la giacca leggera da donna in soft-shell studiata per attivit\u00e0 come hiking, trekking, sci alpinismo. Ideale anche come capo lifestyle, \u00e8 realizzato in <em>PREMIUM-SHELL<\/em>, con colonna d\u2019acqua fino 10.000 mm e ottima traspirabilit\u00e0 (5.000 g\/mq\/24h). Capo dotato di tasche laterali multifunzione e tasca sul petto con zip completano questo capo di tutti i dettagli che lo rendono unico e perfetto per le tue attivit\u00e0 outdoor. Slim fit.<\/p>\n","protected":false},"featured_media":13389,"template":"","meta":{"_acf_changed":false},"product_cat":[176,178,258,479,464,480],"product_tag":[],"acf":[],"yoast_head":"<!-- This site is optimized with the Yoast SEO plugin v24.5 - https:\/\/yoast.com\/wordpress\/plugins\/seo\/ -->\n<title>Aline - giacca leggera con cappuccio in soft shell donna - Redelk<\/title>\n<meta name=\"robots\" content=\"index, follow, max-snippet:-1, max-image-preview:large, max-video-preview:-1\" \/>\n<link rel=\"canonical\" href=\"https:\/\/www.redelk.it\/it\/prodotto\/aline-giacca-leggera-con-cappuccio-in-soft-shell-donna\/\" \/>\n<meta property=\"og:locale\" content=\"it_IT\" \/>\n<meta property=\"og:type\" content=\"article\" \/>\n<meta property=\"og:title\" content=\"Aline - giacca leggera con cappuccio in soft shell donna - Redelk\" \/>\n<meta property=\"og:description\" content=\"ALINE \u00e8 la giacca leggera da donna in soft-shell studiata per attivit\u00e0 come hiking, trekking, sci alpinismo. Ideale anche come capo lifestyle, \u00e8 realizzato in PREMIUM-SHELL, con colonna d\u2019acqua fino 10.000 mm e ottima traspirabilit\u00e0 (5.000 g\/mq\/24h). Capo dotato di tasche laterali multifunzione e tasca sul petto con zip completano questo capo di tutti i dettagli che lo rendono unico e perfetto per le tue attivit\u00e0 outdoor. Slim fit.\" \/>\n<meta property=\"og:url\" content=\"https:\/\/www.redelk.it\/it\/prodotto\/aline-giacca-leggera-con-cappuccio-in-soft-shell-donna\/\" \/>\n<meta property=\"og:site_name\" content=\"Redelk\" \/>\n<meta property=\"article:publisher\" content=\"https:\/\/www.facebook.com\/REDELKoutdoor\/\" \/>\n<meta property=\"article:modified_time\" content=\"2021-04-23T13:18:38+00:00\" \/>\n<meta property=\"og:image\" content=\"https:\/\/www.redelk.it\/wp-content\/uploads\/2021\/04\/Aline-JKT-Woman-183.jpg\" \/>\n\t<meta property=\"og:image:width\" content=\"1772\" \/>\n\t<meta property=\"og:image:height\" content=\"1772\" \/>\n\t<meta property=\"og:image:type\" content=\"image\/jpeg\" \/>\n<meta name=\"twitter:card\" content=\"summary_large_image\" \/>\n<script type=\"application\/ld+json\" class=\"yoast-schema-graph\">{\"@context\":\"https:\/\/schema.org\",\"@graph\":[{\"@type\":[\"WebPage\",\"ItemPage\"],\"@id\":\"https:\/\/www.redelk.it\/it\/prodotto\/aline-giacca-leggera-con-cappuccio-in-soft-shell-donna\/\",\"url\":\"https:\/\/www.redelk.it\/it\/prodotto\/aline-giacca-leggera-con-cappuccio-in-soft-shell-donna\/\",\"name\":\"Aline - giacca leggera con cappuccio in soft shell donna - Redelk\",\"isPartOf\":{\"@id\":\"https:\/\/www.redelk.it\/it\/#website\"},\"primaryImageOfPage\":{\"@id\":\"https:\/\/www.redelk.it\/it\/prodotto\/aline-giacca-leggera-con-cappuccio-in-soft-shell-donna\/#primaryimage\"},\"image\":{\"@id\":\"https:\/\/www.redelk.it\/it\/prodotto\/aline-giacca-leggera-con-cappuccio-in-soft-shell-donna\/#primaryimage\"},\"thumbnailUrl\":\"https:\/\/www.redelk.it\/wp-content\/uploads\/2022\/03\/Aline-Woman-Jacket-469.jpg\",\"datePublished\":\"2021-04-21T07:25:40+00:00\",\"dateModified\":\"2021-04-23T13:18:38+00:00\",\"breadcrumb\":{\"@id\":\"https:\/\/www.redelk.it\/it\/prodotto\/aline-giacca-leggera-con-cappuccio-in-soft-shell-donna\/#breadcrumb\"},\"inLanguage\":\"it-IT\",\"potentialAction\":[{\"@type\":\"ReadAction\",\"target\":[\"https:\/\/www.redelk.it\/it\/prodotto\/aline-giacca-leggera-con-cappuccio-in-soft-shell-donna\/\"]}]},{\"@type\":\"ImageObject\",\"inLanguage\":\"it-IT\",\"@id\":\"https:\/\/www.redelk.it\/it\/prodotto\/aline-giacca-leggera-con-cappuccio-in-soft-shell-donna\/#primaryimage\",\"url\":\"https:\/\/www.redelk.it\/wp-content\/uploads\/2022\/03\/Aline-Woman-Jacket-469.jpg\",\"contentUrl\":\"https:\/\/www.redelk.it\/wp-content\/uploads\/2022\/03\/Aline-Woman-Jacket-469.jpg\",\"width\":1772,\"height\":1772},{\"@type\":\"BreadcrumbList\",\"@id\":\"https:\/\/www.redelk.it\/it\/prodotto\/aline-giacca-leggera-con-cappuccio-in-soft-shell-donna\/#breadcrumb\",\"itemListElement\":[{\"@type\":\"ListItem\",\"position\":1,\"name\":\"Home\",\"item\":\"https:\/\/www.redelk.it\/it\/\"},{\"@type\":\"ListItem\",\"position\":2,\"name\":\"Shop\",\"item\":\"https:\/\/www.redelk.it\/en\/negozio\/\"},{\"@type\":\"ListItem\",\"position\":3,\"name\":\"Aline &#8211; giacca leggera con cappuccio in soft shell donna\"}]},{\"@type\":\"WebSite\",\"@id\":\"https:\/\/www.redelk.it\/it\/#website\",\"url\":\"https:\/\/www.redelk.it\/it\/\",\"name\":\"Redelk\",\"description\":\"Redelk Outdoor\",\"publisher\":{\"@id\":\"https:\/\/www.redelk.it\/it\/#organization\"},\"alternateName\":\"Italy's #1 in Comfort Trekking Apparel\",\"potentialAction\":[{\"@type\":\"SearchAction\",\"target\":{\"@type\":\"EntryPoint\",\"urlTemplate\":\"https:\/\/www.redelk.it\/it\/?s={search_term_string}\"},\"query-input\":{\"@type\":\"PropertyValueSpecification\",\"valueRequired\":true,\"valueName\":\"search_term_string\"}}],\"inLanguage\":\"it-IT\"},{\"@type\":\"Organization\",\"@id\":\"https:\/\/www.redelk.it\/it\/#organization\",\"name\":\"Redelk\",\"url\":\"https:\/\/www.redelk.it\/it\/\",\"logo\":{\"@type\":\"ImageObject\",\"inLanguage\":\"it-IT\",\"@id\":\"https:\/\/www.redelk.it\/it\/#\/schema\/logo\/image\/\",\"url\":\"https:\/\/www.redelk.it\/wp-content\/uploads\/2020\/06\/anteprima-sito.jpg\",\"contentUrl\":\"https:\/\/www.redelk.it\/wp-content\/uploads\/2020\/06\/anteprima-sito.jpg\",\"width\":200,\"height\":200,\"caption\":\"Redelk\"},\"image\":{\"@id\":\"https:\/\/www.redelk.it\/it\/#\/schema\/logo\/image\/\"},\"sameAs\":[\"https:\/\/www.facebook.com\/REDELKoutdoor\/\",\"https:\/\/www.instagram.com\/redelkoutdoor\/\"]}]}<\/script>\n<!-- \/ Yoast SEO plugin. -->","yoast_head_json":{"title":"Aline - giacca leggera con cappuccio in soft shell donna - Redelk","robots":{"index":"index","follow":"follow","max-snippet":"max-snippet:-1","max-image-preview":"max-image-preview:large","max-video-preview":"max-video-preview:-1"},"canonical":"https:\/\/www.redelk.it\/it\/prodotto\/aline-giacca-leggera-con-cappuccio-in-soft-shell-donna\/","og_locale":"it_IT","og_type":"article","og_title":"Aline - giacca leggera con cappuccio in soft shell donna - Redelk","og_description":"ALINE \u00e8 la giacca leggera da donna in soft-shell studiata per attivit\u00e0 come hiking, trekking, sci alpinismo. Ideale anche come capo lifestyle, \u00e8 realizzato in PREMIUM-SHELL, con colonna d\u2019acqua fino 10.000 mm e ottima traspirabilit\u00e0 (5.000 g\/mq\/24h). Capo dotato di tasche laterali multifunzione e tasca sul petto con zip completano questo capo di tutti i dettagli che lo rendono unico e perfetto per le tue attivit\u00e0 outdoor. Slim fit.","og_url":"https:\/\/www.redelk.it\/it\/prodotto\/aline-giacca-leggera-con-cappuccio-in-soft-shell-donna\/","og_site_name":"Redelk","article_publisher":"https:\/\/www.facebook.com\/REDELKoutdoor\/","article_modified_time":"2021-04-23T13:18:38+00:00","og_image":[{"width":1772,"height":1772,"url":"https:\/\/www.redelk.it\/wp-content\/uploads\/2021\/04\/Aline-JKT-Woman-183.jpg","type":"image\/jpeg"}],"twitter_card":"summary_large_image","schema":{"@context":"https:\/\/schema.org","@graph":[{"@type":["WebPage","ItemPage"],"@id":"https:\/\/www.redelk.it\/it\/prodotto\/aline-giacca-leggera-con-cappuccio-in-soft-shell-donna\/","url":"https:\/\/www.redelk.it\/it\/prodotto\/aline-giacca-leggera-con-cappuccio-in-soft-shell-donna\/","name":"Aline - giacca leggera con cappuccio in soft shell donna - Redelk","isPartOf":{"@id":"https:\/\/www.redelk.it\/it\/#website"},"primaryImageOfPage":{"@id":"https:\/\/www.redelk.it\/it\/prodotto\/aline-giacca-leggera-con-cappuccio-in-soft-shell-donna\/#primaryimage"},"image":{"@id":"https:\/\/www.redelk.it\/it\/prodotto\/aline-giacca-leggera-con-cappuccio-in-soft-shell-donna\/#primaryimage"},"thumbnailUrl":"https:\/\/www.redelk.it\/wp-content\/uploads\/2022\/03\/Aline-Woman-Jacket-469.jpg","datePublished":"2021-04-21T07:25:40+00:00","dateModified":"2021-04-23T13:18:38+00:00","breadcrumb":{"@id":"https:\/\/www.redelk.it\/it\/prodotto\/aline-giacca-leggera-con-cappuccio-in-soft-shell-donna\/#breadcrumb"},"inLanguage":"it-IT","potentialAction":[{"@type":"ReadAction","target":["https:\/\/www.redelk.it\/it\/prodotto\/aline-giacca-leggera-con-cappuccio-in-soft-shell-donna\/"]}]},{"@type":"ImageObject","inLanguage":"it-IT","@id":"https:\/\/www.redelk.it\/it\/prodotto\/aline-giacca-leggera-con-cappuccio-in-soft-shell-donna\/#primaryimage","url":"https:\/\/www.redelk.it\/wp-content\/uploads\/2022\/03\/Aline-Woman-Jacket-469.jpg","contentUrl":"https:\/\/www.redelk.it\/wp-content\/uploads\/2022\/03\/Aline-Woman-Jacket-469.jpg","width":1772,"height":1772},{"@type":"BreadcrumbList","@id":"https:\/\/www.redelk.it\/it\/prodotto\/aline-giacca-leggera-con-cappuccio-in-soft-shell-donna\/#breadcrumb","itemListElement":[{"@type":"ListItem","position":1,"name":"Home","item":"https:\/\/www.redelk.it\/it\/"},{"@type":"ListItem","position":2,"name":"Shop","item":"https:\/\/www.redelk.it\/en\/negozio\/"},{"@type":"ListItem","position":3,"name":"Aline &#8211; giacca leggera con cappuccio in soft shell donna"}]},{"@type":"WebSite","@id":"https:\/\/www.redelk.it\/it\/#website","url":"https:\/\/www.redelk.it\/it\/","name":"Redelk","description":"Redelk Outdoor","publisher":{"@id":"https:\/\/www.redelk.it\/it\/#organization"},"alternateName":"Italy's #1 in Comfort Trekking Apparel","potentialAction":[{"@type":"SearchAction","target":{"@type":"EntryPoint","urlTemplate":"https:\/\/www.redelk.it\/it\/?s={search_term_string}"},"query-input":{"@type":"PropertyValueSpecification","valueRequired":true,"valueName":"search_term_string"}}],"inLanguage":"it-IT"},{"@type":"Organization","@id":"https:\/\/www.redelk.it\/it\/#organization","name":"Redelk","url":"https:\/\/www.redelk.it\/it\/","logo":{"@type":"ImageObject","inLanguage":"it-IT","@id":"https:\/\/www.redelk.it\/it\/#\/schema\/logo\/image\/","url":"https:\/\/www.redelk.it\/wp-content\/uploads\/2020\/06\/anteprima-sito.jpg","contentUrl":"https:\/\/www.redelk.it\/wp-content\/uploads\/2020\/06\/anteprima-sito.jpg","width":200,"height":200,"caption":"Redelk"},"image":{"@id":"https:\/\/www.redelk.it\/it\/#\/schema\/logo\/image\/"},"sameAs":["https:\/\/www.facebook.com\/REDELKoutdoor\/","https:\/\/www.instagram.com\/redelkoutdoor\/"]}]}},"_links":{"self":[{"href":"https:\/\/www.redelk.it\/it\/wp-json\/wp\/v2\/product\/12064"}],"collection":[{"href":"https:\/\/www.redelk.it\/it\/wp-json\/wp\/v2\/product"}],"about":[{"href":"https:\/\/www.redelk.it\/it\/wp-json\/wp\/v2\/types\/product"}],"wp:featuredmedia":[{"embeddable":true,"href":"https:\/\/www.redelk.it\/it\/wp-json\/wp\/v2\/media\/13389"}],"wp:attachment":[{"href":"https:\/\/www.redelk.it\/it\/wp-json\/wp\/v2\/media?parent=12064"}],"wp:term":[{"taxonomy":"product_cat","embeddable":true,"href":"https:\/\/www.redelk.it\/it\/wp-json\/wp\/v2\/product_cat?post=12064"},{"taxonomy":"product_tag","embeddable":true,"href":"https:\/\/www.redelk.it\/it\/wp-json\/wp\/v2\/product_tag?post=12064"}],"curies":[{"name":"wp","href":"https:\/\/api.w.org\/{rel}","templated":true}]}}