{"id":10459,"date":"2020-12-10T16:16:18","date_gmt":"2020-12-10T15:16:19","guid":{"rendered":"https:\/\/www.redelk.it\/?post_type=product&#038;p=10459"},"modified":"2023-03-13T16:40:18","modified_gmt":"2023-03-13T15:40:18","slug":"elk-berretto-invernale","status":"publish","type":"product","link":"https:\/\/www.redelk.it\/it\/prodotto\/elk-berretto-invernale\/","title":{"rendered":"ELK  &#8211; Berretto invernale"},"content":{"rendered":"","protected":false},"excerpt":{"rendered":"<p>Caldo berretto in pile dal tessuto leggero, elastico e confortevole. <strong>ELK<\/strong> \u00e8 internamente garzato a <em>4 vie<\/em>. Dotato di varie propriet\u00e0 tra cui <em>protezione termica<\/em> e <em>protezione UV<\/em>; inoltre \u00e8 <em>batteriostatico<\/em> e <em>antipilling<\/em>. Ideale per escursioni invernali come trekking o hiking. Scegli tra le varie colorazioni l\u2019<strong>ELK<\/strong> che fa al caso tuo.<\/p>\n","protected":false},"featured_media":19491,"template":"","meta":{"_acf_changed":false},"product_cat":[505,479,464,478,480],"product_tag":[],"class_list":{"0":"post-10459","1":"product","2":"type-product","3":"status-publish","4":"has-post-thumbnail","6":"product_cat-accessori","7":"product_cat-hiking-trekking-it","8":"product_cat-nordic-walking-it","9":"product_cat-outdoor-life-it","10":"product_cat-sci-alpinismo-it","12":"first","13":"instock","14":"shipping-taxable","15":"purchasable","16":"product-type-variable","17":"has-default-attributes","18":"wvs-archive-product-wrapper"},"acf":[],"yoast_head":"<!-- This site is optimized with the Yoast SEO plugin v27.5 - https:\/\/yoast.com\/product\/yoast-seo-wordpress\/ -->\n<title>ELK - Berretto invernale - Redelk<\/title>\n<meta name=\"robots\" content=\"index, follow, max-snippet:-1, max-image-preview:large, max-video-preview:-1\" \/>\n<link rel=\"canonical\" href=\"https:\/\/www.redelk.it\/it\/prodotto\/elk-berretto-invernale\/\" \/>\n<meta property=\"og:locale\" content=\"it_IT\" \/>\n<meta property=\"og:type\" content=\"article\" \/>\n<meta property=\"og:title\" content=\"ELK - Berretto invernale - Redelk\" \/>\n<meta property=\"og:description\" content=\"Caldo berretto in pile dal tessuto leggero, elastico e confortevole. ELK \u00e8 internamente garzato a 4 vie. Dotato di varie propriet\u00e0 tra cui protezione termica e protezione UV; inoltre \u00e8 batteriostatico e antipilling. Ideale per escursioni invernali come trekking o hiking. Scegli tra le varie colorazioni l\u2019ELK che fa al caso tuo.\" \/>\n<meta property=\"og:url\" content=\"https:\/\/www.redelk.it\/it\/prodotto\/elk-berretto-invernale\/\" \/>\n<meta property=\"og:site_name\" content=\"Redelk\" \/>\n<meta property=\"article:publisher\" content=\"https:\/\/www.facebook.com\/REDELKoutdoor\/\" \/>\n<meta property=\"article:modified_time\" content=\"2023-03-13T15:40:18+00:00\" \/>\n<meta property=\"og:image\" content=\"https:\/\/www.redelk.it\/wp-content\/uploads\/2020\/12\/Elk-Hat-761.jpg\" \/>\n\t<meta property=\"og:image:width\" content=\"1772\" \/>\n\t<meta property=\"og:image:height\" content=\"1772\" \/>\n\t<meta property=\"og:image:type\" content=\"image\/jpeg\" \/>\n<meta name=\"twitter:card\" content=\"summary_large_image\" \/>\n<script type=\"application\/ld+json\" class=\"yoast-schema-graph\">{\"@context\":\"https:\\\/\\\/schema.org\",\"@graph\":[{\"@type\":[\"WebPage\",\"ItemPage\"],\"@id\":\"https:\\\/\\\/www.redelk.it\\\/it\\\/prodotto\\\/elk-berretto-invernale\\\/\",\"url\":\"https:\\\/\\\/www.redelk.it\\\/it\\\/prodotto\\\/elk-berretto-invernale\\\/\",\"name\":\"ELK - Berretto invernale - Redelk\",\"isPartOf\":{\"@id\":\"https:\\\/\\\/www.redelk.it\\\/it\\\/#website\"},\"primaryImageOfPage\":{\"@id\":\"https:\\\/\\\/www.redelk.it\\\/it\\\/prodotto\\\/elk-berretto-invernale\\\/#primaryimage\"},\"image\":{\"@id\":\"https:\\\/\\\/www.redelk.it\\\/it\\\/prodotto\\\/elk-berretto-invernale\\\/#primaryimage\"},\"thumbnailUrl\":\"https:\\\/\\\/www.redelk.it\\\/wp-content\\\/uploads\\\/2020\\\/12\\\/Elk-Hat-761.jpg\",\"datePublished\":\"2020-12-10T15:16:19+00:00\",\"dateModified\":\"2023-03-13T15:40:18+00:00\",\"breadcrumb\":{\"@id\":\"https:\\\/\\\/www.redelk.it\\\/it\\\/prodotto\\\/elk-berretto-invernale\\\/#breadcrumb\"},\"inLanguage\":\"it-IT\",\"potentialAction\":[{\"@type\":\"ReadAction\",\"target\":[\"https:\\\/\\\/www.redelk.it\\\/it\\\/prodotto\\\/elk-berretto-invernale\\\/\"]}]},{\"@type\":\"ImageObject\",\"inLanguage\":\"it-IT\",\"@id\":\"https:\\\/\\\/www.redelk.it\\\/it\\\/prodotto\\\/elk-berretto-invernale\\\/#primaryimage\",\"url\":\"https:\\\/\\\/www.redelk.it\\\/wp-content\\\/uploads\\\/2020\\\/12\\\/Elk-Hat-761.jpg\",\"contentUrl\":\"https:\\\/\\\/www.redelk.it\\\/wp-content\\\/uploads\\\/2020\\\/12\\\/Elk-Hat-761.jpg\",\"width\":1772,\"height\":1772},{\"@type\":\"BreadcrumbList\",\"@id\":\"https:\\\/\\\/www.redelk.it\\\/it\\\/prodotto\\\/elk-berretto-invernale\\\/#breadcrumb\",\"itemListElement\":[{\"@type\":\"ListItem\",\"position\":1,\"name\":\"Home\",\"item\":\"https:\\\/\\\/www.redelk.it\\\/it\\\/\"},{\"@type\":\"ListItem\",\"position\":2,\"name\":\"Shop\",\"item\":\"https:\\\/\\\/www.redelk.it\\\/en\\\/negozio\\\/\"},{\"@type\":\"ListItem\",\"position\":3,\"name\":\"ELK &#8211; Berretto invernale\"}]},{\"@type\":\"WebSite\",\"@id\":\"https:\\\/\\\/www.redelk.it\\\/it\\\/#website\",\"url\":\"https:\\\/\\\/www.redelk.it\\\/it\\\/\",\"name\":\"Redelk\",\"description\":\"Redelk Outdoor\",\"publisher\":{\"@id\":\"https:\\\/\\\/www.redelk.it\\\/it\\\/#organization\"},\"alternateName\":\"Italy's #1 in Comfort Trekking Apparel\",\"potentialAction\":[{\"@type\":\"SearchAction\",\"target\":{\"@type\":\"EntryPoint\",\"urlTemplate\":\"https:\\\/\\\/www.redelk.it\\\/it\\\/?s={search_term_string}\"},\"query-input\":{\"@type\":\"PropertyValueSpecification\",\"valueRequired\":true,\"valueName\":\"search_term_string\"}}],\"inLanguage\":\"it-IT\"},{\"@type\":\"Organization\",\"@id\":\"https:\\\/\\\/www.redelk.it\\\/it\\\/#organization\",\"name\":\"Redelk\",\"url\":\"https:\\\/\\\/www.redelk.it\\\/it\\\/\",\"logo\":{\"@type\":\"ImageObject\",\"inLanguage\":\"it-IT\",\"@id\":\"https:\\\/\\\/www.redelk.it\\\/it\\\/#\\\/schema\\\/logo\\\/image\\\/\",\"url\":\"https:\\\/\\\/www.redelk.it\\\/wp-content\\\/uploads\\\/2020\\\/06\\\/anteprima-sito.jpg\",\"contentUrl\":\"https:\\\/\\\/www.redelk.it\\\/wp-content\\\/uploads\\\/2020\\\/06\\\/anteprima-sito.jpg\",\"width\":200,\"height\":200,\"caption\":\"Redelk\"},\"image\":{\"@id\":\"https:\\\/\\\/www.redelk.it\\\/it\\\/#\\\/schema\\\/logo\\\/image\\\/\"},\"sameAs\":[\"https:\\\/\\\/www.facebook.com\\\/REDELKoutdoor\\\/\",\"https:\\\/\\\/www.instagram.com\\\/redelkoutdoor\\\/\"]}]}<\/script>\n<!-- \/ Yoast SEO plugin. -->","yoast_head_json":{"title":"ELK - Berretto invernale - Redelk","robots":{"index":"index","follow":"follow","max-snippet":"max-snippet:-1","max-image-preview":"max-image-preview:large","max-video-preview":"max-video-preview:-1"},"canonical":"https:\/\/www.redelk.it\/it\/prodotto\/elk-berretto-invernale\/","og_locale":"it_IT","og_type":"article","og_title":"ELK - Berretto invernale - Redelk","og_description":"Caldo berretto in pile dal tessuto leggero, elastico e confortevole. ELK \u00e8 internamente garzato a 4 vie. Dotato di varie propriet\u00e0 tra cui protezione termica e protezione UV; inoltre \u00e8 batteriostatico e antipilling. Ideale per escursioni invernali come trekking o hiking. Scegli tra le varie colorazioni l\u2019ELK che fa al caso tuo.","og_url":"https:\/\/www.redelk.it\/it\/prodotto\/elk-berretto-invernale\/","og_site_name":"Redelk","article_publisher":"https:\/\/www.facebook.com\/REDELKoutdoor\/","article_modified_time":"2023-03-13T15:40:18+00:00","og_image":[{"width":1772,"height":1772,"url":"https:\/\/www.redelk.it\/wp-content\/uploads\/2020\/12\/Elk-Hat-761.jpg","type":"image\/jpeg"}],"twitter_card":"summary_large_image","schema":{"@context":"https:\/\/schema.org","@graph":[{"@type":["WebPage","ItemPage"],"@id":"https:\/\/www.redelk.it\/it\/prodotto\/elk-berretto-invernale\/","url":"https:\/\/www.redelk.it\/it\/prodotto\/elk-berretto-invernale\/","name":"ELK - Berretto invernale - Redelk","isPartOf":{"@id":"https:\/\/www.redelk.it\/it\/#website"},"primaryImageOfPage":{"@id":"https:\/\/www.redelk.it\/it\/prodotto\/elk-berretto-invernale\/#primaryimage"},"image":{"@id":"https:\/\/www.redelk.it\/it\/prodotto\/elk-berretto-invernale\/#primaryimage"},"thumbnailUrl":"https:\/\/www.redelk.it\/wp-content\/uploads\/2020\/12\/Elk-Hat-761.jpg","datePublished":"2020-12-10T15:16:19+00:00","dateModified":"2023-03-13T15:40:18+00:00","breadcrumb":{"@id":"https:\/\/www.redelk.it\/it\/prodotto\/elk-berretto-invernale\/#breadcrumb"},"inLanguage":"it-IT","potentialAction":[{"@type":"ReadAction","target":["https:\/\/www.redelk.it\/it\/prodotto\/elk-berretto-invernale\/"]}]},{"@type":"ImageObject","inLanguage":"it-IT","@id":"https:\/\/www.redelk.it\/it\/prodotto\/elk-berretto-invernale\/#primaryimage","url":"https:\/\/www.redelk.it\/wp-content\/uploads\/2020\/12\/Elk-Hat-761.jpg","contentUrl":"https:\/\/www.redelk.it\/wp-content\/uploads\/2020\/12\/Elk-Hat-761.jpg","width":1772,"height":1772},{"@type":"BreadcrumbList","@id":"https:\/\/www.redelk.it\/it\/prodotto\/elk-berretto-invernale\/#breadcrumb","itemListElement":[{"@type":"ListItem","position":1,"name":"Home","item":"https:\/\/www.redelk.it\/it\/"},{"@type":"ListItem","position":2,"name":"Shop","item":"https:\/\/www.redelk.it\/en\/negozio\/"},{"@type":"ListItem","position":3,"name":"ELK &#8211; Berretto invernale"}]},{"@type":"WebSite","@id":"https:\/\/www.redelk.it\/it\/#website","url":"https:\/\/www.redelk.it\/it\/","name":"Redelk","description":"Redelk Outdoor","publisher":{"@id":"https:\/\/www.redelk.it\/it\/#organization"},"alternateName":"Italy's #1 in Comfort Trekking Apparel","potentialAction":[{"@type":"SearchAction","target":{"@type":"EntryPoint","urlTemplate":"https:\/\/www.redelk.it\/it\/?s={search_term_string}"},"query-input":{"@type":"PropertyValueSpecification","valueRequired":true,"valueName":"search_term_string"}}],"inLanguage":"it-IT"},{"@type":"Organization","@id":"https:\/\/www.redelk.it\/it\/#organization","name":"Redelk","url":"https:\/\/www.redelk.it\/it\/","logo":{"@type":"ImageObject","inLanguage":"it-IT","@id":"https:\/\/www.redelk.it\/it\/#\/schema\/logo\/image\/","url":"https:\/\/www.redelk.it\/wp-content\/uploads\/2020\/06\/anteprima-sito.jpg","contentUrl":"https:\/\/www.redelk.it\/wp-content\/uploads\/2020\/06\/anteprima-sito.jpg","width":200,"height":200,"caption":"Redelk"},"image":{"@id":"https:\/\/www.redelk.it\/it\/#\/schema\/logo\/image\/"},"sameAs":["https:\/\/www.facebook.com\/REDELKoutdoor\/","https:\/\/www.instagram.com\/redelkoutdoor\/"]}]}},"_links":{"self":[{"href":"https:\/\/www.redelk.it\/it\/wp-json\/wp\/v2\/product\/10459","targetHints":{"allow":["GET"]}}],"collection":[{"href":"https:\/\/www.redelk.it\/it\/wp-json\/wp\/v2\/product"}],"about":[{"href":"https:\/\/www.redelk.it\/it\/wp-json\/wp\/v2\/types\/product"}],"wp:featuredmedia":[{"embeddable":true,"href":"https:\/\/www.redelk.it\/it\/wp-json\/wp\/v2\/media\/19491"}],"wp:attachment":[{"href":"https:\/\/www.redelk.it\/it\/wp-json\/wp\/v2\/media?parent=10459"}],"wp:term":[{"taxonomy":"product_cat","embeddable":true,"href":"https:\/\/www.redelk.it\/it\/wp-json\/wp\/v2\/product_cat?post=10459"},{"taxonomy":"product_tag","embeddable":true,"href":"https:\/\/www.redelk.it\/it\/wp-json\/wp\/v2\/product_tag?post=10459"}],"curies":[{"name":"wp","href":"https:\/\/api.w.org\/{rel}","templated":true}]}}