{"id":6125,"date":"2020-02-29T16:06:49","date_gmt":"2020-02-29T15:06:49","guid":{"rendered":"https:\/\/www.redelk.it\/?page_id=6125"},"modified":"2023-02-10T10:39:02","modified_gmt":"2023-02-10T09:39:02","slug":"resi","status":"publish","type":"page","link":"https:\/\/www.redelk.it\/it\/resi\/","title":{"rendered":"Resi"},"content":{"rendered":"<h1>RESI<\/h1>\n<p>Come previsto dal Codice del Consumo (D.Lgs. 206\/2005) il Cliente, se \u00e8 anche Consumatore (ossia una persona fisica che acquista il prodotto per scopi non riferibili alla propria attivit\u00e0 professionale, ovvero non effettua l\u2019acquisto indicando nel modulo d\u2019ordine un riferimento di Partita IVA), ha diritto di recedere dal contratto di acquisto per qualsiasi motivo, senza necessit\u00e0 di fornire spiegazioni e senza alcuna penalit\u00e0, entro 14 giorni lavorativi dal ricevimento del prodotto acquistato.<\/p>\n<p>Per esercitare tale diritto, il cliente dovr\u00e0 inviare al venditore una comunicazione esplicita scritta in tal senso. La richiesta di reso deve pervenire entro 14 giorni lavorativi dalla data di ricevimento della merce in una delle seguenti modalit\u00e0:<\/p>\n<p>compilando il modulo di contatto sul sito e specificando nell\u2019oggetto \u201cRichiesta reso per ordine n. XXXX\u201d<br \/>\ninviando una email a\u00a0hello@redelk.it\u00a0specificando in oggetto \u201cRichiesta reso per ordine n. XXXX\u201d e indicando nel corpo della mail tutti i dettagli relativi all\u2019articolo\/i che si intende rendere.<br \/>\nUna volta pervenuta la comunicazione di recesso, il Servizio Clienti del Venditore provveder\u00e0 rapidamente a comunicare al Cliente le istruzioni sulla modalit\u00e0 di restituzione della merce. Per ulteriori dettagli si vedano le Condizioni Generali di Vendita.<\/p>\n<p>Il Cliente potr\u00e0 scegliere a sua discrezione di usufruire del corriere del Venditore o di rendere tramite proprio corriere o servizio postale. <span style=\"font-weight: 400;\">Qualora il cliente optasse per rendere tramite il corriere del venditore, il costo del reso dall\u2019Italia \u00e8 pari a \u20ac 9,00 e dall\u2019Europa \u20ac 18,00 che verranno trattenuti dal rimborso.<\/span> Qualora il cliente decida di rendere la merce autonomamente, consigliamo di utilizzare un servizio che offra anche il tracciamento della merce in modo da poter verificare la corretta ricezione del reso presso il nostro magazzino. Il Venditore non risponder\u00e0 in alcun modo per danneggiamenti o furto\/smarrimento di beni restituiti con spedizioni non assicurate; in questo caso non verr\u00e0 emesso alcun rimborso.<\/p>\n<p>Il bene dovr\u00e0 essere restituito integro ed accuratamente imballato nella confezione originale, completo di ogni accessorio e cartellino.<\/p>\n<p>Il costo del reso dall\u2019Italia \u00e8 pari a \u20ac 9,00 e dall\u2019Europa \u20ac 18,00 che verranno trattenuti dal rimborso.<br \/>\n<strong>Nel caso di reso senza alcun cambio merce, taglia o prodotto, il reso deve essere effettuato tramite un corriere a carico del Cliente.\u00a0<\/strong><\/p>\n<p>Il Venditore, dopo aver controllato il Prodotto ricevuto ed approvato il reso, provveder\u00e0 al rimborso del prezzo del Prodotto per il quale il Cliente ha esercitato il diritto di recesso al netto del contributo di reso (le spese di spedizione sostenute dal Cliente al momento dell\u2019ordine verranno rimborsate)\u00a0e ci\u00f2 entro il termine massimo di 14 (quattordici) giorni dalla data in cui il Venditore riceve la merce resa in magazzino, utilizzando lo stesso mezzo di pagamento usato per la transazione iniziale, salvo che il Cliente non abbia espressamente convenuto altrimenti. I tempi di riaccredito dei fondi sulla carta di credito o sul conto bancario del Cliente dipendono dall\u2019istituto bancario, il Venditore non ha alcun controllo su queste tempistiche.<\/p>\n<p>La richiesta di cambio taglia deve pervenire al Servizio Clienti appena possibile, entro e non oltre 14 giorni lavorativi dal ricevimento del prodotto acquistato <span style=\"font-weight: 400;\">nelle stesse modalit\u00e0 di comunicazione della richiesta di reso<\/span><span style=\"font-weight: 400;\">.<\/span> L\u2019articolo con taglia non corretta dovr\u00e0 essere restituito, seguendo la procedura di reso, e il Cliente ricever\u00e0 la taglia corretta tramite nuova spedizione non appena il Venditore avr\u00e0 ricevuto la taglia errata.<\/p>\n<p>I resi di merce acquistata sul Sito non possono in nessun caso essere consegnati presso i negozi rivenditori Redelk.<\/p>\n","protected":false},"excerpt":{"rendered":"<p>RESI Come previsto dal Codice del Consumo (D.Lgs. 206\/2005) il Cliente, se \u00e8 anche Consumatore (ossia una persona fisica che acquista il prodotto per scopi non<span class=\"excerpt-hellip\"> [\u2026]<\/span><\/p>\n","protected":false},"author":2,"featured_media":0,"parent":0,"menu_order":0,"comment_status":"closed","ping_status":"closed","template":"","meta":{"_acf_changed":false,"footnotes":""},"class_list":["post-6125","page","type-page","status-publish","hentry"],"acf":[],"yoast_head":"<!-- This site is optimized with the Yoast SEO plugin v27.5 - https:\/\/yoast.com\/product\/yoast-seo-wordpress\/ -->\n<title>Resi - Redelk<\/title>\n<meta name=\"robots\" content=\"index, follow, max-snippet:-1, max-image-preview:large, max-video-preview:-1\" \/>\n<link rel=\"canonical\" href=\"https:\/\/www.redelk.it\/it\/resi\/\" \/>\n<meta property=\"og:locale\" content=\"it_IT\" \/>\n<meta property=\"og:type\" content=\"article\" \/>\n<meta property=\"og:title\" content=\"Resi - Redelk\" \/>\n<meta property=\"og:description\" content=\"RESI Come previsto dal Codice del Consumo (D.Lgs. 206\/2005) il Cliente, se \u00e8 anche Consumatore (ossia una persona fisica che acquista il prodotto per scopi non [\u2026]\" \/>\n<meta property=\"og:url\" content=\"https:\/\/www.redelk.it\/it\/resi\/\" \/>\n<meta property=\"og:site_name\" content=\"Redelk\" \/>\n<meta property=\"article:publisher\" content=\"https:\/\/www.facebook.com\/REDELKoutdoor\/\" \/>\n<meta property=\"article:modified_time\" content=\"2023-02-10T09:39:02+00:00\" \/>\n<meta property=\"og:image\" content=\"https:\/\/www.redelk.it\/wp-content\/uploads\/2019\/01\/Logo-REDELK.png\" \/>\n\t<meta property=\"og:image:width\" content=\"570\" \/>\n\t<meta property=\"og:image:height\" content=\"114\" \/>\n\t<meta property=\"og:image:type\" content=\"image\/png\" \/>\n<meta name=\"twitter:card\" content=\"summary_large_image\" \/>\n<meta name=\"twitter:label1\" content=\"Tempo di lettura stimato\" \/>\n\t<meta name=\"twitter:data1\" content=\"4 minuti\" \/>\n<script type=\"application\/ld+json\" class=\"yoast-schema-graph\">{\"@context\":\"https:\\\/\\\/schema.org\",\"@graph\":[{\"@type\":\"WebPage\",\"@id\":\"https:\\\/\\\/www.redelk.it\\\/it\\\/resi\\\/\",\"url\":\"https:\\\/\\\/www.redelk.it\\\/it\\\/resi\\\/\",\"name\":\"Resi - Redelk\",\"isPartOf\":{\"@id\":\"https:\\\/\\\/www.redelk.it\\\/it\\\/#website\"},\"datePublished\":\"2020-02-29T15:06:49+00:00\",\"dateModified\":\"2023-02-10T09:39:02+00:00\",\"breadcrumb\":{\"@id\":\"https:\\\/\\\/www.redelk.it\\\/it\\\/resi\\\/#breadcrumb\"},\"inLanguage\":\"it-IT\",\"potentialAction\":[{\"@type\":\"ReadAction\",\"target\":[\"https:\\\/\\\/www.redelk.it\\\/it\\\/resi\\\/\"]}]},{\"@type\":\"BreadcrumbList\",\"@id\":\"https:\\\/\\\/www.redelk.it\\\/it\\\/resi\\\/#breadcrumb\",\"itemListElement\":[{\"@type\":\"ListItem\",\"position\":1,\"name\":\"Home\",\"item\":\"https:\\\/\\\/www.redelk.it\\\/it\\\/\"},{\"@type\":\"ListItem\",\"position\":2,\"name\":\"Resi\"}]},{\"@type\":\"WebSite\",\"@id\":\"https:\\\/\\\/www.redelk.it\\\/it\\\/#website\",\"url\":\"https:\\\/\\\/www.redelk.it\\\/it\\\/\",\"name\":\"Redelk\",\"description\":\"Redelk Outdoor\",\"publisher\":{\"@id\":\"https:\\\/\\\/www.redelk.it\\\/it\\\/#organization\"},\"alternateName\":\"Italy's #1 in Comfort Trekking Apparel\",\"potentialAction\":[{\"@type\":\"SearchAction\",\"target\":{\"@type\":\"EntryPoint\",\"urlTemplate\":\"https:\\\/\\\/www.redelk.it\\\/it\\\/?s={search_term_string}\"},\"query-input\":{\"@type\":\"PropertyValueSpecification\",\"valueRequired\":true,\"valueName\":\"search_term_string\"}}],\"inLanguage\":\"it-IT\"},{\"@type\":\"Organization\",\"@id\":\"https:\\\/\\\/www.redelk.it\\\/it\\\/#organization\",\"name\":\"Redelk\",\"url\":\"https:\\\/\\\/www.redelk.it\\\/it\\\/\",\"logo\":{\"@type\":\"ImageObject\",\"inLanguage\":\"it-IT\",\"@id\":\"https:\\\/\\\/www.redelk.it\\\/it\\\/#\\\/schema\\\/logo\\\/image\\\/\",\"url\":\"https:\\\/\\\/www.redelk.it\\\/wp-content\\\/uploads\\\/2020\\\/06\\\/anteprima-sito.jpg\",\"contentUrl\":\"https:\\\/\\\/www.redelk.it\\\/wp-content\\\/uploads\\\/2020\\\/06\\\/anteprima-sito.jpg\",\"width\":200,\"height\":200,\"caption\":\"Redelk\"},\"image\":{\"@id\":\"https:\\\/\\\/www.redelk.it\\\/it\\\/#\\\/schema\\\/logo\\\/image\\\/\"},\"sameAs\":[\"https:\\\/\\\/www.facebook.com\\\/REDELKoutdoor\\\/\",\"https:\\\/\\\/www.instagram.com\\\/redelkoutdoor\\\/\"]}]}<\/script>\n<!-- \/ Yoast SEO plugin. -->","yoast_head_json":{"title":"Resi - Redelk","robots":{"index":"index","follow":"follow","max-snippet":"max-snippet:-1","max-image-preview":"max-image-preview:large","max-video-preview":"max-video-preview:-1"},"canonical":"https:\/\/www.redelk.it\/it\/resi\/","og_locale":"it_IT","og_type":"article","og_title":"Resi - Redelk","og_description":"RESI Come previsto dal Codice del Consumo (D.Lgs. 206\/2005) il Cliente, se \u00e8 anche Consumatore (ossia una persona fisica che acquista il prodotto per scopi non [\u2026]","og_url":"https:\/\/www.redelk.it\/it\/resi\/","og_site_name":"Redelk","article_publisher":"https:\/\/www.facebook.com\/REDELKoutdoor\/","article_modified_time":"2023-02-10T09:39:02+00:00","og_image":[{"width":570,"height":114,"url":"https:\/\/www.redelk.it\/wp-content\/uploads\/2019\/01\/Logo-REDELK.png","type":"image\/png"}],"twitter_card":"summary_large_image","twitter_misc":{"Tempo di lettura stimato":"4 minuti"},"schema":{"@context":"https:\/\/schema.org","@graph":[{"@type":"WebPage","@id":"https:\/\/www.redelk.it\/it\/resi\/","url":"https:\/\/www.redelk.it\/it\/resi\/","name":"Resi - Redelk","isPartOf":{"@id":"https:\/\/www.redelk.it\/it\/#website"},"datePublished":"2020-02-29T15:06:49+00:00","dateModified":"2023-02-10T09:39:02+00:00","breadcrumb":{"@id":"https:\/\/www.redelk.it\/it\/resi\/#breadcrumb"},"inLanguage":"it-IT","potentialAction":[{"@type":"ReadAction","target":["https:\/\/www.redelk.it\/it\/resi\/"]}]},{"@type":"BreadcrumbList","@id":"https:\/\/www.redelk.it\/it\/resi\/#breadcrumb","itemListElement":[{"@type":"ListItem","position":1,"name":"Home","item":"https:\/\/www.redelk.it\/it\/"},{"@type":"ListItem","position":2,"name":"Resi"}]},{"@type":"WebSite","@id":"https:\/\/www.redelk.it\/it\/#website","url":"https:\/\/www.redelk.it\/it\/","name":"Redelk","description":"Redelk Outdoor","publisher":{"@id":"https:\/\/www.redelk.it\/it\/#organization"},"alternateName":"Italy's #1 in Comfort Trekking Apparel","potentialAction":[{"@type":"SearchAction","target":{"@type":"EntryPoint","urlTemplate":"https:\/\/www.redelk.it\/it\/?s={search_term_string}"},"query-input":{"@type":"PropertyValueSpecification","valueRequired":true,"valueName":"search_term_string"}}],"inLanguage":"it-IT"},{"@type":"Organization","@id":"https:\/\/www.redelk.it\/it\/#organization","name":"Redelk","url":"https:\/\/www.redelk.it\/it\/","logo":{"@type":"ImageObject","inLanguage":"it-IT","@id":"https:\/\/www.redelk.it\/it\/#\/schema\/logo\/image\/","url":"https:\/\/www.redelk.it\/wp-content\/uploads\/2020\/06\/anteprima-sito.jpg","contentUrl":"https:\/\/www.redelk.it\/wp-content\/uploads\/2020\/06\/anteprima-sito.jpg","width":200,"height":200,"caption":"Redelk"},"image":{"@id":"https:\/\/www.redelk.it\/it\/#\/schema\/logo\/image\/"},"sameAs":["https:\/\/www.facebook.com\/REDELKoutdoor\/","https:\/\/www.instagram.com\/redelkoutdoor\/"]}]}},"_links":{"self":[{"href":"https:\/\/www.redelk.it\/it\/wp-json\/wp\/v2\/pages\/6125","targetHints":{"allow":["GET"]}}],"collection":[{"href":"https:\/\/www.redelk.it\/it\/wp-json\/wp\/v2\/pages"}],"about":[{"href":"https:\/\/www.redelk.it\/it\/wp-json\/wp\/v2\/types\/page"}],"author":[{"embeddable":true,"href":"https:\/\/www.redelk.it\/it\/wp-json\/wp\/v2\/users\/2"}],"replies":[{"embeddable":true,"href":"https:\/\/www.redelk.it\/it\/wp-json\/wp\/v2\/comments?post=6125"}],"version-history":[{"count":0,"href":"https:\/\/www.redelk.it\/it\/wp-json\/wp\/v2\/pages\/6125\/revisions"}],"wp:attachment":[{"href":"https:\/\/www.redelk.it\/it\/wp-json\/wp\/v2\/media?parent=6125"}],"curies":[{"name":"wp","href":"https:\/\/api.w.org\/{rel}","templated":true}]}}