{"id":6112,"date":"2020-02-29T15:57:27","date_gmt":"2020-02-29T14:57:27","guid":{"rendered":"https:\/\/www.redelk.it\/?page_id=6112"},"modified":"2023-11-14T14:22:37","modified_gmt":"2023-11-14T13:22:37","slug":"spedizione-e-consegne","status":"publish","type":"page","link":"https:\/\/www.redelk.it\/it\/spedizione-e-consegne\/","title":{"rendered":"Spedizione e consegne"},"content":{"rendered":"<h1>SPEDIZIONI E CONSEGNE<\/h1>\n<p>La consegna dei Prodotti Redelk acquistati verr\u00e0 effettuata tramite corriere incaricato (BRT o GLS) all\u2019indirizzo da te fornito. Ti preghiamo di indicare anche un numero di cellulare affinch\u00e9 il corriere possa contattarti per la consegna.<\/p>\n<p>La consegna in Italia avviene, indicativamente, entro 5\/7 giorni lavorativi dalla data della conferma dell\u2019ordine. Le consegne in Europa avvengono entro 8\/10 giorni lavorativi.<\/p>\n<p>Le spese di spedizione, se non diversamente indicato, si aggiungono al costo totale dell\u2019ordine e vengono specificate durante la procedura di checkout, prima che si concluda il processo di acquisto.<\/p>\n<p>La spedizione \u00e8 gratuita con un minimo d\u2019ordine di \u20ac 100. Per ordini inferiori a \u20ac 100, le spese di spedizione sono pari a \u20ac 9,00 in Italia e a \u20ac 18,00 in Europa.<\/p>\n<p>Potrai verificare lo stato della sua spedizione direttamente dal sito del corriere, grazie ai riferimenti che ti verranno comunicati via e-mail contestualmente alla notifica di avvenuta spedizione.<\/p>\n<p>Qualora i tentativi di consegna da parte del corriere non andassero a buon fine, ti preghiamo di seguire le istruzioni che il corriere avr\u00e0 lasciato nella tua posta perch\u00e8 la merce sar\u00e0 in giacenza o dovr\u00e0 essere sbloccata. In questi casi il nostro Servizio Clienti \u00e8 a tua disposizione.<\/p>\n<h2><strong>Note sulla consegna:<\/strong><\/h2>\n<p>Teniamo molto alla cura nell&#8217;imballo dei nostri prodotti e ci assicuriamo che i pacchi che lasciano il nostro magazzino siano in perfette condizioni.<\/p>\n<p>Nel caso in cui, al momento della consegna da parte del corriere, il pacco appaia danneggiato all&#8217;esterno oppure rotto, ti preghiamo di apporre la seguente dichiarazione sul Documento di Trasporto, insieme alla tua firma e a quella del corriere: \u201cAccetto il pacco (i pacchi) con riserva di controllo perch\u00e9 danneggiato\u201d.<\/p>\n<p>Se il corriere si rifiuta di farti apporre la riserva di controllo, respingi immediatamente la spedizione.<\/p>\n<p>Ti chiediamo inoltre di comunicarci immediatamente l\u2019accettazione con riserva o il respingimento del pacco al seguente indirizzo: <a href=\"mailto:hello@redelk.it\">hello@redelk.it<\/a><\/p>\n","protected":false},"excerpt":{"rendered":"<p>SPEDIZIONI E CONSEGNE La consegna dei Prodotti Redelk acquistati verr\u00e0 effettuata tramite corriere incaricato (BRT o GLS) all\u2019indirizzo da te fornito. Ti preghiamo di indicare anche<span class=\"excerpt-hellip\"> [\u2026]<\/span><\/p>\n","protected":false},"author":2,"featured_media":0,"parent":0,"menu_order":0,"comment_status":"closed","ping_status":"closed","template":"","meta":{"_acf_changed":false,"footnotes":""},"class_list":["post-6112","page","type-page","status-publish","hentry"],"acf":[],"yoast_head":"<!-- This site is optimized with the Yoast SEO plugin v27.5 - https:\/\/yoast.com\/product\/yoast-seo-wordpress\/ -->\n<title>Spedizione e consegne - Redelk<\/title>\n<meta name=\"robots\" content=\"index, follow, max-snippet:-1, max-image-preview:large, max-video-preview:-1\" \/>\n<link rel=\"canonical\" href=\"https:\/\/www.redelk.it\/it\/spedizione-e-consegne\/\" \/>\n<meta property=\"og:locale\" content=\"it_IT\" \/>\n<meta property=\"og:type\" content=\"article\" \/>\n<meta property=\"og:title\" content=\"Spedizione e consegne - Redelk\" \/>\n<meta property=\"og:description\" content=\"SPEDIZIONI E CONSEGNE La consegna dei Prodotti Redelk acquistati verr\u00e0 effettuata tramite corriere incaricato (BRT o GLS) all\u2019indirizzo da te fornito. Ti preghiamo di indicare anche [\u2026]\" \/>\n<meta property=\"og:url\" content=\"https:\/\/www.redelk.it\/it\/spedizione-e-consegne\/\" \/>\n<meta property=\"og:site_name\" content=\"Redelk\" \/>\n<meta property=\"article:publisher\" content=\"https:\/\/www.facebook.com\/REDELKoutdoor\/\" \/>\n<meta property=\"article:modified_time\" content=\"2023-11-14T13:22:37+00:00\" \/>\n<meta property=\"og:image\" content=\"https:\/\/www.redelk.it\/wp-content\/uploads\/2019\/01\/Logo-REDELK.png\" \/>\n\t<meta property=\"og:image:width\" content=\"570\" \/>\n\t<meta property=\"og:image:height\" content=\"114\" \/>\n\t<meta property=\"og:image:type\" content=\"image\/png\" \/>\n<meta name=\"twitter:card\" content=\"summary_large_image\" \/>\n<meta name=\"twitter:label1\" content=\"Tempo di lettura stimato\" \/>\n\t<meta name=\"twitter:data1\" content=\"2 minuti\" \/>\n<script type=\"application\/ld+json\" class=\"yoast-schema-graph\">{\"@context\":\"https:\\\/\\\/schema.org\",\"@graph\":[{\"@type\":\"WebPage\",\"@id\":\"https:\\\/\\\/www.redelk.it\\\/it\\\/spedizione-e-consegne\\\/\",\"url\":\"https:\\\/\\\/www.redelk.it\\\/it\\\/spedizione-e-consegne\\\/\",\"name\":\"Spedizione e consegne - Redelk\",\"isPartOf\":{\"@id\":\"https:\\\/\\\/www.redelk.it\\\/it\\\/#website\"},\"datePublished\":\"2020-02-29T14:57:27+00:00\",\"dateModified\":\"2023-11-14T13:22:37+00:00\",\"breadcrumb\":{\"@id\":\"https:\\\/\\\/www.redelk.it\\\/it\\\/spedizione-e-consegne\\\/#breadcrumb\"},\"inLanguage\":\"it-IT\",\"potentialAction\":[{\"@type\":\"ReadAction\",\"target\":[\"https:\\\/\\\/www.redelk.it\\\/it\\\/spedizione-e-consegne\\\/\"]}]},{\"@type\":\"BreadcrumbList\",\"@id\":\"https:\\\/\\\/www.redelk.it\\\/it\\\/spedizione-e-consegne\\\/#breadcrumb\",\"itemListElement\":[{\"@type\":\"ListItem\",\"position\":1,\"name\":\"Home\",\"item\":\"https:\\\/\\\/www.redelk.it\\\/it\\\/\"},{\"@type\":\"ListItem\",\"position\":2,\"name\":\"Spedizione e consegne\"}]},{\"@type\":\"WebSite\",\"@id\":\"https:\\\/\\\/www.redelk.it\\\/it\\\/#website\",\"url\":\"https:\\\/\\\/www.redelk.it\\\/it\\\/\",\"name\":\"Redelk\",\"description\":\"Redelk Outdoor\",\"publisher\":{\"@id\":\"https:\\\/\\\/www.redelk.it\\\/it\\\/#organization\"},\"alternateName\":\"Italy's #1 in Comfort Trekking Apparel\",\"potentialAction\":[{\"@type\":\"SearchAction\",\"target\":{\"@type\":\"EntryPoint\",\"urlTemplate\":\"https:\\\/\\\/www.redelk.it\\\/it\\\/?s={search_term_string}\"},\"query-input\":{\"@type\":\"PropertyValueSpecification\",\"valueRequired\":true,\"valueName\":\"search_term_string\"}}],\"inLanguage\":\"it-IT\"},{\"@type\":\"Organization\",\"@id\":\"https:\\\/\\\/www.redelk.it\\\/it\\\/#organization\",\"name\":\"Redelk\",\"url\":\"https:\\\/\\\/www.redelk.it\\\/it\\\/\",\"logo\":{\"@type\":\"ImageObject\",\"inLanguage\":\"it-IT\",\"@id\":\"https:\\\/\\\/www.redelk.it\\\/it\\\/#\\\/schema\\\/logo\\\/image\\\/\",\"url\":\"https:\\\/\\\/www.redelk.it\\\/wp-content\\\/uploads\\\/2020\\\/06\\\/anteprima-sito.jpg\",\"contentUrl\":\"https:\\\/\\\/www.redelk.it\\\/wp-content\\\/uploads\\\/2020\\\/06\\\/anteprima-sito.jpg\",\"width\":200,\"height\":200,\"caption\":\"Redelk\"},\"image\":{\"@id\":\"https:\\\/\\\/www.redelk.it\\\/it\\\/#\\\/schema\\\/logo\\\/image\\\/\"},\"sameAs\":[\"https:\\\/\\\/www.facebook.com\\\/REDELKoutdoor\\\/\",\"https:\\\/\\\/www.instagram.com\\\/redelkoutdoor\\\/\"]}]}<\/script>\n<!-- \/ Yoast SEO plugin. -->","yoast_head_json":{"title":"Spedizione e consegne - Redelk","robots":{"index":"index","follow":"follow","max-snippet":"max-snippet:-1","max-image-preview":"max-image-preview:large","max-video-preview":"max-video-preview:-1"},"canonical":"https:\/\/www.redelk.it\/it\/spedizione-e-consegne\/","og_locale":"it_IT","og_type":"article","og_title":"Spedizione e consegne - Redelk","og_description":"SPEDIZIONI E CONSEGNE La consegna dei Prodotti Redelk acquistati verr\u00e0 effettuata tramite corriere incaricato (BRT o GLS) all\u2019indirizzo da te fornito. Ti preghiamo di indicare anche [\u2026]","og_url":"https:\/\/www.redelk.it\/it\/spedizione-e-consegne\/","og_site_name":"Redelk","article_publisher":"https:\/\/www.facebook.com\/REDELKoutdoor\/","article_modified_time":"2023-11-14T13:22:37+00:00","og_image":[{"width":570,"height":114,"url":"https:\/\/www.redelk.it\/wp-content\/uploads\/2019\/01\/Logo-REDELK.png","type":"image\/png"}],"twitter_card":"summary_large_image","twitter_misc":{"Tempo di lettura stimato":"2 minuti"},"schema":{"@context":"https:\/\/schema.org","@graph":[{"@type":"WebPage","@id":"https:\/\/www.redelk.it\/it\/spedizione-e-consegne\/","url":"https:\/\/www.redelk.it\/it\/spedizione-e-consegne\/","name":"Spedizione e consegne - Redelk","isPartOf":{"@id":"https:\/\/www.redelk.it\/it\/#website"},"datePublished":"2020-02-29T14:57:27+00:00","dateModified":"2023-11-14T13:22:37+00:00","breadcrumb":{"@id":"https:\/\/www.redelk.it\/it\/spedizione-e-consegne\/#breadcrumb"},"inLanguage":"it-IT","potentialAction":[{"@type":"ReadAction","target":["https:\/\/www.redelk.it\/it\/spedizione-e-consegne\/"]}]},{"@type":"BreadcrumbList","@id":"https:\/\/www.redelk.it\/it\/spedizione-e-consegne\/#breadcrumb","itemListElement":[{"@type":"ListItem","position":1,"name":"Home","item":"https:\/\/www.redelk.it\/it\/"},{"@type":"ListItem","position":2,"name":"Spedizione e consegne"}]},{"@type":"WebSite","@id":"https:\/\/www.redelk.it\/it\/#website","url":"https:\/\/www.redelk.it\/it\/","name":"Redelk","description":"Redelk Outdoor","publisher":{"@id":"https:\/\/www.redelk.it\/it\/#organization"},"alternateName":"Italy's #1 in Comfort Trekking Apparel","potentialAction":[{"@type":"SearchAction","target":{"@type":"EntryPoint","urlTemplate":"https:\/\/www.redelk.it\/it\/?s={search_term_string}"},"query-input":{"@type":"PropertyValueSpecification","valueRequired":true,"valueName":"search_term_string"}}],"inLanguage":"it-IT"},{"@type":"Organization","@id":"https:\/\/www.redelk.it\/it\/#organization","name":"Redelk","url":"https:\/\/www.redelk.it\/it\/","logo":{"@type":"ImageObject","inLanguage":"it-IT","@id":"https:\/\/www.redelk.it\/it\/#\/schema\/logo\/image\/","url":"https:\/\/www.redelk.it\/wp-content\/uploads\/2020\/06\/anteprima-sito.jpg","contentUrl":"https:\/\/www.redelk.it\/wp-content\/uploads\/2020\/06\/anteprima-sito.jpg","width":200,"height":200,"caption":"Redelk"},"image":{"@id":"https:\/\/www.redelk.it\/it\/#\/schema\/logo\/image\/"},"sameAs":["https:\/\/www.facebook.com\/REDELKoutdoor\/","https:\/\/www.instagram.com\/redelkoutdoor\/"]}]}},"_links":{"self":[{"href":"https:\/\/www.redelk.it\/it\/wp-json\/wp\/v2\/pages\/6112","targetHints":{"allow":["GET"]}}],"collection":[{"href":"https:\/\/www.redelk.it\/it\/wp-json\/wp\/v2\/pages"}],"about":[{"href":"https:\/\/www.redelk.it\/it\/wp-json\/wp\/v2\/types\/page"}],"author":[{"embeddable":true,"href":"https:\/\/www.redelk.it\/it\/wp-json\/wp\/v2\/users\/2"}],"replies":[{"embeddable":true,"href":"https:\/\/www.redelk.it\/it\/wp-json\/wp\/v2\/comments?post=6112"}],"version-history":[{"count":0,"href":"https:\/\/www.redelk.it\/it\/wp-json\/wp\/v2\/pages\/6112\/revisions"}],"wp:attachment":[{"href":"https:\/\/www.redelk.it\/it\/wp-json\/wp\/v2\/media?parent=6112"}],"curies":[{"name":"wp","href":"https:\/\/api.w.org\/{rel}","templated":true}]}}