{"id":6106,"date":"2020-02-29T15:56:34","date_gmt":"2020-02-29T14:56:34","guid":{"rendered":"https:\/\/www.redelk.it\/?page_id=6106"},"modified":"2020-04-08T15:07:46","modified_gmt":"2020-04-08T14:07:46","slug":"modalita-di-pagamento","status":"publish","type":"page","link":"https:\/\/www.redelk.it\/it\/modalita-di-pagamento\/","title":{"rendered":"Modalit\u00e0 di pagamento"},"content":{"rendered":"<h1>MODALIT\u00c0 DI PAGAMENTO<\/h1>\n<p>Il pagamento dell\u2019ordine potr\u00e0 avvenire secondo una delle modalit\u00e0 previste nel Sito, cio\u00e8 Bonifico bancario, Carta di credito (VISA, Mastercard, American Express tramite Stripe) e Paypal.<\/p>\n<p>Nei casi di pagamento con carta di credito, contestualmente alla conclusione della transazione online, l&#8217;istituto bancario di riferimento provveder\u00e0 ad autorizzare il solo impegno dell&#8217;importo relativo all&#8217;ordine effettuato. L&#8217;importo relativo ai prodotti acquistati verr\u00e0 effettivamente addebitato sulla carta di credito del cliente solo nel momento della conferma dell&#8217;ordine da parte del venditore.<\/p>\n<p>In nessun momento della procedura di acquisto il Venditore \u00e8 in grado di conoscere le informazioni relative alla carta di credito del Cliente, trasmesse tramite connessione protetta e crittografata direttamente al sito dell&#8217;istituto bancario che gestisce la transazione. Nessun archivio informatico del venditore conserver\u00e0 tali dati. In nessun caso il venditore pu\u00f2 quindi essere ritenuto responsabile per l\u2019eventuale uso fraudolento e indebito di carte di credito da parte di terzi, all&#8217;atto del pagamento di Prodotti acquistati sul Sito.<\/p>\n<p><span style=\"font-weight: 400;\">In caso di pagamento con bonifico bancario a favore del venditore, il cliente dovr\u00e0 utilizzare i dati bancari (IBAN, Swift, BIC) riportati nella email di conferma dell\u2019ordine, nonch\u00e9 indicare nella causale il numero dell\u2019ordine. Nel caso di pagamento tramite bonifico bancario, i tempi di spedizione saranno pi\u00f9 lunghi in quanto dovremo attendere alcuni giorni per la conferma di avvenuto accredito. L\u2019ordine pagato tramite bonifico bancario sar\u00e0 evaso solo dopo che il pagamento sar\u00e0 confermato<\/span><\/p>\n<p>Non \u00e8 possibile richiedere il servizio Tax Free, in quanto si applica unicamente ai prodotti acquistati in negozio e trasportati direttamente dal compratore.<\/p>\n","protected":false},"excerpt":{"rendered":"<p>MODALIT\u00c0 DI PAGAMENTO Il pagamento dell\u2019ordine potr\u00e0 avvenire secondo una delle modalit\u00e0 previste nel Sito, cio\u00e8 Bonifico bancario, Carta di credito (VISA, Mastercard, American Express tramite<span class=\"excerpt-hellip\"> [\u2026]<\/span><\/p>\n","protected":false},"author":2,"featured_media":0,"parent":0,"menu_order":0,"comment_status":"closed","ping_status":"closed","template":"","meta":{"_acf_changed":false,"footnotes":""},"class_list":["post-6106","page","type-page","status-publish","hentry"],"acf":[],"yoast_head":"<!-- This site is optimized with the Yoast SEO plugin v27.5 - https:\/\/yoast.com\/product\/yoast-seo-wordpress\/ -->\n<title>Modalit\u00e0 di pagamento - Redelk<\/title>\n<meta name=\"robots\" content=\"index, follow, max-snippet:-1, max-image-preview:large, max-video-preview:-1\" \/>\n<link rel=\"canonical\" href=\"https:\/\/www.redelk.it\/it\/modalita-di-pagamento\/\" \/>\n<meta property=\"og:locale\" content=\"it_IT\" \/>\n<meta property=\"og:type\" content=\"article\" \/>\n<meta property=\"og:title\" content=\"Modalit\u00e0 di pagamento - Redelk\" \/>\n<meta property=\"og:description\" content=\"MODALIT\u00c0 DI PAGAMENTO Il pagamento dell\u2019ordine potr\u00e0 avvenire secondo una delle modalit\u00e0 previste nel Sito, cio\u00e8 Bonifico bancario, Carta di credito (VISA, Mastercard, American Express tramite [\u2026]\" \/>\n<meta property=\"og:url\" content=\"https:\/\/www.redelk.it\/it\/modalita-di-pagamento\/\" \/>\n<meta property=\"og:site_name\" content=\"Redelk\" \/>\n<meta property=\"article:publisher\" content=\"https:\/\/www.facebook.com\/REDELKoutdoor\/\" \/>\n<meta property=\"article:modified_time\" content=\"2020-04-08T14:07:46+00:00\" \/>\n<meta property=\"og:image\" content=\"https:\/\/www.redelk.it\/wp-content\/uploads\/2019\/01\/Logo-REDELK.png\" \/>\n\t<meta property=\"og:image:width\" content=\"570\" \/>\n\t<meta property=\"og:image:height\" content=\"114\" \/>\n\t<meta property=\"og:image:type\" content=\"image\/png\" \/>\n<meta name=\"twitter:card\" content=\"summary_large_image\" \/>\n<meta name=\"twitter:label1\" content=\"Tempo di lettura stimato\" \/>\n\t<meta name=\"twitter:data1\" content=\"1 minuto\" \/>\n<script type=\"application\/ld+json\" class=\"yoast-schema-graph\">{\"@context\":\"https:\\\/\\\/schema.org\",\"@graph\":[{\"@type\":\"WebPage\",\"@id\":\"https:\\\/\\\/www.redelk.it\\\/it\\\/modalita-di-pagamento\\\/\",\"url\":\"https:\\\/\\\/www.redelk.it\\\/it\\\/modalita-di-pagamento\\\/\",\"name\":\"Modalit\u00e0 di pagamento - Redelk\",\"isPartOf\":{\"@id\":\"https:\\\/\\\/www.redelk.it\\\/it\\\/#website\"},\"datePublished\":\"2020-02-29T14:56:34+00:00\",\"dateModified\":\"2020-04-08T14:07:46+00:00\",\"breadcrumb\":{\"@id\":\"https:\\\/\\\/www.redelk.it\\\/it\\\/modalita-di-pagamento\\\/#breadcrumb\"},\"inLanguage\":\"it-IT\",\"potentialAction\":[{\"@type\":\"ReadAction\",\"target\":[\"https:\\\/\\\/www.redelk.it\\\/it\\\/modalita-di-pagamento\\\/\"]}]},{\"@type\":\"BreadcrumbList\",\"@id\":\"https:\\\/\\\/www.redelk.it\\\/it\\\/modalita-di-pagamento\\\/#breadcrumb\",\"itemListElement\":[{\"@type\":\"ListItem\",\"position\":1,\"name\":\"Home\",\"item\":\"https:\\\/\\\/www.redelk.it\\\/it\\\/\"},{\"@type\":\"ListItem\",\"position\":2,\"name\":\"Modalit\u00e0 di pagamento\"}]},{\"@type\":\"WebSite\",\"@id\":\"https:\\\/\\\/www.redelk.it\\\/it\\\/#website\",\"url\":\"https:\\\/\\\/www.redelk.it\\\/it\\\/\",\"name\":\"Redelk\",\"description\":\"Redelk Outdoor\",\"publisher\":{\"@id\":\"https:\\\/\\\/www.redelk.it\\\/it\\\/#organization\"},\"alternateName\":\"Italy's #1 in Comfort Trekking Apparel\",\"potentialAction\":[{\"@type\":\"SearchAction\",\"target\":{\"@type\":\"EntryPoint\",\"urlTemplate\":\"https:\\\/\\\/www.redelk.it\\\/it\\\/?s={search_term_string}\"},\"query-input\":{\"@type\":\"PropertyValueSpecification\",\"valueRequired\":true,\"valueName\":\"search_term_string\"}}],\"inLanguage\":\"it-IT\"},{\"@type\":\"Organization\",\"@id\":\"https:\\\/\\\/www.redelk.it\\\/it\\\/#organization\",\"name\":\"Redelk\",\"url\":\"https:\\\/\\\/www.redelk.it\\\/it\\\/\",\"logo\":{\"@type\":\"ImageObject\",\"inLanguage\":\"it-IT\",\"@id\":\"https:\\\/\\\/www.redelk.it\\\/it\\\/#\\\/schema\\\/logo\\\/image\\\/\",\"url\":\"https:\\\/\\\/www.redelk.it\\\/wp-content\\\/uploads\\\/2020\\\/06\\\/anteprima-sito.jpg\",\"contentUrl\":\"https:\\\/\\\/www.redelk.it\\\/wp-content\\\/uploads\\\/2020\\\/06\\\/anteprima-sito.jpg\",\"width\":200,\"height\":200,\"caption\":\"Redelk\"},\"image\":{\"@id\":\"https:\\\/\\\/www.redelk.it\\\/it\\\/#\\\/schema\\\/logo\\\/image\\\/\"},\"sameAs\":[\"https:\\\/\\\/www.facebook.com\\\/REDELKoutdoor\\\/\",\"https:\\\/\\\/www.instagram.com\\\/redelkoutdoor\\\/\"]}]}<\/script>\n<!-- \/ Yoast SEO plugin. -->","yoast_head_json":{"title":"Modalit\u00e0 di pagamento - Redelk","robots":{"index":"index","follow":"follow","max-snippet":"max-snippet:-1","max-image-preview":"max-image-preview:large","max-video-preview":"max-video-preview:-1"},"canonical":"https:\/\/www.redelk.it\/it\/modalita-di-pagamento\/","og_locale":"it_IT","og_type":"article","og_title":"Modalit\u00e0 di pagamento - Redelk","og_description":"MODALIT\u00c0 DI PAGAMENTO Il pagamento dell\u2019ordine potr\u00e0 avvenire secondo una delle modalit\u00e0 previste nel Sito, cio\u00e8 Bonifico bancario, Carta di credito (VISA, Mastercard, American Express tramite [\u2026]","og_url":"https:\/\/www.redelk.it\/it\/modalita-di-pagamento\/","og_site_name":"Redelk","article_publisher":"https:\/\/www.facebook.com\/REDELKoutdoor\/","article_modified_time":"2020-04-08T14:07:46+00:00","og_image":[{"width":570,"height":114,"url":"https:\/\/www.redelk.it\/wp-content\/uploads\/2019\/01\/Logo-REDELK.png","type":"image\/png"}],"twitter_card":"summary_large_image","twitter_misc":{"Tempo di lettura stimato":"1 minuto"},"schema":{"@context":"https:\/\/schema.org","@graph":[{"@type":"WebPage","@id":"https:\/\/www.redelk.it\/it\/modalita-di-pagamento\/","url":"https:\/\/www.redelk.it\/it\/modalita-di-pagamento\/","name":"Modalit\u00e0 di pagamento - Redelk","isPartOf":{"@id":"https:\/\/www.redelk.it\/it\/#website"},"datePublished":"2020-02-29T14:56:34+00:00","dateModified":"2020-04-08T14:07:46+00:00","breadcrumb":{"@id":"https:\/\/www.redelk.it\/it\/modalita-di-pagamento\/#breadcrumb"},"inLanguage":"it-IT","potentialAction":[{"@type":"ReadAction","target":["https:\/\/www.redelk.it\/it\/modalita-di-pagamento\/"]}]},{"@type":"BreadcrumbList","@id":"https:\/\/www.redelk.it\/it\/modalita-di-pagamento\/#breadcrumb","itemListElement":[{"@type":"ListItem","position":1,"name":"Home","item":"https:\/\/www.redelk.it\/it\/"},{"@type":"ListItem","position":2,"name":"Modalit\u00e0 di pagamento"}]},{"@type":"WebSite","@id":"https:\/\/www.redelk.it\/it\/#website","url":"https:\/\/www.redelk.it\/it\/","name":"Redelk","description":"Redelk Outdoor","publisher":{"@id":"https:\/\/www.redelk.it\/it\/#organization"},"alternateName":"Italy's #1 in Comfort Trekking Apparel","potentialAction":[{"@type":"SearchAction","target":{"@type":"EntryPoint","urlTemplate":"https:\/\/www.redelk.it\/it\/?s={search_term_string}"},"query-input":{"@type":"PropertyValueSpecification","valueRequired":true,"valueName":"search_term_string"}}],"inLanguage":"it-IT"},{"@type":"Organization","@id":"https:\/\/www.redelk.it\/it\/#organization","name":"Redelk","url":"https:\/\/www.redelk.it\/it\/","logo":{"@type":"ImageObject","inLanguage":"it-IT","@id":"https:\/\/www.redelk.it\/it\/#\/schema\/logo\/image\/","url":"https:\/\/www.redelk.it\/wp-content\/uploads\/2020\/06\/anteprima-sito.jpg","contentUrl":"https:\/\/www.redelk.it\/wp-content\/uploads\/2020\/06\/anteprima-sito.jpg","width":200,"height":200,"caption":"Redelk"},"image":{"@id":"https:\/\/www.redelk.it\/it\/#\/schema\/logo\/image\/"},"sameAs":["https:\/\/www.facebook.com\/REDELKoutdoor\/","https:\/\/www.instagram.com\/redelkoutdoor\/"]}]}},"_links":{"self":[{"href":"https:\/\/www.redelk.it\/it\/wp-json\/wp\/v2\/pages\/6106","targetHints":{"allow":["GET"]}}],"collection":[{"href":"https:\/\/www.redelk.it\/it\/wp-json\/wp\/v2\/pages"}],"about":[{"href":"https:\/\/www.redelk.it\/it\/wp-json\/wp\/v2\/types\/page"}],"author":[{"embeddable":true,"href":"https:\/\/www.redelk.it\/it\/wp-json\/wp\/v2\/users\/2"}],"replies":[{"embeddable":true,"href":"https:\/\/www.redelk.it\/it\/wp-json\/wp\/v2\/comments?post=6106"}],"version-history":[{"count":0,"href":"https:\/\/www.redelk.it\/it\/wp-json\/wp\/v2\/pages\/6106\/revisions"}],"wp:attachment":[{"href":"https:\/\/www.redelk.it\/it\/wp-json\/wp\/v2\/media?parent=6106"}],"curies":[{"name":"wp","href":"https:\/\/api.w.org\/{rel}","templated":true}]}}